{"id":14260,"date":"2024-08-26T10:47:50","date_gmt":"2024-08-26T08:47:50","guid":{"rendered":"https:\/\/fris.nl\/?page_id=14260"},"modified":"2024-08-29T14:02:52","modified_gmt":"2024-08-29T12:02:52","slug":"expo-real","status":"publish","type":"page","link":"https:\/\/fris.nl\/uk\/expo-real\/","title":{"rendered":"Expo Real"},"content":{"rendered":"<section class=\"section half-hero darkblue dark visible\">\n    <div class=\"bg section-bg fill bg-fill bg-loaded\" style=\"background-image: url('https:\/\/fris.nl\/wp-content\/uploads\/2024\/08\/exr_pr_2023_10_Logo-scaled.jpg'); background-position: 0% 60% !important;\"><\/div>\n    <div class=\"section-content relative\">\n        <div class=\"row\" id=\"row-1299773279\">\n            <div class=\"col medium-12 small-12 large-12 image-col\" style=\"background-image: url('https:\/\/fris.nl\/wp-content\/uploads\/2024\/08\/exr_pr_2023_10_Logo-scaled.jpg');\"><\/div>\n            \n\t<div id=\"col-1065205600\" class=\"col contentarea medium-12 small-12 large-4\"  data-animate=\"fadeInUp\">\n\t\t\t\t<div class=\"col-inner\"  >\n\t\t\t\n\t\t\t\n                <div class=\"col-inner\">\n                    <div id=\"gap-866866620\" class=\"gap-element clearfix\" style=\"display:block; height:auto; padding-top: 40px;\"><\/div>\n                    <h1>Expo <span style=\"text-decoration: underline;\">Real<\/span> 2024<\/h1>\n                    <content><\/content>\n                    \n<p><strong>7, 8 &amp; 9 october<\/strong><\/p>\n<p><em>DIP Stand 410 &#8211; Hal B1<\/em><\/p>\n<p>Are you planning to visit EXPO REAL this year? Then come and meet our Real People. We invite you to the DIP stand.<\/p>\n\n                    <ul class=\"jumptoitems\"><\/ul>\n                <\/div>\n            \t\t<\/div>\n\t\t\t\t\t<\/div>\n\n\t\n        <\/div>\n    <\/div>\n<\/section>\n<div class=\"gap-element clearfix hide-for-medium\" style=\"display:block; height:auto; padding-top: 50px;\"><\/div>\n<div id=\"timer-797554247\" class=\"ux-timer dark\" data-text-plural=\"s\" data-text-hour=\"hour\" data-text-day=\"day\" data-text-week=\"week\" data-text-min=\"min\" data-text-sec=\"sec\" data-text-hour-p=\"\" data-text-day-p=\"\" data-text-week-p=\"\" data-text-min-p=\"\" data-text-sec-p=\"\" data-countdown=\"2024\/10\/7 10:00\"><span>&nbsp;<div class=\"loading-spin dark centered\"><\/div><strong>&nbsp;<\/strong><\/span><\/div>\n<style>\n#timer-797554247 {\n  font-size: 200%;\n}\n#timer-797554247 span {\n  background-color: #66a7b4;\n}\n<\/style>\n\n<section class=\"section image-text image-text-left red visible\">\n    <div class=\"bg section-bg fill bg-fill bg-loaded\">\n    <\/div>\n    <div class=\"section-content relative\">\n        <div class=\"row row-large align-center align-middle\">\n            <div class=\"col text-col medium-12 small-12 large-6\">\n                <div class=\"col-inner\">\n                    <h3 title=\"Real People\">Real People<\/h3>\n                    \n<p>Family-owned company FRIS has grown since 1923 into a full-service real estate provider and one of the larger independent property managers in the Netherlands. What can FRIS do for you? We can completely take the burden off your shoulders, always with a personal touch.<\/p>\n<p>Our services include the management of residential and commercial real estate, residential, commercial, and investment brokerage, research &amp; consultancy, valuations, and insurance. By using modern marketing tools and software, as well as up-to-date databases, we have created an agile organization that understands the market. With a compact size of nearly 100 employees\u2014Real People\u2014FRIS guarantees personal contact, professionalism, flexibility, and decisiveness.<\/p>\n\n                    \n                <\/div>\n            <\/div>\n            <div id=\"col-2\" class=\"col medium-12 small-10 large-6 medium-col-first\">\n                <div class=\"col-inner\">\n                    <div class=\"img has-hover x md-x lg-x y md-y lg-y\" style=\"width: 100%;\">\n                        <div class=\"img-inner radius dark\">\n                            <img loading=\"lazy\" decoding=\"async\" width=\"1020\" height=\"680\" src=\"https:\/\/fris.nl\/wp-content\/uploads\/2023\/07\/DSC08950-Comm-Vastg-1024x683.jpg\" class=\"attachment-large size-large\" alt=\"Real People\" title=\"Real People\" srcset=\"https:\/\/fris.nl\/wp-content\/uploads\/2023\/07\/DSC08950-Comm-Vastg-1024x683.jpg 1024w, https:\/\/fris.nl\/wp-content\/uploads\/2023\/07\/DSC08950-Comm-Vastg-300x200.jpg 300w, https:\/\/fris.nl\/wp-content\/uploads\/2023\/07\/DSC08950-Comm-Vastg-768x512.jpg 768w, https:\/\/fris.nl\/wp-content\/uploads\/2023\/07\/DSC08950-Comm-Vastg.jpg 1275w\" sizes=\"auto, (max-width: 1020px) 100vw, 1020px\" \/>\n                        <\/div>\n                    <\/div>\n                <\/div>\n            <\/div>        \n        <\/div>\n        <div class=\"gap-element clearfix hide-for-medium\" style=\"display:block; height:auto; padding-top: 30px;\"><\/div>\n    <\/div>\n<\/section>\n<section class=\"section single-text  blue visible light-2\">\n    <div class=\"bg section-bg fill bg-fill bg-loaded\">\n    <\/div>\n    <div class=\"section-content relative\">\n        <div class=\"gap-element clearfix hide-for-medium\" style=\"display:block; height:auto; padding-top: 50px;\"><\/div>\n        <div class=\"row row-large align-center align-middle\">\n            <div class=\"col text-col medium-12 small-12 large-9 text-center\">\n                <div class=\"col-inner\">\n                    <h2 title=\"make an appointment EXPO REAL\" class=\"text-center\">make an appointment EXPO REAL<\/h2>\n<p>Would you like to speak to one of our Real People? Then make your appointment right here!<\/p>\n<a href=\"\/contact-formulier-expo-real\" class=\"button primary\" >\n\t\t<span>make an appointment<\/span>\n\t<\/a>\n\n                <\/div>\n            <\/div>     \n        <\/div>\n        <div class=\"gap-element clearfix hide-for-medium\" style=\"display:block; height:auto; padding-top: 30px;\"><\/div>\n    <\/div>\n<\/section>\n<div class=\"gap-element clearfix hide-for-medium\" style=\"display:block; height:auto; padding-top: 50px;\"><\/div>\n<section class=\"section employee-section visible\">\n    <div class=\"bg section-bg fill bg-fill bg-loaded\"><\/div>\n    <div class=\"section-content relative\">\n        <div class=\"row align-center text-center\"><div class=\"col  visible medium-12 small-12 large-12\"><h2>You will find these Real People at EXPO REAL 2024<\/h2><div class=\"gap-element clearfix hide-for-medium\" style=\"display:block; height:auto; padding-top: 30px;\"><\/div><\/col><\/row>\n        <div class=\"row align-center\">\n            <content><\/content>\n            <div class=\"col employee-item visible medium-6 small-12 large-3\" id=\"hans-peter-fris\" data-animate=\"fadeInUp\" data-animate-transform=\"true\" data-animate-transition=\"true\" data-animated=\"true\" data-jobtitle=\"Managing Director\" data-jobdepartment=\"\" data-name=\"Hans Peter Fris\">\n\n    <div class=\"col-inner\">\n        <div class=\"box has-hover has-hover box-text-bottom\">\n            <div class=\"box-image\">\n                <div class=\"image-cover\" style=\"padding-top:500px;\">\n                    <img loading=\"lazy\" decoding=\"async\" src=\"https:\/\/fris.nl\/wp-content\/uploads\/2023\/04\/BM-HP-horizontaal-2-groot-e1775639960157.jpeg\" width=\"1280\" height=\"854\" alt=\"\">\n                <\/div>\n            <\/div>\n            <div class=\"box-text text-center\">\n                <div class=\"box-text-inner\">\n\n                    <div class=\"text\" style=\"text-align: left;\">\n                        <h4>Hans Peter Fris<\/h4>\n                        <p><small>Managing Director<\/small><\/p>\n                        <p>\n                            <i class=\"icon-phone\"><\/i><a href=\"tel:+31(0)20-3017700\">+31 (0)20 - 301 77 00<\/a><br>\n                            <i class=\"icon-envelop\"><\/i><a href=\"mailto:h.p.fris@fris.nl\">h.p.fris@fris.nl<\/a><br>\n                            <i class=\"icon-linkedin\"><\/i><a href=\"https:\/\/www.linkedin.com\/in\/hanspeterfris\" target=\"_blank\" rel=\"noopener\">View LinkedIn profile.<\/a>\n                        <\/p>\n                    <\/div>\n                <\/div>\n            <\/div>\n        <\/div>\n    <\/div>\n<\/div><div class=\"col employee-item visible medium-6 small-12 large-3\" id=\"marc-poelmann\" data-animate=\"fadeInUp\" data-animate-transform=\"true\" data-animate-transition=\"true\" data-animated=\"true\" data-jobtitle=\"Managing Director FRIS Investment Care\" data-jobdepartment=\"\" data-name=\"Marc Poelmann\">\n\n    <div class=\"col-inner\">\n        <div class=\"box has-hover has-hover box-text-bottom\">\n            <div class=\"box-image\">\n                <div class=\"image-cover\" style=\"padding-top:500px;\">\n                    <img loading=\"lazy\" decoding=\"async\" src=\"https:\/\/fris.nl\/wp-content\/uploads\/2023\/04\/IC-Marc-horizontaal-1-groot-1-e1775640173241.jpeg\" width=\"1280\" height=\"854\" alt=\"\">\n                <\/div>\n            <\/div>\n            <div class=\"box-text text-center\">\n                <div class=\"box-text-inner\">\n\n                    <div class=\"text\" style=\"text-align: left;\">\n                        <h4>Marc Poelmann<\/h4>\n                        <p><small>Managing Director FRIS Investment Care<\/small><\/p>\n                        <p>\n                            <i class=\"icon-phone\"><\/i><a href=\"tel:+31(0)20-6913043\">+31 (0)20 - 691 30 43<\/a><br>\n                            <i class=\"icon-envelop\"><\/i><a href=\"mailto:m.poelmann@fris.nl\">m.poelmann@fris.nl<\/a><br>\n                            <i class=\"icon-linkedin\"><\/i><a href=\"https:\/\/www.linkedin.com\/in\/marc-poelmann-816185\/\" target=\"_blank\" rel=\"noopener\">View LinkedIn profile.<\/a>\n                        <\/p>\n                    <\/div>\n                <\/div>\n            <\/div>\n        <\/div>\n    <\/div>\n<\/div>\n        <\/div>\n    <\/div>\n<\/section>\n<section class=\"section image-text image-text-right red visible light-2\">\n    <div class=\"bg section-bg fill bg-fill bg-loaded\">\n    <\/div>\n    <div class=\"section-content relative\">        \n        <div class=\"row row-large align-center align-middle\">\n            <div id=\"col-2\" class=\"col medium-12 small-10 large-6 medium-col-first\">\n                <div class=\"col-inner\">\n                    <div class=\"img has-hover x md-x lg-x y md-y lg-y\" style=\"width: 100%;\">\n                        <div class=\"img-inner radius dark\">\n                            <img loading=\"lazy\" decoding=\"async\" width=\"1020\" height=\"679\" src=\"https:\/\/fris.nl\/wp-content\/uploads\/2024\/08\/ExpoReal-2022-Web-0543-1024x682.jpg\" class=\"attachment-large size-large\" alt=\"Why is FRIS at the DIP-booth?\" title=\"Why is FRIS at the DIP-booth?\" srcset=\"https:\/\/fris.nl\/wp-content\/uploads\/2024\/08\/ExpoReal-2022-Web-0543-1024x682.jpg 1024w, https:\/\/fris.nl\/wp-content\/uploads\/2024\/08\/ExpoReal-2022-Web-0543-300x200.jpg 300w, https:\/\/fris.nl\/wp-content\/uploads\/2024\/08\/ExpoReal-2022-Web-0543-768x512.jpg 768w, https:\/\/fris.nl\/wp-content\/uploads\/2024\/08\/ExpoReal-2022-Web-0543-1536x1024.jpg 1536w, https:\/\/fris.nl\/wp-content\/uploads\/2024\/08\/ExpoReal-2022-Web-0543.jpg 2000w\" sizes=\"auto, (max-width: 1020px) 100vw, 1020px\" \/>\n                        <\/div>\n                    <\/div>\n                <\/div>\n            <\/div> \n            <div class=\"col text-col medium-12 small-12 large-6\">\n                <div class=\"col-inner\">\n                    <h3 title=\"Why is FRIS at the DIP-booth?\">Why is FRIS at the DIP-booth?<\/h3>\n                    \n<p>Are you planning to visit EXPO REAL in Munich this year? This year, for the sixth consecutive time, we will be at the DIP stand as a preferred <a href=\"https:\/\/fris.nl\/fris-versterkt-het-deutsche-immobilien-partner-dip-netwerk-als-preferred-partner\"><span data-contrast=\"none\">DIP partner<\/span><\/a> and cooperation partner of <a href=\"https:\/\/www.aengevelt.com\/duesseldorf.html\"><span data-contrast=\"none\">Aengevelt<\/span><\/a> \u2014one of the largest and most experienced real estate agents in Germany\u2014at EXPO REAL in Munich.<\/p>\n<p>The collaboration between FRIS and DIP provides German and international investors access to the Dutch real estate market. Conversely, the partnership offers Dutch and international investors access to the German real estate market. We have various specialists who can guide these parties toward successful real estate decisions. Together, we show our clients and partners access to and use of the Dutch and German real estate markets in the areas of management, investments, commercial real estate brokerage, valuations, research, and consultancy.<\/p>\n\n                    \n                <\/div>\n            <\/div>       \n        <\/div>\n        <div class=\"gap-element clearfix hide-for-medium\" style=\"display:block; height:auto; padding-top: 30px;\"><\/div>\n    <\/div>\n<\/section>\n<section class=\"section cta-1 blue dark visible nolines\">\n    <div class=\"bg section-bg fill bg-fill bg-loaded\" style=\"background-image: url('https:\/\/fris.nl\/wp-content\/uploads\/2023\/07\/J9A8452-Femke.jpeg'); background-position: 0% 30% !important;\"><\/div>\n    <div class=\"section-content relative\">\n        <div class=\"row\" id=\"row-1299773279\">\n            <div class=\"col medium-12 small-12 large-12 image-col\" style=\"background-image: url('https:\/\/fris.nl\/wp-content\/uploads\/2023\/07\/J9A8452-Femke.jpeg');\"><\/div>\n            <div class=\"col medium-12 small-12 large-4 content-col\">\n                <div class=\"col-inner\">\n                    <div id=\"gap-866866620\" class=\"gap-element clearfix\" style=\"display:block; height:auto; padding-top: 40px;\"><\/div>\n                    <h2>Femke <span style=\"text-decoration: underline;\">Soederhuizen<\/span><\/h2>\n                    <content><\/content>\n                    \n<p>Want to know more about Expo Real or make an appointment?<\/p>\n\n                    <a href=\"mailto:f.soederhuizen@fris.nl\" target=\"_blank\" class=\"button primary\" rel=\"noopener\" >\n\t\t<span>Contact<\/span>\n\t<\/a>\n\n                <\/div>\n            <\/div>\n        <\/div>\n    <\/div>\n<\/section>\n","protected":false},"excerpt":{"rendered":"","protected":false},"author":1,"featured_media":0,"parent":0,"menu_order":11,"comment_status":"closed","ping_status":"closed","template":"","meta":{"_acf_changed":false,"footnotes":""},"class_list":["post-14260","page","type-page","status-publish","hentry"],"acf":[],"yoast_head":"<!-- This site is optimized with the Yoast SEO plugin v27.4 - https:\/\/yoast.com\/product\/yoast-seo-wordpress\/ -->\n<title>Expo Real - Fris Real People<\/title>\n<meta name=\"description\" content=\"Wij staan als DIP partner en co\u00f6peratiepartner van\u202fAengevelt - \u00e9\u00e9n van de grootste en meest ervaren makelaars van Duitsland - op de EXPO REAL in M\u00fcnchen.\u00a0\" \/>\n<meta name=\"robots\" content=\"index, follow, max-snippet:-1, max-image-preview:large, max-video-preview:-1\" \/>\n<link rel=\"canonical\" href=\"https:\/\/fris.nl\/uk\/expo-real\/\" \/>\n<meta property=\"og:locale\" content=\"en_US\" \/>\n<meta property=\"og:type\" content=\"article\" \/>\n<meta property=\"og:title\" content=\"Expo Real - Fris Real People\" \/>\n<meta property=\"og:description\" content=\"Wij staan als DIP partner en co\u00f6peratiepartner van\u202fAengevelt - \u00e9\u00e9n van de grootste en meest ervaren makelaars van Duitsland - op de EXPO REAL in M\u00fcnchen.\u00a0\" \/>\n<meta property=\"og:url\" content=\"https:\/\/fris.nl\/uk\/expo-real\/\" \/>\n<meta property=\"og:site_name\" content=\"Fris Real People\" \/>\n<meta property=\"article:publisher\" content=\"https:\/\/www.facebook.com\/FrisMakelaarsAmsterdam\" \/>\n<meta property=\"article:modified_time\" content=\"2024-08-29T12:02:52+00:00\" \/>\n<meta name=\"twitter:card\" content=\"summary_large_image\" \/>\n<meta name=\"twitter:site\" content=\"@FRISRealPeople\" \/>\n<meta name=\"twitter:label1\" content=\"Est. reading time\" \/>\n\t<meta name=\"twitter:data1\" content=\"2 minutes\" \/>\n<script type=\"application\/ld+json\" class=\"yoast-schema-graph\">{\"@context\":\"https:\\\/\\\/schema.org\",\"@graph\":[{\"@type\":\"WebPage\",\"@id\":\"https:\\\/\\\/fris.nl\\\/uk\\\/expo-real\\\/\",\"url\":\"https:\\\/\\\/fris.nl\\\/uk\\\/expo-real\\\/\",\"name\":\"Expo Real - Fris Real People\",\"isPartOf\":{\"@id\":\"https:\\\/\\\/fris.nl\\\/uk\\\/#website\"},\"datePublished\":\"2024-08-26T08:47:50+00:00\",\"dateModified\":\"2024-08-29T12:02:52+00:00\",\"description\":\"Wij staan als DIP partner en co\u00f6peratiepartner van\u202fAengevelt - \u00e9\u00e9n van de grootste en meest ervaren makelaars van Duitsland - op de EXPO REAL in M\u00fcnchen.\u00a0\",\"breadcrumb\":{\"@id\":\"https:\\\/\\\/fris.nl\\\/uk\\\/expo-real\\\/#breadcrumb\"},\"inLanguage\":\"en-UK\",\"potentialAction\":[{\"@type\":\"ReadAction\",\"target\":[\"https:\\\/\\\/fris.nl\\\/uk\\\/expo-real\\\/\"]}]},{\"@type\":\"BreadcrumbList\",\"@id\":\"https:\\\/\\\/fris.nl\\\/uk\\\/expo-real\\\/#breadcrumb\",\"itemListElement\":[{\"@type\":\"ListItem\",\"position\":1,\"name\":\"Home\",\"item\":\"https:\\\/\\\/fris.nl\\\/uk\\\/\"},{\"@type\":\"ListItem\",\"position\":2,\"name\":\"Expo Real\"}]},{\"@type\":\"WebSite\",\"@id\":\"https:\\\/\\\/fris.nl\\\/uk\\\/#website\",\"url\":\"https:\\\/\\\/fris.nl\\\/uk\\\/\",\"name\":\"Fris Real People\",\"description\":\"\",\"potentialAction\":[{\"@type\":\"SearchAction\",\"target\":{\"@type\":\"EntryPoint\",\"urlTemplate\":\"https:\\\/\\\/fris.nl\\\/uk\\\/?s={search_term_string}\"},\"query-input\":{\"@type\":\"PropertyValueSpecification\",\"valueRequired\":true,\"valueName\":\"search_term_string\"}}],\"inLanguage\":\"en-UK\"}]}<\/script>\n<!-- \/ Yoast SEO plugin. -->","yoast_head_json":{"title":"Expo Real - Fris Real People","description":"Wij staan als DIP partner en co\u00f6peratiepartner van\u202fAengevelt - \u00e9\u00e9n van de grootste en meest ervaren makelaars van Duitsland - op de EXPO REAL in M\u00fcnchen.\u00a0","robots":{"index":"index","follow":"follow","max-snippet":"max-snippet:-1","max-image-preview":"max-image-preview:large","max-video-preview":"max-video-preview:-1"},"canonical":"https:\/\/fris.nl\/uk\/expo-real\/","og_locale":"en_US","og_type":"article","og_title":"Expo Real - Fris Real People","og_description":"Wij staan als DIP partner en co\u00f6peratiepartner van\u202fAengevelt - \u00e9\u00e9n van de grootste en meest ervaren makelaars van Duitsland - op de EXPO REAL in M\u00fcnchen.\u00a0","og_url":"https:\/\/fris.nl\/uk\/expo-real\/","og_site_name":"Fris Real People","article_publisher":"https:\/\/www.facebook.com\/FrisMakelaarsAmsterdam","article_modified_time":"2024-08-29T12:02:52+00:00","twitter_card":"summary_large_image","twitter_site":"@FRISRealPeople","twitter_misc":{"Est. reading time":"2 minutes"},"schema":{"@context":"https:\/\/schema.org","@graph":[{"@type":"WebPage","@id":"https:\/\/fris.nl\/uk\/expo-real\/","url":"https:\/\/fris.nl\/uk\/expo-real\/","name":"Expo Real - Fris Real People","isPartOf":{"@id":"https:\/\/fris.nl\/uk\/#website"},"datePublished":"2024-08-26T08:47:50+00:00","dateModified":"2024-08-29T12:02:52+00:00","description":"Wij staan als DIP partner en co\u00f6peratiepartner van\u202fAengevelt - \u00e9\u00e9n van de grootste en meest ervaren makelaars van Duitsland - op de EXPO REAL in M\u00fcnchen.\u00a0","breadcrumb":{"@id":"https:\/\/fris.nl\/uk\/expo-real\/#breadcrumb"},"inLanguage":"en-UK","potentialAction":[{"@type":"ReadAction","target":["https:\/\/fris.nl\/uk\/expo-real\/"]}]},{"@type":"BreadcrumbList","@id":"https:\/\/fris.nl\/uk\/expo-real\/#breadcrumb","itemListElement":[{"@type":"ListItem","position":1,"name":"Home","item":"https:\/\/fris.nl\/uk\/"},{"@type":"ListItem","position":2,"name":"Expo Real"}]},{"@type":"WebSite","@id":"https:\/\/fris.nl\/uk\/#website","url":"https:\/\/fris.nl\/uk\/","name":"Fris Real People","description":"","potentialAction":[{"@type":"SearchAction","target":{"@type":"EntryPoint","urlTemplate":"https:\/\/fris.nl\/uk\/?s={search_term_string}"},"query-input":{"@type":"PropertyValueSpecification","valueRequired":true,"valueName":"search_term_string"}}],"inLanguage":"en-UK"}]}},"_links":{"self":[{"href":"https:\/\/fris.nl\/uk\/wp-json\/wp\/v2\/pages\/14260","targetHints":{"allow":["GET"]}}],"collection":[{"href":"https:\/\/fris.nl\/uk\/wp-json\/wp\/v2\/pages"}],"about":[{"href":"https:\/\/fris.nl\/uk\/wp-json\/wp\/v2\/types\/page"}],"author":[{"embeddable":true,"href":"https:\/\/fris.nl\/uk\/wp-json\/wp\/v2\/users\/1"}],"replies":[{"embeddable":true,"href":"https:\/\/fris.nl\/uk\/wp-json\/wp\/v2\/comments?post=14260"}],"version-history":[{"count":4,"href":"https:\/\/fris.nl\/uk\/wp-json\/wp\/v2\/pages\/14260\/revisions"}],"predecessor-version":[{"id":14316,"href":"https:\/\/fris.nl\/uk\/wp-json\/wp\/v2\/pages\/14260\/revisions\/14316"}],"wp:attachment":[{"href":"https:\/\/fris.nl\/uk\/wp-json\/wp\/v2\/media?parent=14260"}],"curies":[{"name":"wp","href":"https:\/\/api.w.org\/{rel}","templated":true}]}}