{"id":14259,"date":"2024-08-26T10:47:50","date_gmt":"2024-08-26T08:47:50","guid":{"rendered":"https:\/\/fris.nl\/?page_id=14259"},"modified":"2025-07-11T11:09:21","modified_gmt":"2025-07-11T09:09:21","slug":"expo-real","status":"publish","type":"page","link":"https:\/\/fris.nl\/de\/expo-real\/","title":{"rendered":"Expo Real"},"content":{"rendered":"<section class=\"section half-hero darkblue dark visible\">\n    <div class=\"bg section-bg fill bg-fill bg-loaded\" style=\"background-image: url('https:\/\/fris.nl\/wp-content\/uploads\/2024\/08\/exr_pr_2023_10_Logo-scaled.jpg'); background-position: 0% 60% !important;\"><\/div>\n    <div class=\"section-content relative\">\n        <div class=\"row\" id=\"row-1299773279\">\n            <div class=\"col medium-12 small-12 large-12 image-col\" style=\"background-image: url('https:\/\/fris.nl\/wp-content\/uploads\/2024\/08\/exr_pr_2023_10_Logo-scaled.jpg');\"><\/div>\n            \n\t<div id=\"col-1209011283\" class=\"col contentarea medium-12 small-12 large-4\"  data-animate=\"fadeInUp\">\n\t\t\t\t<div class=\"col-inner\"  >\n\t\t\t\n\t\t\t\n                <div class=\"col-inner\">\n                    <div id=\"gap-866866620\" class=\"gap-element clearfix\" style=\"display:block; height:auto; padding-top: 40px;\"><\/div>\n                    <h1>Expo <span style=\"text-decoration: underline;\">Real<\/span> 2025<\/h1>\n                    <content><\/content>\n                    \n<p><strong>6., 7. &amp; 8. Oktober<\/strong><\/p>\n<p><em>DIP Stand 410 &#8211; Hal B1<\/em><\/p>\n<p>Besuchen Sie dieses Jahr die EXPO REAL? Dann lernen Sie unsere Real People kennen. Wir laden Sie herzlich an den DIP-Stand ein.<\/p>\n\n                    <ul class=\"jumptoitems\"><\/ul>\n                <\/div>\n            \t\t<\/div>\n\t\t\t\t\t<\/div>\n\n\t\n        <\/div>\n    <\/div>\n<\/section>\n<div class=\"gap-element clearfix hide-for-medium\" style=\"display:block; height:auto; padding-top: 50px;\"><\/div>\n<div id=\"timer-1943573878\" class=\"ux-timer dark\" data-text-plural=\"s\" data-text-hour=\"hour\" data-text-day=\"day\" data-text-week=\"week\" data-text-min=\"min\" data-text-sec=\"sec\" data-text-hour-p=\"\" data-text-day-p=\"\" data-text-week-p=\"\" data-text-min-p=\"\" data-text-sec-p=\"\" data-countdown=\"2024\/10\/7 10:00\"><span>&nbsp;<div class=\"loading-spin dark centered\"><\/div><strong>&nbsp;<\/strong><\/span><\/div>\n<style>\n#timer-1943573878 {\n  font-size: 200%;\n}\n#timer-1943573878 span {\n  background-color: #66a7b4;\n}\n<\/style>\n\n<section class=\"section image-text image-text-left red visible\">\n    <div class=\"bg section-bg fill bg-fill bg-loaded\">\n    <\/div>\n    <div class=\"section-content relative\">\n        <div class=\"row row-large align-center align-middle\">\n            <div class=\"col text-col medium-12 small-12 large-6\">\n                <div class=\"col-inner\">\n                    <h3 title=\"Real People\">Real People<\/h3>\n                    \n<p>Das Familienunternehmen FRIS hat sich seit 1923 zu einem Full-Service-Immobiliendienstleister und einem der gr\u00f6\u00dften unabh\u00e4ngigen Immobilienverwalter in den Niederlanden entwickelt. Was kann FRIS f\u00fcr Sie tun? Wir k\u00f6nnen Ihnen s\u00e4mtliche Sorgen abnehmen, immer mit einer pers\u00f6nlichen Note.<\/p>\n<p>Unsere Dienstleistungen umfassen die Verwaltung von Wohn- und Gewerbeimmobilien, Wohn-, Gewerbe- und Investitionsmaklerdienste, Forschung &amp; Beratung, Bewertungen und Versicherungen. Durch den Einsatz moderner Marketingtools und Software sowie aktueller Datenbanken ist eine schlagkr\u00e4ftige Organisation entstanden, die wei\u00df, was am Markt passiert. Mit einer kompakten Gr\u00f6\u00dfe von fast 100 Mitarbeitern \u2013 Real People \u2013 steht FRIS f\u00fcr pers\u00f6nlichen Kontakt, Professionalit\u00e4t, Flexibilit\u00e4t und Entschlossenheit.<\/p>\n\n                    \n                <\/div>\n            <\/div>\n            <div id=\"col-2\" class=\"col medium-12 small-10 large-6 medium-col-first\">\n                <div class=\"col-inner\">\n                    <div class=\"img has-hover x md-x lg-x y md-y lg-y\" style=\"width: 100%;\">\n                        <div class=\"img-inner radius dark\">\n                            <img loading=\"lazy\" decoding=\"async\" width=\"1020\" height=\"680\" src=\"https:\/\/fris.nl\/wp-content\/uploads\/2023\/07\/DSC08950-Comm-Vastg-1024x683.jpg\" class=\"attachment-large size-large\" alt=\"Real People\" title=\"Real People\" srcset=\"https:\/\/fris.nl\/wp-content\/uploads\/2023\/07\/DSC08950-Comm-Vastg-1024x683.jpg 1024w, https:\/\/fris.nl\/wp-content\/uploads\/2023\/07\/DSC08950-Comm-Vastg-300x200.jpg 300w, https:\/\/fris.nl\/wp-content\/uploads\/2023\/07\/DSC08950-Comm-Vastg-768x512.jpg 768w, https:\/\/fris.nl\/wp-content\/uploads\/2023\/07\/DSC08950-Comm-Vastg.jpg 1275w\" sizes=\"auto, (max-width: 1020px) 100vw, 1020px\" \/>\n                        <\/div>\n                    <\/div>\n                <\/div>\n            <\/div>        \n        <\/div>\n        <div class=\"gap-element clearfix hide-for-medium\" style=\"display:block; height:auto; padding-top: 30px;\"><\/div>\n    <\/div>\n<\/section>\n<section class=\"section single-text  blue visible light-2\">\n    <div class=\"bg section-bg fill bg-fill bg-loaded\">\n    <\/div>\n    <div class=\"section-content relative\">\n        <div class=\"gap-element clearfix hide-for-medium\" style=\"display:block; height:auto; padding-top: 50px;\"><\/div>\n        <div class=\"row row-large align-center align-middle\">\n            <div class=\"col text-col medium-12 small-12 large-9 text-center\">\n                <div class=\"col-inner\">\n                    <h2 title=\"einen Termin vereinbaren EXPO REAL\" class=\"text-center\">einen Termin vereinbaren EXPO REAL<\/h2>\n<p>M\u00f6chten Sie einen unserer Real People sprechen? Vereinbaren Sie hier schon jetzt Ihren Termin!<\/p>\n<a href=\"\/contact-formulier-expo-real\" class=\"button primary\" >\n\t\t<span>TERMIN VEREINBAREN<\/span>\n\t<\/a>\n\n                <\/div>\n            <\/div>     \n        <\/div>\n        <div class=\"gap-element clearfix hide-for-medium\" style=\"display:block; height:auto; padding-top: 30px;\"><\/div>\n    <\/div>\n<\/section>\n<div class=\"gap-element clearfix hide-for-medium\" style=\"display:block; height:auto; padding-top: 50px;\"><\/div>\n<section class=\"section employee-section visible\">\n    <div class=\"bg section-bg fill bg-fill bg-loaded\"><\/div>\n    <div class=\"section-content relative\">\n        <div class=\"row align-center text-center\"><div class=\"col  visible medium-12 small-12 large-12\"><h2>Diese Real People finden Sie auf der EXPO REAL 2025<\/h2><div class=\"gap-element clearfix hide-for-medium\" style=\"display:block; height:auto; padding-top: 30px;\"><\/div><\/col><\/row>\n        <div class=\"row align-center\">\n            <content><\/content>\n            <div class=\"col employee-item visible medium-6 small-12 large-3\" id=\"hans-peter-fris\" data-animate=\"fadeInUp\" data-animate-transform=\"true\" data-animate-transition=\"true\" data-animated=\"true\" data-jobtitle=\"Managing Director\" data-jobdepartment=\"\" data-name=\"Hans Peter Fris\">\n\n    <div class=\"col-inner\">\n        <div class=\"box has-hover has-hover box-text-bottom\">\n            <div class=\"box-image\">\n                <div class=\"image-cover\" style=\"padding-top:500px;\">\n                    <img loading=\"lazy\" decoding=\"async\" src=\"https:\/\/fris.nl\/wp-content\/uploads\/2023\/04\/BM-HP-horizontaal-2-groot-e1775639960157.jpeg\" width=\"725\" height=\"798\" alt=\"\">\n                <\/div>\n            <\/div>\n            <div class=\"box-text text-center\">\n                <div class=\"box-text-inner\">\n\n                    <div class=\"text\" style=\"text-align: left;\">\n                        <h4>Hans Peter Fris<\/h4>\n                        <p><small>Managing Director<\/small><\/p>\n                        <p>\n                            <i class=\"icon-phone\"><\/i><a href=\"tel:+31(0)20-3017700\">+31 (0)20 - 301 77 00<\/a><br>\n                            <i class=\"icon-envelop\"><\/i><a href=\"mailto:h.p.fris@fris.nl\">h.p.fris@fris.nl<\/a><br>\n                            <i class=\"icon-linkedin\"><\/i><a href=\"https:\/\/www.linkedin.com\/in\/hanspeterfris\" target=\"_blank\" rel=\"noopener\">LinkedIn-Profil ansehen.<\/a>\n                        <\/p>\n                    <\/div>\n                <\/div>\n            <\/div>\n        <\/div>\n    <\/div>\n<\/div><div class=\"col employee-item visible medium-6 small-12 large-3\" id=\"marc-poelmann\" data-animate=\"fadeInUp\" data-animate-transform=\"true\" data-animate-transition=\"true\" data-animated=\"true\" data-jobtitle=\"Managing Director FRIS Investment Care\" data-jobdepartment=\"FRIS Investment Care\" data-name=\"Marc Poelmann\">\n\n    <div class=\"col-inner\">\n        <div class=\"box has-hover has-hover box-text-bottom\">\n            <div class=\"box-image\">\n                <div class=\"image-cover\" style=\"padding-top:500px;\">\n                    <img loading=\"lazy\" decoding=\"async\" src=\"https:\/\/fris.nl\/wp-content\/uploads\/2023\/04\/IC-Marc-horizontaal-1-groot-1-e1775640173241.jpeg\" width=\"896\" height=\"732\" alt=\"\">\n                <\/div>\n            <\/div>\n            <div class=\"box-text text-center\">\n                <div class=\"box-text-inner\">\n\n                    <div class=\"text\" style=\"text-align: left;\">\n                        <h4>Marc Poelmann<\/h4>\n                        <p><small>Managing Director FRIS Investment Care<\/small><\/p>\n                        <p>\n                            <i class=\"icon-phone\"><\/i><a href=\"tel:+31(0)20-6913043\">+31 (0)20 - 691 30 43<\/a><br>\n                            <i class=\"icon-envelop\"><\/i><a href=\"mailto:m.poelmann@fris.nl\">m.poelmann@fris.nl<\/a><br>\n                            <i class=\"icon-linkedin\"><\/i><a href=\"https:\/\/www.linkedin.com\/in\/marc-poelmann-816185\/\" target=\"_blank\" rel=\"noopener\">LinkedIn-Profil ansehen.<\/a>\n                        <\/p>\n                    <\/div>\n                <\/div>\n            <\/div>\n        <\/div>\n    <\/div>\n<\/div>\n        <\/div>\n    <\/div>\n<\/section>\n<section class=\"section image-text image-text-right red visible light-2\">\n    <div class=\"bg section-bg fill bg-fill bg-loaded\">\n    <\/div>\n    <div class=\"section-content relative\">        \n        <div class=\"row row-large align-center align-middle\">\n            <div id=\"col-2\" class=\"col medium-12 small-10 large-6 medium-col-first\">\n                <div class=\"col-inner\">\n                    <div class=\"img has-hover x md-x lg-x y md-y lg-y\" style=\"width: 100%;\">\n                        <div class=\"img-inner radius dark\">\n                            <img loading=\"lazy\" decoding=\"async\" width=\"1020\" height=\"679\" src=\"https:\/\/fris.nl\/wp-content\/uploads\/2024\/08\/ExpoReal-2022-Web-0543-1024x682.jpg\" class=\"attachment-large size-large\" alt=\"Warum ist FRIS auf dem DIP-Stand?\" title=\"Warum ist FRIS auf dem DIP-Stand?\" srcset=\"https:\/\/fris.nl\/wp-content\/uploads\/2024\/08\/ExpoReal-2022-Web-0543-1024x682.jpg 1024w, https:\/\/fris.nl\/wp-content\/uploads\/2024\/08\/ExpoReal-2022-Web-0543-300x200.jpg 300w, https:\/\/fris.nl\/wp-content\/uploads\/2024\/08\/ExpoReal-2022-Web-0543-768x512.jpg 768w, https:\/\/fris.nl\/wp-content\/uploads\/2024\/08\/ExpoReal-2022-Web-0543-1536x1024.jpg 1536w, https:\/\/fris.nl\/wp-content\/uploads\/2024\/08\/ExpoReal-2022-Web-0543.jpg 2000w\" sizes=\"auto, (max-width: 1020px) 100vw, 1020px\" \/>\n                        <\/div>\n                    <\/div>\n                <\/div>\n            <\/div> \n            <div class=\"col text-col medium-12 small-12 large-6\">\n                <div class=\"col-inner\">\n                    <h3 title=\"Warum ist FRIS auf dem DIP-Stand?\">Warum ist FRIS auf dem DIP-Stand?<\/h3>\n                    \n<p>Planen Sie dieses Jahr einen Besuch auf der EXPO REAL in M\u00fcnchen? Dieses Jahr sind wir zum sechsten Mal in Folge als bevorzugter <a href=\"https:\/\/fris.nl\/fris-versterkt-het-deutsche-immobilien-partner-dip-netwerk-als-preferred-partner\"><span data-contrast=\"none\">DIP partner<\/span><\/a> und Kooperationspartner von <a href=\"https:\/\/www.aengevelt.com\/duesseldorf.html\"><span data-contrast=\"none\">Aengevelt<\/span><\/a> \u2013 einem der gr\u00f6\u00dften und erfahrensten Makler Deutschlands \u2013 am DIP-Stand auf der EXPO REAL in M\u00fcnchen vertreten.<\/p>\n<p>Die Zusammenarbeit zwischen FRIS und DIP bietet deutschen und internationalen Investoren Zugang zum niederl\u00e4ndischen Immobilienmarkt. Umgekehrt bietet die Zusammenarbeit niederl\u00e4ndischen und internationalen Investoren Zugang zum deutschen Immobilienmarkt. Wir verf\u00fcgen \u00fcber verschiedene Spezialisten, die diese Parteien zu erfolgreichen Immobilienentscheidungen f\u00fchren k\u00f6nnen. Gemeinsam zeigen wir unseren Kunden und Partnern den Zugang und die Nutzung des niederl\u00e4ndischen und deutschen Immobilienmarktes in den Bereichen Verwaltung, Investitionen, Gewerbemaklerdienste, Bewertungen, Forschung und Beratung.<\/p>\n\n                    \n                <\/div>\n            <\/div>       \n        <\/div>\n        <div class=\"gap-element clearfix hide-for-medium\" style=\"display:block; height:auto; padding-top: 30px;\"><\/div>\n    <\/div>\n<\/section>\n<section class=\"section cta-1 blue dark visible nolines\">\n    <div class=\"bg section-bg fill bg-fill bg-loaded\" style=\"background-image: url('https:\/\/fris.nl\/wp-content\/uploads\/2023\/07\/J9A8452-Femke.jpeg'); background-position: 0% 30% !important;\"><\/div>\n    <div class=\"section-content relative\">\n        <div class=\"row\" id=\"row-1299773279\">\n            <div class=\"col medium-12 small-12 large-12 image-col\" style=\"background-image: url('https:\/\/fris.nl\/wp-content\/uploads\/2023\/07\/J9A8452-Femke.jpeg');\"><\/div>\n            <div class=\"col medium-12 small-12 large-4 content-col\">\n                <div class=\"col-inner\">\n                    <div id=\"gap-866866620\" class=\"gap-element clearfix\" style=\"display:block; height:auto; padding-top: 40px;\"><\/div>\n                    <h2>Femke <span style=\"text-decoration: underline;\">Soederhuizen<\/span><\/h2>\n                    <content><\/content>\n                    \n<p>M\u00f6chten Sie mehr \u00fcber die Expo Real erfahren oder einen Termin vereinbaren?<\/p>\n\n                    <a href=\"mailto:f.soederhuizen@fris.nl\" target=\"_blank\" class=\"button primary\" rel=\"noopener\" >\n\t\t<span>kontaktieren sie uns<\/span>\n\t<\/a>\n\n                <\/div>\n            <\/div>\n        <\/div>\n    <\/div>\n<\/section>\n","protected":false},"excerpt":{"rendered":"","protected":false},"author":1,"featured_media":0,"parent":0,"menu_order":11,"comment_status":"closed","ping_status":"closed","template":"","meta":{"_acf_changed":false,"footnotes":""},"class_list":["post-14259","page","type-page","status-publish","hentry"],"acf":[],"yoast_head":"<!-- This site is optimized with the Yoast SEO plugin v27.4 - https:\/\/yoast.com\/product\/yoast-seo-wordpress\/ -->\n<title>Expo Real - Fris Real People<\/title>\n<meta name=\"description\" content=\"Wij staan als DIP partner en co\u00f6peratiepartner van\u202fAengevelt - \u00e9\u00e9n van de grootste en meest ervaren makelaars van Duitsland - op de EXPO REAL in M\u00fcnchen.\u00a0\" \/>\n<meta name=\"robots\" content=\"index, follow, max-snippet:-1, max-image-preview:large, max-video-preview:-1\" \/>\n<link rel=\"canonical\" href=\"https:\/\/fris.nl\/de\/expo-real\/\" \/>\n<meta property=\"og:locale\" content=\"de_DE\" \/>\n<meta property=\"og:type\" content=\"article\" \/>\n<meta property=\"og:title\" content=\"Expo Real - Fris Real People\" \/>\n<meta property=\"og:description\" content=\"Wij staan als DIP partner en co\u00f6peratiepartner van\u202fAengevelt - \u00e9\u00e9n van de grootste en meest ervaren makelaars van Duitsland - op de EXPO REAL in M\u00fcnchen.\u00a0\" \/>\n<meta property=\"og:url\" content=\"https:\/\/fris.nl\/de\/expo-real\/\" \/>\n<meta property=\"og:site_name\" content=\"Fris Real People\" \/>\n<meta property=\"article:publisher\" content=\"https:\/\/www.facebook.com\/FrisMakelaarsAmsterdam\" \/>\n<meta property=\"article:modified_time\" content=\"2025-07-11T09:09:21+00:00\" \/>\n<meta name=\"twitter:card\" content=\"summary_large_image\" \/>\n<meta name=\"twitter:site\" content=\"@FRISRealPeople\" \/>\n<meta name=\"twitter:label1\" content=\"Gesch\u00e4tzte Lesezeit\" \/>\n\t<meta name=\"twitter:data1\" content=\"2\u00a0Minuten\" \/>\n<script type=\"application\/ld+json\" class=\"yoast-schema-graph\">{\"@context\":\"https:\\\/\\\/schema.org\",\"@graph\":[{\"@type\":\"WebPage\",\"@id\":\"https:\\\/\\\/fris.nl\\\/de\\\/expo-real\\\/\",\"url\":\"https:\\\/\\\/fris.nl\\\/de\\\/expo-real\\\/\",\"name\":\"Expo Real - Fris Real People\",\"isPartOf\":{\"@id\":\"https:\\\/\\\/fris.nl\\\/de\\\/#website\"},\"datePublished\":\"2024-08-26T08:47:50+00:00\",\"dateModified\":\"2025-07-11T09:09:21+00:00\",\"description\":\"Wij staan als DIP partner en co\u00f6peratiepartner van\u202fAengevelt - \u00e9\u00e9n van de grootste en meest ervaren makelaars van Duitsland - op de EXPO REAL in M\u00fcnchen.\u00a0\",\"breadcrumb\":{\"@id\":\"https:\\\/\\\/fris.nl\\\/de\\\/expo-real\\\/#breadcrumb\"},\"inLanguage\":\"de\",\"potentialAction\":[{\"@type\":\"ReadAction\",\"target\":[\"https:\\\/\\\/fris.nl\\\/de\\\/expo-real\\\/\"]}]},{\"@type\":\"BreadcrumbList\",\"@id\":\"https:\\\/\\\/fris.nl\\\/de\\\/expo-real\\\/#breadcrumb\",\"itemListElement\":[{\"@type\":\"ListItem\",\"position\":1,\"name\":\"Home\",\"item\":\"https:\\\/\\\/fris.nl\\\/de\\\/\"},{\"@type\":\"ListItem\",\"position\":2,\"name\":\"Expo Real\"}]},{\"@type\":\"WebSite\",\"@id\":\"https:\\\/\\\/fris.nl\\\/de\\\/#website\",\"url\":\"https:\\\/\\\/fris.nl\\\/de\\\/\",\"name\":\"Fris Real People\",\"description\":\"\",\"potentialAction\":[{\"@type\":\"SearchAction\",\"target\":{\"@type\":\"EntryPoint\",\"urlTemplate\":\"https:\\\/\\\/fris.nl\\\/de\\\/?s={search_term_string}\"},\"query-input\":{\"@type\":\"PropertyValueSpecification\",\"valueRequired\":true,\"valueName\":\"search_term_string\"}}],\"inLanguage\":\"de\"}]}<\/script>\n<!-- \/ Yoast SEO plugin. -->","yoast_head_json":{"title":"Expo Real - Fris Real People","description":"Wij staan als DIP partner en co\u00f6peratiepartner van\u202fAengevelt - \u00e9\u00e9n van de grootste en meest ervaren makelaars van Duitsland - op de EXPO REAL in M\u00fcnchen.\u00a0","robots":{"index":"index","follow":"follow","max-snippet":"max-snippet:-1","max-image-preview":"max-image-preview:large","max-video-preview":"max-video-preview:-1"},"canonical":"https:\/\/fris.nl\/de\/expo-real\/","og_locale":"de_DE","og_type":"article","og_title":"Expo Real - Fris Real People","og_description":"Wij staan als DIP partner en co\u00f6peratiepartner van\u202fAengevelt - \u00e9\u00e9n van de grootste en meest ervaren makelaars van Duitsland - op de EXPO REAL in M\u00fcnchen.\u00a0","og_url":"https:\/\/fris.nl\/de\/expo-real\/","og_site_name":"Fris Real People","article_publisher":"https:\/\/www.facebook.com\/FrisMakelaarsAmsterdam","article_modified_time":"2025-07-11T09:09:21+00:00","twitter_card":"summary_large_image","twitter_site":"@FRISRealPeople","twitter_misc":{"Gesch\u00e4tzte Lesezeit":"2\u00a0Minuten"},"schema":{"@context":"https:\/\/schema.org","@graph":[{"@type":"WebPage","@id":"https:\/\/fris.nl\/de\/expo-real\/","url":"https:\/\/fris.nl\/de\/expo-real\/","name":"Expo Real - Fris Real People","isPartOf":{"@id":"https:\/\/fris.nl\/de\/#website"},"datePublished":"2024-08-26T08:47:50+00:00","dateModified":"2025-07-11T09:09:21+00:00","description":"Wij staan als DIP partner en co\u00f6peratiepartner van\u202fAengevelt - \u00e9\u00e9n van de grootste en meest ervaren makelaars van Duitsland - op de EXPO REAL in M\u00fcnchen.\u00a0","breadcrumb":{"@id":"https:\/\/fris.nl\/de\/expo-real\/#breadcrumb"},"inLanguage":"de","potentialAction":[{"@type":"ReadAction","target":["https:\/\/fris.nl\/de\/expo-real\/"]}]},{"@type":"BreadcrumbList","@id":"https:\/\/fris.nl\/de\/expo-real\/#breadcrumb","itemListElement":[{"@type":"ListItem","position":1,"name":"Home","item":"https:\/\/fris.nl\/de\/"},{"@type":"ListItem","position":2,"name":"Expo Real"}]},{"@type":"WebSite","@id":"https:\/\/fris.nl\/de\/#website","url":"https:\/\/fris.nl\/de\/","name":"Fris Real People","description":"","potentialAction":[{"@type":"SearchAction","target":{"@type":"EntryPoint","urlTemplate":"https:\/\/fris.nl\/de\/?s={search_term_string}"},"query-input":{"@type":"PropertyValueSpecification","valueRequired":true,"valueName":"search_term_string"}}],"inLanguage":"de"}]}},"_links":{"self":[{"href":"https:\/\/fris.nl\/de\/wp-json\/wp\/v2\/pages\/14259","targetHints":{"allow":["GET"]}}],"collection":[{"href":"https:\/\/fris.nl\/de\/wp-json\/wp\/v2\/pages"}],"about":[{"href":"https:\/\/fris.nl\/de\/wp-json\/wp\/v2\/types\/page"}],"author":[{"embeddable":true,"href":"https:\/\/fris.nl\/de\/wp-json\/wp\/v2\/users\/1"}],"replies":[{"embeddable":true,"href":"https:\/\/fris.nl\/de\/wp-json\/wp\/v2\/comments?post=14259"}],"version-history":[{"count":5,"href":"https:\/\/fris.nl\/de\/wp-json\/wp\/v2\/pages\/14259\/revisions"}],"predecessor-version":[{"id":18537,"href":"https:\/\/fris.nl\/de\/wp-json\/wp\/v2\/pages\/14259\/revisions\/18537"}],"wp:attachment":[{"href":"https:\/\/fris.nl\/de\/wp-json\/wp\/v2\/media?parent=14259"}],"curies":[{"name":"wp","href":"https:\/\/api.w.org\/{rel}","templated":true}]}}