{"id":12812,"date":"2023-04-20T10:47:50","date_gmt":"2023-04-20T08:47:50","guid":{"rendered":"https:\/\/fris.nl\/?page_id=12812"},"modified":"2024-03-22T15:07:41","modified_gmt":"2024-03-22T14:07:41","slug":"frau-grimbergen","status":"publish","type":"page","link":"https:\/\/fris.nl\/de\/frau-grimbergen\/","title":{"rendered":"Frau  Grimbergen"},"content":{"rendered":"<section class=\"section cta-1 blue dark visible nolines\">\n    <div class=\"bg section-bg fill bg-fill bg-loaded\" style=\"background-image: url('https:\/\/fris.nl\/wp-content\/uploads\/2023\/04\/1Mevrouw_Grimbergen.jpg'); background-position: 0% 15% !important;\"><\/div>\n    <div class=\"section-content relative\">\n        <div class=\"row\" id=\"row-1299773279\">\n            <div class=\"col medium-12 small-12 large-12 image-col\" style=\"background-image: url('https:\/\/fris.nl\/wp-content\/uploads\/2023\/04\/1Mevrouw_Grimbergen.jpg');\"><\/div>\n            <div class=\"col medium-12 small-12 large-4 content-col\">\n                <div class=\"col-inner\">\n                    <div id=\"gap-866866620\" class=\"gap-element clearfix\" style=\"display:block; height:auto; padding-top: 40px;\"><\/div>\n                    <h2>Wie&nbsp;war&nbsp;es&nbsp;vor <span style=\"text-decoration: underline;\">70&nbsp;Jahren,&nbsp;bei&nbsp;FRIS<\/span> zu arbeiten?\u201c<\/h2>\n                    <content><\/content>\n                    \n<p>Von Leontine van Kampen (32)<\/p>\n\n                    \n                <\/div>\n            <\/div>\n        <\/div>\n    <\/div>\n<\/section>\n\t<div id=\"gap-329360170\" class=\"gap-element clearfix\" style=\"display:block; height:auto;\">\n\t\t\n<style>\n#gap-329360170 {\n  padding-top: 60px;\n}\n<\/style>\n\t<\/div>\n\t\n\n\t<section class=\"section\" id=\"section_1116157669\">\n\t\t<div class=\"section-bg fill\" >\n\t\t\t\t\t\t\t\t\t\n\t\t\t\n\n\t\t<\/div>\n\n\t\t\n\n\t\t<div class=\"section-content relative\">\n\t\t\t\n<div class=\"row\"  id=\"row-76671364\">\n\n\t<div id=\"col-981466905\" class=\"col medium-2 small-12 large-2\"  >\n\t\t\t\t<div class=\"col-inner\"  >\n\t\t\t\n\t\t\t\n\t\t<\/div>\n\t\t\t\t\t<\/div>\n\n\t\n\n\t<div id=\"col-381906354\" class=\"col medium-8 small-12 large-8\"  >\n\t\t\t\t<div class=\"col-inner text-left\"  >\n\t\t\t\n\t\t\t\n<p>\u201eWussten Sie, dass bei FRIS mittlerweile fast 90 Kollegen arbeiten?\u201c Frau Grimbergen schaute auf: &#8222;Du nimmst mich auf den Arm! Zu meiner Zeit waren es nur 25 Mitarbeiter.\u201c So begann mein Interview mit Frau Grimbergen (93) im Rahmen von \u201eFast 100 Jahre FRIS\u201c. Sie arbeitete im Alter von 18 bis 25 Jahren bei FRIS. Die zentrale Frage in diesem Interview: \u201eWie war es vor 70 Jahren, bei FRIS zu arbeiten?\u201c<\/p>\n\t\t<\/div>\n\t\t\t\t\t<\/div>\n\n\t\n\n\t<div id=\"col-1165279439\" class=\"col medium-2 small-12 large-2\"  >\n\t\t\t\t<div class=\"col-inner\"  >\n\t\t\t\n\t\t\t\n\t\t<\/div>\n\t\t\t\t\t<\/div>\n\n\t\n<\/div>\n<div class=\"row\"  id=\"row-466221245\">\n\n\t<div id=\"col-1964908014\" class=\"col medium-2 small-12 large-2\"  >\n\t\t\t\t<div class=\"col-inner\"  >\n\t\t\t\n\t\t\t\n\t\t<\/div>\n\t\t\t\t\t<\/div>\n\n\t\n\n\t<div id=\"col-1038041135\" class=\"col medium-8 small-12 large-8\"  >\n\t\t\t\t<div class=\"col-inner text-left\"  >\n\t\t\t\n\t\t\t\n\t<div id=\"text-2712874417\" class=\"text\">\n\t\t\n<h3>\u201eDamals wurden die Mieten noch w\u00f6chentlich abgewickelt, und zu meiner Zeit wurden die Mietzahlungen oft sogar in bar per Post verschickt.\u201c<\/h3>\n\t\t\n<style>\n#text-2712874417 {\n  color: rgb(195, 64, 64);\n}\n#text-2712874417 > * {\n  color: rgb(195, 64, 64);\n}\n<\/style>\n\t<\/div>\n\t\n\t\t<\/div>\n\t\t\t\t\t<\/div>\n\n\t\n\n\t<div id=\"col-1329251981\" class=\"col medium-2 small-12 large-2\"  >\n\t\t\t\t<div class=\"col-inner\"  >\n\t\t\t\n\t\t\t\n\t\t<\/div>\n\t\t\t\t\t<\/div>\n\n\t\n<\/div>\n<div class=\"row\"  id=\"row-635906188\">\n\n\t<div id=\"col-897957229\" class=\"col medium-2 small-12 large-2\"  >\n\t\t\t\t<div class=\"col-inner\"  >\n\t\t\t\n\t\t\t\n\t\t<\/div>\n\t\t\t\t\t<\/div>\n\n\t\n\n\t<div id=\"col-1354112032\" class=\"col medium-8 small-12 large-8\"  >\n\t\t\t\t<div class=\"col-inner text-left\"  >\n\t\t\t\n\t\t\t\n<p>Frau Grimbergen ist eine echte Zaankanterin, lebt in Zaandam und ist immer noch \u00fcber FRIS versichert. Als wir ankamen, lag das Fotoalbum schon bereit, und wir konnten uns sofort in die Geschichte vertiefen. Sie zeigte wundersch\u00f6ne Schwarz-Wei\u00df-Fotos unter anderem vom ersten FRIS-B\u00fcro am Provincialeweg in Zaandam und dem 25-j\u00e4hrigen Jubil\u00e4um von FRIS. Frau Grimbergen war bei FRIS f\u00fcr die Mietverwaltung verantwortlich. \u201eDamals wurden die Mieten noch w\u00f6chentlich abgewickelt. Ich habe den Moment erlebt, als die Niederlande auf eine monatliche Mietverwaltung umstellten. Tats\u00e4chlich wurden Mietzahlungen zu meiner Zeit noch oft in bar per Post verschickt. Das kannst du dir bestimmt nicht vorstellen, Leontine!\u201c, sagt Frau Grimbergen lachend.<\/p>\n<p>\u00dcber die Frage: \u201eWoran erinnern Sie sich am ehesten \u00fcber Ihre Arbeit bei FRIS?\u201c muss Frau Grimbergen nicht lange nachdenken. \u201eDas war das 25-j\u00e4hrige Jubil\u00e4um von FRIS! Ich kann mich noch gut an das Jubil\u00e4um erinnern. Die Veranstaltung fand im American Hotel am Leidseplein in Amsterdam statt. Es war ein gigantisches Fest, an der Hunderte von Immobilienmaklern und gro\u00dfe Immobilienorganisationen teilnahmen. Man konnte deutlich sehen, dass Herr Fris ein bekannter und etablierter Immobilienmakler war. Irgendwann waren so viele Kunden und Gesch\u00e4ftspartner anwesend, dass ein zus\u00e4tzlicher Raum ge\u00f6ffnet werden musste, wunderbar!\u201c<\/p>\n<p>Frau Grimbergen arbeitete unter der Leitung von Wouter Fris. Er gr\u00fcndete FRIS 1923 und war der Gro\u00dfvater von Hans Peter Fris. \u201eWouter Fris war ein offener und zug\u00e4nglicher Mann, der immer f\u00fcr seine Kunden da war. Ich blicke mit gro\u00dfer Freude auf meine Arbeit bei FRIS zur\u00fcck. Ich fand Wouter Fris immer einen netten Chef, gut gekleidet und seine enorme Leidenschaft f\u00fcr seine Arbeit war bemerkenswert.\u201c<\/p>\n\t\t<\/div>\n\t\t\t\t\t<\/div>\n\n\t\n\n\t<div id=\"col-473231048\" class=\"col medium-2 small-12 large-2\"  >\n\t\t\t\t<div class=\"col-inner\"  >\n\t\t\t\n\t\t\t\n\t\t<\/div>\n\t\t\t\t\t<\/div>\n\n\t\n<\/div>\n<div class=\"row\"  id=\"row-1718836744\">\n\n\t<div id=\"col-1459764488\" class=\"col medium-2 small-12 large-2\"  >\n\t\t\t\t<div class=\"col-inner\"  >\n\t\t\t\n\t\t\t\n\t\t<\/div>\n\t\t\t\t\t<\/div>\n\n\t\n\n\t<div id=\"col-402024102\" class=\"col medium-8 small-12 large-8\"  >\n\t\t\t\t<div class=\"col-inner text-left\"  >\n\t\t\t\n\t\t\t\n\t<div id=\"text-502671452\" class=\"text\">\n\t\t\n<h3>\u201eWouter Fris war ein offener und zug\u00e4nglicher Mann, der immer f\u00fcr seine Kunden da war. Ich blicke mit gro\u00dfer Freude auf meine Arbeit bei FRIS zur\u00fcck.\u201c<\/h3>\n\t\t\n<style>\n#text-502671452 {\n  color: rgb(195, 64, 64);\n}\n#text-502671452 > * {\n  color: rgb(195, 64, 64);\n}\n<\/style>\n\t<\/div>\n\t\n\t\t<\/div>\n\t\t\t\t\t<\/div>\n\n\t\n\n\t<div id=\"col-2012868057\" class=\"col medium-2 small-12 large-2\"  >\n\t\t\t\t<div class=\"col-inner\"  >\n\t\t\t\n\t\t\t\n\t\t<\/div>\n\t\t\t\t\t<\/div>\n\n\t\n<\/div>\n<div class=\"row\"  id=\"row-1494419740\">\n\n\t<div id=\"col-1752818330\" class=\"col medium-2 small-12 large-2\"  >\n\t\t\t\t<div class=\"col-inner\"  >\n\t\t\t\n\t\t\t\n\t\t<\/div>\n\t\t\t\t\t<\/div>\n\n\t\n\n\t<div id=\"col-583139501\" class=\"col medium-8 small-12 large-8\"  >\n\t\t\t\t<div class=\"col-inner text-left\"  >\n\t\t\t\n\t\t\t\n<p><strong>Die dritte Generation von Fris hat nun das Ruder \u00fcbernommen <\/strong><br \/>Unter der F\u00fchrung von Hans Peter Fris verzeichnete FRIS im letzten Vierteljahrhundert ein erhebliches Wachstum und passt sich weiterhin an den sich ver\u00e4ndernden Markt an. Die \u00c4hnlichkeiten nach drei Generationen zwischen den Erfahrungen von Frau Grimbergen und meinen eigenen Erfahrungen nach f\u00fcnf Jahren Arbeit bei FRIS sind frappierend. \u201eDie Leidenschaft f\u00fcr die Arbeit\u201c ist beispielsweise immer noch in der Kultur von FRIS sp\u00fcrbar. Wo m\u00f6glich, wird immer ein zus\u00e4tzlicher Schritt unternommen, um den Bed\u00fcrfnissen des Kunden gerecht zu werden. Dies kann beispielsweise im Bereich Innovation oder im Bereich pers\u00f6nlicher Kontakte liegen.<\/p>\n\t\t<\/div>\n\t\t\t\t\t<\/div>\n\n\t\n\n\t<div id=\"col-1946656480\" class=\"col medium-2 small-12 large-2\"  >\n\t\t\t\t<div class=\"col-inner\"  >\n\t\t\t\n\t\t\t\n\t\t<\/div>\n\t\t\t\t\t<\/div>\n\n\t\n<\/div>\n\t\t<\/div>\n\n\t\t\n<style>\n#section_1116157669 {\n  padding-top: 30px;\n  padding-bottom: 30px;\n}\n<\/style>\n\t<\/section>\n\t\n","protected":false},"excerpt":{"rendered":"","protected":false},"author":1,"featured_media":0,"parent":0,"menu_order":11,"comment_status":"closed","ping_status":"closed","template":"","meta":{"_acf_changed":false,"footnotes":""},"class_list":["post-12812","page","type-page","status-publish","hentry"],"acf":[],"_links":{"self":[{"href":"https:\/\/fris.nl\/de\/wp-json\/wp\/v2\/pages\/12812","targetHints":{"allow":["GET"]}}],"collection":[{"href":"https:\/\/fris.nl\/de\/wp-json\/wp\/v2\/pages"}],"about":[{"href":"https:\/\/fris.nl\/de\/wp-json\/wp\/v2\/types\/page"}],"author":[{"embeddable":true,"href":"https:\/\/fris.nl\/de\/wp-json\/wp\/v2\/users\/1"}],"replies":[{"embeddable":true,"href":"https:\/\/fris.nl\/de\/wp-json\/wp\/v2\/comments?post=12812"}],"version-history":[{"count":4,"href":"https:\/\/fris.nl\/de\/wp-json\/wp\/v2\/pages\/12812\/revisions"}],"predecessor-version":[{"id":12816,"href":"https:\/\/fris.nl\/de\/wp-json\/wp\/v2\/pages\/12812\/revisions\/12816"}],"wp:attachment":[{"href":"https:\/\/fris.nl\/de\/wp-json\/wp\/v2\/media?parent=12812"}],"curies":[{"name":"wp","href":"https:\/\/api.w.org\/{rel}","templated":true}]}}