{"id":12514,"date":"2023-04-20T10:47:50","date_gmt":"2023-04-20T08:47:50","guid":{"rendered":"https:\/\/fris.nl\/?page_id=12514"},"modified":"2024-05-14T10:56:11","modified_gmt":"2024-05-14T08:56:11","slug":"kontakt","status":"publish","type":"page","link":"https:\/\/fris.nl\/de\/kontakt\/","title":{"rendered":"Kontakt"},"content":{"rendered":"<section class=\"section cta-1 red dark visible\">\n    <div class=\"bg section-bg fill bg-fill bg-loaded\" style=\"background-image: url('https:\/\/fris.nl\/wp-content\/uploads\/2023\/07\/Koffiekopje.jpg'); background-position: 0% 32% !important;\"><\/div>\n    <div class=\"section-content relative\">\n        <div class=\"row\" id=\"row-1299773279\">\n            <div class=\"col medium-12 small-12 large-12 image-col\" style=\"background-image: url('https:\/\/fris.nl\/wp-content\/uploads\/2023\/07\/Koffiekopje.jpg');\"><\/div>\n            <div class=\"col medium-12 small-12 large-4 content-col\">\n                <div class=\"col-inner\">\n                    <div id=\"gap-866866620\" class=\"gap-element clearfix\" style=\"display:block; height:auto; padding-top: 40px;\"><\/div>\n                    <h2>Kontakt<\/h2>\n                    <content><\/content>\n                    \n<p>Hier finden Sie unser Gewerbe- und Wohnungsmanagement, Research, Gesch\u00e4ftsimmobilienvermittlung, Versicherungen, Bewertungen und Unternehmenskommunikation.<\/p>\n\n                    \n                <\/div>\n            <\/div>\n        <\/div>\n    <\/div>\n<\/section>\n<section class=\"section focus-section red visible\">\n    <div class=\"bg section-bg fill bg-fill bg-loaded\">\n    <\/div>\n    <div class=\"section-content relative\">\n        <div class=\"gap-element clearfix\" style=\"display:block; height:auto; padding-top: 80px;\"><\/div>\n        <div class=\"row align-center\">\n            <div class=\"col medium-10 small-12 large-10\">\n                <div class=\"col-inner\">\n                    <div class=\"text\" style=\"text-align: center;\">\n                        <h2> Fris Real people<\/h2>\n                    <\/div>\n                <\/div>\n            <\/div>\n        <\/div>\n        <div class=\"gap-element clearfix\" style=\"display:block; height:auto; padding-top: 30px;\"><\/div>\n        <div class=\"row align-left focus-items\" id=\"row-920137982\">\n            <content><\/content>\n            \n<div class=\"col medium-6 small-12 large-4  visible {{ shortcode.options.visibility }}\">\n    <div class=\"col-inner\">\n        <div class=\"text\">\n            \n            <h3> Hauptquartier<\/h3>\n            \n<p>Atlas ArenA, Gebouw Amerika, 7e etage<br \/>\nHoogoorddreef 15<br \/>\n1101 BA Amsterdam<\/p>\n<p>+31(0)20 &#8211; 301 77 00<br \/>\ninfo@fris.nl<br \/>\n\n            <a href=\"https:\/\/www.google.com\/maps\/place\/Hoogoorddreef+15,+1101+BA+Amsterdam\/@52.3081244,4.9426246,16z\/data=!3m1!4b1!4m6!3m5!1s0x47c60b9a28818f3f:0x1480e9287796a99a!8m2!3d52.3081244!4d4.9451995!16s%2Fg%2F11c5dft_bw?entry=ttu\" target=\"_blank\" class=\"button primary\" rel=\"noopener\" >\n\t\t<span>Route<\/span>\n\t<\/a>\n\n        <\/div>\n\n    <\/div>\n<\/div>\n<div class=\"col medium-6 small-12 large-4  visible {{ shortcode.options.visibility }}\">\n    <div class=\"col-inner\">\n        <div class=\"text\">\n            \n            <h3> Wohnimmobilien<\/h3>\n            \n<p>Atlas ArenA, Gebouw Amerika, 7e etage<br \/>\nHoogoorddreef 15<br \/>\n1101 BA Amsterdam<\/p>\n<p>+31(0)20 &#8211; 301 77 30<br \/>\nvastgoedmanagement@fris.nl<br \/>\n\n            <a href=\"https:\/\/www.google.com\/maps\/place\/Hoogoorddreef+15,+1101+BA+Amsterdam\/@52.3081244,4.9426246,16z\/data=!3m1!4b1!4m6!3m5!1s0x47c60b9a28818f3f:0x1480e9287796a99a!8m2!3d52.3081244!4d4.9451995!16s%2Fg%2F11c5dft_bw?entry=ttu\" target=\"_blank\" class=\"button primary\" rel=\"noopener\" >\n\t\t<span>Route<\/span>\n\t<\/a>\n\n        <\/div>\n\n    <\/div>\n<\/div>\n<div class=\"col medium-6 small-12 large-4  visible {{ shortcode.options.visibility }}\">\n    <div class=\"col-inner\">\n        <div class=\"text\">\n            \n            <h3> Gewerblichen Immobilien<\/h3>\n            \n<p>Atlas ArenA, Gebouw Amerika, 7e etage<br \/>\nHoogoorddreef 15<br \/>\n1101 BA Amsterdam<\/p>\n<p>+31(0)20 &#8211; 301 77 20<br \/>\nbedrijfsmakelaars@fris.nl<br \/>\n\n            <a href=\"https:\/\/www.google.com\/maps\/place\/Hoogoorddreef+15,+1101+BA+Amsterdam\/@52.3081244,4.9426246,16z\/data=!3m1!4b1!4m6!3m5!1s0x47c60b9a28818f3f:0x1480e9287796a99a!8m2!3d52.3081244!4d4.9451995!16s%2Fg%2F11c5dft_bw?entry=ttu\" target=\"_blank\" class=\"button primary\" rel=\"noopener\" >\n\t\t<span>Route<\/span>\n\t<\/a>\n\n        <\/div>\n\n    <\/div>\n<\/div>\n\n        <\/div>\n        <div class=\"gap-element clearfix\" style=\"display:block; height:auto; padding-top: 50px;\"><\/div>\n    <\/div>\n<\/section>\n<div class=\"gap-element clearfix hide-for-medium\" style=\"display:block; height:auto; padding-top: 50px;\"><\/div>\n<section class=\"section focus-section red visible light-2\">\n    <div class=\"bg section-bg fill bg-fill bg-loaded\">\n    <\/div>\n    <div class=\"section-content relative\">\n        <div class=\"gap-element clearfix\" style=\"display:block; height:auto; padding-top: 80px;\"><\/div>\n        <div class=\"row align-center\">\n            <div class=\"col medium-10 small-12 large-10\">\n                <div class=\"col-inner\">\n                    <div class=\"text\" style=\"text-align: center;\">\n                        <h2> in unserer Zentrale<\/h2>\n                    <\/div>\n                <\/div>\n            <\/div>\n        <\/div>\n        <div class=\"gap-element clearfix\" style=\"display:block; height:auto; padding-top: 30px;\"><\/div>\n        <div class=\"row align-left focus-items\" id=\"row-920137982\">\n            <content><\/content>\n            \n<div class=\"col medium-6 small-12 large-4  visible {{ shortcode.options.visibility }}\">\n    <div class=\"col-inner\">\n        <div class=\"text\">\n            \n            <h3> Wohnungsmanagement<\/h3>\n            \n<p>+31(0)20 &#8211; 301 77 30<br \/>\n+31(0)20 &#8211; 301 77 35 (nood)<br \/>\n<a href=\"mailto:vastgoedmanagement@fris.nl\">vastgoedmanagement@fris.nl<\/a><br \/>\n\n            \n        <\/div>\n\n    <\/div>\n<\/div>\n<div class=\"col medium-6 small-12 large-4  visible {{ shortcode.options.visibility }}\">\n    <div class=\"col-inner\">\n        <div class=\"text\">\n            \n            <h3> Gesch\u00e4ftsimmobilienvermittlung<\/h3>\n            \n<p>+31(0)20 &#8211; 301 77 20<br \/>\n<a href=\"mailto:bedrijfsmakelaars@fris.nl\">bedrijfsmakelaars@fris.nl<\/a><br \/>\n\n            \n        <\/div>\n\n    <\/div>\n<\/div>\n<div class=\"col medium-6 small-12 large-4  visible {{ shortcode.options.visibility }}\">\n    <div class=\"col-inner\">\n        <div class=\"text\">\n            \n            <h3> Gewerbemanagement<\/h3>\n            \n<p>+31(0)20 &#8211; 691 30 43<br \/>\n<a href=\"mailto:investmentcare@fris.nl\">investmentcare@fris.nl<\/a><br \/>\n\n            \n        <\/div>\n\n    <\/div>\n<\/div>\n<div class=\"col medium-6 small-12 large-4  visible {{ shortcode.options.visibility }}\">\n    <div class=\"col-inner\">\n        <div class=\"text\">\n            \n            <h3> Bewertungen<\/h3>\n            \n<p>+31(0)20 &#8211; 301 77 40<br \/>\n<a href=\"mailto:taxaties@fris.nl\">taxaties@fris.nl<\/a><br \/>\n\n            \n        <\/div>\n\n    <\/div>\n<\/div>\n<div class=\"col medium-6 small-12 large-4  visible {{ shortcode.options.visibility }}\">\n    <div class=\"col-inner\">\n        <div class=\"text\">\n            \n            <h3> Research<\/h3>\n            \n<p>+31(0)20 &#8211; 301 77 40<br \/>\n<a href=\"mailto:advies@fris.nl\">advies@fris.nl<\/a><br \/>\n\n            \n        <\/div>\n\n    <\/div>\n<\/div>\n<div class=\"col medium-6 small-12 large-4  visible {{ shortcode.options.visibility }}\">\n    <div class=\"col-inner\">\n        <div class=\"text\">\n            \n            <h3> Versicherungen<\/h3>\n            \n<p>+31(0)20 &#8211; 301 77 44<br \/>\n<a href=\"mailto:verzekeringen@fris.nl\">verzekeringen@fris.nl<\/a><br \/>\n\n            \n        <\/div>\n\n    <\/div>\n<\/div>\n\n        <\/div>\n        <div class=\"gap-element clearfix\" style=\"display:block; height:auto; padding-top: 50px;\"><\/div>\n    <\/div>\n<\/section>\n<div class=\"gap-element clearfix hide-for-medium\" style=\"display:block; height:auto; padding-top: 50px;\"><\/div>\n<section class=\"section single-text  blue visible\">\n    <div class=\"bg section-bg fill bg-fill bg-loaded\">\n    <\/div>\n    <div class=\"section-content relative\">\n        <div class=\"gap-element clearfix hide-for-medium\" style=\"display:block; height:auto; padding-top: 50px;\"><\/div>\n        <div class=\"row row-large align-center align-middle\">\n            <div class=\"col text-col medium-12 small-12 large-9 text-center\">\n                <div class=\"col-inner\">\n                    <h2 title=\"Kontaktformular\" class=\"text-center\">Kontaktformular<\/h2>\n<h3>F\u00fcllen Sie das Kontaktformular aus und wir werden uns so schnell wie m\u00f6glich mit Ihnen in Verbindung setzen!<\/h3>\n<p>\u00a0<\/p>\n<a href=\"\/contact-formulier\/\" class=\"button primary\" >\n\t\t<span>Kontaktformular<\/span>\n\t<\/a>\n\n                <\/div>\n            <\/div>     \n        <\/div>\n        <div class=\"gap-element clearfix hide-for-medium removepaddingbottom\" style=\"display:block; height:auto; padding-top: 30px;\"><\/div>\n    <\/div>\n<\/section>\n<div class=\"gap-element clearfix hide-for-medium removepaddingbottom\" style=\"display:block; height:auto; padding-top: 50px;\"><\/div>\n<section class=\"section single-text  blue visible dark-1\">\n    <div class=\"bg section-bg fill bg-fill bg-loaded\">\n    <\/div>\n    <div class=\"section-content relative\">\n        <div class=\"gap-element clearfix hide-for-medium\" style=\"display:block; height:auto; padding-top: 50px;\"><\/div>\n        <div class=\"row row-large align-center align-middle\">\n            <div class=\"col text-col medium-12 small-12 large-9 text-center\">\n                <div class=\"col-inner\">\n                    <h2 title=\"Sie k\u00f6nnen nicht die richtige Person finden?\" class=\"text-center\">Sie k\u00f6nnen nicht die richtige Person finden?<\/h2>\n<h4>Dann konsultieren Sie unseren People Finder.<\/h4>\n<p>\u00a0<\/p>\n<a href=\"\/de\/uber-fris\/unsere-leute\/\" class=\"button primary\" >\n\t\t<span>people finder<\/span>\n\t<\/a>\n\n                <\/div>\n            <\/div>     \n        <\/div>\n        <div class=\"gap-element clearfix hide-for-medium removepaddingbottom\" style=\"display:block; height:auto; padding-top: 30px;\"><\/div>\n    <\/div>\n<\/section>\n<div class=\"gap-element clearfix hide-for-medium removepaddingbottom\" style=\"display:block; height:auto; padding-top: 50px;\"><\/div>\n<section class=\"section single-text  blue visible\">\n    <div class=\"bg section-bg fill bg-fill bg-loaded\">\n    <\/div>\n    <div class=\"section-content relative\">\n        <div class=\"gap-element clearfix hide-for-medium\" style=\"display:block; height:auto; padding-top: 50px;\"><\/div>\n        <div class=\"row row-large align-center align-middle\">\n            <div class=\"col text-col medium-12 small-12 large-9 text-center\">\n                <div class=\"col-inner\">\n                    <h2 title=\"haeufig gestellte fragen\" class=\"text-center\">haeufig gestellte fragen<\/h2>\n<p>Wo kann ich eine Reparatur bei mir zu Hause melden? Wie kann ich die Miete meines Hauses k\u00fcndigen? Was bedeutet Maklert\u00e4tigkeit? F\u00fcr alle Ihre Fragen zum Mieten, Kaufen oder Verkaufen einer Immobilie k\u00f6nnen Sie sich unsere h\u00e4ufig gestellten Fragen ansehen. Ist Ihre Frage immer noch nicht beantwortet? Sie k\u00f6nnen uns gerne kontaktieren.<\/p>\n<a href=\"\/de\/haeufig-gestellte-fragen\/\" class=\"button primary\" >\n\t\t<span>Weiterlesen<\/span>\n\t<\/a>\n\n                <\/div>\n            <\/div>     \n        <\/div>\n        <div class=\"gap-element clearfix hide-for-medium removepaddingbottom\" style=\"display:block; height:auto; padding-top: 30px;\"><\/div>\n    <\/div>\n<\/section>\n<div class=\"gap-element clearfix hide-for-medium removepaddingbottom\" style=\"display:block; height:auto; padding-top: 50px;\"><\/div>\n","protected":false},"excerpt":{"rendered":"","protected":false},"author":1,"featured_media":0,"parent":0,"menu_order":11,"comment_status":"closed","ping_status":"closed","template":"","meta":{"_acf_changed":false,"footnotes":""},"class_list":["post-12514","page","type-page","status-publish","hentry"],"acf":[],"_links":{"self":[{"href":"https:\/\/fris.nl\/de\/wp-json\/wp\/v2\/pages\/12514","targetHints":{"allow":["GET"]}}],"collection":[{"href":"https:\/\/fris.nl\/de\/wp-json\/wp\/v2\/pages"}],"about":[{"href":"https:\/\/fris.nl\/de\/wp-json\/wp\/v2\/types\/page"}],"author":[{"embeddable":true,"href":"https:\/\/fris.nl\/de\/wp-json\/wp\/v2\/users\/1"}],"replies":[{"embeddable":true,"href":"https:\/\/fris.nl\/de\/wp-json\/wp\/v2\/comments?post=12514"}],"version-history":[{"count":10,"href":"https:\/\/fris.nl\/de\/wp-json\/wp\/v2\/pages\/12514\/revisions"}],"predecessor-version":[{"id":13761,"href":"https:\/\/fris.nl\/de\/wp-json\/wp\/v2\/pages\/12514\/revisions\/13761"}],"wp:attachment":[{"href":"https:\/\/fris.nl\/de\/wp-json\/wp\/v2\/media?parent=12514"}],"curies":[{"name":"wp","href":"https:\/\/api.w.org\/{rel}","templated":true}]}}