{"id":12443,"date":"2023-04-20T10:47:50","date_gmt":"2023-04-20T08:47:50","guid":{"rendered":"https:\/\/fris.nl\/?page_id=12443"},"modified":"2024-03-01T15:45:50","modified_gmt":"2024-03-01T14:45:50","slug":"fris-merchandise","status":"publish","type":"page","link":"https:\/\/fris.nl\/de\/fris-merchandise\/","title":{"rendered":"FRIS Merchandise"},"content":{"rendered":"<section class=\"section cta-1 blue dark visible nolines\">\n    <div class=\"bg section-bg fill bg-fill bg-loaded\" style=\"background-image: url('https:\/\/fris.nl\/wp-content\/uploads\/2023\/08\/merchandise-lijn-voor-stichting-fris-voor-kinderen-1.png'); background-position: 0% 82% !important;\"><\/div>\n    <div class=\"section-content relative\">\n        <div class=\"row\" id=\"row-1299773279\">\n            <div class=\"col medium-12 small-12 large-12 image-col\" style=\"background-image: url('https:\/\/fris.nl\/wp-content\/uploads\/2023\/08\/merchandise-lijn-voor-stichting-fris-voor-kinderen-1.png');\"><\/div>\n            <div class=\"col medium-12 small-12 large-4 content-col\">\n                <div class=\"col-inner\">\n                    <div id=\"gap-866866620\" class=\"gap-element clearfix\" style=\"display:block; height:auto; padding-top: 40px;\"><\/div>\n                    <h2>FRIS <span style=\"text-decoration: underline;\">Merchandise<\/span><\/h2>\n                    <content><\/content>\n                    \n<p>Im Laufe der Jahre konnten wir viele sch\u00f6ne und lohnende Projekte realisieren, aber es ist Zeit f\u00fcr ein neues Kapitel: Den Menschen, die uns immer unterst\u00fctzen, etwas zur\u00fcckzugeben!<\/p>\n\n                    \n                <\/div>\n            <\/div>\n        <\/div>\n    <\/div>\n<\/section>\n\t<div id=\"gap-1907801949\" class=\"gap-element clearfix\" style=\"display:block; height:auto;\">\n\t\t\n<style>\n#gap-1907801949 {\n  padding-top: 60px;\n}\n<\/style>\n\t<\/div>\n\t\n\n\t<section class=\"section\" id=\"section_1792996895\">\n\t\t<div class=\"section-bg fill\" >\n\t\t\t\t\t\t\t\t\t\n\t\t\t\n\n\t\t<\/div>\n\n\t\t\n\n\t\t<div class=\"section-content relative\">\n\t\t\t\n<div class=\"row\"  id=\"row-264533810\">\n\n\t<div id=\"col-1087310687\" class=\"col small-12 large-12\"  >\n\t\t\t\t<div class=\"col-inner\"  >\n\t\t\t\n\t\t\t\n<h3 style=\"text-align: center;\"><span style=\"color: #b8432e;\"><strong><span style=\"font-size: 120%;\">Mit dem Kauf eines unserer Artikel unterst\u00fctzen Sie unsere Stiftung zu 100 % und stehlen selbst die Show.<\/span><\/strong><\/span><\/h3>\n<p style=\"text-align: center;\">Jeder Artikel tr\u00e4gt ein Etikett oder Logo der Stiftung \u201eFRIS Voor Kinderen\u201c, und die Produkte werden biologisch und nachhaltig produziert.<\/p>\n\t\t<\/div>\n\t\t\t\t\t<\/div>\n\n\t\n<\/div>\n<div class=\"row\"  id=\"row-1470011460\">\n\n\t<div id=\"col-675884359\" class=\"col medium-3 small-6 large-3\"  >\n\t\t\t\t<div class=\"col-inner\"  >\n\t\t\t\n\t\t\t\n\t<div class=\"img has-hover x md-x lg-x y md-y lg-y\" id=\"image_2001763535\">\n\t\t\t\t\t\t\t\t<div class=\"img-inner dark\" >\n\t\t\t<img loading=\"lazy\" decoding=\"async\" width=\"854\" height=\"854\" src=\"https:\/\/fris.nl\/wp-content\/uploads\/2023\/08\/DSC02344-4_4.png\" class=\"attachment-large size-large\" alt=\"\" srcset=\"https:\/\/fris.nl\/wp-content\/uploads\/2023\/08\/DSC02344-4_4.png 854w, https:\/\/fris.nl\/wp-content\/uploads\/2023\/08\/DSC02344-4_4-300x300.png 300w, https:\/\/fris.nl\/wp-content\/uploads\/2023\/08\/DSC02344-4_4-150x150.png 150w, https:\/\/fris.nl\/wp-content\/uploads\/2023\/08\/DSC02344-4_4-768x768.png 768w\" sizes=\"auto, (max-width: 854px) 100vw, 854px\" \/>\t\t\t\t\t\t\n\t\t\t\t\t<\/div>\n\t\t\t\t\t\t\t\t\n<style>\n#image_2001763535 {\n  width: 100%;\n}\n<\/style>\n\t<\/div>\n\t\n\t\t<\/div>\n\t\t\t\t\t<\/div>\n\n\t\n\n\t<div id=\"col-133245017\" class=\"col medium-3 small-6 large-3\"  >\n\t\t\t\t<div class=\"col-inner\"  >\n\t\t\t\n\t\t\t\n\t<div class=\"img has-hover x md-x lg-x y md-y lg-y\" id=\"image_393919695\">\n\t\t\t\t\t\t\t\t<div class=\"img-inner dark\" >\n\t\t\t<img loading=\"lazy\" decoding=\"async\" width=\"854\" height=\"852\" src=\"https:\/\/fris.nl\/wp-content\/uploads\/2023\/08\/DSC03260-4_4-1.png\" class=\"attachment-large size-large\" alt=\"\" srcset=\"https:\/\/fris.nl\/wp-content\/uploads\/2023\/08\/DSC03260-4_4-1.png 854w, https:\/\/fris.nl\/wp-content\/uploads\/2023\/08\/DSC03260-4_4-1-300x300.png 300w, https:\/\/fris.nl\/wp-content\/uploads\/2023\/08\/DSC03260-4_4-1-150x150.png 150w, https:\/\/fris.nl\/wp-content\/uploads\/2023\/08\/DSC03260-4_4-1-768x766.png 768w\" sizes=\"auto, (max-width: 854px) 100vw, 854px\" \/>\t\t\t\t\t\t\n\t\t\t\t\t<\/div>\n\t\t\t\t\t\t\t\t\n<style>\n#image_393919695 {\n  width: 100%;\n}\n<\/style>\n\t<\/div>\n\t\n\t\t<\/div>\n\t\t\t\t\t<\/div>\n\n\t\n\n\t<div id=\"col-1684508764\" class=\"col medium-3 small-6 large-3\"  >\n\t\t\t\t<div class=\"col-inner\"  >\n\t\t\t\n\t\t\t\n\t<div class=\"img has-hover x md-x lg-x y md-y lg-y\" id=\"image_1977716083\">\n\t\t\t\t\t\t\t\t<div class=\"img-inner dark\" >\n\t\t\t<img loading=\"lazy\" decoding=\"async\" width=\"854\" height=\"855\" src=\"https:\/\/fris.nl\/wp-content\/uploads\/2023\/08\/DSC02912-2-4_4.png\" class=\"attachment-large size-large\" alt=\"\" srcset=\"https:\/\/fris.nl\/wp-content\/uploads\/2023\/08\/DSC02912-2-4_4.png 854w, https:\/\/fris.nl\/wp-content\/uploads\/2023\/08\/DSC02912-2-4_4-300x300.png 300w, https:\/\/fris.nl\/wp-content\/uploads\/2023\/08\/DSC02912-2-4_4-150x150.png 150w, https:\/\/fris.nl\/wp-content\/uploads\/2023\/08\/DSC02912-2-4_4-768x769.png 768w\" sizes=\"auto, (max-width: 854px) 100vw, 854px\" \/>\t\t\t\t\t\t\n\t\t\t\t\t<\/div>\n\t\t\t\t\t\t\t\t\n<style>\n#image_1977716083 {\n  width: 100%;\n}\n<\/style>\n\t<\/div>\n\t\n\t\t<\/div>\n\t\t\t\t\t<\/div>\n\n\t\n\n\t<div id=\"col-1253811359\" class=\"col medium-3 small-6 large-3\"  >\n\t\t\t\t<div class=\"col-inner\"  >\n\t\t\t\n\t\t\t\n\t<div class=\"img has-hover x md-x lg-x y md-y lg-y\" id=\"image_1628990856\">\n\t\t\t\t\t\t\t\t<div class=\"img-inner dark\" >\n\t\t\t<img loading=\"lazy\" decoding=\"async\" width=\"854\" height=\"854\" src=\"https:\/\/fris.nl\/wp-content\/uploads\/2023\/08\/DSC03228-4_4-1.png\" class=\"attachment-large size-large\" alt=\"\" srcset=\"https:\/\/fris.nl\/wp-content\/uploads\/2023\/08\/DSC03228-4_4-1.png 854w, https:\/\/fris.nl\/wp-content\/uploads\/2023\/08\/DSC03228-4_4-1-300x300.png 300w, https:\/\/fris.nl\/wp-content\/uploads\/2023\/08\/DSC03228-4_4-1-150x150.png 150w, https:\/\/fris.nl\/wp-content\/uploads\/2023\/08\/DSC03228-4_4-1-768x768.png 768w\" sizes=\"auto, (max-width: 854px) 100vw, 854px\" \/>\t\t\t\t\t\t\n\t\t\t\t\t<\/div>\n\t\t\t\t\t\t\t\t\n<style>\n#image_1628990856 {\n  width: 100%;\n}\n<\/style>\n\t<\/div>\n\t\n\t\t<\/div>\n\t\t\t\t\t<\/div>\n\n\t\n<\/div>\n<div class=\"row\"  id=\"row-1877896713\">\n\n\t<div id=\"col-424718745\" class=\"col medium-3 small-6 large-3\"  >\n\t\t\t\t<div class=\"col-inner\"  >\n\t\t\t\n\t\t\t\n<h3><span style=\"color: #b8432e; font-size: 120%;\"><strong>Socken<\/strong><\/span><\/h3>\n<p>Schwarz oder wei\u00df<br \/>Druck mit Fris-Logo<br \/>und &#8218;You made my day&#8216;<br \/>Nachhaltige Baumwolle<br \/>Gr\u00f6\u00dfe 38-42\/43-46<\/p>\n<p><strong>\u20ac 14,95<\/strong><\/p>\n<a href=\"\/contact-formulier-merchandise\/\" target=\"_blank\" class=\"button primary\" rel=\"noopener\" >\n\t\t<span>Bestel<\/span>\n\t<\/a>\n\n\t\t<\/div>\n\t\t\t\t\t<\/div>\n\n\t\n\n\t<div id=\"col-1668366266\" class=\"col medium-3 small-6 large-3\"  >\n\t\t\t\t<div class=\"col-inner\"  >\n\t\t\t\n\t\t\t\n<h3><span style=\"color: #b8432e; font-size: 120%;\"><strong>Leinentasche<\/strong><\/span><\/h3>\n<p>Farbe schwarz<br \/>Drucken mit Fris-Logo oder<br \/>Pandjes Prins oder Vastgoed Grietje<br \/>Nachhaltige Baumwolle<br \/>Abmessungen L 49 x H 37 x T 14<\/p>\n<p><strong>\u20ac 19,95<\/strong><\/p>\n<a href=\"\/contact-formulier-merchandise\/\" target=\"_blank\" class=\"button primary\" rel=\"noopener\" >\n\t\t<span>Bestel<\/span>\n\t<\/a>\n\n\t\t<\/div>\n\t\t\t\t\t<\/div>\n\n\t\n\n\t<div id=\"col-322261812\" class=\"col medium-3 small-6 large-3\"  >\n\t\t\t\t<div class=\"col-inner\"  >\n\t\t\t\n\t\t\t\n<h3><span style=\"color: #b8432e; font-size: 120%;\"><strong>Wasserflasche<\/strong><\/span><\/h3>\n<p>Farbe schwarz<br \/>Fris voor kinderen logo<br \/>Edelstahl<br \/>750 ml<\/p>\n<p><strong>\u20ac 24,95<\/strong><\/p>\n<a href=\"\/contact-formulier-merchandise\/\" target=\"_blank\" class=\"button primary\" rel=\"noopener\" >\n\t\t<span>Bestel<\/span>\n\t<\/a>\n\n\t\t<\/div>\n\t\t\t\t\t<\/div>\n\n\t\n\n\t<div id=\"col-827935132\" class=\"col medium-3 small-6 large-3\"  >\n\t\t\t\t<div class=\"col-inner\"  >\n\t\t\t\n\t\t\t\n<h3><span style=\"color: #b8432e; font-size: 120%;\"><strong>Kapuzenpullover<\/strong><\/span><\/h3>\n<p>Farbe schwarz<br \/>Drucken mit Fresh-Logo und<br \/>Pandjes Prins oder Vastgoed Grietje<br \/>Nachhaltige Baumwolle<br \/>Herrengr\u00f6\u00dfe S-M-L-XL<br \/>Damengr\u00f6\u00dfe L-XL<\/p>\n<p><strong>\u20ac 49,95<\/strong><\/p>\n<a href=\"\/contact-formulier-merchandise\/\" target=\"_blank\" class=\"button primary\" rel=\"noopener\" >\n\t\t<span>Bestel<\/span>\n\t<\/a>\n\n\t\t<\/div>\n\t\t\t\t\t<\/div>\n\n\t\n<\/div>\n\t\t<\/div>\n\n\t\t\n<style>\n#section_1792996895 {\n  padding-top: 30px;\n  padding-bottom: 30px;\n}\n<\/style>\n\t<\/section>\n\t\n\n\t<section class=\"section\" id=\"section_421442976\">\n\t\t<div class=\"section-bg fill\" >\n\t\t\t\t\t\t\t\t\t\n\t\t\t\n\n\t\t<\/div>\n\n\t\t\n\n\t\t<div class=\"section-content relative\">\n\t\t\t\n<div class=\"row\"  id=\"row-1789320140\">\n\n\t<div id=\"col-912091885\" class=\"col medium-8 small-12 large-8\"  >\n\t\t\t\t<div class=\"col-inner text-left\"  >\n\t\t\t\n\t\t\t\n<p>Im Laufe der Jahre konnten wir viele sch\u00f6ne und lohnende Projekte realisieren, aber es ist Zeit f\u00fcr ein neues Kapitel: Den Menschen, die uns immer unterst\u00fctzen, etwas zur\u00fcckzugeben!<\/p>\n<p>Im Laufe der Jahre konnten wir viele sch\u00f6ne und lohnende Projekte realisieren, aber es ist Zeit f\u00fcr ein neues Kapitel: Den Menschen, die uns immer unterst\u00fctzen, etwas zur\u00fcckzugeben!<\/p>\n<p>Im vergangenen Jahr haben wir uns nicht nur mit Trends und Entwicklungen innerhalb der Immobilienbranche, sondern auch mit der Gesellschaft und der Zielgruppe der Stiftung auseinandergesetzt. Deshalb haben wir eine aufmerksamkeitsstarke Merchandise-Linie entwickelt, um diese beiden Welten n\u00e4her zusammenzubringen.<\/p>\n<p>Wir w\u00e4ren nicht FRIS, wenn wir die Merchandise-Linie nicht ein wenig anders gestalten w\u00fcrden. Aus diesem Grund haben wir aufsehenerregende Zitate mit Anspielungen auf die Immobilienwelt ausgew\u00e4hlt.<\/p>\n<p>Die Merchandise-Linie umfasst einen Hoodie, eine gro\u00dfe Canvas-Tasche, Socken und eine Edelstahl-Wasserflasche. F\u00fcr uns sind alle Artikel wichtige Dinge, die man zum Entspannen nach einem langen Arbeitstag braucht. Neben der Tatsache, dass jeder Artikel ein Etikett oder Logo der Stiftung \u201eFRIS Voor Kinderen\u201c tr\u00e4gt, werden die Produkte biologisch und nachhaltig produziert.<\/p>\n<p>Mit dem Kauf eines unserer Artikel unterst\u00fctzen Sie unsere Stiftung zu 100 % und stehlen selbst die Show.<\/p>\n<p>Liebe Gr\u00fc\u00dfe,<\/p>\n<p>Femke Soederhuizen \u2013 Koordinatorin der Stiftung \u201eFRIS Voor Kinderen\u201c<\/p>\n<p>\u00a0<\/p>\n\t\t<\/div>\n\t\t\t\t\t<\/div>\n\n\t\n\n\t<div id=\"col-228645057\" class=\"col medium-4 small-12 large-4\"  >\n\t\t\t\t<div class=\"col-inner\"  >\n\t\t\t\n\t\t\t\n\t<div class=\"img has-hover x md-x lg-x y md-y lg-y\" id=\"image_393146713\">\n\t\t\t\t\t\t\t\t<div class=\"img-inner dark\" >\n\t\t\t<img loading=\"lazy\" decoding=\"async\" width=\"715\" height=\"1024\" src=\"https:\/\/fris.nl\/wp-content\/uploads\/2023\/08\/Fris-voor-kinderen-715x1024.png\" class=\"attachment-large size-large\" alt=\"\" srcset=\"https:\/\/fris.nl\/wp-content\/uploads\/2023\/08\/Fris-voor-kinderen-715x1024.png 715w, https:\/\/fris.nl\/wp-content\/uploads\/2023\/08\/Fris-voor-kinderen-209x300.png 209w, https:\/\/fris.nl\/wp-content\/uploads\/2023\/08\/Fris-voor-kinderen-768x1101.png 768w, https:\/\/fris.nl\/wp-content\/uploads\/2023\/08\/Fris-voor-kinderen.png 942w\" sizes=\"auto, (max-width: 715px) 100vw, 715px\" \/>\t\t\t\t\t\t\n\t\t\t\t\t<\/div>\n\t\t\t\t\t\t\t\t\n<style>\n#image_393146713 {\n  width: 68%;\n}\n<\/style>\n\t<\/div>\n\t\n\t\t<\/div>\n\t\t\t\t\t<\/div>\n\n\t\n<\/div>\n\t\t<\/div>\n\n\t\t\n<style>\n#section_421442976 {\n  padding-top: 30px;\n  padding-bottom: 30px;\n}\n<\/style>\n\t<\/section>\n\t\n<section class=\"section cta-1 blue dark visible nolines\">\n    <div class=\"bg section-bg fill bg-fill bg-loaded\" style=\"background-image: url('https:\/\/fris.nl\/wp-content\/uploads\/2023\/07\/J9A8452-Femke.jpeg'); background-position: 0% 30% !important;\"><\/div>\n    <div class=\"section-content relative\">\n        <div class=\"row\" id=\"row-1299773279\">\n            <div class=\"col medium-12 small-12 large-12 image-col\" style=\"background-image: url('https:\/\/fris.nl\/wp-content\/uploads\/2023\/07\/J9A8452-Femke.jpeg');\"><\/div>\n            <div class=\"col medium-12 small-12 large-4 content-col\">\n                <div class=\"col-inner\">\n                    <div id=\"gap-866866620\" class=\"gap-element clearfix\" style=\"display:block; height:auto; padding-top: 40px;\"><\/div>\n                    <h2>Femke <span style=\"text-decoration: underline;\">Soederhuizen<\/span><\/h2>\n                    <content><\/content>\n                    \n<p><strong>Sie m\u00f6chten einen unserer Artikel kaufen?<\/strong><\/p>\n<p>F\u00fcllen Sie das Kontaktformular mit den gew\u00fcnschten Artikeln aus, geben Sie in der Betreffzeile Gr\u00f6\u00dfe und Menge an, und wir werden uns so schnell wie m\u00f6glich mit Ihnen in Verbindung setzen.<\/p>\n<p>\u00a0<\/p>\n\n                    <a href=\"\/contact-formulier-merchandise\/\" target=\"_blank\" class=\"button primary\" rel=\"noopener\" >\n\t\t<span>KontaKtformular<\/span>\n\t<\/a>\n\n                <\/div>\n            <\/div>\n        <\/div>\n    <\/div>\n<\/section>\n","protected":false},"excerpt":{"rendered":"","protected":false},"author":1,"featured_media":0,"parent":0,"menu_order":11,"comment_status":"closed","ping_status":"closed","template":"","meta":{"_acf_changed":false,"footnotes":""},"class_list":["post-12443","page","type-page","status-publish","hentry"],"acf":[],"_links":{"self":[{"href":"https:\/\/fris.nl\/de\/wp-json\/wp\/v2\/pages\/12443","targetHints":{"allow":["GET"]}}],"collection":[{"href":"https:\/\/fris.nl\/de\/wp-json\/wp\/v2\/pages"}],"about":[{"href":"https:\/\/fris.nl\/de\/wp-json\/wp\/v2\/types\/page"}],"author":[{"embeddable":true,"href":"https:\/\/fris.nl\/de\/wp-json\/wp\/v2\/users\/1"}],"replies":[{"embeddable":true,"href":"https:\/\/fris.nl\/de\/wp-json\/wp\/v2\/comments?post=12443"}],"version-history":[{"count":6,"href":"https:\/\/fris.nl\/de\/wp-json\/wp\/v2\/pages\/12443\/revisions"}],"predecessor-version":[{"id":12449,"href":"https:\/\/fris.nl\/de\/wp-json\/wp\/v2\/pages\/12443\/revisions\/12449"}],"wp:attachment":[{"href":"https:\/\/fris.nl\/de\/wp-json\/wp\/v2\/media?parent=12443"}],"curies":[{"name":"wp","href":"https:\/\/api.w.org\/{rel}","templated":true}]}}