{"id":12434,"date":"2023-04-20T10:42:42","date_gmt":"2023-04-20T08:42:42","guid":{"rendered":"https:\/\/fris.nl\/?page_id=12434"},"modified":"2024-03-01T16:19:06","modified_gmt":"2024-03-01T15:19:06","slug":"uber-fris","status":"publish","type":"page","link":"https:\/\/fris.nl\/de\/uber-fris\/","title":{"rendered":"\u00dcber FRIS"},"content":{"rendered":"<section class=\"section half-hero blue dark visible\">\n    <div class=\"bg section-bg fill bg-fill bg-loaded\" style=\"background-image: url('https:\/\/fris.nl\/wp-content\/uploads\/2023\/07\/familie-fris-1.png'); background-position: 0% 18% !important;\"><\/div>\n    <div class=\"section-content relative\">\n        <div class=\"row\" id=\"row-1299773279\">\n            <div class=\"col medium-12 small-12 large-12 image-col\" style=\"background-image: url('https:\/\/fris.nl\/wp-content\/uploads\/2023\/07\/familie-fris-1.png');\"><\/div>\n            \n\t<div id=\"col-751906268\" class=\"col contentarea medium-12 small-12 large-4\"  data-animate=\"fadeInUp\">\n\t\t\t\t<div class=\"col-inner\"  >\n\t\t\t\n\t\t\t\n                <div class=\"col-inner\">\n                    <div id=\"gap-866866620\" class=\"gap-element clearfix\" style=\"display:block; height:auto; padding-top: 40px;\"><\/div>\n                    <h1>\u00dcber <span style=\"text-decoration: underline;\">Fris<\/span><\/h1>\n                    <content><\/content>\n                    \n<p>Lernen Sie uns kennen, die \u201eReal People\u201c von FRIS. Entdecken Sie unseren professionellen und pers\u00f6nlichen Service, der die Erwartungen \u00fcbertrifft und bei dem jeder Schritt auf die optimale Betreuung des Kunden heute und morgen ausgerichtet ist.<\/p>\n\n                    <ul class=\"jumptoitems\"><\/ul>\n                <\/div>\n            \t\t<\/div>\n\t\t\t\t\t<\/div>\n\n\t\n        <\/div>\n    <\/div>\n<\/section>\n<div class=\"gap-element clearfix hide-for-medium\" style=\"display:block; height:auto; padding-top: 50px;\"><\/div>\n<span class=\"scroll-to\" data-label=\"Scroll to: #Real-People\" data-bullet=\"false\" data-link=\"#Real-People\" data-title=\"Real People\"><a name=\"Real-People\"><\/a><\/span><section class=\"section image-text image-text-right red visible\">\n    <div class=\"bg section-bg fill bg-fill bg-loaded\">\n    <\/div>\n    <div class=\"section-content relative\">        \n        <div class=\"row row-large align-center align-middle\">\n            <div id=\"col-2\" class=\"col medium-12 small-10 large-6 medium-col-first\">\n                <div class=\"col-inner\">\n                    <div class=\"img has-hover x md-x lg-x y md-y lg-y\" style=\"width: 100%;\">\n                        <div class=\"img-inner radius dark\">\n                            <img loading=\"lazy\" decoding=\"async\" width=\"1020\" height=\"680\" src=\"https:\/\/fris.nl\/wp-content\/uploads\/2023\/07\/Team-bedrijfsmatig-Vastgoed-1024x683.png\" class=\"attachment-large size-large\" alt=\"Real People\" title=\"Real People\" srcset=\"https:\/\/fris.nl\/wp-content\/uploads\/2023\/07\/Team-bedrijfsmatig-Vastgoed-1024x683.png 1024w, https:\/\/fris.nl\/wp-content\/uploads\/2023\/07\/Team-bedrijfsmatig-Vastgoed-300x200.png 300w, https:\/\/fris.nl\/wp-content\/uploads\/2023\/07\/Team-bedrijfsmatig-Vastgoed-768x512.png 768w, https:\/\/fris.nl\/wp-content\/uploads\/2023\/07\/Team-bedrijfsmatig-Vastgoed.png 1280w\" sizes=\"auto, (max-width: 1020px) 100vw, 1020px\" \/>\n                        <\/div>\n                    <\/div>\n                <\/div>\n            <\/div> \n            <div class=\"col text-col medium-12 small-12 large-6\">\n                <div class=\"col-inner\">\n                    <h3 title=\"Real People\">Real People<\/h3>\n                    \n<p>Seit 1923 hat sich das Familienunternehmen FRIS zu einem der gr\u00f6\u00dften unabh\u00e4ngigen Immobilienverwalter in den Niederlanden entwickelt. Dank unserer umfassenden Dienstleistungen als Makler, Verwalter, Gutachter, Wertermittler und Versicherungsvermittler ist FRIS auch Zehntausenden von Privatpersonen und Unternehmen im Gro\u00dfraum Amsterdam ein Begriff.<\/p>\n<p>FRIS besteht aus mehr als 90 Mitarbeitern \u2013 Real People \u2013 verteilt auf drei Niederlassungen in Amsterdam und Zaandam. Alle diese Real People wissen, dass pers\u00f6nliche Betreuung, klare Kommunikation und eine kundenorientierte interne Struktur die solide Basis f\u00fcr Arbeitszufriedenheit, Kundenzufriedenheit, aber auch f\u00fcr den Erfolg und die Weiterentwicklung von FRIS bilden.<\/p>\n<p>\u00a0<\/p>\n\n                    \n                <\/div>\n            <\/div>       \n        <\/div>\n        <div class=\"gap-element clearfix hide-for-medium\" style=\"display:block; height:auto; padding-top: 30px;\"><\/div>\n    <\/div>\n<\/section>\n<section class=\"section single-text  blue visible\">\n    <div class=\"bg section-bg fill bg-fill bg-loaded\">\n    <\/div>\n    <div class=\"section-content relative\">\n        <div class=\"gap-element clearfix hide-for-medium\" style=\"display:block; height:auto; padding-top: 50px;\"><\/div>\n        <div class=\"row row-large align-center align-middle\">\n            <div class=\"col text-col medium-12 small-12 large-9 text-center\">\n                <div class=\"col-inner\">\n                    \n<h2 style=\"text-align: center;\">&#8222;WIR GLAUBEN AN PERS\u00d6NLICHE BETREUUNG, INDIVIDUELLE UND UNTERST\u00dcTZENDE PROZESSE&#8220;<\/h2>\n\n                <\/div>\n            <\/div>     \n        <\/div>\n        <div class=\"gap-element clearfix hide-for-medium\" style=\"display:block; height:auto; padding-top: 30px;\"><\/div>\n    <\/div>\n<\/section>\n<div class=\"gap-element clearfix hide-for-medium\" style=\"display:block; height:auto; padding-top: 50px;\"><\/div>\n<span class=\"scroll-to\" data-label=\"Scroll to: #Pers\u00f6nlicher-und-individueller-Service\" data-bullet=\"false\" data-link=\"#Pers\u00f6nlicher-und-individueller-Service\" data-title=\"Pers\u00f6nlicher und individueller Service\"><a name=\"Pers\u00f6nlicher-und-individueller-Service\"><\/a><\/span><section class=\"section image-text image-text-left red visible\">\n    <div class=\"bg section-bg fill bg-fill bg-loaded\">\n    <\/div>\n    <div class=\"section-content relative\">\n        <div class=\"row row-large align-center align-middle\">\n            <div class=\"col text-col medium-12 small-12 large-6\">\n                <div class=\"col-inner\">\n                    <h3 title=\"Pers\u00f6nlicher und individueller Service\">Pers\u00f6nlicher und individueller Service<\/h3>\n                    \n<p>Wir sind f\u00fcr nationale und internationale Parteien ein kompetenter Partner und Ansprechpartner bei der Entlastung unserer Kunden durch Verwaltung, Vermittlung und (Neu-)Entwicklung ihrer Immobilien, einschlie\u00dflich der Erm\u00f6glichung einer m\u00f6glichst optimalen Rendite. Als Full-Service-Immobiliendienstleister sind wir von der Initiierung bis zur Umsetzung und Abwicklung von Immobilienprojekten t\u00e4tig. Dank unserer breiten Organisation und unseren Dienstleistungen betreuen wir den gesamten Immobilienzyklus.<\/p>\n<p>Exzellente Abl\u00e4ufe, respektvoller Kundenservice und Marketinginnovationen sind unsere Erfolgsfaktoren. \u201eWir glauben an pers\u00f6nliche Betreuung, individuelle und unterst\u00fctzende Prozesse\u201c Deshalb bieten wir als Real People ein Gesamtpaket an Dienstleistungen und immer neuen L\u00f6sungen. Wir sorgen mit Fachwissen daf\u00fcr, dass Menschen und Organisationen, die optimal leben, genie\u00dfen oder Leistung erbringen wollen, den richtigen Raum finden und Unterst\u00fctzung erhalten.<\/p>\n<p>\u00a0<\/p>\n\n                    \n                <\/div>\n            <\/div>\n            <div id=\"col-2\" class=\"col medium-12 small-10 large-6 medium-col-first\">\n                <div class=\"col-inner\">\n                    <div class=\"img has-hover x md-x lg-x y md-y lg-y\" style=\"width: 100%;\">\n                        <div class=\"img-inner radius dark\">\n                            <img loading=\"lazy\" decoding=\"async\" width=\"1020\" height=\"680\" src=\"https:\/\/fris.nl\/wp-content\/uploads\/2023\/04\/profiel-Martijn-Grootveld-Groot-1024x683.jpg\" class=\"attachment-large size-large\" alt=\"Pers\u00f6nlicher und individueller Service\" title=\"Pers\u00f6nlicher und individueller Service\" srcset=\"https:\/\/fris.nl\/wp-content\/uploads\/2023\/04\/profiel-Martijn-Grootveld-Groot-1024x683.jpg 1024w, https:\/\/fris.nl\/wp-content\/uploads\/2023\/04\/profiel-Martijn-Grootveld-Groot-300x200.jpg 300w, https:\/\/fris.nl\/wp-content\/uploads\/2023\/04\/profiel-Martijn-Grootveld-Groot-768x512.jpg 768w, https:\/\/fris.nl\/wp-content\/uploads\/2023\/04\/profiel-Martijn-Grootveld-Groot.jpg 1280w\" sizes=\"auto, (max-width: 1020px) 100vw, 1020px\" \/>\n                        <\/div>\n                    <\/div>\n                <\/div>\n            <\/div>        \n        <\/div>\n        <div class=\"gap-element clearfix hide-for-medium\" style=\"display:block; height:auto; padding-top: 30px;\"><\/div>\n    <\/div>\n<\/section>\n<span class=\"scroll-to\" data-label=\"Scroll to: #Unsere-Unternehmensgeschichte\" data-bullet=\"false\" data-link=\"#Unsere-Unternehmensgeschichte\" data-title=\"Unsere Unternehmensgeschichte\"><a name=\"Unsere-Unternehmensgeschichte\"><\/a><\/span><section class=\"section image-text image-text-right red visible\">\n    <div class=\"bg section-bg fill bg-fill bg-loaded\">\n    <\/div>\n    <div class=\"section-content relative\">        \n        <div class=\"row row-large align-center align-middle\">\n            <div id=\"col-2\" class=\"col medium-12 small-10 large-6 medium-col-first\">\n                <div class=\"col-inner\">\n                    <div class=\"img has-hover x md-x lg-x y md-y lg-y\" style=\"width: 100%;\">\n                        <div class=\"img-inner radius dark\">\n                            <img loading=\"lazy\" decoding=\"async\" width=\"350\" height=\"249\" src=\"https:\/\/fris.nl\/wp-content\/uploads\/2023\/07\/fotos-kantoor-zaandam-1.jpg\" class=\"attachment-large size-large\" alt=\"Unsere Unternehmensgeschichte\" title=\"Unsere Unternehmensgeschichte\" srcset=\"https:\/\/fris.nl\/wp-content\/uploads\/2023\/07\/fotos-kantoor-zaandam-1.jpg 350w, https:\/\/fris.nl\/wp-content\/uploads\/2023\/07\/fotos-kantoor-zaandam-1-300x213.jpg 300w\" sizes=\"auto, (max-width: 350px) 100vw, 350px\" \/>\n                        <\/div>\n                    <\/div>\n                <\/div>\n            <\/div> \n            <div class=\"col text-col medium-12 small-12 large-6\">\n                <div class=\"col-inner\">\n                    <h3 title=\"Unsere Unternehmensgeschichte\">Unsere Unternehmensgeschichte<\/h3>\n                    \n<p>Das 1923 in Zaandam gegr\u00fcndete Familienunternehmen FRIS hat sich im Laufe von fast einem Jahrhundert eine angesehenen Namen im Immobilienbereich im Gro\u00dfraum Amsterdam und f\u00fcr die Immobilienverwaltung in den gesamten Niederlanden gemacht. Im Jahr 2017 stand Hans Peter Fris, der Enkel des Gr\u00fcnders, fest an der Spitze der Organisation. Er inspiriert zusammen mit Marc Poelmann das Team von mehr als 90 Real People.<\/p>\n\n                    \n                <\/div>\n            <\/div>       \n        <\/div>\n        <div class=\"gap-element clearfix hide-for-medium\" style=\"display:block; height:auto; padding-top: 30px;\"><\/div>\n    <\/div>\n<\/section>\n<span class=\"scroll-to\" data-label=\"Scroll to: #Die-erste-Generation-das-Fundament\" data-bullet=\"false\" data-link=\"#Die-erste-Generation-das-Fundament\" data-title=\"Die erste Generation: das Fundament\"><a name=\"Die-erste-Generation-das-Fundament\"><\/a><\/span><section class=\"section image-text image-text-left red visible\">\n    <div class=\"bg section-bg fill bg-fill bg-loaded\">\n    <\/div>\n    <div class=\"section-content relative\">\n        <div class=\"row row-large align-center align-middle\">\n            <div class=\"col text-col medium-12 small-12 large-6\">\n                <div class=\"col-inner\">\n                    <h3 title=\"Die erste Generation: das Fundament\">Die erste Generation: das Fundament<\/h3>\n                    \n<p>Gro\u00dfvater Wouter Fris legte 1923 am Provincialeweg in Zaandam den Grundstein f\u00fcr das Unternehmen mit einem Versicherungsb\u00fcro und als Hypothekenmakler. Mit Bodenst\u00e4ndigkeit und gutem Service versteht er es, die Herzen, Loyalit\u00e4t und das Vertrauen immer mehr Kunden zu gewinnen. 1934 beschloss er, in Zaandam eine Immobilienagentur f\u00fcr Wohnimmobilien zu er\u00f6ffnen. Wouter erkannte auch, dass es in Amsterdam selbst immer mehr M\u00f6glichkeiten gab. 1936 er\u00f6ffnete er ein zweites Immobilienb\u00fcro an der Prinsengracht. FRIS ist als echtes Von-Mensch-zu-Mensch-Unternehmen bekannt, mit pers\u00f6nlicher Aufmerksamkeit f\u00fcr echte Ergebnisse und einem guten Gef\u00fchl.<\/p>\n\n                    \n                <\/div>\n            <\/div>\n            <div id=\"col-2\" class=\"col medium-12 small-10 large-6 medium-col-first\">\n                <div class=\"col-inner\">\n                    <div class=\"img has-hover x md-x lg-x y md-y lg-y\" style=\"width: 100%;\">\n                        <div class=\"img-inner radius dark\">\n                            <img loading=\"lazy\" decoding=\"async\" width=\"1100\" height=\"750\" src=\"https:\/\/fris.nl\/wp-content\/uploads\/2023\/07\/Map001_00004A.jpg\" class=\"attachment-original size-original\" alt=\"Die erste Generation: das Fundament\" title=\"Die erste Generation: das Fundament\" srcset=\"https:\/\/fris.nl\/wp-content\/uploads\/2023\/07\/Map001_00004A.jpg 1100w, https:\/\/fris.nl\/wp-content\/uploads\/2023\/07\/Map001_00004A-300x205.jpg 300w, https:\/\/fris.nl\/wp-content\/uploads\/2023\/07\/Map001_00004A-1024x698.jpg 1024w, https:\/\/fris.nl\/wp-content\/uploads\/2023\/07\/Map001_00004A-768x524.jpg 768w\" sizes=\"auto, (max-width: 1100px) 100vw, 1100px\" \/>\n                        <\/div>\n                    <\/div>\n                <\/div>\n            <\/div>        \n        <\/div>\n        <div class=\"gap-element clearfix hide-for-medium\" style=\"display:block; height:auto; padding-top: 30px;\"><\/div>\n    <\/div>\n<\/section>\n<span class=\"scroll-to\" data-label=\"Scroll to: #Die-zweite-Generation-die-Erweiterung\" data-bullet=\"false\" data-link=\"#Die-zweite-Generation-die-Erweiterung\" data-title=\"Die zweite Generation: die Erweiterung\"><a name=\"Die-zweite-Generation-die-Erweiterung\"><\/a><\/span><section class=\"section image-text image-text-right red visible\">\n    <div class=\"bg section-bg fill bg-fill bg-loaded\">\n    <\/div>\n    <div class=\"section-content relative\">        \n        <div class=\"row row-large align-center align-middle\">\n            <div id=\"col-2\" class=\"col medium-12 small-10 large-6 medium-col-first\">\n                <div class=\"col-inner\">\n                    <div class=\"img has-hover x md-x lg-x y md-y lg-y\" style=\"width: 100%;\">\n                        <div class=\"img-inner radius dark\">\n                            <img loading=\"lazy\" decoding=\"async\" width=\"998\" height=\"706\" src=\"https:\/\/fris.nl\/wp-content\/uploads\/2023\/07\/Image00047.jpg\" class=\"attachment-large size-large\" alt=\"Die zweite Generation: die Erweiterung\" title=\"Die zweite Generation: die Erweiterung\" srcset=\"https:\/\/fris.nl\/wp-content\/uploads\/2023\/07\/Image00047.jpg 998w, https:\/\/fris.nl\/wp-content\/uploads\/2023\/07\/Image00047-300x212.jpg 300w, https:\/\/fris.nl\/wp-content\/uploads\/2023\/07\/Image00047-768x543.jpg 768w\" sizes=\"auto, (max-width: 998px) 100vw, 998px\" \/>\n                        <\/div>\n                    <\/div>\n                <\/div>\n            <\/div> \n            <div class=\"col text-col medium-12 small-12 large-6\">\n                <div class=\"col-inner\">\n                    <h3 title=\"Die zweite Generation: die Erweiterung\">Die zweite Generation: die Erweiterung<\/h3>\n                    \n<p>Die zweite Generation von FRIS verst\u00e4rkte die Organisation in den Wiederaufbaujahren nach dem Zweiten Weltkrieg. Sohn Piet Fris begann 1948 und Sohn Wouter Fris Jr. begann im Jahr 1950. Unter der F\u00fchrung ihres Vaters bauten sie Schritt f\u00fcr Schritt den Erfolg und den Ruf von FRIS weiter aus. Im Jahr 1970 wurde FRIS \u2013 als eines der ersten Unternehmen in den Niederlanden \u2013 in der Vermittlung von Anlageimmobilien t\u00e4tig. Dadurch entstand ganz nat\u00fcrlich der Unternehmenszweig Hausverwaltung: \u201eDenn wer sollte daf\u00fcr sorgen, dass alle Mieten bezahlt wurden?\u201c<\/p>\n<p>Der Organisation geht es stetig gut; FRIS w\u00e4chst auf nicht weniger als sechs Standorte an. Bis die Immobilienkrise Ende der 1970er Jahre einen Strich durch die Rechnung machte. Diese erforderte eine Verkleinerung. FRIS ist das einzige Unternehmen, das diese Immobilienkrise \u00fcberstanden hat. Es mussten zwar vier B\u00fcros schlie\u00dfen, aber zwei Niederlassungen blieben ge\u00f6ffnet; in Amsterdam an der Weteringsschans und in Zaandam auf der Westzijde. Das Unternehmen ist gesund und versteht es, sich flexibel an ver\u00e4nderte wirtschaftliche Zeiten anzupassen. Im Jahr 1984 wurde unternehmerisch eine neue Abteilung gegr\u00fcndet, die heute FRIS Vastgoed Management hei\u00dft. Im Jahr 1990 \u00fcbergab Gr\u00fcnder Wouter Fris mit einem guten Gef\u00fchl den Staffelstab an seine S\u00f6hne Piet Fris und Wouter Fris. Einige Jahre sp\u00e4ter begann dann bereits das Kapitel der dritten FRIS-Generation.<\/p>\n<p>\u00a0<\/p>\n\n                    \n                <\/div>\n            <\/div>       \n        <\/div>\n        <div class=\"gap-element clearfix hide-for-medium\" style=\"display:block; height:auto; padding-top: 30px;\"><\/div>\n    <\/div>\n<\/section>\n<span class=\"scroll-to\" data-label=\"Scroll to: #Die-dritte-Generation-Innovation-und-weiteres-Wachstum\" data-bullet=\"false\" data-link=\"#Die-dritte-Generation-Innovation-und-weiteres-Wachstum\" data-title=\"Die dritte Generation: Innovation und weiteres Wachstum\"><a name=\"Die-dritte-Generation-Innovation-und-weiteres-Wachstum\"><\/a><\/span><section class=\"section image-text image-text-left red visible\">\n    <div class=\"bg section-bg fill bg-fill bg-loaded\">\n    <\/div>\n    <div class=\"section-content relative\">\n        <div class=\"row row-large align-center align-middle\">\n            <div class=\"col text-col medium-12 small-12 large-6\">\n                <div class=\"col-inner\">\n                    <h3 title=\"Die dritte Generation: Innovation und weiteres Wachstum\">Die dritte Generation: Innovation und weiteres Wachstum<\/h3>\n                    \n<p>Der engagierte, vitale Hans Peter Fris \u00fcbernahm Mitte der 1990er Jahre die Leitung des Unternehmens von seinem Vater Wouter Jr. und seinem Onkel Piet. FRIS bestand damals aus 9 Mitarbeitern. Hans Peter Fris startete ambitioniert mit der neuen Abteilung Gewerbeimmobilienmakler. FRIS wuchs innerhalb von f\u00fcnf Jahren auf 30 Mitarbeiter. Im Jahr 2000 \u00fcbernahm Hans Peter die Firma B&amp;F Property Management BV, die nun auch die Verwaltung von Gewerbeimmobilien zum Leistungspaket von FRIS hinzuf\u00fcgte. Dieser Gesch\u00e4ftszweig ist bei FRIS jetzt als FRIS Investment Care bekannt. Im Jahr 2001 entschied Hans Peter Fris, dass er kein langweiliges \u201emiddle-of-the-road\u201c-Unternehmen sein m\u00f6chte; er m\u00f6chte einen nachhaltigen Mehrwert bieten. Durch eine bessere Anwendung des Wissens in der Beratungsarbeit f\u00fcr Unternehmen, Regierungen und Privatpersonen.<\/p>\n\n                    \n                <\/div>\n            <\/div>\n            <div id=\"col-2\" class=\"col medium-12 small-10 large-6 medium-col-first\">\n                <div class=\"col-inner\">\n                    <div class=\"img has-hover x md-x lg-x y md-y lg-y\" style=\"width: 100%;\">\n                        <div class=\"img-inner radius dark\">\n                            <img loading=\"lazy\" decoding=\"async\" width=\"1020\" height=\"680\" src=\"https:\/\/fris.nl\/wp-content\/uploads\/2023\/07\/J9A9268-Werving-en-Selectie-1024x683.png\" class=\"attachment-large size-large\" alt=\"Die dritte Generation: Innovation und weiteres Wachstum\" title=\"Die dritte Generation: Innovation und weiteres Wachstum\" srcset=\"https:\/\/fris.nl\/wp-content\/uploads\/2023\/07\/J9A9268-Werving-en-Selectie-1024x683.png 1024w, https:\/\/fris.nl\/wp-content\/uploads\/2023\/07\/J9A9268-Werving-en-Selectie-300x200.png 300w, https:\/\/fris.nl\/wp-content\/uploads\/2023\/07\/J9A9268-Werving-en-Selectie-768x512.png 768w, https:\/\/fris.nl\/wp-content\/uploads\/2023\/07\/J9A9268-Werving-en-Selectie.png 1280w\" sizes=\"auto, (max-width: 1020px) 100vw, 1020px\" \/>\n                        <\/div>\n                    <\/div>\n                <\/div>\n            <\/div>        \n        <\/div>\n        <div class=\"gap-element clearfix hide-for-medium\" style=\"display:block; height:auto; padding-top: 30px;\"><\/div>\n    <\/div>\n<\/section>\n<span class=\"scroll-to\" data-label=\"Scroll to: #Know-how-in-der-Beratungst\u00e4tigkeit-anwenden\" data-bullet=\"false\" data-link=\"#Know-how-in-der-Beratungst\u00e4tigkeit-anwenden\" data-title=\"Know-how in der Beratungst\u00e4tigkeit anwenden\"><a name=\"Know-how-in-der-Beratungst\u00e4tigkeit-anwenden\"><\/a><\/span><section class=\"section image-text image-text-right red visible\">\n    <div class=\"bg section-bg fill bg-fill bg-loaded\">\n    <\/div>\n    <div class=\"section-content relative\">        \n        <div class=\"row row-large align-center align-middle\">\n            <div id=\"col-2\" class=\"col medium-12 small-10 large-6 medium-col-first\">\n                <div class=\"col-inner\">\n                    <div class=\"img has-hover x md-x lg-x y md-y lg-y\" style=\"width: 100%;\">\n                        <div class=\"img-inner radius dark\">\n                            <img loading=\"lazy\" decoding=\"async\" width=\"1020\" height=\"680\" src=\"https:\/\/fris.nl\/wp-content\/uploads\/2023\/04\/profiel-Marc-Poelmann-Groot-1024x683.jpg\" class=\"attachment-large size-large\" alt=\"Know-how in der Beratungst\u00e4tigkeit anwenden\" title=\"Know-how in der Beratungst\u00e4tigkeit anwenden\" srcset=\"https:\/\/fris.nl\/wp-content\/uploads\/2023\/04\/profiel-Marc-Poelmann-Groot-1024x683.jpg 1024w, https:\/\/fris.nl\/wp-content\/uploads\/2023\/04\/profiel-Marc-Poelmann-Groot-300x200.jpg 300w, https:\/\/fris.nl\/wp-content\/uploads\/2023\/04\/profiel-Marc-Poelmann-Groot-768x512.jpg 768w, https:\/\/fris.nl\/wp-content\/uploads\/2023\/04\/profiel-Marc-Poelmann-Groot.jpg 1280w\" sizes=\"auto, (max-width: 1020px) 100vw, 1020px\" \/>\n                        <\/div>\n                    <\/div>\n                <\/div>\n            <\/div> \n            <div class=\"col text-col medium-12 small-12 large-6\">\n                <div class=\"col-inner\">\n                    <h3 title=\"Know-how in der Beratungst\u00e4tigkeit anwenden\">Know-how in der Beratungst\u00e4tigkeit anwenden<\/h3>\n                    \n<p>Dies f\u00fchrte nicht nur zu besseren Gespr\u00e4chen mit Kunden und Gesch\u00e4ftspartnern, sondern auch zur Gr\u00fcndung des Wissenszentrums Research &amp; Marketing im Jahr 2005. Die Zahl der Kunden und damit auch die Zahl der Mitarbeiter wuchs rasant. Hans Peter Fris investiert in den Rezessionsjahren antizyklisch in die Professionalisierung der Organisation. Im Jahr 2014 wurde die Abteilung Research &amp; Marketing in FRIS Research &amp; Consultancy umbenannt. Im Jahr 2015 wurde die Abteilung FRIS Wertermittlungen gegr\u00fcndet. Im Jahr 2016 wird \u201eDyade Huisvesting en Vastgoed\u201c (Wohnen und Immobilien) zu FRIS hinzugef\u00fcgt. 2016 wurde Marc Poelmann auch offiziell Miteigent\u00fcmer von FRIS Investment Care. Die bodenst\u00e4ndigen, kundenorientierten und unternehmerischen Ideen von Gro\u00dfvater Wouter Fris, mit denen alles begann, bestimmten auch nach zwei Generationen die Kultur und damit den Erfolg von FRIS, die tats\u00e4chliche Wertsch\u00e4tzung der Kunden.<\/p>\n\n                    \n                <\/div>\n            <\/div>       \n        <\/div>\n        <div class=\"gap-element clearfix hide-for-medium\" style=\"display:block; height:auto; padding-top: 30px;\"><\/div>\n    <\/div>\n<\/section>\n","protected":false},"excerpt":{"rendered":"","protected":false},"author":1,"featured_media":0,"parent":0,"menu_order":21,"comment_status":"closed","ping_status":"closed","template":"","meta":{"_acf_changed":false,"footnotes":""},"class_list":["post-12434","page","type-page","status-publish","hentry"],"acf":[],"_links":{"self":[{"href":"https:\/\/fris.nl\/de\/wp-json\/wp\/v2\/pages\/12434","targetHints":{"allow":["GET"]}}],"collection":[{"href":"https:\/\/fris.nl\/de\/wp-json\/wp\/v2\/pages"}],"about":[{"href":"https:\/\/fris.nl\/de\/wp-json\/wp\/v2\/types\/page"}],"author":[{"embeddable":true,"href":"https:\/\/fris.nl\/de\/wp-json\/wp\/v2\/users\/1"}],"replies":[{"embeddable":true,"href":"https:\/\/fris.nl\/de\/wp-json\/wp\/v2\/comments?post=12434"}],"version-history":[{"count":6,"href":"https:\/\/fris.nl\/de\/wp-json\/wp\/v2\/pages\/12434\/revisions"}],"predecessor-version":[{"id":12442,"href":"https:\/\/fris.nl\/de\/wp-json\/wp\/v2\/pages\/12434\/revisions\/12442"}],"wp:attachment":[{"href":"https:\/\/fris.nl\/de\/wp-json\/wp\/v2\/media?parent=12434"}],"curies":[{"name":"wp","href":"https:\/\/api.w.org\/{rel}","templated":true}]}}