{"id":12429,"date":"2023-04-20T10:18:23","date_gmt":"2023-04-20T08:18:23","guid":{"rendered":"https:\/\/fris.nl\/?page_id=12429"},"modified":"2024-03-01T15:51:39","modified_gmt":"2024-03-01T14:51:39","slug":"verkauf-und-vermietung-meines-bauprojekts","status":"publish","type":"page","link":"https:\/\/fris.nl\/de\/unsere-dienstleistungen\/mein-bauwprojekt\/verkauf-und-vermietung-meines-bauprojekts\/","title":{"rendered":"Verkauf und Vermietung meines Bauprojekts"},"content":{"rendered":"<section class=\"section half-hero blue dark visible\">\n    <div class=\"bg section-bg fill bg-fill bg-loaded\" style=\"background-image: url('https:\/\/fris.nl\/wp-content\/uploads\/2023\/04\/profiel-Paco-van-Haagen-Groot.jpg'); background-position: 0% 0% !important;\"><\/div>\n    <div class=\"section-content relative\">\n        <div class=\"row\" id=\"row-1299773279\">\n            <div class=\"col medium-12 small-12 large-12 image-col\" style=\"background-image: url('https:\/\/fris.nl\/wp-content\/uploads\/2023\/04\/profiel-Paco-van-Haagen-Groot.jpg');\"><\/div>\n            \n\t<div id=\"col-1871420247\" class=\"col contentarea medium-12 small-12 large-4\"  data-animate=\"fadeInUp\">\n\t\t\t\t<div class=\"col-inner\"  >\n\t\t\t\n\t\t\t\n                <div class=\"col-inner\">\n                    <div id=\"gap-866866620\" class=\"gap-element clearfix\" style=\"display:block; height:auto; padding-top: 40px;\"><\/div>\n                    <h1>Verkauf&nbsp;und <span style=\"text-decoration: underline;\">Vermietung<\/span> meines Bauprojekts<\/h1>\n                    <content><\/content>\n                    \n\n                    <ul class=\"jumptoitems\"><\/ul>\n                <\/div>\n            \t\t<\/div>\n\t\t\t\t\t<\/div>\n\n\t\n        <\/div>\n    <\/div>\n<\/section>\n<div class=\"gap-element clearfix hide-for-medium\" style=\"display:block; height:auto; padding-top: 50px;\"><\/div>\n<span class=\"scroll-to\" data-label=\"Scroll to: #Verkauf-und-Vermietung-von-Bauprojekten\" data-bullet=\"false\" data-link=\"#Verkauf-und-Vermietung-von-Bauprojekten\" data-title=\"Verkauf und Vermietung von Bauprojekten\"><a name=\"Verkauf-und-Vermietung-von-Bauprojekten\"><\/a><\/span><section class=\"section image-text image-text-right red visible\">\n    <div class=\"bg section-bg fill bg-fill bg-loaded\">\n    <\/div>\n    <div class=\"section-content relative\">        \n        <div class=\"row row-large align-center align-middle\">\n            <div id=\"col-2\" class=\"col medium-12 small-10 large-6 medium-col-first\">\n                <div class=\"col-inner\">\n                    <div class=\"img has-hover x md-x lg-x y md-y lg-y\" style=\"width: 100%;\">\n                        <div class=\"img-inner radius dark\">\n                            <img loading=\"lazy\" decoding=\"async\" width=\"1020\" height=\"680\" src=\"https:\/\/fris.nl\/wp-content\/uploads\/2023\/04\/stock_investment_care-Investment-CareDSC09257-LR-1024x683.jpg\" class=\"attachment-large size-large\" alt=\"Verkauf und Vermietung von Bauprojekten\" title=\"Verkauf und Vermietung von Bauprojekten\" srcset=\"https:\/\/fris.nl\/wp-content\/uploads\/2023\/04\/stock_investment_care-Investment-CareDSC09257-LR-1024x683.jpg 1024w, https:\/\/fris.nl\/wp-content\/uploads\/2023\/04\/stock_investment_care-Investment-CareDSC09257-LR-300x200.jpg 300w, https:\/\/fris.nl\/wp-content\/uploads\/2023\/04\/stock_investment_care-Investment-CareDSC09257-LR-768x512.jpg 768w, https:\/\/fris.nl\/wp-content\/uploads\/2023\/04\/stock_investment_care-Investment-CareDSC09257-LR-1536x1025.jpg 1536w, https:\/\/fris.nl\/wp-content\/uploads\/2023\/04\/stock_investment_care-Investment-CareDSC09257-LR.jpg 1824w\" sizes=\"auto, (max-width: 1020px) 100vw, 1020px\" \/>\n                        <\/div>\n                    <\/div>\n                <\/div>\n            <\/div> \n            <div class=\"col text-col medium-12 small-12 large-6\">\n                <div class=\"col-inner\">\n                    <h3 title=\"Verkauf und Vermietung von Bauprojekten\">Verkauf und Vermietung von Bauprojekten<\/h3>\n                    \n<p>Bei der Investition in einen Bebauungsplan ist es wichtig, die richtige Bauleitung und Projektkoordination zu erhalten. Gerne \u00fcbernehmen wir diese Rolle f\u00fcr Sie. Sowohl in der Beratung als auch im Verkauf von Bauprojekten. Wir arbeiten diesbez\u00fcglich mit DWE Nieuwbouw Makelaars zusammen, dem gr\u00f6\u00dften Neubaumakler in den Niederlanden.<\/p>\n\n                    \n                <\/div>\n            <\/div>       \n        <\/div>\n        <div class=\"gap-element clearfix hide-for-medium\" style=\"display:block; height:auto; padding-top: 30px;\"><\/div>\n    <\/div>\n<\/section>\n<span class=\"scroll-to\" data-label=\"Scroll to: #H\u00f6here-Ertr\u00e4ge-f\u00fcr-Entwickler-und-Auftragnehmer\" data-bullet=\"false\" data-link=\"#H\u00f6here-Ertr\u00e4ge-f\u00fcr-Entwickler-und-Auftragnehmer\" data-title=\"H\u00f6here Ertr\u00e4ge f\u00fcr Entwickler und Auftragnehmer\"><a name=\"H\u00f6here-Ertr\u00e4ge-f\u00fcr-Entwickler-und-Auftragnehmer\"><\/a><\/span><section class=\"section single-text  blue visible dark-2\">\n    <div class=\"bg section-bg fill bg-fill bg-loaded\">\n    <\/div>\n    <div class=\"section-content relative\">\n        <div class=\"gap-element clearfix hide-for-medium\" style=\"display:block; height:auto; padding-top: 50px;\"><\/div>\n        <div class=\"row row-large align-center align-middle\">\n            <div class=\"col text-col medium-12 small-12 large-9 text-center\">\n                <div class=\"col-inner\">\n                    <h2 title=\"H\u00f6here Ertr\u00e4ge f\u00fcr Entwickler und Auftragnehmer\" class=\"text-center\">H\u00f6here Ertr\u00e4ge f\u00fcr Entwickler und Auftragnehmer<\/h2>\n<p>Mit fundierten Marktanalysen und fundierter Beratung sichern wir unseren Kunden einen strategischen Wissensvorsprung im Verkaufs- und Vermietungsmarkt f\u00fcr Bauprojekte. DWE Nieuwbouw Makelaars zeichnet sich durch Tools wie Optimierungsberatung, dynamische Verkaufspreismethode und \u00e4u\u00dferst wettbewerbsf\u00e4hige Vertriebsprozesse aus. Dadurch generieren wir nachweislich h\u00f6here Ums\u00e4tze f\u00fcr Entwickler und Auftragnehmer.<\/p>\n\n                <\/div>\n            <\/div>     \n        <\/div>\n        <div class=\"gap-element clearfix hide-for-medium\" style=\"display:block; height:auto; padding-top: 30px;\"><\/div>\n    <\/div>\n<\/section>\n<div class=\"gap-element clearfix hide-for-medium\" style=\"display:block; height:auto; padding-top: 50px;\"><\/div>\n<span class=\"scroll-to\" data-label=\"Scroll to: #Echte-Menschen-echte-Ergebnisse\" data-bullet=\"false\" data-link=\"#Echte-Menschen-echte-Ergebnisse\" data-title=\"Echte Menschen, echte Ergebnisse\"><a name=\"Echte-Menschen-echte-Ergebnisse\"><\/a><\/span><section class=\"section image-text image-text-left red visible\">\n    <div class=\"bg section-bg fill bg-fill bg-loaded\">\n    <\/div>\n    <div class=\"section-content relative\">\n        <div class=\"row row-large align-center align-middle\">\n            <div class=\"col text-col medium-12 small-12 large-6\">\n                <div class=\"col-inner\">\n                    <h3 title=\"Echte Menschen, echte Ergebnisse\">Echte Menschen, echte Ergebnisse<\/h3>\n                    \n<p>Unser Familienunternehmen besteht inzwischen seit \u00fcber 100 Jahren. Und genau wie die durchschnittliche niederl\u00e4ndische Familie legen wir Wert auf pers\u00f6nlichen Kontakt. Das werden Sie merken, sobald Sie unsere Experten im Bereich Bauprojekte treffen. Pers\u00f6nlich, aber mit Blick auf Ihre Rendite. Kurz gesagt: Echte Menschen, echte Ergebnisse<\/p>\n\n                    \n                <\/div>\n            <\/div>\n            <div id=\"col-2\" class=\"col medium-12 small-10 large-6 medium-col-first\">\n                <div class=\"col-inner\">\n                    <div class=\"img has-hover x md-x lg-x y md-y lg-y\" style=\"width: 100%;\">\n                        <div class=\"img-inner radius dark\">\n                            <img loading=\"lazy\" decoding=\"async\" width=\"1020\" height=\"680\" src=\"https:\/\/fris.nl\/wp-content\/uploads\/2023\/04\/stock_investment_care-Investment-CareDSC03171-LR-1024x683.jpg\" class=\"attachment-large size-large\" alt=\"Echte Menschen, echte Ergebnisse\" title=\"Echte Menschen, echte Ergebnisse\" srcset=\"https:\/\/fris.nl\/wp-content\/uploads\/2023\/04\/stock_investment_care-Investment-CareDSC03171-LR-1024x683.jpg 1024w, https:\/\/fris.nl\/wp-content\/uploads\/2023\/04\/stock_investment_care-Investment-CareDSC03171-LR-300x200.jpg 300w, https:\/\/fris.nl\/wp-content\/uploads\/2023\/04\/stock_investment_care-Investment-CareDSC03171-LR-768x512.jpg 768w, https:\/\/fris.nl\/wp-content\/uploads\/2023\/04\/stock_investment_care-Investment-CareDSC03171-LR-1536x1024.jpg 1536w, https:\/\/fris.nl\/wp-content\/uploads\/2023\/04\/stock_investment_care-Investment-CareDSC03171-LR-2048x1366.jpg 2048w\" sizes=\"auto, (max-width: 1020px) 100vw, 1020px\" \/>\n                        <\/div>\n                    <\/div>\n                <\/div>\n            <\/div>        \n        <\/div>\n        <div class=\"gap-element clearfix hide-for-medium\" style=\"display:block; height:auto; padding-top: 30px;\"><\/div>\n    <\/div>\n<\/section>\n<span class=\"scroll-to\" data-label=\"Scroll to: #Echt-mensen-echte-resultaten\" data-bullet=\"false\" data-link=\"#Echt-mensen-echte-resultaten\" data-title=\"Echt mensen, echte resultaten\"><a name=\"Echt-mensen-echte-resultaten\"><\/a><\/span><section class=\"section image-text image-text-right red visible\">\n    <div class=\"bg section-bg fill bg-fill bg-loaded\">\n    <\/div>\n    <div class=\"section-content relative\">        \n        <div class=\"row row-large align-center align-middle\">\n            <div id=\"col-2\" class=\"col medium-12 small-10 large-6 medium-col-first\">\n                <div class=\"col-inner\">\n                    <div class=\"img has-hover x md-x lg-x y md-y lg-y\" style=\"width: 100%;\">\n                        <div class=\"img-inner radius dark\">\n                            <img loading=\"lazy\" decoding=\"async\" width=\"1020\" height=\"680\" src=\"https:\/\/fris.nl\/wp-content\/uploads\/2023\/04\/stock_investment_care-Investment-CareDSC08694-LR-1024x683.jpg\" class=\"attachment-large size-large\" alt=\"Echt mensen, echte resultaten\" title=\"Echt mensen, echte resultaten\" srcset=\"https:\/\/fris.nl\/wp-content\/uploads\/2023\/04\/stock_investment_care-Investment-CareDSC08694-LR-1024x683.jpg 1024w, https:\/\/fris.nl\/wp-content\/uploads\/2023\/04\/stock_investment_care-Investment-CareDSC08694-LR-300x200.jpg 300w, https:\/\/fris.nl\/wp-content\/uploads\/2023\/04\/stock_investment_care-Investment-CareDSC08694-LR-768x512.jpg 768w, https:\/\/fris.nl\/wp-content\/uploads\/2023\/04\/stock_investment_care-Investment-CareDSC08694-LR-1536x1024.jpg 1536w, https:\/\/fris.nl\/wp-content\/uploads\/2023\/04\/stock_investment_care-Investment-CareDSC08694-LR-2048x1366.jpg 2048w\" sizes=\"auto, (max-width: 1020px) 100vw, 1020px\" \/>\n                        <\/div>\n                    <\/div>\n                <\/div>\n            <\/div> \n            <div class=\"col text-col medium-12 small-12 large-6\">\n                <div class=\"col-inner\">\n                    <h3 title=\"Echt mensen, echte resultaten\">Echt mensen, echte resultaten<\/h3>\n                    \n<p>Ons familiebedrijf bestaat inmiddels al ruim 100 jaar. En net als bij de gemiddelde Nederlandse familie vinden wij \u00e9cht contact belangrijk. Dat merk je zodra je kennismaakt met onze experts op het gebied van bouwprojecten. Persoonlijk, maar wel met oog voor jouw rendement. Kortom: echte mensen, echte resultaten.<br \/>\n\n                    \n                <\/div>\n            <\/div>       \n        <\/div>\n        <div class=\"gap-element clearfix hide-for-medium\" style=\"display:block; height:auto; padding-top: 30px;\"><\/div>\n    <\/div>\n<\/section>\n<section class=\"section single-text  blue visible light-1\">\n    <div class=\"bg section-bg fill bg-fill bg-loaded\">\n    <\/div>\n    <div class=\"section-content relative\">\n        <div class=\"gap-element clearfix hide-for-medium\" style=\"display:block; height:auto; padding-top: 50px;\"><\/div>\n        <div class=\"row row-large align-center align-middle\">\n            <div class=\"col text-col medium-12 small-12 large-9 text-center\">\n                <div class=\"col-inner\">\n                    <h2 title=\"Verkaufen und Vermieten eines Bauprojekts?\" class=\"text-center\">Verkaufen und Vermieten eines Bauprojekts?<\/h2>\n<a class=\"button primary\" >\n\t\t<span>KONTAKTIEREN SIE UNS<\/span>\n\t<\/a>\n\n                <\/div>\n            <\/div>     \n        <\/div>\n        <div class=\"gap-element clearfix hide-for-medium removepaddingbottom\" style=\"display:block; height:auto; padding-top: 30px;\"><\/div>\n    <\/div>\n<\/section>\n<div class=\"gap-element clearfix hide-for-medium removepaddingbottom\" style=\"display:block; height:auto; padding-top: 50px;\"><\/div>\n","protected":false},"excerpt":{"rendered":"","protected":false},"author":1,"featured_media":0,"parent":12373,"menu_order":25,"comment_status":"closed","ping_status":"closed","template":"","meta":{"_acf_changed":false,"footnotes":""},"class_list":["post-12429","page","type-page","status-publish","hentry"],"acf":[],"_links":{"self":[{"href":"https:\/\/fris.nl\/de\/wp-json\/wp\/v2\/pages\/12429","targetHints":{"allow":["GET"]}}],"collection":[{"href":"https:\/\/fris.nl\/de\/wp-json\/wp\/v2\/pages"}],"about":[{"href":"https:\/\/fris.nl\/de\/wp-json\/wp\/v2\/types\/page"}],"author":[{"embeddable":true,"href":"https:\/\/fris.nl\/de\/wp-json\/wp\/v2\/users\/1"}],"replies":[{"embeddable":true,"href":"https:\/\/fris.nl\/de\/wp-json\/wp\/v2\/comments?post=12429"}],"version-history":[{"count":4,"href":"https:\/\/fris.nl\/de\/wp-json\/wp\/v2\/pages\/12429\/revisions"}],"predecessor-version":[{"id":12433,"href":"https:\/\/fris.nl\/de\/wp-json\/wp\/v2\/pages\/12429\/revisions\/12433"}],"up":[{"embeddable":true,"href":"https:\/\/fris.nl\/de\/wp-json\/wp\/v2\/pages\/12373"}],"wp:attachment":[{"href":"https:\/\/fris.nl\/de\/wp-json\/wp\/v2\/media?parent=12429"}],"curies":[{"name":"wp","href":"https:\/\/api.w.org\/{rel}","templated":true}]}}