{"id":12424,"date":"2023-04-20T10:47:50","date_gmt":"2023-04-20T08:47:50","guid":{"rendered":"https:\/\/fris.nl\/?page_id=12424"},"modified":"2024-03-08T16:12:05","modified_gmt":"2024-03-08T15:12:05","slug":"haeufig-gestellte-fragen","status":"publish","type":"page","link":"https:\/\/fris.nl\/de\/haeufig-gestellte-fragen\/","title":{"rendered":"H\u00e4ufig gestellte Fragen"},"content":{"rendered":"<section class=\"section faq red\">\n    <div class=\"bg section-bg fill bg-fill bg-loaded\">\n    <\/div>\n    <div class=\"section-content relative\">\n        <div class=\"gap-element clearfix hide-for-medium\" style=\"display:block; height:auto; padding-top: 100px;\"><\/div>\n        <div class=\"row row-large align-center\">\n            <div class=\"col medium-12 small-12 large-12 text-center\">\n                <div class=\"col-inner\">\n                    <h2>Haeufig gestellte Fragen<\/h2>\n                <\/div>\n            <\/div>\n            <content><\/content>\n            \n<div class=\"col medium-10 small-12 large-10 faq-item red visible\">\n    <div class=\"col-inner\">\n        <div class=\"img\" style=\"background:url(''); background-size:contain; background-position: center  center; background-repeat: no-repeat;\">\n                \n        <\/div>\n        <h3>Ich habe einen Termin im FRIS-B\u00fcro. Wo kann ich das finden?<\/h3>\n        <div class=\"panel\">\n            \n<p>FRIS verf\u00fcgt \u00fcber vier Niederlassungen, deren Hauptsitz sich in Amsterdam-Zuidoost befindet. Eine \u00dcbersicht aller Filialen und unsere Kontaktdaten finden Sie auf der Kontaktseite.<\/p>\n\n            \n        <\/div>\n    <\/div>\n<\/div>\n<div class=\"col medium-10 small-12 large-10 faq-item red visible\">\n    <div class=\"col-inner\">\n        <div class=\"img\" style=\"background:url(''); background-size:contain; background-position: center  center; background-repeat: no-repeat;\">\n                \n        <\/div>\n        <h3>Ich miete ein Haus \u00fcber FRIS und m\u00f6chte einen Mangel oder eine Reparaturanfrage melden. Was kann ich tun?<\/h3>\n        <div class=\"panel\">\n            \n<p>\u00dcberpr\u00fcfen Sie zun\u00e4chst Ihr Mieter-ABC und Ihren Instandhaltungsleitfaden, um festzustellen, ob Ihre Anfrage auf Ihre oder unsere Kosten geht. Diesbez\u00fcgliche Vereinbarungen richten sich nach dem Gesetz.<\/p>\n<p>Melden Sie den Mangel oder Reparaturbedarf an die richtige Stelle, je nachdem, bei welchem Eigent\u00fcmer Sie mieten.<\/p>\n<p>Wenn Sie ein Haus\/eine Wohnung bei FRIS mieten, rufen Sie bitte +31(0)20 \u2013 301 77 35 an.<\/p>\n\n            \n        <\/div>\n    <\/div>\n<\/div>\n<div class=\"col medium-10 small-12 large-10 faq-item red visible\">\n    <div class=\"col-inner\">\n        <div class=\"img\" style=\"background:url(''); background-size:contain; background-position: center  center; background-repeat: no-repeat;\">\n                \n        <\/div>\n        <h3>Ich m\u00f6chte den Mietvertrag f\u00fcr mein Haus\/meine Wohnung k\u00fcndigen. Was muss ich tun?<\/h3>\n        <div class=\"panel\">\n            \n<p><strong>K\u00fcndigen per E-Mail<\/strong><br \/>Sie k\u00f6nnen Ihren Mietvertrag k\u00fcndigen, indem Sie eine E-Mail an einen unserer Immobilienmakler \u00fcber Vastgoedmanagement@fris.nl senden.<\/p>\n<p>Bitte geben Sie in Ihrem Schreiben Folgendes deutlich an:<br \/>\u2022 Ihren Namen und Ihre Adresse.<br \/>\u2022 Der Zeitpunkt, zu dem sie k\u00fcndigen.<br \/>\u2022 Der Grund, warum sie k\u00fcndigen.\u00a0<br \/>\u2022 Ihre Korrespondenzadresse oder Ihre neue Wohnanschrift.\u00a0<br \/>\u2022 Die Telefonnummer, unter der Sie t\u00e4glich erreichbar sind.<\/p>\n<p><strong>K\u00fcndigen per Einschreiben<\/strong><br \/>Sie k\u00f6nnen den Mietvertrag auch per Einschreiben k\u00fcndigen. Senden Sie diesen Brief an folgende Adresse:\u00a0\u00a0<\/p>\n<p>FRIS Vastgoed Management\u00a0<br \/>Atlas ArenA-Gebouw Amerika<br \/>Hoogoorddreef 15<br \/>1101 BA\u00a0 Amsterdam<br \/>\u00a0<br \/><strong>Bitte beachten Sie bei der K\u00fcndigung Folgendes:<\/strong><br \/>\u2022 Die K\u00fcndigungsfrist betr\u00e4gt in der Regel einen Kalendermonat.<br \/>\u2022 Sie k\u00f6nnen den Mietvertrag nur zum Monatsersten k\u00fcndigen.<br \/>\u2022 Unterschreiben Sie Ihre K\u00fcndigung.\u00a0<br \/>\u2022 L\u00e4uft der Mietvertrag auf zwei Namen, m\u00fcssen beide Parteien die K\u00fcndigung unterschreiben.<\/p>\n<p>\u00a0<\/p>\n\n            \n        <\/div>\n    <\/div>\n<\/div>\n<div class=\"col medium-10 small-12 large-10 faq-item red visible\">\n    <div class=\"col-inner\">\n        <div class=\"img\" style=\"background:url(''); background-size:contain; background-position: center  center; background-repeat: no-repeat;\">\n                \n        <\/div>\n        <h3>Ich m\u00f6chte einen Mangel oder eine Reparaturanfrage f\u00fcr meine B\u00fcro-, Gesch\u00e4fts- oder Einzelhandelsr\u00e4ume melden. Was kann ich tun?<\/h3>\n        <div class=\"panel\">\n            \n<p>Werden Ihre B\u00fcro-, Gesch\u00e4fts- oder Einzelhandelsr\u00e4ume von FRIS verwaltet? Dann k\u00f6nnen Sie dies per E-Mail an\u00a0<a href=\"mailto:investmentcare@fris.nl\">investmentcare@fris.nl<\/a> oder telefonisch unter +31(0)20 \u2013 691 30 43 melden.<\/p>\n\n            \n        <\/div>\n    <\/div>\n<\/div>\n<div class=\"col medium-10 small-12 large-10 faq-item red visible\">\n    <div class=\"col-inner\">\n        <div class=\"img\" style=\"background:url(''); background-size:contain; background-position: center  center; background-repeat: no-repeat;\">\n                \n        <\/div>\n        <h3>Ich bin bei FRIS versichert, wo kann ich einen Schaden melden?<\/h3>\n        <div class=\"panel\">\n            \n<p>Klicken Sie hier und melden Sie Ihren Schaden \u00fcber unsere Website.<\/p>\n\n            <a href=\"https:\/\/acrobat.adobe.com\/link\/track?uri=urn:aaid:scds:US:b08a162e-cbf2-31f4-8fff-ff678e7ff6ff\" class=\"button primary\" >\n\t\t<span>Schade melden<\/span>\n\t<\/a>\n\n        <\/div>\n    <\/div>\n<\/div>\n<div class=\"col medium-10 small-12 large-10 faq-item red visible\">\n    <div class=\"col-inner\">\n        <div class=\"img\" style=\"background:url(''); background-size:contain; background-position: center  center; background-repeat: no-repeat;\">\n                \n        <\/div>\n        <h3>Wie melde ich eine Beschwerde \u00fcber die FRIS-Dienste?<\/h3>\n        <div class=\"panel\">\n            \n<p>Eine Beschwerde kann \u00fcber <a href=\"mailto:watkanbeter@fris.nl\">watkanbeter@fris.nl<\/a>. gemeldet werden. Das vollst\u00e4ndige Beschwerdeverfahren finden Sie auf FRIS Legal.viaDe volledige klachtenprocedure kan worden teruggevonden op FRIS Legal.<\/p>\n\n            \n        <\/div>\n    <\/div>\n<\/div>\n\n        <\/div>\n        <div class=\"gap-element clearfix hide-for-medium\" style=\"display:block; height:auto; padding-top: 50px;\"><\/div>\n    <\/div>\n<\/section>\n<section class=\"section single-text  blue visible dark-1\">\n    <div class=\"bg section-bg fill bg-fill bg-loaded\">\n    <\/div>\n    <div class=\"section-content relative\">\n        <div class=\"gap-element clearfix hide-for-medium\" style=\"display:block; height:auto; padding-top: 50px;\"><\/div>\n        <div class=\"row row-large align-center align-middle\">\n            <div class=\"col text-col medium-12 small-12 large-9 text-center\">\n                <div class=\"col-inner\">\n                    <h2 title=\"ICH HABE EINE ANDERE FRAGE\" class=\"text-center\">ICH HABE EINE ANDERE FRAGE<\/h2>\n<p>Ist Ihre Frage noch nicht beantwortet? Nehmen Sie dann gerne Kontakt mit uns<\/p>\n<a href=\"mailto:info@fris.nl\" target=\"_blank\" class=\"button primary\" rel=\"noopener\" >\n\t\t<span>Kontakt<\/span>\n\t<\/a>\n\n                <\/div>\n            <\/div>     \n        <\/div>\n        <div class=\"gap-element clearfix hide-for-medium removepaddingbottom\" style=\"display:block; height:auto; padding-top: 30px;\"><\/div>\n    <\/div>\n<\/section>\n<div class=\"gap-element clearfix hide-for-medium removepaddingbottom\" style=\"display:block; height:auto; padding-top: 50px;\"><\/div>\n","protected":false},"excerpt":{"rendered":"","protected":false},"author":1,"featured_media":0,"parent":0,"menu_order":11,"comment_status":"closed","ping_status":"closed","template":"","meta":{"_acf_changed":false,"footnotes":""},"class_list":["post-12424","page","type-page","status-publish","hentry"],"acf":[],"_links":{"self":[{"href":"https:\/\/fris.nl\/de\/wp-json\/wp\/v2\/pages\/12424","targetHints":{"allow":["GET"]}}],"collection":[{"href":"https:\/\/fris.nl\/de\/wp-json\/wp\/v2\/pages"}],"about":[{"href":"https:\/\/fris.nl\/de\/wp-json\/wp\/v2\/types\/page"}],"author":[{"embeddable":true,"href":"https:\/\/fris.nl\/de\/wp-json\/wp\/v2\/users\/1"}],"replies":[{"embeddable":true,"href":"https:\/\/fris.nl\/de\/wp-json\/wp\/v2\/comments?post=12424"}],"version-history":[{"count":3,"href":"https:\/\/fris.nl\/de\/wp-json\/wp\/v2\/pages\/12424\/revisions"}],"predecessor-version":[{"id":12660,"href":"https:\/\/fris.nl\/de\/wp-json\/wp\/v2\/pages\/12424\/revisions\/12660"}],"wp:attachment":[{"href":"https:\/\/fris.nl\/de\/wp-json\/wp\/v2\/media?parent=12424"}],"curies":[{"name":"wp","href":"https:\/\/api.w.org\/{rel}","templated":true}]}}