{"id":12406,"date":"2023-04-20T10:47:50","date_gmt":"2023-04-20T08:47:50","guid":{"rendered":"https:\/\/fris.nl\/?page_id=12406"},"modified":"2024-05-14T11:00:59","modified_gmt":"2024-05-14T09:00:59","slug":"fris-svu","status":"publish","type":"page","link":"https:\/\/fris.nl\/de\/uber-fris\/fris-svu\/","title":{"rendered":"FRIS SVU"},"content":{"rendered":"<section class=\"section half-hero blue dark visible\">\n    <div class=\"bg section-bg fill bg-fill bg-loaded\" style=\"background-image: url('https:\/\/fris.nl\/wp-content\/uploads\/2023\/07\/RSPF8818.jpg'); background-position: 0% 38% !important;\"><\/div>\n    <div class=\"section-content relative\">\n        <div class=\"row\" id=\"row-1299773279\">\n            <div class=\"col medium-12 small-12 large-12 image-col\" style=\"background-image: url('https:\/\/fris.nl\/wp-content\/uploads\/2023\/07\/RSPF8818.jpg');\"><\/div>\n            \n\t<div id=\"col-1934240596\" class=\"col contentarea medium-12 small-12 large-4\"  data-animate=\"fadeInUp\">\n\t\t\t\t<div class=\"col-inner\"  >\n\t\t\t\n\t\t\t\n                <div class=\"col-inner\">\n                    <div id=\"gap-866866620\" class=\"gap-element clearfix\" style=\"display:block; height:auto; padding-top: 40px;\"><\/div>\n                    <h1>FRIS <span style=\"text-decoration: underline;\">SVU<\/span><\/h1>\n                    <content><\/content>\n                    \n\n                    <ul class=\"jumptoitems\"><\/ul>\n                <\/div>\n            \t\t<\/div>\n\t\t\t\t\t<\/div>\n\n\t\n        <\/div>\n    <\/div>\n<\/section>\n<div class=\"gap-element clearfix hide-for-medium\" style=\"display:block; height:auto; padding-top: 50px;\"><\/div>\n<span class=\"scroll-to\" data-label=\"Scroll to: #FRIS-investiert-in-SVU-und-Nachhaltigkeit\" data-bullet=\"false\" data-link=\"#FRIS-investiert-in-SVU-und-Nachhaltigkeit\" data-title=\"FRIS investiert in SVU und Nachhaltigkeit\"><a name=\"FRIS-investiert-in-SVU-und-Nachhaltigkeit\"><\/a><\/span><section class=\"section image-text image-text-left red visible\">\n    <div class=\"bg section-bg fill bg-fill bg-loaded\">\n    <\/div>\n    <div class=\"section-content relative\">\n        <div class=\"row row-large align-center align-middle\">\n            <div class=\"col text-col medium-12 small-12 large-6\">\n                <div class=\"col-inner\">\n                    <h3 title=\"FRIS investiert in SVU und Nachhaltigkeit\">FRIS investiert in SVU und Nachhaltigkeit<\/h3>\n                    \n<p>Wir arbeiten jeden Tag an der sozialen Verantwortung von Unternehmen. Mit unserer Stiftung FRIS Voor Kinderen engagieren wir uns nicht nur f\u00fcr Waisen und obdachlose Kinder, sondern beraten und unterst\u00fctzen unsere Kunden und Partner auch im Bereich der Nachhaltigkeit.<\/p>\n\n                    \n                <\/div>\n            <\/div>\n            <div id=\"col-2\" class=\"col medium-12 small-10 large-6 medium-col-first\">\n                <div class=\"col-inner\">\n                    <div class=\"img has-hover x md-x lg-x y md-y lg-y\" style=\"width: 100%;\">\n                        <div class=\"img-inner radius dark\">\n                            <img loading=\"lazy\" decoding=\"async\" width=\"1020\" height=\"697\" src=\"https:\/\/fris.nl\/wp-content\/uploads\/2023\/07\/Stichting-van-het-Kind-22-1024x700.jpg\" class=\"attachment-large size-large\" alt=\"FRIS investiert in SVU und Nachhaltigkeit\" title=\"FRIS investiert in SVU und Nachhaltigkeit\" srcset=\"https:\/\/fris.nl\/wp-content\/uploads\/2023\/07\/Stichting-van-het-Kind-22-1024x700.jpg 1024w, https:\/\/fris.nl\/wp-content\/uploads\/2023\/07\/Stichting-van-het-Kind-22-300x205.jpg 300w, https:\/\/fris.nl\/wp-content\/uploads\/2023\/07\/Stichting-van-het-Kind-22-768x525.jpg 768w, https:\/\/fris.nl\/wp-content\/uploads\/2023\/07\/Stichting-van-het-Kind-22-1536x1051.jpg 1536w, https:\/\/fris.nl\/wp-content\/uploads\/2023\/07\/Stichting-van-het-Kind-22.jpg 1589w\" sizes=\"auto, (max-width: 1020px) 100vw, 1020px\" \/>\n                        <\/div>\n                    <\/div>\n                <\/div>\n            <\/div>        \n        <\/div>\n        <div class=\"gap-element clearfix hide-for-medium\" style=\"display:block; height:auto; padding-top: 30px;\"><\/div>\n    <\/div>\n<\/section>\n<span class=\"scroll-to\" data-label=\"Scroll to: #Machen-Sie-Ihr-B\u00fcro-Ihre-Gesch\u00e4ftsr\u00e4ume-oder-Ihr-Zuhause-nachhaltiger\" data-bullet=\"false\" data-link=\"#Machen-Sie-Ihr-B\u00fcro-Ihre-Gesch\u00e4ftsr\u00e4ume-oder-Ihr-Zuhause-nachhaltiger\" data-title=\"Machen Sie Ihr B\u00fcro, Ihre Gesch\u00e4ftsr\u00e4ume oder Ihr Zuhause nachhaltiger\"><a name=\"Machen-Sie-Ihr-B\u00fcro-Ihre-Gesch\u00e4ftsr\u00e4ume-oder-Ihr-Zuhause-nachhaltiger\"><\/a><\/span><section class=\"section image-text image-text-right red visible\">\n    <div class=\"bg section-bg fill bg-fill bg-loaded\">\n    <\/div>\n    <div class=\"section-content relative\">        \n        <div class=\"row row-large align-center align-middle\">\n            <div id=\"col-2\" class=\"col medium-12 small-10 large-6 medium-col-first\">\n                <div class=\"col-inner\">\n                    <div class=\"img has-hover x md-x lg-x y md-y lg-y\" style=\"width: 100%;\">\n                        <div class=\"img-inner radius dark\">\n                            <img loading=\"lazy\" decoding=\"async\" width=\"1020\" height=\"680\" src=\"https:\/\/fris.nl\/wp-content\/uploads\/2023\/07\/Jelle-Straatsma1-Groot-Taxaties-1-1024x683.png\" class=\"attachment-large size-large\" alt=\"Machen Sie Ihr B\u00fcro, Ihre Gesch\u00e4ftsr\u00e4ume oder Ihr Zuhause nachhaltiger\" title=\"Machen Sie Ihr B\u00fcro, Ihre Gesch\u00e4ftsr\u00e4ume oder Ihr Zuhause nachhaltiger\" srcset=\"https:\/\/fris.nl\/wp-content\/uploads\/2023\/07\/Jelle-Straatsma1-Groot-Taxaties-1-1024x683.png 1024w, https:\/\/fris.nl\/wp-content\/uploads\/2023\/07\/Jelle-Straatsma1-Groot-Taxaties-1-300x200.png 300w, https:\/\/fris.nl\/wp-content\/uploads\/2023\/07\/Jelle-Straatsma1-Groot-Taxaties-1-768x512.png 768w, https:\/\/fris.nl\/wp-content\/uploads\/2023\/07\/Jelle-Straatsma1-Groot-Taxaties-1.png 1280w\" sizes=\"auto, (max-width: 1020px) 100vw, 1020px\" \/>\n                        <\/div>\n                    <\/div>\n                <\/div>\n            <\/div> \n            <div class=\"col text-col medium-12 small-12 large-6\">\n                <div class=\"col-inner\">\n                    <h3 title=\"Machen Sie Ihr B\u00fcro, Ihre Gesch\u00e4ftsr\u00e4ume oder Ihr Zuhause nachhaltiger\">Machen Sie Ihr B\u00fcro, Ihre Gesch\u00e4ftsr\u00e4ume oder Ihr Zuhause nachhaltiger<\/h3>\n                    \n<p>Unsere FRIS Real People verraten Ihnen gerne, was Sie am besten tun k\u00f6nnen, um Ihr B\u00fcro, Ihre Gesch\u00e4ftsr\u00e4ume oder Ihr Zuhause nachhaltiger zu gestalten, aber auch, wie wir Nachhaltigkeit im Bereich der Bewertungen ber\u00fccksichtigen.<\/p>\n\n                    \n                <\/div>\n            <\/div>       \n        <\/div>\n        <div class=\"gap-element clearfix hide-for-medium\" style=\"display:block; height:auto; padding-top: 30px;\"><\/div>\n    <\/div>\n<\/section>\n<span class=\"scroll-to\" data-label=\"Scroll to: #Ziele\" data-bullet=\"false\" data-link=\"#Ziele\" data-title=\"Ziele\"><a name=\"Ziele\"><\/a><\/span><section class=\"section single-text  blue visible light-2\">\n    <div class=\"bg section-bg fill bg-fill bg-loaded\">\n    <\/div>\n    <div class=\"section-content relative\">\n        <div class=\"gap-element clearfix hide-for-medium\" style=\"display:block; height:auto; padding-top: 50px;\"><\/div>\n        <div class=\"row row-large align-center align-middle\">\n            <div class=\"col text-col medium-12 small-12 large-9 text-center\">\n                <div class=\"col-inner\">\n                    <h2 title=\"ZIELE\" class=\"text-center\">ZIELE<\/h2>\n<p style=\"text-align: center;\">Welche Ziele verfolgt FRIS im Bereich der sozialen Verantwortung von Unternehmen?<\/p>\n<p class=\"p1\" style=\"text-align: center;\">Sehen Sie, was wir\u00a0<a href=\"\/wp-content\/uploads\/2023\/09\/FRIS_MVO_Beleidsplan__Update_2018_.pdf\"><u>2018<\/u><\/a>\u00a0erreicht haben.<\/p>\n<a href=\"\/wp-content\/uploads\/2023\/09\/FRIS-MVO-Beleidsplan-2018.pdf\" target=\"_blank\" class=\"button primary lowercase\" rel=\"noopener\" >\n\t\t<span>Sehen Sie sich unser SVU-Programm an<\/span>\n\t<\/a>\n\n                <\/div>\n            <\/div>     \n        <\/div>\n        <div class=\"gap-element clearfix hide-for-medium\" style=\"display:block; height:auto; padding-top: 30px;\"><\/div>\n    <\/div>\n<\/section>\n<div class=\"gap-element clearfix hide-for-medium\" style=\"display:block; height:auto; padding-top: 50px;\"><\/div>\n<span class=\"scroll-to\" data-label=\"Scroll to: #M\u00f6chten-Sie-mehr-\u00fcber-den-FRIS-Code-wissen?\" data-bullet=\"false\" data-link=\"#M\u00f6chten-Sie-mehr-\u00fcber-den-FRIS-Code-wissen?\" data-title=\"M\u00f6chten Sie mehr \u00fcber den FRIS-Code wissen?\"><a name=\"M\u00f6chten-Sie-mehr-\u00fcber-den-FRIS-Code-wissen?\"><\/a><\/span><section class=\"section image-text image-text-left red visible\">\n    <div class=\"bg section-bg fill bg-fill bg-loaded\">\n    <\/div>\n    <div class=\"section-content relative\">\n        <div class=\"row row-large align-center align-middle\">\n            <div class=\"col text-col medium-12 small-12 large-6\">\n                <div class=\"col-inner\">\n                    <h3 title=\"M\u00f6chten Sie mehr \u00fcber den FRIS-Code wissen?\">M\u00f6chten Sie mehr \u00fcber den FRIS-Code wissen?<\/h3>\n                    \n<ul>\n<li>\n<p class=\"p1\">Sie sparen Kosten und erzielen bessere Renditen<\/p>\n<\/li>\n<li>\n<p class=\"p1\">Sie tragen zu einer lebenswerten Welt bei<\/p>\n<\/li>\n<li>\n<p class=\"p1\">Sie sind sich zuk\u00fcnftiger Generationen bewusst<\/p>\n<\/li>\n<\/ul>\n\n                    \n                <\/div>\n            <\/div>\n            <div id=\"col-2\" class=\"col medium-12 small-10 large-6 medium-col-first\">\n                <div class=\"col-inner\">\n                    <div class=\"img has-hover x md-x lg-x y md-y lg-y\" style=\"width: 100%;\">\n                        <div class=\"img-inner radius dark\">\n                            <img loading=\"lazy\" decoding=\"async\" width=\"1020\" height=\"680\" src=\"https:\/\/fris.nl\/wp-content\/uploads\/2023\/04\/stock511-LR-1024x683.jpg\" class=\"attachment-large size-large\" alt=\"M\u00f6chten Sie mehr \u00fcber den FRIS-Code wissen?\" title=\"M\u00f6chten Sie mehr \u00fcber den FRIS-Code wissen?\" srcset=\"https:\/\/fris.nl\/wp-content\/uploads\/2023\/04\/stock511-LR-1024x683.jpg 1024w, https:\/\/fris.nl\/wp-content\/uploads\/2023\/04\/stock511-LR-300x200.jpg 300w, https:\/\/fris.nl\/wp-content\/uploads\/2023\/04\/stock511-LR-768x512.jpg 768w, https:\/\/fris.nl\/wp-content\/uploads\/2023\/04\/stock511-LR-1536x1024.jpg 1536w, https:\/\/fris.nl\/wp-content\/uploads\/2023\/04\/stock511-LR-2048x1366.jpg 2048w\" sizes=\"auto, (max-width: 1020px) 100vw, 1020px\" \/>\n                        <\/div>\n                    <\/div>\n                <\/div>\n            <\/div>        \n        <\/div>\n        <div class=\"gap-element clearfix hide-for-medium\" style=\"display:block; height:auto; padding-top: 30px;\"><\/div>\n    <\/div>\n<\/section>\n\n\t<section class=\"section topic-grid-three visible\" id=\"section_1375762602\">\n\t\t<div class=\"section-bg fill\" >\n\t\t\t\t\t\t\t\t\t\n\t\t\t\n\n\t\t<\/div>\n\n\t\t\n\n\t\t<div class=\"section-content relative\">\n\t\t\t\n\t<div id=\"gap-1256546205\" class=\"gap-element clearfix\" style=\"display:block; height:auto;\">\n\t\t\n<style>\n#gap-1256546205 {\n  padding-top: 100px;\n}\n<\/style>\n\t<\/div>\n\t\n<div class=\"row\"  id=\"row-505780191\">\n\n\t<div id=\"col-67976531\" class=\"col small-12 large-12\"  >\n\t\t\t\t<div class=\"col-inner\"  >\n\t\t\t\n\t\t\t\n\t<div id=\"text-553089180\" class=\"text\">\n\t\t\n<h2>Nachricht<\/h2>\n\t\t\n<style>\n#text-553089180 {\n  text-align: center;\n}\n<\/style>\n\t<\/div>\n\t\n\t\t<\/div>\n\t\t\t\t\t<\/div>\n\n\t\n<\/div>\n\t<div id=\"gap-892965411\" class=\"gap-element clearfix\" style=\"display:block; height:auto;\">\n\t\t\n<style>\n#gap-892965411 {\n  padding-top: 50px;\n}\n<\/style>\n\t<\/div>\n\t\n<div class=\"row\"  id=\"row-795575018\">\n\t<div id=\"col-870554585\" class=\"col large-12\"  >\n\t\t\t\t<div class=\"col-inner text-center\"  >\n\t\t\t\n\t\t\tDerzeit liegen keine Nachrichten vor\t\t<\/div>\n\t\t\t\t\t<\/div>\n\n\t<\/div>\n\t<div id=\"gap-985437744\" class=\"gap-element clearfix\" style=\"display:block; height:auto;\">\n\t\t\n<style>\n#gap-985437744 {\n  padding-top: 100px;\n}\n<\/style>\n\t<\/div>\n\t\n\t\t<\/div>\n\n\t\t\n<style>\n#section_1375762602 {\n  padding-top: 0px;\n  padding-bottom: 0px;\n}\n<\/style>\n\t<\/section>\n\t\n<section class=\"section single-text  blue visible\">\n    <div class=\"bg section-bg fill bg-fill bg-loaded\">\n    <\/div>\n    <div class=\"section-content relative\">\n        <div class=\"gap-element clearfix hide-for-medium\" style=\"display:block; height:auto; padding-top: 50px;\"><\/div>\n        <div class=\"row row-large align-center align-middle\">\n            <div class=\"col text-col medium-12 small-12 large-9 text-center\">\n                <div class=\"col-inner\">\n                    <h2 title=\"M\u00d6CHTEN SIE MEHR \u00dcBER DEN FRIS-CODE WISSEN?\" class=\"text-center\">M\u00d6CHTEN SIE MEHR \u00dcBER DEN FRIS-CODE WISSEN?<\/h2>\n<a href=\"\/de\/uber-fris\/der-fris-code\/\" class=\"button primary\" >\n\t\t<span>Ja gerne<\/span>\n\t<\/a>\n\n                <\/div>\n            <\/div>     \n        <\/div>\n        <div class=\"gap-element clearfix hide-for-medium\" style=\"display:block; height:auto; padding-top: 30px;\"><\/div>\n    <\/div>\n<\/section>\n<div class=\"gap-element clearfix hide-for-medium\" style=\"display:block; height:auto; padding-top: 50px;\"><\/div>\n","protected":false},"excerpt":{"rendered":"","protected":false},"author":1,"featured_media":0,"parent":12434,"menu_order":13,"comment_status":"closed","ping_status":"closed","template":"","meta":{"_acf_changed":false,"footnotes":""},"class_list":["post-12406","page","type-page","status-publish","hentry"],"acf":[],"_links":{"self":[{"href":"https:\/\/fris.nl\/de\/wp-json\/wp\/v2\/pages\/12406","targetHints":{"allow":["GET"]}}],"collection":[{"href":"https:\/\/fris.nl\/de\/wp-json\/wp\/v2\/pages"}],"about":[{"href":"https:\/\/fris.nl\/de\/wp-json\/wp\/v2\/types\/page"}],"author":[{"embeddable":true,"href":"https:\/\/fris.nl\/de\/wp-json\/wp\/v2\/users\/1"}],"replies":[{"embeddable":true,"href":"https:\/\/fris.nl\/de\/wp-json\/wp\/v2\/comments?post=12406"}],"version-history":[{"count":6,"href":"https:\/\/fris.nl\/de\/wp-json\/wp\/v2\/pages\/12406\/revisions"}],"predecessor-version":[{"id":13763,"href":"https:\/\/fris.nl\/de\/wp-json\/wp\/v2\/pages\/12406\/revisions\/13763"}],"up":[{"embeddable":true,"href":"https:\/\/fris.nl\/de\/wp-json\/wp\/v2\/pages\/12434"}],"wp:attachment":[{"href":"https:\/\/fris.nl\/de\/wp-json\/wp\/v2\/media?parent=12406"}],"curies":[{"name":"wp","href":"https:\/\/api.w.org\/{rel}","templated":true}]}}