{"id":12394,"date":"2023-04-20T10:47:50","date_gmt":"2023-04-20T08:47:50","guid":{"rendered":"https:\/\/fris.nl\/?page_id=12394"},"modified":"2024-03-01T15:49:04","modified_gmt":"2024-03-01T14:49:04","slug":"arbeiten-bei-fris","status":"publish","type":"page","link":"https:\/\/fris.nl\/de\/uber-fris\/arbeiten-bei-fris\/","title":{"rendered":"Arbeiten bei FRIS"},"content":{"rendered":"<section class=\"section half-hero darkblue dark visible\">\n    <div class=\"bg section-bg fill bg-fill bg-loaded\" style=\"background-image: url('https:\/\/fris.nl\/wp-content\/uploads\/2023\/07\/Part-of-the-family.png'); background-position: 0% 49% !important;\"><\/div>\n    <div class=\"section-content relative\">\n        <div class=\"row\" id=\"row-1299773279\">\n            <div class=\"col medium-12 small-12 large-12 image-col\" style=\"background-image: url('https:\/\/fris.nl\/wp-content\/uploads\/2023\/07\/Part-of-the-family.png');\"><\/div>\n            \n\t<div id=\"col-1346972576\" class=\"col contentarea medium-12 small-12 large-4\"  data-animate=\"fadeInUp\">\n\t\t\t\t<div class=\"col-inner\"  >\n\t\t\t\n\t\t\t\n                <div class=\"col-inner\">\n                    <div id=\"gap-866866620\" class=\"gap-element clearfix\" style=\"display:block; height:auto; padding-top: 40px;\"><\/div>\n                    <h1>Arbeiten <span style=\"text-decoration: underline;\">bei&nbsp;FRIS<\/span><\/h1>\n                    <content><\/content>\n                    \n\n                    <ul class=\"jumptoitems\"><\/ul>\n                <\/div>\n            \t\t<\/div>\n\t\t\t\t\t<\/div>\n\n\t\n        <\/div>\n    <\/div>\n<\/section>\n<div class=\"gap-element clearfix hide-for-medium\" style=\"display:block; height:auto; padding-top: 50px;\"><\/div>\n<span class=\"scroll-to\" data-label=\"Scroll to: #Warum-FRIS?\" data-bullet=\"false\" data-link=\"#Warum-FRIS?\" data-title=\"Warum FRIS?\"><a name=\"Warum-FRIS?\"><\/a><\/span><section class=\"section image-text image-text-left red visible\">\n    <div class=\"bg section-bg fill bg-fill bg-loaded\">\n    <\/div>\n    <div class=\"section-content relative\">\n        <div class=\"row row-large align-center align-middle\">\n            <div class=\"col text-col medium-12 small-12 large-6\">\n                <div class=\"col-inner\">\n                    <h3 title=\"Warum FRIS?\">Warum FRIS?<\/h3>\n                    \n<p>M\u00f6chten Sie in einem traditionellen Familienunternehmen arbeiten? FRIS ist st\u00e4ndig in Bewegung, engagiert und reagiert kontinuierlich auf die sich ver\u00e4ndernde Welt. Digitalisierung, Innovation, Gemeinschaftssinn, Nachhaltigkeit und Soziale Unternehmensverantwortung sind die Leitthemen unserer Gesellschaft, auch in unserer Entwicklung. FRIS ist ein solides Unternehmen von echten Menschen f\u00fcr echte Menschen. F\u00fcr uns steht der Kunde immer an erster Stelle.<\/p>\n\n                    \n                <\/div>\n            <\/div>\n            <div id=\"col-2\" class=\"col medium-12 small-10 large-6 medium-col-first\">\n                <div class=\"col-inner\">\n                    <div class=\"img has-hover x md-x lg-x y md-y lg-y\" style=\"width: 100%;\">\n                        <div class=\"img-inner radius dark\">\n                            <img loading=\"lazy\" decoding=\"async\" width=\"1020\" height=\"680\" src=\"https:\/\/fris.nl\/wp-content\/uploads\/2023\/07\/Team-bedrijfsmatig-Vastgoed-1024x683.png\" class=\"attachment-large size-large\" alt=\"Warum FRIS?\" title=\"Warum FRIS?\" srcset=\"https:\/\/fris.nl\/wp-content\/uploads\/2023\/07\/Team-bedrijfsmatig-Vastgoed-1024x683.png 1024w, https:\/\/fris.nl\/wp-content\/uploads\/2023\/07\/Team-bedrijfsmatig-Vastgoed-300x200.png 300w, https:\/\/fris.nl\/wp-content\/uploads\/2023\/07\/Team-bedrijfsmatig-Vastgoed-768x512.png 768w, https:\/\/fris.nl\/wp-content\/uploads\/2023\/07\/Team-bedrijfsmatig-Vastgoed.png 1280w\" sizes=\"auto, (max-width: 1020px) 100vw, 1020px\" \/>\n                        <\/div>\n                    <\/div>\n                <\/div>\n            <\/div>        \n        <\/div>\n        <div class=\"gap-element clearfix hide-for-medium\" style=\"display:block; height:auto; padding-top: 30px;\"><\/div>\n    <\/div>\n<\/section>\n<span class=\"scroll-to\" data-label=\"Scroll to: #Ihr-Bewerbungsverfahren\" data-bullet=\"false\" data-link=\"#Ihr-Bewerbungsverfahren\" data-title=\"Ihr Bewerbungsverfahren\"><a name=\"Ihr-Bewerbungsverfahren\"><\/a><\/span><section class=\"section image-text image-text-right red visible\">\n    <div class=\"bg section-bg fill bg-fill bg-loaded\">\n    <\/div>\n    <div class=\"section-content relative\">        \n        <div class=\"row row-large align-center align-middle\">\n            <div id=\"col-2\" class=\"col medium-12 small-10 large-6 medium-col-first\">\n                <div class=\"col-inner\">\n                    <div class=\"img has-hover x md-x lg-x y md-y lg-y\" style=\"width: 100%;\">\n                        <div class=\"img-inner radius dark\">\n                            <img loading=\"lazy\" decoding=\"async\" width=\"1020\" height=\"680\" src=\"https:\/\/fris.nl\/wp-content\/uploads\/2023\/04\/stock-Woning-makelaarsDSC00748-1024x683.jpg\" class=\"attachment-large size-large\" alt=\"Ihr Bewerbungsverfahren\" title=\"Ihr Bewerbungsverfahren\" srcset=\"https:\/\/fris.nl\/wp-content\/uploads\/2023\/04\/stock-Woning-makelaarsDSC00748-1024x683.jpg 1024w, https:\/\/fris.nl\/wp-content\/uploads\/2023\/04\/stock-Woning-makelaarsDSC00748-300x200.jpg 300w, https:\/\/fris.nl\/wp-content\/uploads\/2023\/04\/stock-Woning-makelaarsDSC00748-768x512.jpg 768w, https:\/\/fris.nl\/wp-content\/uploads\/2023\/04\/stock-Woning-makelaarsDSC00748-1536x1024.jpg 1536w, https:\/\/fris.nl\/wp-content\/uploads\/2023\/04\/stock-Woning-makelaarsDSC00748-2048x1366.jpg 2048w\" sizes=\"auto, (max-width: 1020px) 100vw, 1020px\" \/>\n                        <\/div>\n                    <\/div>\n                <\/div>\n            <\/div> \n            <div class=\"col text-col medium-12 small-12 large-6\">\n                <div class=\"col-inner\">\n                    <h3 title=\"Ihr Bewerbungsverfahren\">Ihr Bewerbungsverfahren<\/h3>\n                    \n<p>Interessieren Sie sich f\u00fcr eine der offenen Stellen oder m\u00f6chten Sie sich initiativ bewerben? Treten Sie den Real People bei und senden Sie uns eine WhatsApp (+31 (0)6 \u2013 13 13 54 66) mit der Angabe, an welcher Stelle Sie interessiert sind. Sie k\u00f6nnen \u00fcber unsere Website auch direkt auf offene Stellen reagieren, indem Sie Ihren Lebenslauf und Ihr Bewerbungsschreiben hochladen.<\/p>\n<p>Sie erhalten eine Best\u00e4tigung Ihrer Bewerbung \u00fcber die Website per E-Mail. Wenn Sie die Stellenanforderungen erf\u00fcllen und unsere Aufmerksamkeit erhalten, wird sich unser Personalberater innerhalb weniger Tage pers\u00f6nlich mit Ihnen in Verbindung setzen. Sollten Sie die Voraussetzungen nicht erf\u00fcllen, erhalten Sie eine Nachricht per E-Mail.\u00a0<\/p>\n\n                    \n                <\/div>\n            <\/div>       \n        <\/div>\n        <div class=\"gap-element clearfix hide-for-medium\" style=\"display:block; height:auto; padding-top: 30px;\"><\/div>\n    <\/div>\n<\/section>\n\n\t<section class=\"section topic-grid-three visible\" id=\"section_682962659\">\n\t\t<div class=\"section-bg fill\" >\n\t\t\t\t\t\t\t\t\t\n\t\t\t\n\n\t\t<\/div>\n\n\t\t\n\n\t\t<div class=\"section-content relative\">\n\t\t\t\n\t<div id=\"gap-669413161\" class=\"gap-element clearfix\" style=\"display:block; height:auto;\">\n\t\t\n<style>\n#gap-669413161 {\n  padding-top: 100px;\n}\n<\/style>\n\t<\/div>\n\t\n<div class=\"row\"  id=\"row-1061475195\">\n\n\t<div id=\"col-917392680\" class=\"col small-12 large-12\"  >\n\t\t\t\t<div class=\"col-inner\"  >\n\t\t\t\n\t\t\t\n\t<div id=\"text-573702704\" class=\"text\">\n\t\t\n<h2> STELLENANGEBOTE von FRIS<\/h2>\n\t\t\n<style>\n#text-573702704 {\n  text-align: center;\n}\n<\/style>\n\t<\/div>\n\t\n\t\t<\/div>\n\t\t\t\t\t<\/div>\n\n\t\n<\/div>\n\t<div id=\"gap-1399646058\" class=\"gap-element clearfix\" style=\"display:block; height:auto;\">\n\t\t\n<style>\n#gap-1399646058 {\n  padding-top: 50px;\n}\n<\/style>\n\t<\/div>\n\t\n<div class=\"row large-columns-5 medium-columns-1 small-columns-1 row-large\">\n\n<\/div>\n<!-- &#091;blog_posts style=\"push\" type=\"row\" col_spacing=\"large\" columns=\"5\" columns__md=\"1\" posts=\"%posts%\" show_date=\"text\" excerpt=\"false\" show_category=\"text\" image_height=\"56.25%\" text_align=\"left\" animate=\"flipInX\"&#093; -->\n\t<div id=\"gap-1786416813\" class=\"gap-element clearfix\" style=\"display:block; height:auto;\">\n\t\t\n<style>\n#gap-1786416813 {\n  padding-top: 100px;\n}\n<\/style>\n\t<\/div>\n\t\n\t\t<\/div>\n\n\t\t\n<style>\n#section_682962659 {\n  padding-top: 0px;\n  padding-bottom: 0px;\n}\n<\/style>\n\t<\/section>\n\t\n<section class=\"section button-row light visible\">\n<div class=\"bg section-bg fill bg-fill bg-loaded\">\n<\/div>\n<div class=\"section-content relative\">\n<div class=\"row align-center \">\n<div class=\"col text-center medium-12 small-12 large-12  visible\">\n    <div class=\"col-inner\">\n        <a href=\"\/vacatures\/\" class=\"button primary\" rel=\"meer vacatures\" >\n\t\t<span>WEITERE STELLENANGEBOTE<\/span>\n\t<\/a>\n\n    <\/div>\n<\/div>\n<\/div>\n<\/div>\n<\/section>\n<section class=\"section single-text  blue visible dark-2\">\n    <div class=\"bg section-bg fill bg-fill bg-loaded\">\n    <\/div>\n    <div class=\"section-content relative\">\n        <div class=\"gap-element clearfix hide-for-medium\" style=\"display:block; height:auto; padding-top: 50px;\"><\/div>\n        <div class=\"row row-large align-center align-middle\">\n            <div class=\"col text-col medium-12 small-12 large-9 text-center\">\n                <div class=\"col-inner\">\n                    <h2 title=\"KEINE PASSENDE OFFENE STELLE?\" class=\"text-center\">KEINE PASSENDE OFFENE STELLE?<\/h2>\n<p>Gibt es derzeit keine passende Stelle? Sie k\u00f6nnen jederzeit eine Initiativbewerbung an FRIS senden.<\/p>\n<a href=\"mailto:j.gorthuis@fris.nl\" target=\"_blank\" class=\"button primary\" rel=\"noopener\" >\n\t\t<span>Ja gerne<\/span>\n\t<\/a>\n\n                <\/div>\n            <\/div>     \n        <\/div>\n        <div class=\"gap-element clearfix hide-for-medium\" style=\"display:block; height:auto; padding-top: 30px;\"><\/div>\n    <\/div>\n<\/section>\n<div class=\"gap-element clearfix hide-for-medium\" style=\"display:block; height:auto; padding-top: 50px;\"><\/div>\n<span class=\"scroll-to\" data-label=\"Scroll to: #\u00dcber-FRIS\" data-bullet=\"false\" data-link=\"#\u00dcber-FRIS\" data-title=\"\u00dcber FRIS\"><a name=\"\u00dcber-FRIS\"><\/a><\/span><section class=\"section image-text image-text-left red visible\">\n    <div class=\"bg section-bg fill bg-fill bg-loaded\">\n    <\/div>\n    <div class=\"section-content relative\">\n        <div class=\"row row-large align-center align-middle\">\n            <div class=\"col text-col medium-12 small-12 large-6\">\n                <div class=\"col-inner\">\n                    <h3 title=\"\u00dcber FRIS\">\u00dcber FRIS<\/h3>\n                    \n<p>FRIS ist ein traditionelles Familienunternehmen im Immobilienbereich und besteht seit \u00fcber 100 Jahren. Das ist nicht nur einzigartig, sondern auch sp\u00fcrbar in unserer Unternehmenskultur: Pers\u00f6nliche Betreuung, klare Kommunikation und eine kundenorientierte interne Struktur stehen im Mittelpunkt. Dies bildet eine solide Basis f\u00fcr Arbeitszufriedenheit, Kundenzufriedenheit, aber auch f\u00fcr den Erfolg und die Entwicklung von FRIS.<\/p>\n<p>Wir, die Real People von FRIS, sind engagierte Menschen. Jeder einzelne ist ein Botschafter der FRIS-DNA. Die Qualit\u00e4ten, die Kunden und Kollegen t\u00e4glich im Kontakt und Service erleben.\u00a0<\/p>\n<p>Engagiert, ehrlich, proaktiv, r\u00fccksichtsvoll, sachkundig, ein Service, der die Erwartungen \u00fcbertrifft, professionell und fortschrittlich: Das k\u00f6nnen Sie von uns erwarten. Jeden Tag erneut.\u00a0 \u00a0<\/p>\n\n                    \n                <\/div>\n            <\/div>\n            <div id=\"col-2\" class=\"col medium-12 small-10 large-6 medium-col-first\">\n                <div class=\"col-inner\">\n                    <div class=\"img has-hover x md-x lg-x y md-y lg-y\" style=\"width: 100%;\">\n                        <div class=\"img-inner radius dark\">\n                            <img loading=\"lazy\" decoding=\"async\" width=\"1020\" height=\"680\" src=\"https:\/\/fris.nl\/wp-content\/uploads\/2023\/07\/Eileen-Aikkir-Comm-Vastg-1024x683.png\" class=\"attachment-large size-large\" alt=\"\u00dcber FRIS\" title=\"\u00dcber FRIS\" srcset=\"https:\/\/fris.nl\/wp-content\/uploads\/2023\/07\/Eileen-Aikkir-Comm-Vastg-1024x683.png 1024w, https:\/\/fris.nl\/wp-content\/uploads\/2023\/07\/Eileen-Aikkir-Comm-Vastg-300x200.png 300w, https:\/\/fris.nl\/wp-content\/uploads\/2023\/07\/Eileen-Aikkir-Comm-Vastg-768x512.png 768w, https:\/\/fris.nl\/wp-content\/uploads\/2023\/07\/Eileen-Aikkir-Comm-Vastg.png 1280w\" sizes=\"auto, (max-width: 1020px) 100vw, 1020px\" \/>\n                        <\/div>\n                    <\/div>\n                <\/div>\n            <\/div>        \n        <\/div>\n        <div class=\"gap-element clearfix hide-for-medium\" style=\"display:block; height:auto; padding-top: 30px;\"><\/div>\n    <\/div>\n<\/section>\n<section class=\"section image-text image-text-right red visible\">\n    <div class=\"bg section-bg fill bg-fill bg-loaded\">\n    <\/div>\n    <div class=\"section-content relative\">        \n        <div class=\"row row-large align-center align-middle\">\n            <div id=\"col-2\" class=\"col medium-12 small-10 large-6 medium-col-first\">\n                <div class=\"col-inner\">\n                    <div class=\"img has-hover x md-x lg-x y md-y lg-y\" style=\"width: 100%;\">\n                        <div class=\"img-inner radius dark\">\n                            <img loading=\"lazy\" decoding=\"async\" width=\"600\" height=\"451\" src=\"https:\/\/fris.nl\/wp-content\/uploads\/2023\/04\/1Mevrouw_Grimbergen.jpg\" class=\"attachment-large size-large\" alt=\"Wie war das Arbeiten bei FRIS vor mehr als 70 Jahren?\" title=\"Wie war das Arbeiten bei FRIS vor mehr als 70 Jahren?\" srcset=\"https:\/\/fris.nl\/wp-content\/uploads\/2023\/04\/1Mevrouw_Grimbergen.jpg 600w, https:\/\/fris.nl\/wp-content\/uploads\/2023\/04\/1Mevrouw_Grimbergen-300x226.jpg 300w\" sizes=\"auto, (max-width: 600px) 100vw, 600px\" \/>\n                        <\/div>\n                    <\/div>\n                <\/div>\n            <\/div> \n            <div class=\"col text-col medium-12 small-12 large-6\">\n                <div class=\"col-inner\">\n                    <h3 title=\"Wie war das Arbeiten bei FRIS vor mehr als 70 Jahren?\">Wie war das Arbeiten bei FRIS vor mehr als 70 Jahren?<\/h3>\n                    \n<p>Von: Leontine van Kampen (32)<\/p>\n<p>\u201eWussten Sie, dass FRIS mittlerweile aus fast 90 Kollegen besteht?\u201c Frau Grimbergen schaute auf: &#8222;Du nimmst mich auf den Arm! Zu meiner Zeit waren es nur 25 Mitarbeiter.\u201c So begann mein Interview mit Frau Grimbergen (93) im Rahmen von \u201eFast 100 Jahre FRIS\u201c. Sie arbeitete im Alter von 18 bis 25 Jahren bei FRIS. Die zentrale Frage in diesem Interview: \u201eWie war es vor 70 Jahren, bei FRIS zu arbeiten?\u201c<\/p>\n<p>\u00a0<\/p>\n\n                    <a href=\"\/mevrouw-grimbergen\/\" class=\"button primary\" >\n\t\t<span>INTERVIEW MIT FRAU GRIMBERGEN<\/span>\n\t<\/a>\n\n                <\/div>\n            <\/div>       \n        <\/div>\n        <div class=\"gap-element clearfix hide-for-medium\" style=\"display:block; height:auto; padding-top: 30px;\"><\/div>\n    <\/div>\n<\/section>\n","protected":false},"excerpt":{"rendered":"","protected":false},"author":1,"featured_media":0,"parent":12434,"menu_order":24,"comment_status":"closed","ping_status":"closed","template":"","meta":{"_acf_changed":false,"footnotes":""},"class_list":["post-12394","page","type-page","status-publish","hentry"],"acf":[],"_links":{"self":[{"href":"https:\/\/fris.nl\/de\/wp-json\/wp\/v2\/pages\/12394","targetHints":{"allow":["GET"]}}],"collection":[{"href":"https:\/\/fris.nl\/de\/wp-json\/wp\/v2\/pages"}],"about":[{"href":"https:\/\/fris.nl\/de\/wp-json\/wp\/v2\/types\/page"}],"author":[{"embeddable":true,"href":"https:\/\/fris.nl\/de\/wp-json\/wp\/v2\/users\/1"}],"replies":[{"embeddable":true,"href":"https:\/\/fris.nl\/de\/wp-json\/wp\/v2\/comments?post=12394"}],"version-history":[{"count":6,"href":"https:\/\/fris.nl\/de\/wp-json\/wp\/v2\/pages\/12394\/revisions"}],"predecessor-version":[{"id":12400,"href":"https:\/\/fris.nl\/de\/wp-json\/wp\/v2\/pages\/12394\/revisions\/12400"}],"up":[{"embeddable":true,"href":"https:\/\/fris.nl\/de\/wp-json\/wp\/v2\/pages\/12434"}],"wp:attachment":[{"href":"https:\/\/fris.nl\/de\/wp-json\/wp\/v2\/media?parent=12394"}],"curies":[{"name":"wp","href":"https:\/\/api.w.org\/{rel}","templated":true}]}}