{"id":12391,"date":"2023-04-20T10:47:50","date_gmt":"2023-04-20T08:47:50","guid":{"rendered":"https:\/\/fris.nl\/?page_id=12391"},"modified":"2024-03-01T15:49:40","modified_gmt":"2024-03-01T14:49:40","slug":"fris-international","status":"publish","type":"page","link":"https:\/\/fris.nl\/de\/uber-fris\/fris-international\/","title":{"rendered":"FRIS international"},"content":{"rendered":"<section class=\"section half-hero red dark visible\">\n    <div class=\"bg section-bg fill bg-fill bg-loaded\" style=\"background-image: url('https:\/\/fris.nl\/wp-content\/uploads\/2023\/07\/DIP-Deutschlandkarte.jpg'); background-position: 0% 49% !important;\"><\/div>\n    <div class=\"section-content relative\">\n        <div class=\"row\" id=\"row-1299773279\">\n            <div class=\"col medium-12 small-12 large-12 image-col\" style=\"background-image: url('https:\/\/fris.nl\/wp-content\/uploads\/2023\/07\/DIP-Deutschlandkarte.jpg');\"><\/div>\n            \n\t<div id=\"col-1198991784\" class=\"col contentarea medium-12 small-12 large-4\"  data-animate=\"fadeInUp\">\n\t\t\t\t<div class=\"col-inner\"  >\n\t\t\t\n\t\t\t\n                <div class=\"col-inner\">\n                    <div id=\"gap-866866620\" class=\"gap-element clearfix\" style=\"display:block; height:auto; padding-top: 40px;\"><\/div>\n                    <h1>FRIS <span style=\"text-decoration: underline;\">international<\/span><\/h1>\n                    <content><\/content>\n                    \n<h3><strong>In nationalem Besitz. <\/strong><br \/><strong>Weltweit verbunden.<\/strong><\/h3>\n\n                    <ul class=\"jumptoitems\"><\/ul>\n                <\/div>\n            \t\t<\/div>\n\t\t\t\t\t<\/div>\n\n\t\n        <\/div>\n    <\/div>\n<\/section>\n<div class=\"gap-element clearfix hide-for-medium\" style=\"display:block; height:auto; padding-top: 50px;\"><\/div>\n<span class=\"scroll-to\" data-label=\"Scroll to: #Deutsche-Immobilien-Partner-DIP\" data-bullet=\"false\" data-link=\"#Deutsche-Immobilien-Partner-DIP\" data-title=\"Deutsche Immobilien Partner DIP\"><a name=\"Deutsche-Immobilien-Partner-DIP\"><\/a><\/span><section class=\"section image-text image-text-left red visible\">\n    <div class=\"bg section-bg fill bg-fill bg-loaded\">\n    <\/div>\n    <div class=\"section-content relative\">\n        <div class=\"row row-large align-center align-middle\">\n            <div class=\"col text-col medium-12 small-12 large-6\">\n                <div class=\"col-inner\">\n                    <h3 title=\"Deutsche Immobilien Partner DIP\">Deutsche Immobilien Partner DIP<\/h3>\n                    \n<p>FRIS ist der einzige niederl\u00e4ndische Immobiliendienstleister, der mit Deutsche Immobilien Partner DIP verbunden ist. DIP ist eine deutsche Netzwerkorganisation und besteht aus 13 renommierten Immobilienmaklern und spezialisierten Immobilienunternehmen, darunter der AENGEVELT IMMOBILIEN GmbH &amp; Co. KG.<\/p>\n\n                    \n                <\/div>\n            <\/div>\n            <div id=\"col-2\" class=\"col medium-12 small-10 large-6 medium-col-first\">\n                <div class=\"col-inner\">\n                    <div class=\"img has-hover x md-x lg-x y md-y lg-y\" style=\"width: 100%;\">\n                        <div class=\"img-inner radius dark\">\n                            <img loading=\"lazy\" decoding=\"async\" width=\"768\" height=\"476\" src=\"https:\/\/fris.nl\/wp-content\/uploads\/2023\/07\/DIP-logo_-768x476.png\" class=\"attachment-medium_large size-medium_large\" alt=\"Deutsche Immobilien Partner DIP\" title=\"Deutsche Immobilien Partner DIP\" srcset=\"https:\/\/fris.nl\/wp-content\/uploads\/2023\/07\/DIP-logo_-768x476.png 768w, https:\/\/fris.nl\/wp-content\/uploads\/2023\/07\/DIP-logo_-300x186.png 300w, https:\/\/fris.nl\/wp-content\/uploads\/2023\/07\/DIP-logo_-1024x635.png 1024w, https:\/\/fris.nl\/wp-content\/uploads\/2023\/07\/DIP-logo_-1536x953.png 1536w, https:\/\/fris.nl\/wp-content\/uploads\/2023\/07\/DIP-logo_.png 1593w\" sizes=\"auto, (max-width: 768px) 100vw, 768px\" \/>\n                        <\/div>\n                    <\/div>\n                <\/div>\n            <\/div>        \n        <\/div>\n        <div class=\"gap-element clearfix hide-for-medium\" style=\"display:block; height:auto; padding-top: 30px;\"><\/div>\n    <\/div>\n<\/section>\n<span class=\"scroll-to\" data-label=\"Scroll to: #Gr\u00f6\u00dfter-Immobilienmakler-in-Deutschland\" data-bullet=\"false\" data-link=\"#Gr\u00f6\u00dfter-Immobilienmakler-in-Deutschland\" data-title=\"Gr\u00f6\u00dfter Immobilienmakler in Deutschland\"><a name=\"Gr\u00f6\u00dfter-Immobilienmakler-in-Deutschland\"><\/a><\/span><section class=\"section image-text image-text-right red visible\">\n    <div class=\"bg section-bg fill bg-fill bg-loaded\">\n    <\/div>\n    <div class=\"section-content relative\">        \n        <div class=\"row row-large align-center align-middle\">\n            <div id=\"col-2\" class=\"col medium-12 small-10 large-6 medium-col-first\">\n                <div class=\"col-inner\">\n                    <div class=\"img has-hover x md-x lg-x y md-y lg-y\" style=\"width: 100%;\">\n                        <div class=\"img-inner radius dark\">\n                            <img loading=\"lazy\" decoding=\"async\" width=\"1020\" height=\"598\" src=\"https:\/\/fris.nl\/wp-content\/uploads\/2023\/07\/AENGEVELT-1024x600.png\" class=\"attachment-large size-large\" alt=\"Gr\u00f6\u00dfter Immobilienmakler in Deutschland\" title=\"Gr\u00f6\u00dfter Immobilienmakler in Deutschland\" srcset=\"https:\/\/fris.nl\/wp-content\/uploads\/2023\/07\/AENGEVELT-1024x600.png 1024w, https:\/\/fris.nl\/wp-content\/uploads\/2023\/07\/AENGEVELT-300x176.png 300w, https:\/\/fris.nl\/wp-content\/uploads\/2023\/07\/AENGEVELT-768x450.png 768w, https:\/\/fris.nl\/wp-content\/uploads\/2023\/07\/AENGEVELT-1536x900.png 1536w, https:\/\/fris.nl\/wp-content\/uploads\/2023\/07\/AENGEVELT.png 1586w\" sizes=\"auto, (max-width: 1020px) 100vw, 1020px\" \/>\n                        <\/div>\n                    <\/div>\n                <\/div>\n            <\/div> \n            <div class=\"col text-col medium-12 small-12 large-6\">\n                <div class=\"col-inner\">\n                    <h3 title=\"Gr\u00f6\u00dfter Immobilienmakler in Deutschland\">Gr\u00f6\u00dfter Immobilienmakler in Deutschland<\/h3>\n                    \n<p>AENGEVELT ist einer der Gr\u00fcnder von DIP und einer der gr\u00f6\u00dften und erfahrensten Immobilienmakler in Deutschland. Dar\u00fcber hinaus verf\u00fcgt das Netzwerk \u00fcber Partner wie Aigner Immobilien, Arnold Hertz, Hust Immobilien und M\u00f6llerherm Immobilien.<\/p>\n<p><strong>Niederl\u00e4ndischer und deutscher Immobilienmarkt<\/strong><br \/>Die Zusammenarbeit bietet internationalen Investoren und Finanzierungsinstituten Zugang zum niederl\u00e4ndischen und deutschen Immobilienmarkt in den Bereichen Management, Investitionen, Gesch\u00e4ftsimmobilienvermittlung, Bewertungen und Beratung.<\/p>\n\n                    \n                <\/div>\n            <\/div>       \n        <\/div>\n        <div class=\"gap-element clearfix hide-for-medium\" style=\"display:block; height:auto; padding-top: 30px;\"><\/div>\n    <\/div>\n<\/section>\n<span class=\"scroll-to\" data-label=\"Scroll to: #CORFAC-International\" data-bullet=\"false\" data-link=\"#CORFAC-International\" data-title=\"CORFAC International\"><a name=\"CORFAC-International\"><\/a><\/span><section class=\"section image-text image-text-left red visible\">\n    <div class=\"bg section-bg fill bg-fill bg-loaded\">\n    <\/div>\n    <div class=\"section-content relative\">\n        <div class=\"row row-large align-center align-middle\">\n            <div class=\"col text-col medium-12 small-12 large-6\">\n                <div class=\"col-inner\">\n                    <h3 title=\"CORFAC International\">CORFAC International<\/h3>\n                    \n<p>FRIS ist Mitglied von CORFAC International, einem Netzwerk kooperierender, unabh\u00e4ngiger Immobilienunternehmen, die sich durch beispiellosen Service und Marktexpertise auszeichnen.<\/p>\n<p><strong>Mehr als 70 Niederlassungen weltweit\u00a0<\/strong><br \/>CORFAC wurde 1989 gegr\u00fcndet und verf\u00fcgt derzeit \u00fcber 70 Niederlassungen in den USA, vier in Kanada und 16 auf internationalen M\u00e4rkten. Zu den internationalen M\u00e4rkten geh\u00f6ren: Australien, Frankreich, Deutschland, Irland, Italien, Japan, Malaysia, Niederlande, Rum\u00e4nien, Russland, Singapur, S\u00fcdkorea, Schweiz, Thailand und das Vereinigte K\u00f6nigreich. Die Marktabdeckung von CORFAC umfasst nicht nur die besten St\u00e4dte der Welt, sondern auch viele Sekund\u00e4r- und einige Terti\u00e4rm\u00e4rkte.<\/p>\n<p><strong>Tausende Verkaufs-, Miet- und Investitionstransaktionen<\/strong><br \/>Die der CORFAC angeschlossenen Immobilienagenturen f\u00fchren j\u00e4hrlich tausende Verkaufs-, Miet- und Investitionstransaktionen mit einem gesch\u00e4tzten Wert von mehr als 9 Milliarden US-Dollar durch.<\/p>\n\n                    \n                <\/div>\n            <\/div>\n            <div id=\"col-2\" class=\"col medium-12 small-10 large-6 medium-col-first\">\n                <div class=\"col-inner\">\n                    <div class=\"img has-hover x md-x lg-x y md-y lg-y\" style=\"width: 100%;\">\n                        <div class=\"img-inner radius dark\">\n                            <img loading=\"lazy\" decoding=\"async\" width=\"1020\" height=\"673\" src=\"https:\/\/fris.nl\/wp-content\/uploads\/2023\/07\/Corfac-logo_-1024x676.png\" class=\"attachment-large size-large\" alt=\"CORFAC International\" title=\"CORFAC International\" srcset=\"https:\/\/fris.nl\/wp-content\/uploads\/2023\/07\/Corfac-logo_-1024x676.png 1024w, https:\/\/fris.nl\/wp-content\/uploads\/2023\/07\/Corfac-logo_-300x198.png 300w, https:\/\/fris.nl\/wp-content\/uploads\/2023\/07\/Corfac-logo_-768x507.png 768w, https:\/\/fris.nl\/wp-content\/uploads\/2023\/07\/Corfac-logo_.png 1180w\" sizes=\"auto, (max-width: 1020px) 100vw, 1020px\" \/>\n                        <\/div>\n                    <\/div>\n                <\/div>\n            <\/div>        \n        <\/div>\n        <div class=\"gap-element clearfix hide-for-medium\" style=\"display:block; height:auto; padding-top: 30px;\"><\/div>\n    <\/div>\n<\/section>\n<span class=\"scroll-to\" data-label=\"Scroll to: #Die-Vorteile-von-CORFAC\" data-bullet=\"false\" data-link=\"#Die-Vorteile-von-CORFAC\" data-title=\"Die Vorteile von CORFAC\"><a name=\"Die-Vorteile-von-CORFAC\"><\/a><\/span><section class=\"section image-text image-text-right red visible\">\n    <div class=\"bg section-bg fill bg-fill bg-loaded\">\n    <\/div>\n    <div class=\"section-content relative\">        \n        <div class=\"row row-large align-center align-middle\">\n            <div id=\"col-2\" class=\"col medium-12 small-10 large-6 medium-col-first\">\n                <div class=\"col-inner\">\n                    <div class=\"img has-hover x md-x lg-x y md-y lg-y\" style=\"width: 100%;\">\n                        <div class=\"img-inner radius dark\">\n                            <div class=\"video video-fit mb\" style=\"padding-top:56.25%;\"><div style=\"width: 640px;\" class=\"wp-video\"><video class=\"wp-video-shortcode\" id=\"video-12391-1\" width=\"640\" height=\"360\" preload=\"metadata\" controls=\"controls\"><source type=\"video\/mp4\" src=\"https:\/\/fris.nl\/wp-content\/uploads\/2023\/08\/Dutch-Subtitle-1080p_1_small2.mp4?_=1\" \/><a href=\"https:\/\/fris.nl\/wp-content\/uploads\/2023\/08\/Dutch-Subtitle-1080p_1_small2.mp4\">https:\/\/fris.nl\/wp-content\/uploads\/2023\/08\/Dutch-Subtitle-1080p_1_small2.mp4<\/a><\/video><\/div>\n<\/div>\n                        <\/div>\n                    <\/div>\n                <\/div>\n            <\/div> \n            <div class=\"col text-col medium-12 small-12 large-6\">\n                <div class=\"col-inner\">\n                    <h3 title=\"Die Vorteile von CORFAC\">Die Vorteile von CORFAC<\/h3>\n                    \n<p>Alle CORFAC-Niederlassungen sind unabh\u00e4ngig und haben ihren eigenen Namen und ihre lokale Identit\u00e4t. Die Mitgliedschaft bei CORFAC erfolgt nur auf Einladung und stellt sicher, dass die Mitgliedsunternehmen in ihren M\u00e4rkten f\u00fcr ihr Wissen und ihre Expertise bekannt sind. Nach mehr als 30 Jahren w\u00e4chst CORFAC immer noch.<br \/>\u00a0<br \/><strong>Weltweites Netzwerk<\/strong><br \/>Die Vision von CORFAC ist: \u201eCORFAC ist das f\u00fchrende globale Netzwerk f\u00fcr Gewerbeimmobilien, das spezialisierte, kundenorientierte L\u00f6sungen mit einem H\u00f6chstma\u00df an Integrit\u00e4t liefert.\u201c Die angeschlossenen Firmen arbeiten zusammen, um die h\u00f6chsten Standards im Kundenservice zu bieten, hervorragende Ergebnisse zu erzielen und Beziehungen aufzubauen.<\/p>\n<p><strong>Service auf h\u00f6chstem Niveau\u00a0<\/strong><br \/>Leitende Direktoren nehmen an vielen Transaktionen zwischen CORFAC-Tochtergesellschaften teil und \u00fcberwachen diese. Bei von CORFAC vermittelten Auftr\u00e4gen wird mit einem einzigen Ansprechpartner zusammengearbeitet. So wird sichergestellt, dass Kunden von Anfang bis Ende einen gleichbleibenden Service auf h\u00f6chstem Niveau erhalten.<\/p>\n<p>\u00a0<\/p>\n\n                    \n                <\/div>\n            <\/div>       \n        <\/div>\n        <div class=\"gap-element clearfix hide-for-medium\" style=\"display:block; height:auto; padding-top: 30px;\"><\/div>\n    <\/div>\n<\/section>\n<section class=\"section single-text  blue visible\">\n    <div class=\"bg section-bg fill bg-fill bg-loaded\">\n    <\/div>\n    <div class=\"section-content relative\">\n        <div class=\"gap-element clearfix hide-for-medium\" style=\"display:block; height:auto; padding-top: 50px;\"><\/div>\n        <div class=\"row row-large align-center align-middle\">\n            <div class=\"col text-col medium-12 small-12 large-9 text-center\">\n                <div class=\"col-inner\">\n                    <h2 title=\"M\u00d6CHTEN SIE MEHR \u00dcBER DEN FRIS GLOBAL WISSEN?\" class=\"text-center\">M\u00d6CHTEN SIE MEHR \u00dcBER DEN FRIS GLOBAL WISSEN?<\/h2>\n<a href=\"mailto:info@fris.nl\" target=\"_blank\" class=\"button primary\" rel=\"noopener\" >\n\t\t<span>Ja gerne<\/span>\n\t<\/a>\n\n                <\/div>\n            <\/div>     \n        <\/div>\n        <div class=\"gap-element clearfix hide-for-medium\" style=\"display:block; height:auto; padding-top: 30px;\"><\/div>\n    <\/div>\n<\/section>\n<div class=\"gap-element clearfix hide-for-medium\" style=\"display:block; height:auto; padding-top: 50px;\"><\/div>\n","protected":false},"excerpt":{"rendered":"","protected":false},"author":1,"featured_media":0,"parent":12434,"menu_order":26,"comment_status":"closed","ping_status":"closed","template":"","meta":{"_acf_changed":false,"footnotes":""},"class_list":["post-12391","page","type-page","status-publish","hentry"],"acf":[],"yoast_head":"<!-- This site is optimized with the Yoast SEO plugin v27.4 - https:\/\/yoast.com\/product\/yoast-seo-wordpress\/ -->\n<title>FRIS international - Fris Real People<\/title>\n<meta name=\"robots\" content=\"index, follow, max-snippet:-1, max-image-preview:large, max-video-preview:-1\" \/>\n<link rel=\"canonical\" href=\"https:\/\/fris.nl\/de\/uber-fris\/fris-international\/\" \/>\n<meta property=\"og:locale\" content=\"de_DE\" \/>\n<meta property=\"og:type\" content=\"article\" \/>\n<meta property=\"og:title\" content=\"FRIS international - Fris Real People\" \/>\n<meta property=\"og:url\" content=\"https:\/\/fris.nl\/de\/uber-fris\/fris-international\/\" \/>\n<meta property=\"og:site_name\" content=\"Fris Real People\" \/>\n<meta property=\"article:publisher\" content=\"https:\/\/www.facebook.com\/FrisMakelaarsAmsterdam\" \/>\n<meta property=\"article:modified_time\" content=\"2024-03-01T14:49:40+00:00\" \/>\n<meta name=\"twitter:card\" content=\"summary_large_image\" \/>\n<meta name=\"twitter:site\" content=\"@FRISRealPeople\" \/>\n<meta name=\"twitter:label1\" content=\"Gesch\u00e4tzte Lesezeit\" \/>\n\t<meta name=\"twitter:data1\" content=\"3\u00a0Minuten\" \/>\n<script type=\"application\/ld+json\" class=\"yoast-schema-graph\">{\"@context\":\"https:\\\/\\\/schema.org\",\"@graph\":[{\"@type\":\"WebPage\",\"@id\":\"https:\\\/\\\/fris.nl\\\/de\\\/uber-fris\\\/fris-international\\\/\",\"url\":\"https:\\\/\\\/fris.nl\\\/de\\\/uber-fris\\\/fris-international\\\/\",\"name\":\"FRIS international - Fris Real People\",\"isPartOf\":{\"@id\":\"https:\\\/\\\/fris.nl\\\/de\\\/#website\"},\"datePublished\":\"2023-04-20T08:47:50+00:00\",\"dateModified\":\"2024-03-01T14:49:40+00:00\",\"breadcrumb\":{\"@id\":\"https:\\\/\\\/fris.nl\\\/de\\\/uber-fris\\\/fris-international\\\/#breadcrumb\"},\"inLanguage\":\"de\",\"potentialAction\":[{\"@type\":\"ReadAction\",\"target\":[\"https:\\\/\\\/fris.nl\\\/de\\\/uber-fris\\\/fris-international\\\/\"]}]},{\"@type\":\"BreadcrumbList\",\"@id\":\"https:\\\/\\\/fris.nl\\\/de\\\/uber-fris\\\/fris-international\\\/#breadcrumb\",\"itemListElement\":[{\"@type\":\"ListItem\",\"position\":1,\"name\":\"Home\",\"item\":\"https:\\\/\\\/fris.nl\\\/de\\\/\"},{\"@type\":\"ListItem\",\"position\":2,\"name\":\"\u00dcber FRIS\",\"item\":\"https:\\\/\\\/fris.nl\\\/de\\\/uber-fris\\\/\"},{\"@type\":\"ListItem\",\"position\":3,\"name\":\"FRIS international\"}]},{\"@type\":\"WebSite\",\"@id\":\"https:\\\/\\\/fris.nl\\\/de\\\/#website\",\"url\":\"https:\\\/\\\/fris.nl\\\/de\\\/\",\"name\":\"Fris Real People\",\"description\":\"\",\"potentialAction\":[{\"@type\":\"SearchAction\",\"target\":{\"@type\":\"EntryPoint\",\"urlTemplate\":\"https:\\\/\\\/fris.nl\\\/de\\\/?s={search_term_string}\"},\"query-input\":{\"@type\":\"PropertyValueSpecification\",\"valueRequired\":true,\"valueName\":\"search_term_string\"}}],\"inLanguage\":\"de\"}]}<\/script>\n<!-- \/ Yoast SEO plugin. -->","yoast_head_json":{"title":"FRIS international - Fris Real People","robots":{"index":"index","follow":"follow","max-snippet":"max-snippet:-1","max-image-preview":"max-image-preview:large","max-video-preview":"max-video-preview:-1"},"canonical":"https:\/\/fris.nl\/de\/uber-fris\/fris-international\/","og_locale":"de_DE","og_type":"article","og_title":"FRIS international - Fris Real People","og_url":"https:\/\/fris.nl\/de\/uber-fris\/fris-international\/","og_site_name":"Fris Real People","article_publisher":"https:\/\/www.facebook.com\/FrisMakelaarsAmsterdam","article_modified_time":"2024-03-01T14:49:40+00:00","twitter_card":"summary_large_image","twitter_site":"@FRISRealPeople","twitter_misc":{"Gesch\u00e4tzte Lesezeit":"3\u00a0Minuten"},"schema":{"@context":"https:\/\/schema.org","@graph":[{"@type":"WebPage","@id":"https:\/\/fris.nl\/de\/uber-fris\/fris-international\/","url":"https:\/\/fris.nl\/de\/uber-fris\/fris-international\/","name":"FRIS international - Fris Real People","isPartOf":{"@id":"https:\/\/fris.nl\/de\/#website"},"datePublished":"2023-04-20T08:47:50+00:00","dateModified":"2024-03-01T14:49:40+00:00","breadcrumb":{"@id":"https:\/\/fris.nl\/de\/uber-fris\/fris-international\/#breadcrumb"},"inLanguage":"de","potentialAction":[{"@type":"ReadAction","target":["https:\/\/fris.nl\/de\/uber-fris\/fris-international\/"]}]},{"@type":"BreadcrumbList","@id":"https:\/\/fris.nl\/de\/uber-fris\/fris-international\/#breadcrumb","itemListElement":[{"@type":"ListItem","position":1,"name":"Home","item":"https:\/\/fris.nl\/de\/"},{"@type":"ListItem","position":2,"name":"\u00dcber FRIS","item":"https:\/\/fris.nl\/de\/uber-fris\/"},{"@type":"ListItem","position":3,"name":"FRIS international"}]},{"@type":"WebSite","@id":"https:\/\/fris.nl\/de\/#website","url":"https:\/\/fris.nl\/de\/","name":"Fris Real People","description":"","potentialAction":[{"@type":"SearchAction","target":{"@type":"EntryPoint","urlTemplate":"https:\/\/fris.nl\/de\/?s={search_term_string}"},"query-input":{"@type":"PropertyValueSpecification","valueRequired":true,"valueName":"search_term_string"}}],"inLanguage":"de"}]}},"_links":{"self":[{"href":"https:\/\/fris.nl\/de\/wp-json\/wp\/v2\/pages\/12391","targetHints":{"allow":["GET"]}}],"collection":[{"href":"https:\/\/fris.nl\/de\/wp-json\/wp\/v2\/pages"}],"about":[{"href":"https:\/\/fris.nl\/de\/wp-json\/wp\/v2\/types\/page"}],"author":[{"embeddable":true,"href":"https:\/\/fris.nl\/de\/wp-json\/wp\/v2\/users\/1"}],"replies":[{"embeddable":true,"href":"https:\/\/fris.nl\/de\/wp-json\/wp\/v2\/comments?post=12391"}],"version-history":[{"count":2,"href":"https:\/\/fris.nl\/de\/wp-json\/wp\/v2\/pages\/12391\/revisions"}],"predecessor-version":[{"id":12393,"href":"https:\/\/fris.nl\/de\/wp-json\/wp\/v2\/pages\/12391\/revisions\/12393"}],"up":[{"embeddable":true,"href":"https:\/\/fris.nl\/de\/wp-json\/wp\/v2\/pages\/12434"}],"wp:attachment":[{"href":"https:\/\/fris.nl\/de\/wp-json\/wp\/v2\/media?parent=12391"}],"curies":[{"name":"wp","href":"https:\/\/api.w.org\/{rel}","templated":true}]}}