{"id":12384,"date":"2023-04-20T10:47:50","date_gmt":"2023-04-20T08:47:50","guid":{"rendered":"https:\/\/fris.nl\/?page_id=12384"},"modified":"2024-03-01T15:47:52","modified_gmt":"2024-03-01T14:47:52","slug":"der-fris-code","status":"publish","type":"page","link":"https:\/\/fris.nl\/de\/uber-fris\/der-fris-code\/","title":{"rendered":"Der FRIS-Code"},"content":{"rendered":"<section class=\"section half-hero darkblue dark visible\">\n    <div class=\"bg section-bg fill bg-fill bg-loaded\" style=\"background-image: url('https:\/\/fris.nl\/wp-content\/uploads\/2023\/04\/stock-Hans-PeterDSC06365-LR.jpg'); background-position: 0% 25% !important;\"><\/div>\n    <div class=\"section-content relative\">\n        <div class=\"row\" id=\"row-1299773279\">\n            <div class=\"col medium-12 small-12 large-12 image-col\" style=\"background-image: url('https:\/\/fris.nl\/wp-content\/uploads\/2023\/04\/stock-Hans-PeterDSC06365-LR.jpg');\"><\/div>\n            \n\t<div id=\"col-1917640892\" class=\"col contentarea medium-12 small-12 large-4\"  data-animate=\"fadeInUp\">\n\t\t\t\t<div class=\"col-inner\"  >\n\t\t\t\n\t\t\t\n                <div class=\"col-inner\">\n                    <div id=\"gap-866866620\" class=\"gap-element clearfix\" style=\"display:block; height:auto; padding-top: 40px;\"><\/div>\n                    <h1>Der&nbsp;FRIS-Code<\/h1>\n                    <content><\/content>\n                    \n<p>Wir, die \u201eReal People\u201c von FRIS, stehen f\u00fcr \u201eService, der die Erwartungen \u00fcbertrifft\u201c. Jeder Schritt zielt auf eine optimale Entlastung f\u00fcr Sie als Kunde ab. Heute und morgen. Wir sind bodenst\u00e4ndige, echte Menschen und bieten in allen Beziehungen echte Ergebnisse: mit unserer Beratung, unserem Wissen und unserer Expertise.<\/p>\n\n                    <ul class=\"jumptoitems\"><\/ul>\n                <\/div>\n            \t\t<\/div>\n\t\t\t\t\t<\/div>\n\n\t\n        <\/div>\n    <\/div>\n<\/section>\n<div class=\"gap-element clearfix hide-for-medium\" style=\"display:block; height:auto; padding-top: 50px;\"><\/div>\n<span class=\"scroll-to\" data-label=\"Scroll to: #Unser-Weg-zum-Ziel\" data-bullet=\"false\" data-link=\"#Unser-Weg-zum-Ziel\" data-title=\"Unser Weg zum Ziel\"><a name=\"Unser-Weg-zum-Ziel\"><\/a><\/span><section class=\"section image-text image-text-left red visible\">\n    <div class=\"bg section-bg fill bg-fill bg-loaded\">\n    <\/div>\n    <div class=\"section-content relative\">\n        <div class=\"row row-large align-center align-middle\">\n            <div class=\"col text-col medium-12 small-12 large-6\">\n                <div class=\"col-inner\">\n                    <h3 title=\"Unser Weg zum Ziel\">Unser Weg zum Ziel<\/h3>\n                    \n<ul>\n<li>Proaktiv und agil: mit einem rundum entlastenden Service in den Bereichen<\/li>\n<li>Maklergesch\u00e4ft, Management, Marktforschung, Beratung und Versicherung.<br \/>Zu den Top 5 der Gewerbeimmobilienverwalter in den Niederlanden geh\u00f6rend sind wir f\u00fchrend sachkundig in unseren spezifischen M\u00e4rkten.<\/li>\n<li>Hervorragende Arbeit mit respektvollem Kundenservice: Der Fokus liegt darauf, aus Kunden und Beziehungen FRIS-Botschafter zu machen.<\/li>\n<li>Schneller lernen als die Konkurrenz: Das ist die Basis f\u00fcr Innovation, Marketing, Beratung und nachhaltige Co-Creation.<\/li>\n<li>Lokales Wissen und unsere bodenst\u00e4ndige Unternehmenskultur als Unterscheidungsmerkmal nutzen: f\u00fcr nationale und internationale Kunden.<\/li>\n<\/ul>\n\n                    \n                <\/div>\n            <\/div>\n            <div id=\"col-2\" class=\"col medium-12 small-10 large-6 medium-col-first\">\n                <div class=\"col-inner\">\n                    <div class=\"img has-hover x md-x lg-x y md-y lg-y\" style=\"width: 100%;\">\n                        <div class=\"img-inner radius dark\">\n                            <img loading=\"lazy\" decoding=\"async\" width=\"1020\" height=\"680\" src=\"https:\/\/fris.nl\/wp-content\/uploads\/2023\/07\/Team-YP-Groot-1024x683.png\" class=\"attachment-large size-large\" alt=\"Unser Weg zum Ziel\" title=\"Unser Weg zum Ziel\" srcset=\"https:\/\/fris.nl\/wp-content\/uploads\/2023\/07\/Team-YP-Groot-1024x683.png 1024w, https:\/\/fris.nl\/wp-content\/uploads\/2023\/07\/Team-YP-Groot-300x200.png 300w, https:\/\/fris.nl\/wp-content\/uploads\/2023\/07\/Team-YP-Groot-768x512.png 768w, https:\/\/fris.nl\/wp-content\/uploads\/2023\/07\/Team-YP-Groot.png 1280w\" sizes=\"auto, (max-width: 1020px) 100vw, 1020px\" \/>\n                        <\/div>\n                    <\/div>\n                <\/div>\n            <\/div>        \n        <\/div>\n        <div class=\"gap-element clearfix hide-for-medium\" style=\"display:block; height:auto; padding-top: 30px;\"><\/div>\n    <\/div>\n<\/section>\n<span class=\"scroll-to\" data-label=\"Scroll to: #Unser-Motto\" data-bullet=\"false\" data-link=\"#Unser-Motto\" data-title=\"Unser Motto\"><a name=\"Unser-Motto\"><\/a><\/span><section class=\"section image-text image-text-right red visible\">\n    <div class=\"bg section-bg fill bg-fill bg-loaded\">\n    <\/div>\n    <div class=\"section-content relative\">        \n        <div class=\"row row-large align-center align-middle\">\n            <div id=\"col-2\" class=\"col medium-12 small-10 large-6 medium-col-first\">\n                <div class=\"col-inner\">\n                    <div class=\"img has-hover x md-x lg-x y md-y lg-y\" style=\"width: 100%;\">\n                        <div class=\"img-inner radius dark\">\n                            <img loading=\"lazy\" decoding=\"async\" width=\"1020\" height=\"679\" src=\"https:\/\/fris.nl\/wp-content\/uploads\/2023\/07\/DSC06111-0.1-Femke-1-1024x682.jpg\" class=\"attachment-large size-large\" alt=\"Unser Motto\" title=\"Unser Motto\" srcset=\"https:\/\/fris.nl\/wp-content\/uploads\/2023\/07\/DSC06111-0.1-Femke-1-1024x682.jpg 1024w, https:\/\/fris.nl\/wp-content\/uploads\/2023\/07\/DSC06111-0.1-Femke-1-300x200.jpg 300w, https:\/\/fris.nl\/wp-content\/uploads\/2023\/07\/DSC06111-0.1-Femke-1-768x512.jpg 768w, https:\/\/fris.nl\/wp-content\/uploads\/2023\/07\/DSC06111-0.1-Femke-1.jpg 1250w\" sizes=\"auto, (max-width: 1020px) 100vw, 1020px\" \/>\n                        <\/div>\n                    <\/div>\n                <\/div>\n            <\/div> \n            <div class=\"col text-col medium-12 small-12 large-6\">\n                <div class=\"col-inner\">\n                    <h3 title=\"Unser Motto\">Unser Motto<\/h3>\n                    \n<ul>\n<li>Ein eigenes Zuhause zu haben ist ein menschliches Grundbed\u00fcrfnis.<\/li>\n<li>Die respektvolle Vermittlung und Verwaltung von Wohn- und Arbeitsr\u00e4umen ist eine gesellschaftlich relevante Dienstleistung.<\/li>\n<li>Die F\u00e4higkeit, schneller als die Konkurrenz zu lernen, verschafft einen nachhaltigen Wettbewerbsvorteil.<\/li>\n<li>Kundenorientierung entscheidet unter allen Marktbedingungen \u00fcber den Erfolg.<\/li>\n<\/ul>\n\n                    \n                <\/div>\n            <\/div>       \n        <\/div>\n        <div class=\"gap-element clearfix hide-for-medium\" style=\"display:block; height:auto; padding-top: 30px;\"><\/div>\n    <\/div>\n<\/section>\n<span class=\"scroll-to\" data-label=\"Scroll to: #Die-FRIS-DNA\" data-bullet=\"false\" data-link=\"#Die-FRIS-DNA\" data-title=\"Die FRIS-DNA\"><a name=\"Die-FRIS-DNA\"><\/a><\/span><section class=\"section image-text image-text-left red visible\">\n    <div class=\"bg section-bg fill bg-fill bg-loaded\">\n    <\/div>\n    <div class=\"section-content relative\">\n        <div class=\"row row-large align-center align-middle\">\n            <div class=\"col text-col medium-12 small-12 large-6\">\n                <div class=\"col-inner\">\n                    <h3 title=\"Die FRIS-DNA\">Die FRIS-DNA<\/h3>\n                    \n<p>Wir, die FRIS-Mitarbeiter, sind Profis, die alle die FRIS-DNA in sich tragen. Dadurch erleben Kunden und Kollegen im Kontakt und durch unsere Leistungen folgende Qualit\u00e4ten:<\/p>\n<ul>\n<li>\u00a0Teilnahme<\/li>\n<li>Integrit\u00e4t<\/li>\n<li>Proaktives Mitdenken<\/li>\n<li>Sachkenntnis<\/li>\n<li>Die Erwartungen \u00fcbertreffender Service\u00a0<\/li>\n<li>Entlastung<\/li>\n<li>Professionalit\u00e4t<\/li>\n<li>Progressivit\u00e4t<\/li>\n<\/ul>\n\n                    \n                <\/div>\n            <\/div>\n            <div id=\"col-2\" class=\"col medium-12 small-10 large-6 medium-col-first\">\n                <div class=\"col-inner\">\n                    <div class=\"img has-hover x md-x lg-x y md-y lg-y\" style=\"width: 100%;\">\n                        <div class=\"img-inner radius dark\">\n                            <img loading=\"lazy\" decoding=\"async\" width=\"1020\" height=\"680\" src=\"https:\/\/fris.nl\/wp-content\/uploads\/2023\/04\/stock-Werving_Selectie-_J9A8847-Groot-1024x683.jpg\" class=\"attachment-large size-large\" alt=\"Die FRIS-DNA\" title=\"Die FRIS-DNA\" srcset=\"https:\/\/fris.nl\/wp-content\/uploads\/2023\/04\/stock-Werving_Selectie-_J9A8847-Groot-1024x683.jpg 1024w, https:\/\/fris.nl\/wp-content\/uploads\/2023\/04\/stock-Werving_Selectie-_J9A8847-Groot-300x200.jpg 300w, https:\/\/fris.nl\/wp-content\/uploads\/2023\/04\/stock-Werving_Selectie-_J9A8847-Groot-768x512.jpg 768w, https:\/\/fris.nl\/wp-content\/uploads\/2023\/04\/stock-Werving_Selectie-_J9A8847-Groot.jpg 1280w\" sizes=\"auto, (max-width: 1020px) 100vw, 1020px\" \/>\n                        <\/div>\n                    <\/div>\n                <\/div>\n            <\/div>        \n        <\/div>\n        <div class=\"gap-element clearfix hide-for-medium\" style=\"display:block; height:auto; padding-top: 30px;\"><\/div>\n    <\/div>\n<\/section>\n<section class=\"section single-text  blue visible\">\n    <div class=\"bg section-bg fill bg-fill bg-loaded\">\n    <\/div>\n    <div class=\"section-content relative\">\n        <div class=\"gap-element clearfix hide-for-medium\" style=\"display:block; height:auto; padding-top: 50px;\"><\/div>\n        <div class=\"row row-large align-center align-middle\">\n            <div class=\"col text-col medium-12 small-12 large-9 text-center\">\n                <div class=\"col-inner\">\n                    <h2 title=\"M\u00d6CHTEN SIE MEHR \u00dcBER DEN FRIS-CODE WISSEN?\" class=\"text-center\">M\u00d6CHTEN SIE MEHR \u00dcBER DEN FRIS-CODE WISSEN?<\/h2>\n<a href=\"mailto:f.soederhuizen@fris.nl\" target=\"_blank\" class=\"button primary\" rel=\"noopener\" >\n\t\t<span>Ja gerne<\/span>\n\t<\/a>\n\n                <\/div>\n            <\/div>     \n        <\/div>\n        <div class=\"gap-element clearfix hide-for-medium\" style=\"display:block; height:auto; padding-top: 30px;\"><\/div>\n    <\/div>\n<\/section>\n<div class=\"gap-element clearfix hide-for-medium\" style=\"display:block; height:auto; padding-top: 50px;\"><\/div>\n<section class=\"section cta-1 blue dark visible\">\n    <div class=\"bg section-bg fill bg-fill bg-loaded\" style=\"background-image: url('https:\/\/fris.nl\/wp-content\/uploads\/2023\/07\/J9A8452-Femke.jpeg'); background-position: 0% 28% !important;\"><\/div>\n    <div class=\"section-content relative\">\n        <div class=\"row\" id=\"row-1299773279\">\n            <div class=\"col medium-12 small-12 large-12 image-col\" style=\"background-image: url('https:\/\/fris.nl\/wp-content\/uploads\/2023\/07\/J9A8452-Femke.jpeg');\"><\/div>\n            <div class=\"col medium-12 small-12 large-4 content-col\">\n                <div class=\"col-inner\">\n                    <div id=\"gap-866866620\" class=\"gap-element clearfix\" style=\"display:block; height:auto; padding-top: 40px;\"><\/div>\n                    <h2>Femke <span style=\"text-decoration: underline;\">Soederhuizen<\/span>  immer f\u00fcr sie da<\/h2>\n                    <content><\/content>\n                    \n\n                    <a href=\"mailto:f.soederhuizen@fris.nl\" target=\"_blank\" class=\"button primary\" rel=\"noopener\" >\n\t\t<span>kontakt<\/span>\n\t<\/a>\n\n                <\/div>\n            <\/div>\n        <\/div>\n    <\/div>\n<\/section>\n","protected":false},"excerpt":{"rendered":"","protected":false},"author":1,"featured_media":0,"parent":12434,"menu_order":12,"comment_status":"closed","ping_status":"closed","template":"","meta":{"_acf_changed":false,"footnotes":""},"class_list":["post-12384","page","type-page","status-publish","hentry"],"acf":[],"yoast_head":"<!-- This site is optimized with the Yoast SEO plugin v27.4 - https:\/\/yoast.com\/product\/yoast-seo-wordpress\/ -->\n<title>Der FRIS-Code - Fris Real People<\/title>\n<meta name=\"robots\" content=\"index, follow, max-snippet:-1, max-image-preview:large, max-video-preview:-1\" \/>\n<link rel=\"canonical\" href=\"https:\/\/fris.nl\/de\/uber-fris\/der-fris-code\/\" \/>\n<meta property=\"og:locale\" content=\"de_DE\" \/>\n<meta property=\"og:type\" content=\"article\" \/>\n<meta property=\"og:title\" content=\"Der FRIS-Code - Fris Real People\" \/>\n<meta property=\"og:url\" content=\"https:\/\/fris.nl\/de\/uber-fris\/der-fris-code\/\" \/>\n<meta property=\"og:site_name\" content=\"Fris Real People\" \/>\n<meta property=\"article:publisher\" content=\"https:\/\/www.facebook.com\/FrisMakelaarsAmsterdam\" \/>\n<meta property=\"article:modified_time\" content=\"2024-03-01T14:47:52+00:00\" \/>\n<meta name=\"twitter:card\" content=\"summary_large_image\" \/>\n<meta name=\"twitter:site\" content=\"@FRISRealPeople\" \/>\n<script type=\"application\/ld+json\" class=\"yoast-schema-graph\">{\"@context\":\"https:\\\/\\\/schema.org\",\"@graph\":[{\"@type\":\"WebPage\",\"@id\":\"https:\\\/\\\/fris.nl\\\/de\\\/uber-fris\\\/der-fris-code\\\/\",\"url\":\"https:\\\/\\\/fris.nl\\\/de\\\/uber-fris\\\/der-fris-code\\\/\",\"name\":\"Der FRIS-Code - Fris Real People\",\"isPartOf\":{\"@id\":\"https:\\\/\\\/fris.nl\\\/de\\\/#website\"},\"datePublished\":\"2023-04-20T08:47:50+00:00\",\"dateModified\":\"2024-03-01T14:47:52+00:00\",\"breadcrumb\":{\"@id\":\"https:\\\/\\\/fris.nl\\\/de\\\/uber-fris\\\/der-fris-code\\\/#breadcrumb\"},\"inLanguage\":\"de\",\"potentialAction\":[{\"@type\":\"ReadAction\",\"target\":[\"https:\\\/\\\/fris.nl\\\/de\\\/uber-fris\\\/der-fris-code\\\/\"]}]},{\"@type\":\"BreadcrumbList\",\"@id\":\"https:\\\/\\\/fris.nl\\\/de\\\/uber-fris\\\/der-fris-code\\\/#breadcrumb\",\"itemListElement\":[{\"@type\":\"ListItem\",\"position\":1,\"name\":\"Home\",\"item\":\"https:\\\/\\\/fris.nl\\\/de\\\/\"},{\"@type\":\"ListItem\",\"position\":2,\"name\":\"\u00dcber FRIS\",\"item\":\"https:\\\/\\\/fris.nl\\\/de\\\/uber-fris\\\/\"},{\"@type\":\"ListItem\",\"position\":3,\"name\":\"Der FRIS-Code\"}]},{\"@type\":\"WebSite\",\"@id\":\"https:\\\/\\\/fris.nl\\\/de\\\/#website\",\"url\":\"https:\\\/\\\/fris.nl\\\/de\\\/\",\"name\":\"Fris Real People\",\"description\":\"\",\"potentialAction\":[{\"@type\":\"SearchAction\",\"target\":{\"@type\":\"EntryPoint\",\"urlTemplate\":\"https:\\\/\\\/fris.nl\\\/de\\\/?s={search_term_string}\"},\"query-input\":{\"@type\":\"PropertyValueSpecification\",\"valueRequired\":true,\"valueName\":\"search_term_string\"}}],\"inLanguage\":\"de\"}]}<\/script>\n<!-- \/ Yoast SEO plugin. -->","yoast_head_json":{"title":"Der FRIS-Code - Fris Real People","robots":{"index":"index","follow":"follow","max-snippet":"max-snippet:-1","max-image-preview":"max-image-preview:large","max-video-preview":"max-video-preview:-1"},"canonical":"https:\/\/fris.nl\/de\/uber-fris\/der-fris-code\/","og_locale":"de_DE","og_type":"article","og_title":"Der FRIS-Code - Fris Real People","og_url":"https:\/\/fris.nl\/de\/uber-fris\/der-fris-code\/","og_site_name":"Fris Real People","article_publisher":"https:\/\/www.facebook.com\/FrisMakelaarsAmsterdam","article_modified_time":"2024-03-01T14:47:52+00:00","twitter_card":"summary_large_image","twitter_site":"@FRISRealPeople","schema":{"@context":"https:\/\/schema.org","@graph":[{"@type":"WebPage","@id":"https:\/\/fris.nl\/de\/uber-fris\/der-fris-code\/","url":"https:\/\/fris.nl\/de\/uber-fris\/der-fris-code\/","name":"Der FRIS-Code - Fris Real People","isPartOf":{"@id":"https:\/\/fris.nl\/de\/#website"},"datePublished":"2023-04-20T08:47:50+00:00","dateModified":"2024-03-01T14:47:52+00:00","breadcrumb":{"@id":"https:\/\/fris.nl\/de\/uber-fris\/der-fris-code\/#breadcrumb"},"inLanguage":"de","potentialAction":[{"@type":"ReadAction","target":["https:\/\/fris.nl\/de\/uber-fris\/der-fris-code\/"]}]},{"@type":"BreadcrumbList","@id":"https:\/\/fris.nl\/de\/uber-fris\/der-fris-code\/#breadcrumb","itemListElement":[{"@type":"ListItem","position":1,"name":"Home","item":"https:\/\/fris.nl\/de\/"},{"@type":"ListItem","position":2,"name":"\u00dcber FRIS","item":"https:\/\/fris.nl\/de\/uber-fris\/"},{"@type":"ListItem","position":3,"name":"Der FRIS-Code"}]},{"@type":"WebSite","@id":"https:\/\/fris.nl\/de\/#website","url":"https:\/\/fris.nl\/de\/","name":"Fris Real People","description":"","potentialAction":[{"@type":"SearchAction","target":{"@type":"EntryPoint","urlTemplate":"https:\/\/fris.nl\/de\/?s={search_term_string}"},"query-input":{"@type":"PropertyValueSpecification","valueRequired":true,"valueName":"search_term_string"}}],"inLanguage":"de"}]}},"_links":{"self":[{"href":"https:\/\/fris.nl\/de\/wp-json\/wp\/v2\/pages\/12384","targetHints":{"allow":["GET"]}}],"collection":[{"href":"https:\/\/fris.nl\/de\/wp-json\/wp\/v2\/pages"}],"about":[{"href":"https:\/\/fris.nl\/de\/wp-json\/wp\/v2\/types\/page"}],"author":[{"embeddable":true,"href":"https:\/\/fris.nl\/de\/wp-json\/wp\/v2\/users\/1"}],"replies":[{"embeddable":true,"href":"https:\/\/fris.nl\/de\/wp-json\/wp\/v2\/comments?post=12384"}],"version-history":[{"count":6,"href":"https:\/\/fris.nl\/de\/wp-json\/wp\/v2\/pages\/12384\/revisions"}],"predecessor-version":[{"id":12390,"href":"https:\/\/fris.nl\/de\/wp-json\/wp\/v2\/pages\/12384\/revisions\/12390"}],"up":[{"embeddable":true,"href":"https:\/\/fris.nl\/de\/wp-json\/wp\/v2\/pages\/12434"}],"wp:attachment":[{"href":"https:\/\/fris.nl\/de\/wp-json\/wp\/v2\/media?parent=12384"}],"curies":[{"name":"wp","href":"https:\/\/api.w.org\/{rel}","templated":true}]}}