{"id":12378,"date":"2023-04-20T10:13:24","date_gmt":"2023-04-20T08:13:24","guid":{"rendered":"https:\/\/fris.nl\/?page_id=12378"},"modified":"2024-03-01T15:50:00","modified_gmt":"2024-03-01T14:50:00","slug":"personalwerbung-auswahl","status":"publish","type":"page","link":"https:\/\/fris.nl\/de\/uber-fris\/personalwerbung-auswahl\/","title":{"rendered":"Personalwerbung &#038;  -Auswahl"},"content":{"rendered":"<section class=\"section half-hero red dark visible\">\n    <div class=\"bg section-bg fill bg-fill bg-loaded\" style=\"background-image: url('https:\/\/fris.nl\/wp-content\/uploads\/2023\/07\/Team-YP-Groot.png'); background-position: 0% 13% !important;\"><\/div>\n    <div class=\"section-content relative\">\n        <div class=\"row\" id=\"row-1299773279\">\n            <div class=\"col medium-12 small-12 large-12 image-col\" style=\"background-image: url('https:\/\/fris.nl\/wp-content\/uploads\/2023\/07\/Team-YP-Groot.png');\"><\/div>\n            \n\t<div id=\"col-104466644\" class=\"col contentarea medium-12 small-12 large-4\"  data-animate=\"fadeInUp\">\n\t\t\t\t<div class=\"col-inner\"  >\n\t\t\t\n\t\t\t\n                <div class=\"col-inner\">\n                    <div id=\"gap-866866620\" class=\"gap-element clearfix\" style=\"display:block; height:auto; padding-top: 40px;\"><\/div>\n                    <h1>Fris <span style=\"text-decoration: underline;\">Personalwerbung<\/span> &  -Auswahl<\/h1>\n                    <content><\/content>\n                    \n<p>FRIS Personalwerbung und -auswahl ist auf die Vermittlung festangestellter oder befristeter Fachkr\u00e4fte in den Bereichen Immobilien, HRM, Marketing, Recht und Finanzen spezialisiert.<\/p>\n\n                    <ul class=\"jumptoitems\"><\/ul>\n                <\/div>\n            \t\t<\/div>\n\t\t\t\t\t<\/div>\n\n\t\n        <\/div>\n    <\/div>\n<\/section>\n<div class=\"gap-element clearfix hide-for-medium\" style=\"display:block; height:auto; padding-top: 50px;\"><\/div>\n<span class=\"scroll-to\" data-label=\"Scroll to: #Arbeitgeber-unterst\u00fctzen\" data-bullet=\"false\" data-link=\"#Arbeitgeber-unterst\u00fctzen\" data-title=\"Arbeitgeber unterst\u00fctzen\"><a name=\"Arbeitgeber-unterst\u00fctzen\"><\/a><\/span><section class=\"section image-text image-text-right red visible\">\n    <div class=\"bg section-bg fill bg-fill bg-loaded\">\n    <\/div>\n    <div class=\"section-content relative\">        \n        <div class=\"row row-large align-center align-middle\">\n            <div id=\"col-2\" class=\"col medium-12 small-10 large-6 medium-col-first\">\n                <div class=\"col-inner\">\n                    <div class=\"img has-hover x md-x lg-x y md-y lg-y\" style=\"width: 100%;\">\n                        <div class=\"img-inner radius dark\">\n                            <img loading=\"lazy\" decoding=\"async\" width=\"1020\" height=\"680\" src=\"https:\/\/fris.nl\/wp-content\/uploads\/2023\/07\/DSC06223-bedrijfsmatig-scaled-1024x683.jpg\" class=\"attachment-large size-large\" alt=\"Arbeitgeber unterst\u00fctzen\" title=\"Arbeitgeber unterst\u00fctzen\" srcset=\"https:\/\/fris.nl\/wp-content\/uploads\/2023\/07\/DSC06223-bedrijfsmatig-scaled-1024x683.jpg 1024w, https:\/\/fris.nl\/wp-content\/uploads\/2023\/07\/DSC06223-bedrijfsmatig-scaled-300x200.jpg 300w, https:\/\/fris.nl\/wp-content\/uploads\/2023\/07\/DSC06223-bedrijfsmatig-scaled-768x512.jpg 768w, https:\/\/fris.nl\/wp-content\/uploads\/2023\/07\/DSC06223-bedrijfsmatig-scaled-1536x1025.jpg 1536w, https:\/\/fris.nl\/wp-content\/uploads\/2023\/07\/DSC06223-bedrijfsmatig-scaled-2048x1366.jpg 2048w\" sizes=\"auto, (max-width: 1020px) 100vw, 1020px\" \/>\n                        <\/div>\n                    <\/div>\n                <\/div>\n            <\/div> \n            <div class=\"col text-col medium-12 small-12 large-6\">\n                <div class=\"col-inner\">\n                    <h3 title=\"Arbeitgeber unterst\u00fctzen\">Arbeitgeber unterst\u00fctzen<\/h3>\n                    \n<p>Durch unsere umfangreiche Erfahrung, Netzwerke und internen Spezialisten k\u00f6nnen wir als eine der kosteng\u00fcnstigsten (No Cure No Pay) Personalwerbung- und Auswahlagenturen in den Niederlanden Arbeitgeber bei der Suche nach der richtigen Fachkraft unterst\u00fctzen. Wir agieren schnell, bieten einen qualitativ hochwertigen Service und sind jeder Herausforderung gewachsen.<\/p>\n\n                    \n                <\/div>\n            <\/div>       \n        <\/div>\n        <div class=\"gap-element clearfix hide-for-medium\" style=\"display:block; height:auto; padding-top: 30px;\"><\/div>\n    <\/div>\n<\/section>\n<span class=\"scroll-to\" data-label=\"Scroll to: #HRM-Beratung\" data-bullet=\"false\" data-link=\"#HRM-Beratung\" data-title=\"HRM Beratung\"><a name=\"HRM-Beratung\"><\/a><\/span><section class=\"section image-text image-text-left red visible\">\n    <div class=\"bg section-bg fill bg-fill bg-loaded\">\n    <\/div>\n    <div class=\"section-content relative\">\n        <div class=\"row row-large align-center align-middle\">\n            <div class=\"col text-col medium-12 small-12 large-6\">\n                <div class=\"col-inner\">\n                    <h3 title=\"HRM Beratung\">HRM Beratung<\/h3>\n                    \n<p>Neben der Suche nach der richtigen Fachkraft legen wir bei FRIS Personalwerbung und -auswahl gro\u00dfen Wert auf den pers\u00f6nlichen Kontakt und die Beratung mit Kunden und Bewerbern. So bieten wir beispielsweise nach Unterzeichnung des Arbeitsvertrages eine unverbindliche und kostenfreie HRM-Beratung f\u00fcr einen Monat zu allen aufkommenden Fragestellungen rund um den von uns vermittelten Bewerber an.<\/p>\n<p>Weitere Informationen zur Auftragserteilung?<\/p>\n\n                    <a href=\"mailto:wervingenselectie@fris.nl\" class=\"button primary\" >\n\t\t<span>SCHREIBEN SIE UNS EINE E-MAIL<\/span>\n\t<\/a>\n\n                <\/div>\n            <\/div>\n            <div id=\"col-2\" class=\"col medium-12 small-10 large-6 medium-col-first\">\n                <div class=\"col-inner\">\n                    <div class=\"img has-hover x md-x lg-x y md-y lg-y\" style=\"width: 100%;\">\n                        <div class=\"img-inner radius dark\">\n                            <img loading=\"lazy\" decoding=\"async\" width=\"1020\" height=\"680\" src=\"https:\/\/fris.nl\/wp-content\/uploads\/2023\/07\/J9A9268-Werving-en-Selectie-1024x683.png\" class=\"attachment-large size-large\" alt=\"HRM Beratung\" title=\"HRM Beratung\" srcset=\"https:\/\/fris.nl\/wp-content\/uploads\/2023\/07\/J9A9268-Werving-en-Selectie-1024x683.png 1024w, https:\/\/fris.nl\/wp-content\/uploads\/2023\/07\/J9A9268-Werving-en-Selectie-300x200.png 300w, https:\/\/fris.nl\/wp-content\/uploads\/2023\/07\/J9A9268-Werving-en-Selectie-768x512.png 768w, https:\/\/fris.nl\/wp-content\/uploads\/2023\/07\/J9A9268-Werving-en-Selectie.png 1280w\" sizes=\"auto, (max-width: 1020px) 100vw, 1020px\" \/>\n                        <\/div>\n                    <\/div>\n                <\/div>\n            <\/div>        \n        <\/div>\n        <div class=\"gap-element clearfix hide-for-medium\" style=\"display:block; height:auto; padding-top: 30px;\"><\/div>\n    <\/div>\n<\/section>\n<section class=\"section cta-1 red dark visible nolines\">\n    <div class=\"bg section-bg fill bg-fill bg-loaded\" style=\"background-image: url('https:\/\/fris.nl\/wp-content\/uploads\/2023\/04\/stock-Werving_Selectie-Jeroen-Gorthuis-1-Groot.jpg'); background-position: 0% 35% !important;\"><\/div>\n    <div class=\"section-content relative\">\n        <div class=\"row\" id=\"row-1299773279\">\n            <div class=\"col medium-12 small-12 large-12 image-col\" style=\"background-image: url('https:\/\/fris.nl\/wp-content\/uploads\/2023\/04\/stock-Werving_Selectie-Jeroen-Gorthuis-1-Groot.jpg');\"><\/div>\n            <div class=\"col medium-12 small-12 large-4 content-col\">\n                <div class=\"col-inner\">\n                    <div id=\"gap-866866620\" class=\"gap-element clearfix\" style=\"display:block; height:auto; padding-top: 40px;\"><\/div>\n                    <h2>Fragen? <span style=\"text-decoration: underline;\">Jeroen&nbsp;Gorthuis<\/span> IST F\u00dcR SIE DA<\/h2>\n                    <content><\/content>\n                    \n\n                    <a href=\"mailto:j.gorthuis@fris.nl\" target=\"_blank\" class=\"button primary\" rel=\"noopener\" >\n\t\t<span>kontakt<\/span>\n\t<\/a>\n\n                <\/div>\n            <\/div>\n        <\/div>\n    <\/div>\n<\/section>\n\n\t<section class=\"section topic-grid-three red visible\" id=\"section_244719621\">\n\t\t<div class=\"section-bg fill\" >\n\t\t\t\t\t\t\t\t\t\n\t\t\t\n\n\t\t<\/div>\n\n\t\t\n\n\t\t<div class=\"section-content relative\">\n\t\t\t\n\t<div id=\"gap-1605316932\" class=\"gap-element clearfix\" style=\"display:block; height:auto;\">\n\t\t\n<style>\n#gap-1605316932 {\n  padding-top: 100px;\n}\n<\/style>\n\t<\/div>\n\t\n<div class=\"row\"  id=\"row-1266767862\">\n\n\t<div id=\"col-271182774\" class=\"col small-12 large-12\"  >\n\t\t\t\t<div class=\"col-inner\"  >\n\t\t\t\n\t\t\t\n\t<div id=\"text-417743577\" class=\"text\">\n\t\t\n<h2> STELLENANGEBOTE Von Kunden<\/h2>\n\t\t\n<style>\n#text-417743577 {\n  text-align: center;\n}\n<\/style>\n\t<\/div>\n\t\n\t\t<\/div>\n\t\t\t\t\t<\/div>\n\n\t\n<\/div>\n\t<div id=\"gap-1543015508\" class=\"gap-element clearfix\" style=\"display:block; height:auto;\">\n\t\t\n<style>\n#gap-1543015508 {\n  padding-top: 50px;\n}\n<\/style>\n\t<\/div>\n\t\n<div class=\"row large-columns-5 medium-columns-1 small-columns-1 row-large\">\n\n<\/div>\n<!-- &#091;blog_posts style=\"push\" type=\"row\" col_spacing=\"large\" columns=\"5\" columns__md=\"1\" posts=\"%posts%\" show_date=\"text\" excerpt=\"false\" show_category=\"text\" image_height=\"56.25%\" text_align=\"left\" animate=\"flipInX\"&#093; -->\n\t<div id=\"gap-906579877\" class=\"gap-element clearfix\" style=\"display:block; height:auto;\">\n\t\t\n<style>\n#gap-906579877 {\n  padding-top: 100px;\n}\n<\/style>\n\t<\/div>\n\t\n\t\t<\/div>\n\n\t\t\n<style>\n#section_244719621 {\n  padding-top: 0px;\n  padding-bottom: 0px;\n}\n<\/style>\n\t<\/section>\n\t\n<section class=\"section button-row light visible\">\n<div class=\"bg section-bg fill bg-fill bg-loaded\">\n<\/div>\n<div class=\"section-content relative\">\n<div class=\"row align-center \">\n<div class=\"col text-center medium-12 small-12 large-12  visible\">\n    <div class=\"col-inner\">\n        <a href=\"\/vacatures-werving\/\" class=\"button primary\" >\n\t\t<span>WEITERE STELLENANGEBOTE<\/span>\n\t<\/a>\n\n    <\/div>\n<\/div>\n<\/div>\n<\/div>\n<\/section>\n\t<div id=\"gap-266519291\" class=\"gap-element clearfix\" style=\"display:block; height:auto;\">\n\t\t\n<style>\n#gap-266519291 {\n  padding-top: 30px;\n}\n<\/style>\n\t<\/div>\n\t\n<span class=\"scroll-to\" data-label=\"Scroll to: #Das-Bewerbungsverfahren\" data-bullet=\"false\" data-link=\"#Das-Bewerbungsverfahren\" data-title=\"Das Bewerbungsverfahren\"><a name=\"Das-Bewerbungsverfahren\"><\/a><\/span><section class=\"section image-text image-text-right red visible\">\n    <div class=\"bg section-bg fill bg-fill bg-loaded\">\n    <\/div>\n    <div class=\"section-content relative\">        \n        <div class=\"row row-large align-center align-middle\">\n            <div id=\"col-2\" class=\"col medium-12 small-10 large-6 medium-col-first\">\n                <div class=\"col-inner\">\n                    <div class=\"img has-hover x md-x lg-x y md-y lg-y\" style=\"width: 100%;\">\n                        <div class=\"img-inner radius dark\">\n                            <img loading=\"lazy\" decoding=\"async\" width=\"1020\" height=\"680\" src=\"https:\/\/fris.nl\/wp-content\/uploads\/2023\/07\/Mike-Plompen2-Werving-en-Selectie-1024x683.png\" class=\"attachment-large size-large\" alt=\"Das Bewerbungsverfahren\" title=\"Das Bewerbungsverfahren\" srcset=\"https:\/\/fris.nl\/wp-content\/uploads\/2023\/07\/Mike-Plompen2-Werving-en-Selectie-1024x683.png 1024w, https:\/\/fris.nl\/wp-content\/uploads\/2023\/07\/Mike-Plompen2-Werving-en-Selectie-300x200.png 300w, https:\/\/fris.nl\/wp-content\/uploads\/2023\/07\/Mike-Plompen2-Werving-en-Selectie-768x512.png 768w, https:\/\/fris.nl\/wp-content\/uploads\/2023\/07\/Mike-Plompen2-Werving-en-Selectie.png 1280w\" sizes=\"auto, (max-width: 1020px) 100vw, 1020px\" \/>\n                        <\/div>\n                    <\/div>\n                <\/div>\n            <\/div> \n            <div class=\"col text-col medium-12 small-12 large-6\">\n                <div class=\"col-inner\">\n                    <h3 title=\"Das Bewerbungsverfahren\">Das Bewerbungsverfahren<\/h3>\n                    \n<p>Wenn Sie an einer unserer offenen Stellen interessiert sind, kontaktieren Sie uns bitte unter <a href=\"mailto:wervingenselectie@fris.nl\">wervingenselectie@fris.nl<\/a> oder unter 06-37408854.<\/p>\n<p>Wenn eine \u00dcbereinstimmung zwischen dem Kunden und Ihren W\u00fcnschen und Ambitionen besteht, stellt FRIS Personalwerbung und -auswahl Sie gerne dem Kunden vor. Hierzu m\u00fcssen Sie einen aktuellen Lebenslauf einreichen. Selbstverst\u00e4ndlich werden Sie vor und w\u00e4hrend des Bewerbungsprozesses beim Kunden von FRIS begleitet.<\/p>\n<p>Wenn Sie und unser Kunde sich \u00fcber die angegebenen und gew\u00fcnschten Anstellungsbedingungen freuen k\u00f6nnen, ber\u00e4t FRIS Personalwerbung Sie im ersten Monat des Anstellungsvertrags unverbindlich im HRM-Bereich und wir bleiben gerne mit Ihnen dar\u00fcber in Kontakt, wie Sie Ihren neuen Arbeitsplatz erleben.<\/p>\n\n                    \n                <\/div>\n            <\/div>       \n        <\/div>\n        <div class=\"gap-element clearfix hide-for-medium\" style=\"display:block; height:auto; padding-top: 30px;\"><\/div>\n    <\/div>\n<\/section>\n","protected":false},"excerpt":{"rendered":"","protected":false},"author":1,"featured_media":0,"parent":12434,"menu_order":33,"comment_status":"closed","ping_status":"closed","template":"","meta":{"_acf_changed":false,"footnotes":""},"class_list":["post-12378","page","type-page","status-publish","hentry"],"acf":[],"yoast_head":"<!-- This site is optimized with the Yoast SEO plugin v27.4 - https:\/\/yoast.com\/product\/yoast-seo-wordpress\/ -->\n<title>Personalwerbung &amp; -Auswahl - Fris Real People<\/title>\n<meta name=\"robots\" content=\"index, follow, max-snippet:-1, max-image-preview:large, max-video-preview:-1\" \/>\n<link rel=\"canonical\" href=\"https:\/\/fris.nl\/de\/uber-fris\/personalwerbung-auswahl\/\" \/>\n<meta property=\"og:locale\" content=\"de_DE\" \/>\n<meta property=\"og:type\" content=\"article\" \/>\n<meta property=\"og:title\" content=\"Personalwerbung &amp; -Auswahl - Fris Real People\" \/>\n<meta property=\"og:url\" content=\"https:\/\/fris.nl\/de\/uber-fris\/personalwerbung-auswahl\/\" \/>\n<meta property=\"og:site_name\" content=\"Fris Real People\" \/>\n<meta property=\"article:publisher\" content=\"https:\/\/www.facebook.com\/FrisMakelaarsAmsterdam\" \/>\n<meta property=\"article:modified_time\" content=\"2024-03-01T14:50:00+00:00\" \/>\n<meta name=\"twitter:card\" content=\"summary_large_image\" \/>\n<meta name=\"twitter:site\" content=\"@FRISRealPeople\" \/>\n<meta name=\"twitter:label1\" content=\"Gesch\u00e4tzte Lesezeit\" \/>\n\t<meta name=\"twitter:data1\" content=\"2\u00a0Minuten\" \/>\n<script type=\"application\/ld+json\" class=\"yoast-schema-graph\">{\"@context\":\"https:\\\/\\\/schema.org\",\"@graph\":[{\"@type\":\"WebPage\",\"@id\":\"https:\\\/\\\/fris.nl\\\/de\\\/uber-fris\\\/personalwerbung-auswahl\\\/\",\"url\":\"https:\\\/\\\/fris.nl\\\/de\\\/uber-fris\\\/personalwerbung-auswahl\\\/\",\"name\":\"Personalwerbung & -Auswahl - Fris Real People\",\"isPartOf\":{\"@id\":\"https:\\\/\\\/fris.nl\\\/de\\\/#website\"},\"datePublished\":\"2023-04-20T08:13:24+00:00\",\"dateModified\":\"2024-03-01T14:50:00+00:00\",\"breadcrumb\":{\"@id\":\"https:\\\/\\\/fris.nl\\\/de\\\/uber-fris\\\/personalwerbung-auswahl\\\/#breadcrumb\"},\"inLanguage\":\"de\",\"potentialAction\":[{\"@type\":\"ReadAction\",\"target\":[\"https:\\\/\\\/fris.nl\\\/de\\\/uber-fris\\\/personalwerbung-auswahl\\\/\"]}]},{\"@type\":\"BreadcrumbList\",\"@id\":\"https:\\\/\\\/fris.nl\\\/de\\\/uber-fris\\\/personalwerbung-auswahl\\\/#breadcrumb\",\"itemListElement\":[{\"@type\":\"ListItem\",\"position\":1,\"name\":\"Home\",\"item\":\"https:\\\/\\\/fris.nl\\\/de\\\/\"},{\"@type\":\"ListItem\",\"position\":2,\"name\":\"\u00dcber FRIS\",\"item\":\"https:\\\/\\\/fris.nl\\\/de\\\/uber-fris\\\/\"},{\"@type\":\"ListItem\",\"position\":3,\"name\":\"Personalwerbung &#038; -Auswahl\"}]},{\"@type\":\"WebSite\",\"@id\":\"https:\\\/\\\/fris.nl\\\/de\\\/#website\",\"url\":\"https:\\\/\\\/fris.nl\\\/de\\\/\",\"name\":\"Fris Real People\",\"description\":\"\",\"potentialAction\":[{\"@type\":\"SearchAction\",\"target\":{\"@type\":\"EntryPoint\",\"urlTemplate\":\"https:\\\/\\\/fris.nl\\\/de\\\/?s={search_term_string}\"},\"query-input\":{\"@type\":\"PropertyValueSpecification\",\"valueRequired\":true,\"valueName\":\"search_term_string\"}}],\"inLanguage\":\"de\"}]}<\/script>\n<!-- \/ Yoast SEO plugin. -->","yoast_head_json":{"title":"Personalwerbung & -Auswahl - Fris Real People","robots":{"index":"index","follow":"follow","max-snippet":"max-snippet:-1","max-image-preview":"max-image-preview:large","max-video-preview":"max-video-preview:-1"},"canonical":"https:\/\/fris.nl\/de\/uber-fris\/personalwerbung-auswahl\/","og_locale":"de_DE","og_type":"article","og_title":"Personalwerbung & -Auswahl - Fris Real People","og_url":"https:\/\/fris.nl\/de\/uber-fris\/personalwerbung-auswahl\/","og_site_name":"Fris Real People","article_publisher":"https:\/\/www.facebook.com\/FrisMakelaarsAmsterdam","article_modified_time":"2024-03-01T14:50:00+00:00","twitter_card":"summary_large_image","twitter_site":"@FRISRealPeople","twitter_misc":{"Gesch\u00e4tzte Lesezeit":"2\u00a0Minuten"},"schema":{"@context":"https:\/\/schema.org","@graph":[{"@type":"WebPage","@id":"https:\/\/fris.nl\/de\/uber-fris\/personalwerbung-auswahl\/","url":"https:\/\/fris.nl\/de\/uber-fris\/personalwerbung-auswahl\/","name":"Personalwerbung & -Auswahl - Fris Real People","isPartOf":{"@id":"https:\/\/fris.nl\/de\/#website"},"datePublished":"2023-04-20T08:13:24+00:00","dateModified":"2024-03-01T14:50:00+00:00","breadcrumb":{"@id":"https:\/\/fris.nl\/de\/uber-fris\/personalwerbung-auswahl\/#breadcrumb"},"inLanguage":"de","potentialAction":[{"@type":"ReadAction","target":["https:\/\/fris.nl\/de\/uber-fris\/personalwerbung-auswahl\/"]}]},{"@type":"BreadcrumbList","@id":"https:\/\/fris.nl\/de\/uber-fris\/personalwerbung-auswahl\/#breadcrumb","itemListElement":[{"@type":"ListItem","position":1,"name":"Home","item":"https:\/\/fris.nl\/de\/"},{"@type":"ListItem","position":2,"name":"\u00dcber FRIS","item":"https:\/\/fris.nl\/de\/uber-fris\/"},{"@type":"ListItem","position":3,"name":"Personalwerbung &#038; -Auswahl"}]},{"@type":"WebSite","@id":"https:\/\/fris.nl\/de\/#website","url":"https:\/\/fris.nl\/de\/","name":"Fris Real People","description":"","potentialAction":[{"@type":"SearchAction","target":{"@type":"EntryPoint","urlTemplate":"https:\/\/fris.nl\/de\/?s={search_term_string}"},"query-input":{"@type":"PropertyValueSpecification","valueRequired":true,"valueName":"search_term_string"}}],"inLanguage":"de"}]}},"_links":{"self":[{"href":"https:\/\/fris.nl\/de\/wp-json\/wp\/v2\/pages\/12378","targetHints":{"allow":["GET"]}}],"collection":[{"href":"https:\/\/fris.nl\/de\/wp-json\/wp\/v2\/pages"}],"about":[{"href":"https:\/\/fris.nl\/de\/wp-json\/wp\/v2\/types\/page"}],"author":[{"embeddable":true,"href":"https:\/\/fris.nl\/de\/wp-json\/wp\/v2\/users\/1"}],"replies":[{"embeddable":true,"href":"https:\/\/fris.nl\/de\/wp-json\/wp\/v2\/comments?post=12378"}],"version-history":[{"count":5,"href":"https:\/\/fris.nl\/de\/wp-json\/wp\/v2\/pages\/12378\/revisions"}],"predecessor-version":[{"id":12383,"href":"https:\/\/fris.nl\/de\/wp-json\/wp\/v2\/pages\/12378\/revisions\/12383"}],"up":[{"embeddable":true,"href":"https:\/\/fris.nl\/de\/wp-json\/wp\/v2\/pages\/12434"}],"wp:attachment":[{"href":"https:\/\/fris.nl\/de\/wp-json\/wp\/v2\/media?parent=12378"}],"curies":[{"name":"wp","href":"https:\/\/api.w.org\/{rel}","templated":true}]}}