{"id":12373,"date":"2023-04-25T08:17:26","date_gmt":"2023-04-25T06:17:26","guid":{"rendered":"https:\/\/fris.nl\/?page_id=12373"},"modified":"2024-03-01T15:51:18","modified_gmt":"2024-03-01T14:51:18","slug":"mein-bauwprojekt","status":"publish","type":"page","link":"https:\/\/fris.nl\/de\/unsere-dienstleistungen\/mein-bauwprojekt\/","title":{"rendered":"Mein Bauwprojekt"},"content":{"rendered":"<section class=\"section half-hero darkblue dark visible\">\n    <div class=\"bg section-bg fill bg-fill bg-loaded\" style=\"background-image: url('https:\/\/fris.nl\/wp-content\/uploads\/2023\/07\/DSC00203-Bouw.jpg'); background-position: 0% 26% !important;\"><\/div>\n    <div class=\"section-content relative\">\n        <div class=\"row\" id=\"row-1299773279\">\n            <div class=\"col medium-12 small-12 large-12 image-col\" style=\"background-image: url('https:\/\/fris.nl\/wp-content\/uploads\/2023\/07\/DSC00203-Bouw.jpg');\"><\/div>\n            \n\t<div id=\"col-1969460780\" class=\"col contentarea medium-12 small-12 large-4\"  data-animate=\"fadeInUp\">\n\t\t\t\t<div class=\"col-inner\"  >\n\t\t\t\n\t\t\t\n                <div class=\"col-inner\">\n                    <div id=\"gap-866866620\" class=\"gap-element clearfix\" style=\"display:block; height:auto; padding-top: 40px;\"><\/div>\n                    <h1>Mein <span style=\"text-decoration: underline;\">Bauwprojekt<\/span><\/h1>\n                    <content><\/content>\n                    \n\n                    <ul class=\"jumptoitems\"><\/ul>\n                <\/div>\n            \t\t<\/div>\n\t\t\t\t\t<\/div>\n\n\t\n        <\/div>\n    <\/div>\n<\/section>\n<div class=\"gap-element clearfix hide-for-medium\" style=\"display:block; height:auto; padding-top: 50px;\"><\/div>\n<span class=\"scroll-to\" data-label=\"Scroll to: #Der-Erfolg-Ihres-Bauprojekts\" data-bullet=\"false\" data-link=\"#Der-Erfolg-Ihres-Bauprojekts\" data-title=\"Der Erfolg Ihres Bauprojekts\"><a name=\"Der-Erfolg-Ihres-Bauprojekts\"><\/a><\/span><section class=\"section image-text image-text-left red visible\">\n    <div class=\"bg section-bg fill bg-fill bg-loaded\">\n    <\/div>\n    <div class=\"section-content relative\">\n        <div class=\"row row-large align-center align-middle\">\n            <div class=\"col text-col medium-12 small-12 large-6\">\n                <div class=\"col-inner\">\n                    <h3 title=\"Der Erfolg Ihres Bauprojekts\">Der Erfolg Ihres Bauprojekts<\/h3>\n                    \n<p>Als Full-Service-Immobiliendienstleister sind wir vom Projektentwicklungsplan bis zur Umsetzung und Abwicklung von Immobilienprojekten t\u00e4tig. Dank unserer breiten Organisation betreuen wir den gesamten Immobilienzyklus. Dank unserer mehr als 100-j\u00e4hrigen Erfahrung verf\u00fcgen wir \u00fcber ein globales Netzwerk, einzigartige Daten, professionelle Rechercheure und Standortexperten: Das werden Sie schnell am Erfolg Ihres Bauprojekts merken.<\/p>\n\n                    \n                <\/div>\n            <\/div>\n            <div id=\"col-2\" class=\"col medium-12 small-10 large-6 medium-col-first\">\n                <div class=\"col-inner\">\n                    <div class=\"img has-hover x md-x lg-x y md-y lg-y\" style=\"width: 100%;\">\n                        <div class=\"img-inner radius dark\">\n                            <img loading=\"lazy\" decoding=\"async\" width=\"1020\" height=\"680\" src=\"https:\/\/fris.nl\/wp-content\/uploads\/2023\/04\/stock_investment_care-Investment-CareDSC02493-LR-1024x683.jpg\" class=\"attachment-large size-large\" alt=\"Der Erfolg Ihres Bauprojekts\" title=\"Der Erfolg Ihres Bauprojekts\" srcset=\"https:\/\/fris.nl\/wp-content\/uploads\/2023\/04\/stock_investment_care-Investment-CareDSC02493-LR-1024x683.jpg 1024w, https:\/\/fris.nl\/wp-content\/uploads\/2023\/04\/stock_investment_care-Investment-CareDSC02493-LR-300x200.jpg 300w, https:\/\/fris.nl\/wp-content\/uploads\/2023\/04\/stock_investment_care-Investment-CareDSC02493-LR-768x512.jpg 768w, https:\/\/fris.nl\/wp-content\/uploads\/2023\/04\/stock_investment_care-Investment-CareDSC02493-LR-1536x1024.jpg 1536w, https:\/\/fris.nl\/wp-content\/uploads\/2023\/04\/stock_investment_care-Investment-CareDSC02493-LR-2048x1366.jpg 2048w\" sizes=\"auto, (max-width: 1020px) 100vw, 1020px\" \/>\n                        <\/div>\n                    <\/div>\n                <\/div>\n            <\/div>        \n        <\/div>\n        <div class=\"gap-element clearfix hide-for-medium\" style=\"display:block; height:auto; padding-top: 30px;\"><\/div>\n    <\/div>\n<\/section>\n<span class=\"scroll-to\" data-label=\"Scroll to: #Geeignete-Projektentwicklungsstandorte\" data-bullet=\"false\" data-link=\"#Geeignete-Projektentwicklungsstandorte\" data-title=\"Geeignete Projektentwicklungsstandorte\"><a name=\"Geeignete-Projektentwicklungsstandorte\"><\/a><\/span><section class=\"section image-text image-text-right red visible\">\n    <div class=\"bg section-bg fill bg-fill bg-loaded\">\n    <\/div>\n    <div class=\"section-content relative\">        \n        <div class=\"row row-large align-center align-middle\">\n            <div id=\"col-2\" class=\"col medium-12 small-10 large-6 medium-col-first\">\n                <div class=\"col-inner\">\n                    <div class=\"img has-hover x md-x lg-x y md-y lg-y\" style=\"width: 100%;\">\n                        <div class=\"img-inner radius dark\">\n                            <img loading=\"lazy\" decoding=\"async\" width=\"1020\" height=\"680\" src=\"https:\/\/fris.nl\/wp-content\/uploads\/2023\/04\/stock_investment_care-DSC09194-LR-1024x683.jpg\" class=\"attachment-large size-large\" alt=\"Geeignete Projektentwicklungsstandorte\" title=\"Geeignete Projektentwicklungsstandorte\" srcset=\"https:\/\/fris.nl\/wp-content\/uploads\/2023\/04\/stock_investment_care-DSC09194-LR-1024x683.jpg 1024w, https:\/\/fris.nl\/wp-content\/uploads\/2023\/04\/stock_investment_care-DSC09194-LR-300x200.jpg 300w, https:\/\/fris.nl\/wp-content\/uploads\/2023\/04\/stock_investment_care-DSC09194-LR-768x512.jpg 768w, https:\/\/fris.nl\/wp-content\/uploads\/2023\/04\/stock_investment_care-DSC09194-LR-1536x1024.jpg 1536w, https:\/\/fris.nl\/wp-content\/uploads\/2023\/04\/stock_investment_care-DSC09194-LR-2048x1366.jpg 2048w\" sizes=\"auto, (max-width: 1020px) 100vw, 1020px\" \/>\n                        <\/div>\n                    <\/div>\n                <\/div>\n            <\/div> \n            <div class=\"col text-col medium-12 small-12 large-6\">\n                <div class=\"col-inner\">\n                    <h3 title=\"Geeignete Projektentwicklungsstandorte\">Geeignete Projektentwicklungsstandorte<\/h3>\n                    \n<p>Im Jahr 2005 gr\u00fcndeten wir unsere eigene Marketing- und Researchabteilung, heute Research and Consultancy. Diese einzigartige Abteilung stellt sicher, dass wir auf der Grundlage harter Daten bessere Vorhersagen treffen k\u00f6nnen. Wir wissen genau, was ben\u00f6tigt wird und f\u00fcr wen Sie was bauen m\u00fcssen. Denn der Erfolg einer Projektentwicklung beginnt mit der Suche und Beschaffung geeigneter Entwicklungsstandorte.<\/p>\n\n                    \n                <\/div>\n            <\/div>       \n        <\/div>\n        <div class=\"gap-element clearfix hide-for-medium\" style=\"display:block; height:auto; padding-top: 30px;\"><\/div>\n    <\/div>\n<\/section>\n<span class=\"scroll-to\" data-label=\"Scroll to: #Aufbau-Abbau-und-Wiederaufbau\" data-bullet=\"false\" data-link=\"#Aufbau-Abbau-und-Wiederaufbau\" data-title=\"Aufbau, Abbau und Wiederaufbau\"><a name=\"Aufbau-Abbau-und-Wiederaufbau\"><\/a><\/span><section class=\"section single-text  blue visible light-2\">\n    <div class=\"bg section-bg fill bg-fill bg-loaded\">\n    <\/div>\n    <div class=\"section-content relative\">\n        <div class=\"gap-element clearfix hide-for-medium\" style=\"display:block; height:auto; padding-top: 50px;\"><\/div>\n        <div class=\"row row-large align-center align-middle\">\n            <div class=\"col text-col medium-12 small-12 large-9 text-center\">\n                <div class=\"col-inner\">\n                    <h2 title=\"Aufbau, Abbau und Wiederaufbau\" class=\"text-center\">Aufbau, Abbau und Wiederaufbau<\/h2>\n<p>Wir koordinieren und \u00fcberwachen Bau, Fertigstellung und Umbau, damit Sie Ihr Bauvorhaben effizient und finanziell attraktiv zum Erfolg f\u00fchren k\u00f6nnen. Wir achten sowohl auf das Design als auch auf die Technik, damit sie zusammen ein gut funktionierendes Ganzes ergeben. Nicht nur heute, sondern auch in der Zukunft.<\/p>\n\n                <\/div>\n            <\/div>     \n        <\/div>\n        <div class=\"gap-element clearfix hide-for-medium\" style=\"display:block; height:auto; padding-top: 30px;\"><\/div>\n    <\/div>\n<\/section>\n<div class=\"gap-element clearfix hide-for-medium\" style=\"display:block; height:auto; padding-top: 50px;\"><\/div>\n<span class=\"scroll-to\" data-label=\"Scroll to: #Mit-Blick-in-die-Zukunft\" data-bullet=\"false\" data-link=\"#Mit-Blick-in-die-Zukunft\" data-title=\"Mit Blick in die Zukunft\"><a name=\"Mit-Blick-in-die-Zukunft\"><\/a><\/span><section class=\"section image-text image-text-left red visible\">\n    <div class=\"bg section-bg fill bg-fill bg-loaded\">\n    <\/div>\n    <div class=\"section-content relative\">\n        <div class=\"row row-large align-center align-middle\">\n            <div class=\"col text-col medium-12 small-12 large-6\">\n                <div class=\"col-inner\">\n                    <h3 title=\"Mit Blick in die Zukunft\">Mit Blick in die Zukunft<\/h3>\n                    \n<p>Zukunftsorientiert: Das ist f\u00fcr uns der Schl\u00fcssel zum Erfolg. Deshalb ber\u00fccksichtigen wir ver\u00e4nderte Vorschriften, innovative Entwicklungen und die Nachhaltigkeit von Geb\u00e4uden. Dadurch entlasten wir Sie nicht nur kurzfristig, sondern auch langfristig.<\/p>\n\n                    \n                <\/div>\n            <\/div>\n            <div id=\"col-2\" class=\"col medium-12 small-10 large-6 medium-col-first\">\n                <div class=\"col-inner\">\n                    <div class=\"img has-hover x md-x lg-x y md-y lg-y\" style=\"width: 100%;\">\n                        <div class=\"img-inner radius dark\">\n                            <img loading=\"lazy\" decoding=\"async\" width=\"1020\" height=\"680\" src=\"https:\/\/fris.nl\/wp-content\/uploads\/2023\/07\/Koffiekopje-1024x683.jpg\" class=\"attachment-large size-large\" alt=\"Mit Blick in die Zukunft\" title=\"Mit Blick in die Zukunft\" srcset=\"https:\/\/fris.nl\/wp-content\/uploads\/2023\/07\/Koffiekopje-1024x683.jpg 1024w, https:\/\/fris.nl\/wp-content\/uploads\/2023\/07\/Koffiekopje-300x200.jpg 300w, https:\/\/fris.nl\/wp-content\/uploads\/2023\/07\/Koffiekopje-768x512.jpg 768w, https:\/\/fris.nl\/wp-content\/uploads\/2023\/07\/Koffiekopje.jpg 1250w\" sizes=\"auto, (max-width: 1020px) 100vw, 1020px\" \/>\n                        <\/div>\n                    <\/div>\n                <\/div>\n            <\/div>        \n        <\/div>\n        <div class=\"gap-element clearfix hide-for-medium\" style=\"display:block; height:auto; padding-top: 30px;\"><\/div>\n    <\/div>\n<\/section>\n<span class=\"scroll-to\" data-label=\"Scroll to: #Fundierte-Sichtweise-f\u00fcr-Ihren-Entwurf\" data-bullet=\"false\" data-link=\"#Fundierte-Sichtweise-f\u00fcr-Ihren-Entwurf\" data-title=\"Fundierte Sichtweise f\u00fcr Ihren Entwurf\"><a name=\"Fundierte-Sichtweise-f\u00fcr-Ihren-Entwurf\"><\/a><\/span><section class=\"section image-text image-text-right red visible\">\n    <div class=\"bg section-bg fill bg-fill bg-loaded\">\n    <\/div>\n    <div class=\"section-content relative\">        \n        <div class=\"row row-large align-center align-middle\">\n            <div id=\"col-2\" class=\"col medium-12 small-10 large-6 medium-col-first\">\n                <div class=\"col-inner\">\n                    <div class=\"img has-hover x md-x lg-x y md-y lg-y\" style=\"width: 100%;\">\n                        <div class=\"img-inner radius dark\">\n                            <img loading=\"lazy\" decoding=\"async\" width=\"1020\" height=\"679\" src=\"https:\/\/fris.nl\/wp-content\/uploads\/2023\/07\/Visual-22Q2-DWE-rapport-research-1024x682.png\" class=\"attachment-large size-large\" alt=\"Fundierte Sichtweise f\u00fcr Ihren Entwurf\" title=\"Fundierte Sichtweise f\u00fcr Ihren Entwurf\" srcset=\"https:\/\/fris.nl\/wp-content\/uploads\/2023\/07\/Visual-22Q2-DWE-rapport-research-1024x682.png 1024w, https:\/\/fris.nl\/wp-content\/uploads\/2023\/07\/Visual-22Q2-DWE-rapport-research-300x200.png 300w, https:\/\/fris.nl\/wp-content\/uploads\/2023\/07\/Visual-22Q2-DWE-rapport-research-768x512.png 768w, https:\/\/fris.nl\/wp-content\/uploads\/2023\/07\/Visual-22Q2-DWE-rapport-research-1536x1024.png 1536w, https:\/\/fris.nl\/wp-content\/uploads\/2023\/07\/Visual-22Q2-DWE-rapport-research.png 2000w\" sizes=\"auto, (max-width: 1020px) 100vw, 1020px\" \/>\n                        <\/div>\n                    <\/div>\n                <\/div>\n            <\/div> \n            <div class=\"col text-col medium-12 small-12 large-6\">\n                <div class=\"col-inner\">\n                    <h3 title=\"Fundierte Sichtweise f\u00fcr Ihren Entwurf\">Fundierte Sichtweise f\u00fcr Ihren Entwurf<\/h3>\n                    \n<p>Sie w\u00fcnschen sich eine Untermauerung zum Beispiel zu Kauf- und Mietpreisen, Parkstandards und der Zielgruppe, auf die sich das Projekt konzentrieren soll? Unser Untersuchungsbericht vermittelt eine fundierte Sichtweise auf ihren Entwurf.<\/p>\n\n                    \n                <\/div>\n            <\/div>       \n        <\/div>\n        <div class=\"gap-element clearfix hide-for-medium\" style=\"display:block; height:auto; padding-top: 30px;\"><\/div>\n    <\/div>\n<\/section>\n<span class=\"scroll-to\" data-label=\"Scroll to: #Beratung-zu-miet--und-Kaufpreisen\" data-bullet=\"false\" data-link=\"#Beratung-zu-miet--und-Kaufpreisen\" data-title=\"Beratung zu miet- und Kaufpreisen\"><a name=\"Beratung-zu-miet--und-Kaufpreisen\"><\/a><\/span><section class=\"section cta-1 red dark visible nolines\">\n    <div class=\"bg section-bg fill bg-fill bg-loaded\" style=\"background-image: url('https:\/\/fris.nl\/wp-content\/uploads\/tiara\/project\/9d7232f4-3c0b-4c96-be94-405556466e92\/aaa579aa-b1f3-404c-9858-9f09bf0c2563.jpg'); background-position: 0% 30% !important;\"><\/div>\n    <div class=\"section-content relative\">\n        <div class=\"row\" id=\"row-1299773279\">\n            <div class=\"col medium-12 small-12 large-12 image-col\" style=\"background-image: url('https:\/\/fris.nl\/wp-content\/uploads\/tiara\/project\/9d7232f4-3c0b-4c96-be94-405556466e92\/aaa579aa-b1f3-404c-9858-9f09bf0c2563.jpg');\"><\/div>\n            <div class=\"col medium-12 small-12 large-4 content-col\">\n                <div class=\"col-inner\">\n                    <div id=\"gap-866866620\" class=\"gap-element clearfix\" style=\"display:block; height:auto; padding-top: 40px;\"><\/div>\n                    <h2>Beratung <span style=\"text-decoration: underline;\">zu&nbsp;miet-&nbsp;und<\/span> Kaufpreisen<\/h2>\n                    <content><\/content>\n                    \n<p>Sind Sie mit der Projektentwicklung bereits in einem fortgeschrittenen Stadium und w\u00fcnschen eine kurze Einsch\u00e4tzung der Marktkonformit\u00e4t der bereits festgelegten Miet- und Kaufpreise? Unser Quick Scan liefert ein kurzes und \u00fcbersichtliches Bild des Marktes und eine Empfehlung in Bezug auf die Marktkonformit\u00e4t der Preise.<\/p>\n\n                    <a href=\"https:\/\/fris.nl\/onze-diensten\/mijn-bouwproject\/verkoop-en-verhuur-van-mijn-bouwproject\/\" target=\"_blank\" class=\"button primary\" rel=\"noopener\" >\n\t\t<span>VERKAUF UND VERMIETUNG<\/span>\n\t<\/a>\n\n                <\/div>\n            <\/div>\n        <\/div>\n    <\/div>\n<\/section>\n<span class=\"scroll-to\" data-label=\"Scroll to: #Leben-Genie\u00dfen-Leisten\" data-bullet=\"false\" data-link=\"#Leben-Genie\u00dfen-Leisten\" data-title=\"Leben, Genie\u00dfen, Leisten\"><a name=\"Leben-Genie\u00dfen-Leisten\"><\/a><\/span><section class=\"section image-text image-text-left red visible\">\n    <div class=\"bg section-bg fill bg-fill bg-loaded\">\n    <\/div>\n    <div class=\"section-content relative\">\n        <div class=\"row row-large align-center align-middle\">\n            <div class=\"col text-col medium-12 small-12 large-6\">\n                <div class=\"col-inner\">\n                    <h3 title=\"Leben, Genie\u00dfen, Leisten\">Leben, Genie\u00dfen, Leisten<\/h3>\n                    \n<p>Unser Ziel ist ein erfolgreiches Bauprojekt, aber noch wichtiger: eine wertvolle Beziehung zu Ihnen als Kunde. Das wollen wir vor allem gemeinsam meistern. Ohne Stress, aber ergebnisorientiert. Ganz nach dem Motto: Leben, Genie\u00dfen, Leisten.<\/p>\n\n                    \n                <\/div>\n            <\/div>\n            <div id=\"col-2\" class=\"col medium-12 small-10 large-6 medium-col-first\">\n                <div class=\"col-inner\">\n                    <div class=\"img has-hover x md-x lg-x y md-y lg-y\" style=\"width: 100%;\">\n                        <div class=\"img-inner radius dark\">\n                            <img loading=\"lazy\" decoding=\"async\" width=\"1020\" height=\"680\" src=\"https:\/\/fris.nl\/wp-content\/uploads\/2023\/04\/stock_investment_care-Investment-CareDSC02548-LR-1024x683.jpg\" class=\"attachment-large size-large\" alt=\"Leben, Genie\u00dfen, Leisten\" title=\"Leben, Genie\u00dfen, Leisten\" srcset=\"https:\/\/fris.nl\/wp-content\/uploads\/2023\/04\/stock_investment_care-Investment-CareDSC02548-LR-1024x683.jpg 1024w, https:\/\/fris.nl\/wp-content\/uploads\/2023\/04\/stock_investment_care-Investment-CareDSC02548-LR-300x200.jpg 300w, https:\/\/fris.nl\/wp-content\/uploads\/2023\/04\/stock_investment_care-Investment-CareDSC02548-LR-768x512.jpg 768w, https:\/\/fris.nl\/wp-content\/uploads\/2023\/04\/stock_investment_care-Investment-CareDSC02548-LR-1536x1025.jpg 1536w, https:\/\/fris.nl\/wp-content\/uploads\/2023\/04\/stock_investment_care-Investment-CareDSC02548-LR.jpg 1910w\" sizes=\"auto, (max-width: 1020px) 100vw, 1020px\" \/>\n                        <\/div>\n                    <\/div>\n                <\/div>\n            <\/div>        \n        <\/div>\n        <div class=\"gap-element clearfix hide-for-medium\" style=\"display:block; height:auto; padding-top: 30px;\"><\/div>\n    <\/div>\n<\/section>\n<section class=\"section single-text  blue visible light-2\">\n    <div class=\"bg section-bg fill bg-fill bg-loaded\">\n    <\/div>\n    <div class=\"section-content relative\">\n        <div class=\"gap-element clearfix hide-for-medium\" style=\"display:block; height:auto; padding-top: 50px;\"><\/div>\n        <div class=\"row row-large align-center align-middle\">\n            <div class=\"col text-col medium-12 small-12 large-9 text-center\">\n                <div class=\"col-inner\">\n                    <h2 title=\"BEN\u00d6TIGEN SIE EINE BAULEITUNG ODER PROJEKTKOORDINIERUNG?\" class=\"text-center\">BEN\u00d6TIGEN SIE EINE BAULEITUNG ODER PROJEKTKOORDINIERUNG?<\/h2>\n<a href=\"mailto:info@fris.nl\" target=\"_blank\" class=\"button primary\" rel=\"noopener\" >\n\t\t<span>Ja gerne<\/span>\n\t<\/a>\n\n                <\/div>\n            <\/div>     \n        <\/div>\n        <div class=\"gap-element clearfix hide-for-medium removepaddingbottom\" style=\"display:block; height:auto; padding-top: 30px;\"><\/div>\n    <\/div>\n<\/section>\n<div class=\"gap-element clearfix hide-for-medium removepaddingbottom\" style=\"display:block; height:auto; padding-top: 50px;\"><\/div>\n","protected":false},"excerpt":{"rendered":"","protected":false},"author":1,"featured_media":0,"parent":12495,"menu_order":34,"comment_status":"closed","ping_status":"closed","template":"","meta":{"_acf_changed":false,"footnotes":""},"class_list":["post-12373","page","type-page","status-publish","hentry"],"acf":[],"yoast_head":"<!-- This site is optimized with the Yoast SEO plugin v27.4 - https:\/\/yoast.com\/product\/yoast-seo-wordpress\/ -->\n<title>Mein Bauwprojekt - Fris Real People<\/title>\n<meta name=\"robots\" content=\"index, follow, max-snippet:-1, max-image-preview:large, max-video-preview:-1\" \/>\n<link rel=\"canonical\" href=\"https:\/\/fris.nl\/de\/unsere-dienstleistungen\/mein-bauwprojekt\/\" \/>\n<meta property=\"og:locale\" content=\"de_DE\" \/>\n<meta property=\"og:type\" content=\"article\" \/>\n<meta property=\"og:title\" content=\"Mein Bauwprojekt - Fris Real People\" \/>\n<meta property=\"og:url\" content=\"https:\/\/fris.nl\/de\/unsere-dienstleistungen\/mein-bauwprojekt\/\" \/>\n<meta property=\"og:site_name\" content=\"Fris Real People\" \/>\n<meta property=\"article:publisher\" content=\"https:\/\/www.facebook.com\/FrisMakelaarsAmsterdam\" \/>\n<meta property=\"article:modified_time\" content=\"2024-03-01T14:51:18+00:00\" \/>\n<meta name=\"twitter:card\" content=\"summary_large_image\" \/>\n<meta name=\"twitter:site\" content=\"@FRISRealPeople\" \/>\n<meta name=\"twitter:label1\" content=\"Gesch\u00e4tzte Lesezeit\" \/>\n\t<meta name=\"twitter:data1\" content=\"2\u00a0Minuten\" \/>\n<script type=\"application\/ld+json\" class=\"yoast-schema-graph\">{\"@context\":\"https:\\\/\\\/schema.org\",\"@graph\":[{\"@type\":\"WebPage\",\"@id\":\"https:\\\/\\\/fris.nl\\\/de\\\/unsere-dienstleistungen\\\/mein-bauwprojekt\\\/\",\"url\":\"https:\\\/\\\/fris.nl\\\/de\\\/unsere-dienstleistungen\\\/mein-bauwprojekt\\\/\",\"name\":\"Mein Bauwprojekt - Fris Real People\",\"isPartOf\":{\"@id\":\"https:\\\/\\\/fris.nl\\\/de\\\/#website\"},\"datePublished\":\"2023-04-25T06:17:26+00:00\",\"dateModified\":\"2024-03-01T14:51:18+00:00\",\"breadcrumb\":{\"@id\":\"https:\\\/\\\/fris.nl\\\/de\\\/unsere-dienstleistungen\\\/mein-bauwprojekt\\\/#breadcrumb\"},\"inLanguage\":\"de\",\"potentialAction\":[{\"@type\":\"ReadAction\",\"target\":[\"https:\\\/\\\/fris.nl\\\/de\\\/unsere-dienstleistungen\\\/mein-bauwprojekt\\\/\"]}]},{\"@type\":\"BreadcrumbList\",\"@id\":\"https:\\\/\\\/fris.nl\\\/de\\\/unsere-dienstleistungen\\\/mein-bauwprojekt\\\/#breadcrumb\",\"itemListElement\":[{\"@type\":\"ListItem\",\"position\":1,\"name\":\"Home\",\"item\":\"https:\\\/\\\/fris.nl\\\/de\\\/\"},{\"@type\":\"ListItem\",\"position\":2,\"name\":\"Mein Bauwprojekt\"}]},{\"@type\":\"WebSite\",\"@id\":\"https:\\\/\\\/fris.nl\\\/de\\\/#website\",\"url\":\"https:\\\/\\\/fris.nl\\\/de\\\/\",\"name\":\"Fris Real People\",\"description\":\"\",\"potentialAction\":[{\"@type\":\"SearchAction\",\"target\":{\"@type\":\"EntryPoint\",\"urlTemplate\":\"https:\\\/\\\/fris.nl\\\/de\\\/?s={search_term_string}\"},\"query-input\":{\"@type\":\"PropertyValueSpecification\",\"valueRequired\":true,\"valueName\":\"search_term_string\"}}],\"inLanguage\":\"de\"}]}<\/script>\n<!-- \/ Yoast SEO plugin. -->","yoast_head_json":{"title":"Mein Bauwprojekt - Fris Real People","robots":{"index":"index","follow":"follow","max-snippet":"max-snippet:-1","max-image-preview":"max-image-preview:large","max-video-preview":"max-video-preview:-1"},"canonical":"https:\/\/fris.nl\/de\/unsere-dienstleistungen\/mein-bauwprojekt\/","og_locale":"de_DE","og_type":"article","og_title":"Mein Bauwprojekt - Fris Real People","og_url":"https:\/\/fris.nl\/de\/unsere-dienstleistungen\/mein-bauwprojekt\/","og_site_name":"Fris Real People","article_publisher":"https:\/\/www.facebook.com\/FrisMakelaarsAmsterdam","article_modified_time":"2024-03-01T14:51:18+00:00","twitter_card":"summary_large_image","twitter_site":"@FRISRealPeople","twitter_misc":{"Gesch\u00e4tzte Lesezeit":"2\u00a0Minuten"},"schema":{"@context":"https:\/\/schema.org","@graph":[{"@type":"WebPage","@id":"https:\/\/fris.nl\/de\/unsere-dienstleistungen\/mein-bauwprojekt\/","url":"https:\/\/fris.nl\/de\/unsere-dienstleistungen\/mein-bauwprojekt\/","name":"Mein Bauwprojekt - Fris Real People","isPartOf":{"@id":"https:\/\/fris.nl\/de\/#website"},"datePublished":"2023-04-25T06:17:26+00:00","dateModified":"2024-03-01T14:51:18+00:00","breadcrumb":{"@id":"https:\/\/fris.nl\/de\/unsere-dienstleistungen\/mein-bauwprojekt\/#breadcrumb"},"inLanguage":"de","potentialAction":[{"@type":"ReadAction","target":["https:\/\/fris.nl\/de\/unsere-dienstleistungen\/mein-bauwprojekt\/"]}]},{"@type":"BreadcrumbList","@id":"https:\/\/fris.nl\/de\/unsere-dienstleistungen\/mein-bauwprojekt\/#breadcrumb","itemListElement":[{"@type":"ListItem","position":1,"name":"Home","item":"https:\/\/fris.nl\/de\/"},{"@type":"ListItem","position":2,"name":"Mein Bauwprojekt"}]},{"@type":"WebSite","@id":"https:\/\/fris.nl\/de\/#website","url":"https:\/\/fris.nl\/de\/","name":"Fris Real People","description":"","potentialAction":[{"@type":"SearchAction","target":{"@type":"EntryPoint","urlTemplate":"https:\/\/fris.nl\/de\/?s={search_term_string}"},"query-input":{"@type":"PropertyValueSpecification","valueRequired":true,"valueName":"search_term_string"}}],"inLanguage":"de"}]}},"_links":{"self":[{"href":"https:\/\/fris.nl\/de\/wp-json\/wp\/v2\/pages\/12373","targetHints":{"allow":["GET"]}}],"collection":[{"href":"https:\/\/fris.nl\/de\/wp-json\/wp\/v2\/pages"}],"about":[{"href":"https:\/\/fris.nl\/de\/wp-json\/wp\/v2\/types\/page"}],"author":[{"embeddable":true,"href":"https:\/\/fris.nl\/de\/wp-json\/wp\/v2\/users\/1"}],"replies":[{"embeddable":true,"href":"https:\/\/fris.nl\/de\/wp-json\/wp\/v2\/comments?post=12373"}],"version-history":[{"count":4,"href":"https:\/\/fris.nl\/de\/wp-json\/wp\/v2\/pages\/12373\/revisions"}],"predecessor-version":[{"id":12377,"href":"https:\/\/fris.nl\/de\/wp-json\/wp\/v2\/pages\/12373\/revisions\/12377"}],"up":[{"embeddable":true,"href":"https:\/\/fris.nl\/de\/wp-json\/wp\/v2\/pages\/12495"}],"wp:attachment":[{"href":"https:\/\/fris.nl\/de\/wp-json\/wp\/v2\/media?parent=12373"}],"curies":[{"name":"wp","href":"https:\/\/api.w.org\/{rel}","templated":true}]}}