{"id":12366,"date":"2023-04-20T10:18:23","date_gmt":"2023-04-20T08:18:23","guid":{"rendered":"https:\/\/fris.nl\/?page_id=12366"},"modified":"2024-03-01T15:51:00","modified_gmt":"2024-03-01T14:51:00","slug":"wertermittlung-meiner-immobilie","status":"publish","type":"page","link":"https:\/\/fris.nl\/de\/unsere-dienstleistungen\/wertermittlung-meiner-immobilie\/","title":{"rendered":"Wertermittlung meiner Immobilie"},"content":{"rendered":"<section class=\"section half-hero blue dark visible\">\n    <div class=\"bg section-bg fill bg-fill bg-loaded\" style=\"background-image: url('https:\/\/fris.nl\/wp-content\/uploads\/2023\/07\/Paco-van-Haagen-Groot-Taxaties-1.png'); background-position: 0% 0% !important;\"><\/div>\n    <div class=\"section-content relative\">\n        <div class=\"row\" id=\"row-1299773279\">\n            <div class=\"col medium-12 small-12 large-12 image-col\" style=\"background-image: url('https:\/\/fris.nl\/wp-content\/uploads\/2023\/07\/Paco-van-Haagen-Groot-Taxaties-1.png');\"><\/div>\n            \n\t<div id=\"col-743868410\" class=\"col contentarea medium-12 small-12 large-4\"  data-animate=\"fadeInUp\">\n\t\t\t\t<div class=\"col-inner\"  >\n\t\t\t\n\t\t\t\n                <div class=\"col-inner\">\n                    <div id=\"gap-866866620\" class=\"gap-element clearfix\" style=\"display:block; height:auto; padding-top: 40px;\"><\/div>\n                    <h1>Wertermittlung <span style=\"text-decoration: underline;\">meiner&nbsp;Immobilie<\/span><\/h1>\n                    <content><\/content>\n                    \n\n                    <ul class=\"jumptoitems\"><\/ul>\n                <\/div>\n            \t\t<\/div>\n\t\t\t\t\t<\/div>\n\n\t\n        <\/div>\n    <\/div>\n<\/section>\n<div class=\"gap-element clearfix hide-for-medium\" style=\"display:block; height:auto; padding-top: 50px;\"><\/div>\n<span class=\"scroll-to\" data-label=\"Scroll to: #Ben\u00f6tigen-Sie-ein-validiertes-Wertgutachten?\" data-bullet=\"false\" data-link=\"#Ben\u00f6tigen-Sie-ein-validiertes-Wertgutachten?\" data-title=\"Ben\u00f6tigen Sie ein validiertes Wertgutachten?\"><a name=\"Ben\u00f6tigen-Sie-ein-validiertes-Wertgutachten?\"><\/a><\/span><section class=\"section image-text image-text-right red visible\">\n    <div class=\"bg section-bg fill bg-fill bg-loaded\">\n    <\/div>\n    <div class=\"section-content relative\">        \n        <div class=\"row row-large align-center align-middle\">\n            <div id=\"col-2\" class=\"col medium-12 small-10 large-6 medium-col-first\">\n                <div class=\"col-inner\">\n                    <div class=\"img has-hover x md-x lg-x y md-y lg-y\" style=\"width: 100%;\">\n                        <div class=\"img-inner radius dark\">\n                            <img loading=\"lazy\" decoding=\"async\" width=\"1020\" height=\"680\" src=\"https:\/\/fris.nl\/wp-content\/uploads\/2023\/07\/DSC02419-Taxaties-1-1024x683.jpg\" class=\"attachment-large size-large\" alt=\"Ben\u00f6tigen Sie ein validiertes Wertgutachten?\" title=\"Ben\u00f6tigen Sie ein validiertes Wertgutachten?\" srcset=\"https:\/\/fris.nl\/wp-content\/uploads\/2023\/07\/DSC02419-Taxaties-1-1024x683.jpg 1024w, https:\/\/fris.nl\/wp-content\/uploads\/2023\/07\/DSC02419-Taxaties-1-300x200.jpg 300w, https:\/\/fris.nl\/wp-content\/uploads\/2023\/07\/DSC02419-Taxaties-1-768x512.jpg 768w, https:\/\/fris.nl\/wp-content\/uploads\/2023\/07\/DSC02419-Taxaties-1.jpg 1325w\" sizes=\"auto, (max-width: 1020px) 100vw, 1020px\" \/>\n                        <\/div>\n                    <\/div>\n                <\/div>\n            <\/div> \n            <div class=\"col text-col medium-12 small-12 large-6\">\n                <div class=\"col-inner\">\n                    <h3 title=\"Ben\u00f6tigen Sie ein validiertes Wertgutachten?\">Ben\u00f6tigen Sie ein validiertes Wertgutachten?<\/h3>\n                    \n<p>Sie k\u00f6nnen ein unabh\u00e4ngiges Wertgutachten f\u00fcr verschiedene Zwecke nutzen. Vom Hauskauf \u00fcber die Anpassung Ihrer Hypothek, die Finanzierung einer Renovierung bis hin zu einer Scheidung oder Erbschaft. Unsere zertifizierten Gutachter erstellen Ihnen gerne ein validiertes Wertgutachten. Dank jahrelanger Erfahrung, einem gro\u00dfen Netzwerk und einem gro\u00dfen Erfahrungsschatz erstellen wir ein professionelles und zuverl\u00e4ssiges Wertgutachten.<\/p>\n\n                    \n                <\/div>\n            <\/div>       \n        <\/div>\n        <div class=\"gap-element clearfix hide-for-medium\" style=\"display:block; height:auto; padding-top: 30px;\"><\/div>\n    <\/div>\n<\/section>\n<span class=\"scroll-to\" data-label=\"Scroll to: #Individuelle-Wertgutachten\" data-bullet=\"false\" data-link=\"#Individuelle-Wertgutachten\" data-title=\"Individuelle Wertgutachten\"><a name=\"Individuelle-Wertgutachten\"><\/a><\/span><section class=\"section image-text image-text-left red visible\">\n    <div class=\"bg section-bg fill bg-fill bg-loaded\">\n    <\/div>\n    <div class=\"section-content relative\">\n        <div class=\"row row-large align-center align-middle\">\n            <div class=\"col text-col medium-12 small-12 large-6\">\n                <div class=\"col-inner\">\n                    <h3 title=\"Individuelle Wertgutachten\">Individuelle Wertgutachten<\/h3>\n                    \n<p>Unsere Wertgutachten gehen \u00fcber ein \u201eStandard\u201c-Gutachten hinaus und werden daher von fast allen Finanzdienstleistern akzeptiert. Wir f\u00fchren eine Komplettbesichtigung durch, pr\u00fcfen die korrekten Referenzen und das Vorliegen von Genehmigungen. Wir lassen uns von einem \u201eJa\u201c oder \u201eNein\u201c nicht ablenken, wir liefern Erkl\u00e4rungen f\u00fcr Antworten. Auch deshalb genie\u00dfen wir bei Finanzierungsinstanzen einen hervorragenden Ruf.<\/p>\n\n                    \n                <\/div>\n            <\/div>\n            <div id=\"col-2\" class=\"col medium-12 small-10 large-6 medium-col-first\">\n                <div class=\"col-inner\">\n                    <div class=\"img has-hover x md-x lg-x y md-y lg-y\" style=\"width: 100%;\">\n                        <div class=\"img-inner radius dark\">\n                            <img loading=\"lazy\" decoding=\"async\" width=\"1020\" height=\"680\" src=\"https:\/\/fris.nl\/wp-content\/uploads\/2023\/07\/Jelle-Straatsma1-Groot-Taxaties-1-1024x683.png\" class=\"attachment-large size-large\" alt=\"Individuelle Wertgutachten\" title=\"Individuelle Wertgutachten\" srcset=\"https:\/\/fris.nl\/wp-content\/uploads\/2023\/07\/Jelle-Straatsma1-Groot-Taxaties-1-1024x683.png 1024w, https:\/\/fris.nl\/wp-content\/uploads\/2023\/07\/Jelle-Straatsma1-Groot-Taxaties-1-300x200.png 300w, https:\/\/fris.nl\/wp-content\/uploads\/2023\/07\/Jelle-Straatsma1-Groot-Taxaties-1-768x512.png 768w, https:\/\/fris.nl\/wp-content\/uploads\/2023\/07\/Jelle-Straatsma1-Groot-Taxaties-1.png 1280w\" sizes=\"auto, (max-width: 1020px) 100vw, 1020px\" \/>\n                        <\/div>\n                    <\/div>\n                <\/div>\n            <\/div>        \n        <\/div>\n        <div class=\"gap-element clearfix hide-for-medium\" style=\"display:block; height:auto; padding-top: 30px;\"><\/div>\n    <\/div>\n<\/section>\n<span class=\"scroll-to\" data-label=\"Scroll to: #Gr\u00fcnde-ihre-Immobilie-bewerten-zu-lassen\" data-bullet=\"false\" data-link=\"#Gr\u00fcnde-ihre-Immobilie-bewerten-zu-lassen\" data-title=\"Gr\u00fcnde, ihre Immobilie bewerten zu lassen\"><a name=\"Gr\u00fcnde-ihre-Immobilie-bewerten-zu-lassen\"><\/a><\/span><section class=\"section single-text  blue visible light-2\">\n    <div class=\"bg section-bg fill bg-fill bg-loaded\">\n    <\/div>\n    <div class=\"section-content relative\">\n        <div class=\"gap-element clearfix hide-for-medium\" style=\"display:block; height:auto; padding-top: 50px;\"><\/div>\n        <div class=\"row row-large align-center align-middle\">\n            <div class=\"col text-col medium-12 small-12 large-9 text-center\">\n                <div class=\"col-inner\">\n                    <h2 title=\"GR\u00dcNDE, IHRE IMMOBILIE BEWERTEN ZU LASSEN:\" class=\"text-center\">GR\u00dcNDE, IHRE IMMOBILIE BEWERTEN ZU LASSEN:<\/h2>\n<h3 style=\"text-align: center;\">Ein Haus Kaufen oder verkaufen\u00a0<br \/>Ihr Zuhause renovieren\u00a0<br \/>Das Eigentum der Wohnung\/des Hauses aufteilen\u00a0<br \/>Niedrigere monatliche Kosten\u00a0<br \/>\u00c4nderung der Hypothek<\/h3>\n\n                <\/div>\n            <\/div>     \n        <\/div>\n        <div class=\"gap-element clearfix hide-for-medium\" style=\"display:block; height:auto; padding-top: 30px;\"><\/div>\n    <\/div>\n<\/section>\n<div class=\"gap-element clearfix hide-for-medium\" style=\"display:block; height:auto; padding-top: 50px;\"><\/div>\n<span class=\"scroll-to\" data-label=\"Scroll to: #NWWI-Wertermittlungen\" data-bullet=\"false\" data-link=\"#NWWI-Wertermittlungen\" data-title=\"NWWI Wertermittlungen\"><a name=\"NWWI-Wertermittlungen\"><\/a><\/span><section class=\"section image-text image-text-right red visible\">\n    <div class=\"bg section-bg fill bg-fill bg-loaded\">\n    <\/div>\n    <div class=\"section-content relative\">        \n        <div class=\"row row-large align-center align-middle\">\n            <div id=\"col-2\" class=\"col medium-12 small-10 large-6 medium-col-first\">\n                <div class=\"col-inner\">\n                    <div class=\"img has-hover x md-x lg-x y md-y lg-y\" style=\"width: 100%;\">\n                        <div class=\"img-inner radius dark\">\n                            <img loading=\"lazy\" decoding=\"async\" width=\"1020\" height=\"680\" src=\"https:\/\/fris.nl\/wp-content\/uploads\/2023\/04\/stock_TaxatiesDSC02639-LR-1024x683.jpg\" class=\"attachment-large size-large\" alt=\"NWWI Wertermittlungen\" title=\"NWWI Wertermittlungen\" srcset=\"https:\/\/fris.nl\/wp-content\/uploads\/2023\/04\/stock_TaxatiesDSC02639-LR-1024x683.jpg 1024w, https:\/\/fris.nl\/wp-content\/uploads\/2023\/04\/stock_TaxatiesDSC02639-LR-300x200.jpg 300w, https:\/\/fris.nl\/wp-content\/uploads\/2023\/04\/stock_TaxatiesDSC02639-LR-768x512.jpg 768w, https:\/\/fris.nl\/wp-content\/uploads\/2023\/04\/stock_TaxatiesDSC02639-LR-1536x1024.jpg 1536w, https:\/\/fris.nl\/wp-content\/uploads\/2023\/04\/stock_TaxatiesDSC02639-LR.jpg 1765w\" sizes=\"auto, (max-width: 1020px) 100vw, 1020px\" \/>\n                        <\/div>\n                    <\/div>\n                <\/div>\n            <\/div> \n            <div class=\"col text-col medium-12 small-12 large-6\">\n                <div class=\"col-inner\">\n                    <h3 title=\"NWWI Wertermittlungen\">NWWI Wertermittlungen<\/h3>\n                    \n<p>Wir sind dem niederl\u00e4ndischen Institut f\u00fcr Wohnungsbewertung NWWI angeschlossen. Dieses sorgt unabh\u00e4ngig daf\u00fcr, dass unsere Bewertungen einheitlich und nach klaren Richtlinien erstellt werden. Kreditgeber, Vermittler und Sie als Kunde erhalten von uns eine klare, objektive und verl\u00e4ssliche Immobilienbewertung.<\/p>\n\n                    \n                <\/div>\n            <\/div>       \n        <\/div>\n        <div class=\"gap-element clearfix hide-for-medium\" style=\"display:block; height:auto; padding-top: 30px;\"><\/div>\n    <\/div>\n<\/section>\n<span class=\"scroll-to\" data-label=\"Scroll to: #Maximale-Entfernung-f\u00fcr-eine-Bewertung\" data-bullet=\"false\" data-link=\"#Maximale-Entfernung-f\u00fcr-eine-Bewertung\" data-title=\"Maximale Entfernung f\u00fcr eine Bewertung\"><a name=\"Maximale-Entfernung-f\u00fcr-eine-Bewertung\"><\/a><\/span><section class=\"section image-text image-text-left red visible\">\n    <div class=\"bg section-bg fill bg-fill bg-loaded\">\n    <\/div>\n    <div class=\"section-content relative\">\n        <div class=\"row row-large align-center align-middle\">\n            <div class=\"col text-col medium-12 small-12 large-6\">\n                <div class=\"col-inner\">\n                    <h3 title=\"Maximale Entfernung f\u00fcr eine Bewertung\">Maximale Entfernung f\u00fcr eine Bewertung<\/h3>\n                    \n<p>Damit wir eine validierte Wertermittlung durchf\u00fchren k\u00f6nnen, gibt es eine verbindliche H\u00f6chstentfernung von Ihrem Haus oder Ihrer Wohnung zu unserem B\u00fcro in Amsterdam. M\u00f6chten Sie wissen, ob wie die Bewertung durchf\u00fchren d\u00fcrfen? Kontaktieren Sie uns.<\/p>\n\n                    \n                <\/div>\n            <\/div>\n            <div id=\"col-2\" class=\"col medium-12 small-10 large-6 medium-col-first\">\n                <div class=\"col-inner\">\n                    <div class=\"img has-hover x md-x lg-x y md-y lg-y\" style=\"width: 100%;\">\n                        <div class=\"img-inner radius dark\">\n                            <img loading=\"lazy\" decoding=\"async\" width=\"1020\" height=\"680\" src=\"https:\/\/fris.nl\/wp-content\/uploads\/2023\/04\/profiel-Team-Taxaties-2-Groot-1024x683.jpg\" class=\"attachment-large size-large\" alt=\"Maximale Entfernung f\u00fcr eine Bewertung\" title=\"Maximale Entfernung f\u00fcr eine Bewertung\" srcset=\"https:\/\/fris.nl\/wp-content\/uploads\/2023\/04\/profiel-Team-Taxaties-2-Groot-1024x683.jpg 1024w, https:\/\/fris.nl\/wp-content\/uploads\/2023\/04\/profiel-Team-Taxaties-2-Groot-300x200.jpg 300w, https:\/\/fris.nl\/wp-content\/uploads\/2023\/04\/profiel-Team-Taxaties-2-Groot-768x512.jpg 768w, https:\/\/fris.nl\/wp-content\/uploads\/2023\/04\/profiel-Team-Taxaties-2-Groot.jpg 1280w\" sizes=\"auto, (max-width: 1020px) 100vw, 1020px\" \/>\n                        <\/div>\n                    <\/div>\n                <\/div>\n            <\/div>        \n        <\/div>\n        <div class=\"gap-element clearfix hide-for-medium\" style=\"display:block; height:auto; padding-top: 30px;\"><\/div>\n    <\/div>\n<\/section>\n<section class=\"section single-text  blue visible dark-3\">\n    <div class=\"bg section-bg fill bg-fill bg-loaded\">\n    <\/div>\n    <div class=\"section-content relative\">\n        <div class=\"gap-element clearfix hide-for-medium\" style=\"display:block; height:auto; padding-top: 50px;\"><\/div>\n        <div class=\"row row-large align-center align-middle\">\n            <div class=\"col text-col medium-12 small-12 large-9 text-center\">\n                <div class=\"col-inner\">\n                    <h2 title=\"BRAUCHEN SIE EIN NWWI-VALIDIERTES WERTGUTACHTEN?\" class=\"text-center\">BRAUCHEN SIE EIN NWWI-VALIDIERTES WERTGUTACHTEN?<\/h2>\n<a href=\"mailto:taxaties@fris.nl\" class=\"button primary\" >\n\t\t<span>Ja gerne<\/span>\n\t<\/a>\n\n                <\/div>\n            <\/div>     \n        <\/div>\n        <div class=\"gap-element clearfix hide-for-medium removepaddingbottom\" style=\"display:block; height:auto; padding-top: 30px;\"><\/div>\n    <\/div>\n<\/section>\n<div class=\"gap-element clearfix hide-for-medium removepaddingbottom\" style=\"display:block; height:auto; padding-top: 50px;\"><\/div>\n","protected":false},"excerpt":{"rendered":"","protected":false},"author":1,"featured_media":0,"parent":12495,"menu_order":33,"comment_status":"closed","ping_status":"closed","template":"","meta":{"_acf_changed":false,"footnotes":""},"class_list":["post-12366","page","type-page","status-publish","hentry"],"acf":[],"_links":{"self":[{"href":"https:\/\/fris.nl\/de\/wp-json\/wp\/v2\/pages\/12366","targetHints":{"allow":["GET"]}}],"collection":[{"href":"https:\/\/fris.nl\/de\/wp-json\/wp\/v2\/pages"}],"about":[{"href":"https:\/\/fris.nl\/de\/wp-json\/wp\/v2\/types\/page"}],"author":[{"embeddable":true,"href":"https:\/\/fris.nl\/de\/wp-json\/wp\/v2\/users\/1"}],"replies":[{"embeddable":true,"href":"https:\/\/fris.nl\/de\/wp-json\/wp\/v2\/comments?post=12366"}],"version-history":[{"count":3,"href":"https:\/\/fris.nl\/de\/wp-json\/wp\/v2\/pages\/12366\/revisions"}],"predecessor-version":[{"id":12369,"href":"https:\/\/fris.nl\/de\/wp-json\/wp\/v2\/pages\/12366\/revisions\/12369"}],"up":[{"embeddable":true,"href":"https:\/\/fris.nl\/de\/wp-json\/wp\/v2\/pages\/12495"}],"wp:attachment":[{"href":"https:\/\/fris.nl\/de\/wp-json\/wp\/v2\/media?parent=12366"}],"curies":[{"name":"wp","href":"https:\/\/api.w.org\/{rel}","templated":true}]}}