{"id":12359,"date":"2023-04-20T10:18:23","date_gmt":"2023-04-20T08:18:23","guid":{"rendered":"https:\/\/fris.nl\/?page_id=12359"},"modified":"2024-03-01T15:45:36","modified_gmt":"2024-03-01T14:45:36","slug":"meine-geschaeftsraeume-erweitern-oder-verlegen","status":"publish","type":"page","link":"https:\/\/fris.nl\/de\/gewerbliche-immobilie\/meine-geschaeftsraeume-erweitern-oder-verlegen\/","title":{"rendered":"Meine Gesch\u00e4ftsr\u00e4ume erweitern oder verlegen"},"content":{"rendered":"<section class=\"section half-hero blue dark visible\">\n    <div class=\"bg section-bg fill bg-fill bg-loaded\" style=\"background-image: url('https:\/\/fris.nl\/wp-content\/uploads\/2023\/04\/STOCK_bedrijfsmakelaarsDSC07427-LR.jpg'); background-position: 0% 15% !important;\"><\/div>\n    <div class=\"section-content relative\">\n        <div class=\"row\" id=\"row-1299773279\">\n            <div class=\"col medium-12 small-12 large-12 image-col\" style=\"background-image: url('https:\/\/fris.nl\/wp-content\/uploads\/2023\/04\/STOCK_bedrijfsmakelaarsDSC07427-LR.jpg');\"><\/div>\n            \n\t<div id=\"col-325967779\" class=\"col contentarea medium-12 small-12 large-4\"  data-animate=\"fadeInUp\">\n\t\t\t\t<div class=\"col-inner\"  >\n\t\t\t\n\t\t\t\n                <div class=\"col-inner\">\n                    <div id=\"gap-866866620\" class=\"gap-element clearfix\" style=\"display:block; height:auto; padding-top: 40px;\"><\/div>\n                    <h1>Meine <span style=\"text-decoration: underline;\">Gesch\u00e4ftsr\u00e4ume<\/span> erweitern oder verlegen<\/h1>\n                    <content><\/content>\n                    \n\n                    <ul class=\"jumptoitems\"><\/ul>\n                <\/div>\n            \t\t<\/div>\n\t\t\t\t\t<\/div>\n\n\t\n        <\/div>\n    <\/div>\n<\/section>\n<div class=\"gap-element clearfix hide-for-medium\" style=\"display:block; height:auto; padding-top: 50px;\"><\/div>\n<span class=\"scroll-to\" data-label=\"Scroll to: #Gesch\u00e4ftsr\u00e4ume-erweitern-oder-verlegen\" data-bullet=\"false\" data-link=\"#Gesch\u00e4ftsr\u00e4ume-erweitern-oder-verlegen\" data-title=\"Gesch\u00e4ftsr\u00e4ume erweitern oder verlegen\"><a name=\"Gesch\u00e4ftsr\u00e4ume-erweitern-oder-verlegen\"><\/a><\/span><section class=\"section image-text image-text-right red visible\">\n    <div class=\"bg section-bg fill bg-fill bg-loaded\">\n    <\/div>\n    <div class=\"section-content relative\">        \n        <div class=\"row row-large align-center align-middle\">\n            <div id=\"col-2\" class=\"col medium-12 small-10 large-6 medium-col-first\">\n                <div class=\"col-inner\">\n                    <div class=\"img has-hover x md-x lg-x y md-y lg-y\" style=\"width: 100%;\">\n                        <div class=\"img-inner radius dark\">\n                            <img loading=\"lazy\" decoding=\"async\" width=\"1020\" height=\"680\" src=\"https:\/\/fris.nl\/wp-content\/uploads\/2023\/07\/J9A9760-bedrijfsmatig-1024x683.jpeg\" class=\"attachment-large size-large\" alt=\"Gesch\u00e4ftsr\u00e4ume erweitern oder verlegen\" title=\"Gesch\u00e4ftsr\u00e4ume erweitern oder verlegen\" srcset=\"https:\/\/fris.nl\/wp-content\/uploads\/2023\/07\/J9A9760-bedrijfsmatig-1024x683.jpeg 1024w, https:\/\/fris.nl\/wp-content\/uploads\/2023\/07\/J9A9760-bedrijfsmatig-300x200.jpeg 300w, https:\/\/fris.nl\/wp-content\/uploads\/2023\/07\/J9A9760-bedrijfsmatig-768x512.jpeg 768w, https:\/\/fris.nl\/wp-content\/uploads\/2023\/07\/J9A9760-bedrijfsmatig-1536x1025.jpeg 1536w, https:\/\/fris.nl\/wp-content\/uploads\/2023\/07\/J9A9760-bedrijfsmatig.jpeg 2000w\" sizes=\"auto, (max-width: 1020px) 100vw, 1020px\" \/>\n                        <\/div>\n                    <\/div>\n                <\/div>\n            <\/div> \n            <div class=\"col text-col medium-12 small-12 large-6\">\n                <div class=\"col-inner\">\n                    <h3 title=\"Gesch\u00e4ftsr\u00e4ume erweitern oder verlegen\">Gesch\u00e4ftsr\u00e4ume erweitern oder verlegen<\/h3>\n                    \n<p>Sie wollen Ihr Unternehmen vergr\u00f6\u00dfern oder sind auf der Suche nach einem neuen Standort? Unsere Gewerbeimmobilienberater helfen Ihnen bei der Suche nach geeigneten Gewerbeimmobilien. Wir sind seit \u00fcber 100 Jahren in Amsterdam aktiv und das bedeutet: Lokales Wissen, ein globales Netzwerk und ein Experte im Markt. Und das merken Sie schnell!<\/p>\n\n                    \n                <\/div>\n            <\/div>       \n        <\/div>\n        <div class=\"gap-element clearfix hide-for-medium\" style=\"display:block; height:auto; padding-top: 30px;\"><\/div>\n    <\/div>\n<\/section>\n<span class=\"scroll-to\" data-label=\"Scroll to: #Kosteneinsparungen-f\u00fcr-Ihr-Unternehmen\" data-bullet=\"false\" data-link=\"#Kosteneinsparungen-f\u00fcr-Ihr-Unternehmen\" data-title=\"Kosteneinsparungen f\u00fcr Ihr Unternehmen\"><a name=\"Kosteneinsparungen-f\u00fcr-Ihr-Unternehmen\"><\/a><\/span><section class=\"section image-text image-text-left red visible\">\n    <div class=\"bg section-bg fill bg-fill bg-loaded\">\n    <\/div>\n    <div class=\"section-content relative\">\n        <div class=\"row row-large align-center align-middle\">\n            <div class=\"col text-col medium-12 small-12 large-6\">\n                <div class=\"col-inner\">\n                    <h3 title=\"Kosteneinsparungen f\u00fcr Ihr Unternehmen\">Kosteneinsparungen f\u00fcr Ihr Unternehmen<\/h3>\n                    \n<p>Unser t\u00e4glicher Anspruch ist es, das kundenorientierteste Immobilienunternehmen in den Niederlanden zu sein. Deshalb schauen wir \u00fcber den reinen Kauf einer Gewerbeimmobilie hinaus. Wir managen den gesamten Prozess von A bis Z, mit Fokus auf \u201eTotal Cost of Ownership\u201c, oder \u201eTotal Cost of Rentalship\u201c, also die Gesamtkosten des Produkts oder Services oder die Gesamtkosten der Vermietung \u00fcber den kompletten Nutzungszeitraum.<\/p>\n\n                    \n                <\/div>\n            <\/div>\n            <div id=\"col-2\" class=\"col medium-12 small-10 large-6 medium-col-first\">\n                <div class=\"col-inner\">\n                    <div class=\"img has-hover x md-x lg-x y md-y lg-y\" style=\"width: 100%;\">\n                        <div class=\"img-inner radius dark\">\n                            <img loading=\"lazy\" decoding=\"async\" width=\"1020\" height=\"680\" src=\"https:\/\/fris.nl\/wp-content\/uploads\/2023\/04\/STOCK_bedrijfsmakelaarsDSC07566-LR-1024x683.jpg\" class=\"attachment-large size-large\" alt=\"Kosteneinsparungen f\u00fcr Ihr Unternehmen\" title=\"Kosteneinsparungen f\u00fcr Ihr Unternehmen\" srcset=\"https:\/\/fris.nl\/wp-content\/uploads\/2023\/04\/STOCK_bedrijfsmakelaarsDSC07566-LR-1024x683.jpg 1024w, https:\/\/fris.nl\/wp-content\/uploads\/2023\/04\/STOCK_bedrijfsmakelaarsDSC07566-LR-300x200.jpg 300w, https:\/\/fris.nl\/wp-content\/uploads\/2023\/04\/STOCK_bedrijfsmakelaarsDSC07566-LR-768x512.jpg 768w, https:\/\/fris.nl\/wp-content\/uploads\/2023\/04\/STOCK_bedrijfsmakelaarsDSC07566-LR-1536x1024.jpg 1536w, https:\/\/fris.nl\/wp-content\/uploads\/2023\/04\/STOCK_bedrijfsmakelaarsDSC07566-LR.jpg 1867w\" sizes=\"auto, (max-width: 1020px) 100vw, 1020px\" \/>\n                        <\/div>\n                    <\/div>\n                <\/div>\n            <\/div>        \n        <\/div>\n        <div class=\"gap-element clearfix hide-for-medium\" style=\"display:block; height:auto; padding-top: 30px;\"><\/div>\n    <\/div>\n<\/section>\n<section class=\"section single-text  blue visible dark-2\">\n    <div class=\"bg section-bg fill bg-fill bg-loaded\">\n    <\/div>\n    <div class=\"section-content relative\">\n        <div class=\"gap-element clearfix hide-for-medium\" style=\"display:block; height:auto; padding-top: 50px;\"><\/div>\n        <div class=\"row row-large align-center align-middle\">\n            <div class=\"col text-col medium-12 small-12 large-9 text-center\">\n                <div class=\"col-inner\">\n                    <h2 title=\"M\u00d6CHTEN SIE IHRE GESCH\u00c4FTSR\u00c4UME ERWEITERN ODER VERLEGEN?\" class=\"text-center\">M\u00d6CHTEN SIE IHRE GESCH\u00c4FTSR\u00c4UME ERWEITERN ODER VERLEGEN?<\/h2>\n<a href=\"mailto:b.vanvugt@fris.nl\" target=\"_blank\" class=\"button primary\" rel=\"noopener\" >\n\t\t<span>ja gerne<\/span>\n\t<\/a>\n\n                <\/div>\n            <\/div>     \n        <\/div>\n        <div class=\"gap-element clearfix hide-for-medium\" style=\"display:block; height:auto; padding-top: 30px;\"><\/div>\n    <\/div>\n<\/section>\n<div class=\"gap-element clearfix hide-for-medium\" style=\"display:block; height:auto; padding-top: 50px;\"><\/div>\n<span class=\"scroll-to\" data-label=\"Scroll to: #Unsere-Leistungen-im-Bereich-der-Gesch\u00e4ftsimmobilien\" data-bullet=\"false\" data-link=\"#Unsere-Leistungen-im-Bereich-der-Gesch\u00e4ftsimmobilien\" data-title=\"Unsere Leistungen im Bereich der Gesch\u00e4ftsimmobilien:\"><a name=\"Unsere-Leistungen-im-Bereich-der-Gesch\u00e4ftsimmobilien\"><\/a><\/span><section class=\"section image-text image-text-right red visible\">\n    <div class=\"bg section-bg fill bg-fill bg-loaded\">\n    <\/div>\n    <div class=\"section-content relative\">        \n        <div class=\"row row-large align-center align-middle\">\n            <div id=\"col-2\" class=\"col medium-12 small-10 large-6 medium-col-first\">\n                <div class=\"col-inner\">\n                    <div class=\"img has-hover x md-x lg-x y md-y lg-y\" style=\"width: 100%;\">\n                        <div class=\"img-inner radius dark\">\n                            <img loading=\"lazy\" decoding=\"async\" width=\"1020\" height=\"680\" src=\"https:\/\/fris.nl\/wp-content\/uploads\/2023\/04\/STOCK_bedrijfsmakelaarsDSC07816-LR-1024x683.jpg\" class=\"attachment-large size-large\" alt=\"Unsere Leistungen im Bereich der Gesch\u00e4ftsimmobilien:\" title=\"Unsere Leistungen im Bereich der Gesch\u00e4ftsimmobilien:\" srcset=\"https:\/\/fris.nl\/wp-content\/uploads\/2023\/04\/STOCK_bedrijfsmakelaarsDSC07816-LR-1024x683.jpg 1024w, https:\/\/fris.nl\/wp-content\/uploads\/2023\/04\/STOCK_bedrijfsmakelaarsDSC07816-LR-300x200.jpg 300w, https:\/\/fris.nl\/wp-content\/uploads\/2023\/04\/STOCK_bedrijfsmakelaarsDSC07816-LR-768x512.jpg 768w, https:\/\/fris.nl\/wp-content\/uploads\/2023\/04\/STOCK_bedrijfsmakelaarsDSC07816-LR-1536x1024.jpg 1536w, https:\/\/fris.nl\/wp-content\/uploads\/2023\/04\/STOCK_bedrijfsmakelaarsDSC07816-LR-2048x1366.jpg 2048w\" sizes=\"auto, (max-width: 1020px) 100vw, 1020px\" \/>\n                        <\/div>\n                    <\/div>\n                <\/div>\n            <\/div> \n            <div class=\"col text-col medium-12 small-12 large-6\">\n                <div class=\"col-inner\">\n                    <h3 title=\"Unsere Leistungen im Bereich der Gesch\u00e4ftsimmobilien:\">Unsere Leistungen im Bereich der Gesch\u00e4ftsimmobilien:<\/h3>\n                    \n<ul>\n<li>Vermietung und Verkauf von Gesch\u00e4ftsr\u00e4umen<\/li>\n<li>Anmietung oder Kauf von Gesch\u00e4ftsr\u00e4umen<\/li>\n<li>Vertragsberatung und -verhandlungen in Sachen Gesch\u00e4ftsr\u00e4umen<\/li>\n<li>Marktuntersuchung f\u00fcr geeignete Gesch\u00e4ftsr\u00e4ume<\/li>\n<li>Zukunftsorientierte Beratung zu Standorten und Nachhaltigkeit<\/li>\n<\/ul>\n\n                    \n                <\/div>\n            <\/div>       \n        <\/div>\n        <div class=\"gap-element clearfix hide-for-medium\" style=\"display:block; height:auto; padding-top: 30px;\"><\/div>\n    <\/div>\n<\/section>\n<span class=\"scroll-to\" data-label=\"Scroll to: #Wissensvorsprung-im-Markt\" data-bullet=\"false\" data-link=\"#Wissensvorsprung-im-Markt\" data-title=\"Wissensvorsprung im Markt\"><a name=\"Wissensvorsprung-im-Markt\"><\/a><\/span><section class=\"section image-text image-text-left red visible\">\n    <div class=\"bg section-bg fill bg-fill bg-loaded\">\n    <\/div>\n    <div class=\"section-content relative\">\n        <div class=\"row row-large align-center align-middle\">\n            <div class=\"col text-col medium-12 small-12 large-6\">\n                <div class=\"col-inner\">\n                    <h3 title=\"Wissensvorsprung im Markt\">Wissensvorsprung im Markt<\/h3>\n                    \n<p>Durch den Einsatz unserer modernen Marketingtools, spezifischer Software und aktueller Datenbanken verf\u00fcgen wir \u00fcber einen Wissensvorsprung im Markt. Und mit einem motivierten Team von fast 100 Mitarbeitern k\u00f6nnen wir Ihnen in allen Bereichen helfen. Von der Suche nach einem geeigneten Gesch\u00e4ftsraum, \u00fcber den Umzug an einen neuen Standort bis hin zur Erweiterung Ihrer bestehenden Gesch\u00e4ftsr\u00e4ume.<\/p>\n\n                    \n                <\/div>\n            <\/div>\n            <div id=\"col-2\" class=\"col medium-12 small-10 large-6 medium-col-first\">\n                <div class=\"col-inner\">\n                    <div class=\"img has-hover x md-x lg-x y md-y lg-y\" style=\"width: 100%;\">\n                        <div class=\"img-inner radius dark\">\n                            <img loading=\"lazy\" decoding=\"async\" width=\"1020\" height=\"680\" src=\"https:\/\/fris.nl\/wp-content\/uploads\/2023\/07\/DSC06132-bedrijfsmatig-scaled-1024x683.jpg\" class=\"attachment-large size-large\" alt=\"Wissensvorsprung im Markt\" title=\"Wissensvorsprung im Markt\" srcset=\"https:\/\/fris.nl\/wp-content\/uploads\/2023\/07\/DSC06132-bedrijfsmatig-scaled-1024x683.jpg 1024w, https:\/\/fris.nl\/wp-content\/uploads\/2023\/07\/DSC06132-bedrijfsmatig-scaled-300x200.jpg 300w, https:\/\/fris.nl\/wp-content\/uploads\/2023\/07\/DSC06132-bedrijfsmatig-scaled-768x512.jpg 768w, https:\/\/fris.nl\/wp-content\/uploads\/2023\/07\/DSC06132-bedrijfsmatig-scaled-1536x1024.jpg 1536w, https:\/\/fris.nl\/wp-content\/uploads\/2023\/07\/DSC06132-bedrijfsmatig-scaled-2048x1366.jpg 2048w\" sizes=\"auto, (max-width: 1020px) 100vw, 1020px\" \/>\n                        <\/div>\n                    <\/div>\n                <\/div>\n            <\/div>        \n        <\/div>\n        <div class=\"gap-element clearfix hide-for-medium\" style=\"display:block; height:auto; padding-top: 30px;\"><\/div>\n    <\/div>\n<\/section>\n<span class=\"scroll-to\" data-label=\"Scroll to: #Niederl\u00e4ndisches-Familienunternehmen-im-Immobilienbereich\" data-bullet=\"false\" data-link=\"#Niederl\u00e4ndisches-Familienunternehmen-im-Immobilienbereich\" data-title=\"Niederl\u00e4ndisches Familienunternehmen im Immobilienbereich\"><a name=\"Niederl\u00e4ndisches-Familienunternehmen-im-Immobilienbereich\"><\/a><\/span><section class=\"section image-text image-text-right red visible\">\n    <div class=\"bg section-bg fill bg-fill bg-loaded\">\n    <\/div>\n    <div class=\"section-content relative\">        \n        <div class=\"row row-large align-center align-middle\">\n            <div id=\"col-2\" class=\"col medium-12 small-10 large-6 medium-col-first\">\n                <div class=\"col-inner\">\n                    <div class=\"img has-hover x md-x lg-x y md-y lg-y\" style=\"width: 100%;\">\n                        <div class=\"img-inner radius dark\">\n                            <img loading=\"lazy\" decoding=\"async\" width=\"1020\" height=\"680\" src=\"https:\/\/fris.nl\/wp-content\/uploads\/2023\/07\/Team-bedrijfsmatig-Vastgoed-1024x683.png\" class=\"attachment-large size-large\" alt=\"Niederl\u00e4ndisches Familienunternehmen im Immobilienbereich\" title=\"Niederl\u00e4ndisches Familienunternehmen im Immobilienbereich\" srcset=\"https:\/\/fris.nl\/wp-content\/uploads\/2023\/07\/Team-bedrijfsmatig-Vastgoed-1024x683.png 1024w, https:\/\/fris.nl\/wp-content\/uploads\/2023\/07\/Team-bedrijfsmatig-Vastgoed-300x200.png 300w, https:\/\/fris.nl\/wp-content\/uploads\/2023\/07\/Team-bedrijfsmatig-Vastgoed-768x512.png 768w, https:\/\/fris.nl\/wp-content\/uploads\/2023\/07\/Team-bedrijfsmatig-Vastgoed.png 1280w\" sizes=\"auto, (max-width: 1020px) 100vw, 1020px\" \/>\n                        <\/div>\n                    <\/div>\n                <\/div>\n            <\/div> \n            <div class=\"col text-col medium-12 small-12 large-6\">\n                <div class=\"col-inner\">\n                    <h3 title=\"Niederl\u00e4ndisches Familienunternehmen im Immobilienbereich\">Niederl\u00e4ndisches Familienunternehmen im Immobilienbereich<\/h3>\n                    \n<p>Als traditionelles niederl\u00e4ndisches Familienunternehmen im Immobilienbereich arbeiten wir pers\u00f6nlich, ergebnisorientiert und mit einem L\u00e4cheln. Und ob Erweiterung oder Umzug: Wir helfen Ihnen gerne bei der Verwirklichung Ihrer Tr\u00e4ume. Und ganz bestimmt in der Metropolregion in Amsterdam und der Region Zuidoost, wo wir schon jahrelang der einzige Gesch\u00e4ftsimmobilienmakler sind.<\/p>\n\n                    \n                <\/div>\n            <\/div>       \n        <\/div>\n        <div class=\"gap-element clearfix hide-for-medium\" style=\"display:block; height:auto; padding-top: 30px;\"><\/div>\n    <\/div>\n<\/section>\n<section class=\"section cta-1 red dark visible nolines\">\n    <div class=\"bg section-bg fill bg-fill bg-loaded\" style=\"background-image: url('https:\/\/fris.nl\/wp-content\/uploads\/2023\/04\/profiel-Boy-Vught-1-Groot.jpg'); background-position: 0% 11% !important;\"><\/div>\n    <div class=\"section-content relative\">\n        <div class=\"row\" id=\"row-1299773279\">\n            <div class=\"col medium-12 small-12 large-12 image-col\" style=\"background-image: url('https:\/\/fris.nl\/wp-content\/uploads\/2023\/04\/profiel-Boy-Vught-1-Groot.jpg');\"><\/div>\n            <div class=\"col medium-12 small-12 large-4 content-col\">\n                <div class=\"col-inner\">\n                    <div id=\"gap-866866620\" class=\"gap-element clearfix\" style=\"display:block; height:auto; padding-top: 40px;\"><\/div>\n                    <h2>Boy&nbsp;van&nbsp;Vugt <span style=\"text-decoration: underline;\">staat&nbsp;immer<\/span> f\u00fcr sie da<\/h2>\n                    <content><\/content>\n                    \n\n                    <a href=\"mailto:b.vanvugt@fris.nl\" target=\"_blank\" class=\"button primary\" rel=\"noopener\" >\n\t\t<span>contact<\/span>\n\t<\/a>\n\n                <\/div>\n            <\/div>\n        <\/div>\n    <\/div>\n<\/section>\n","protected":false},"excerpt":{"rendered":"","protected":false},"author":1,"featured_media":0,"parent":12281,"menu_order":9,"comment_status":"closed","ping_status":"closed","template":"","meta":{"_acf_changed":false,"footnotes":""},"class_list":["post-12359","page","type-page","status-publish","hentry"],"acf":[],"_links":{"self":[{"href":"https:\/\/fris.nl\/de\/wp-json\/wp\/v2\/pages\/12359","targetHints":{"allow":["GET"]}}],"collection":[{"href":"https:\/\/fris.nl\/de\/wp-json\/wp\/v2\/pages"}],"about":[{"href":"https:\/\/fris.nl\/de\/wp-json\/wp\/v2\/types\/page"}],"author":[{"embeddable":true,"href":"https:\/\/fris.nl\/de\/wp-json\/wp\/v2\/users\/1"}],"replies":[{"embeddable":true,"href":"https:\/\/fris.nl\/de\/wp-json\/wp\/v2\/comments?post=12359"}],"version-history":[{"count":2,"href":"https:\/\/fris.nl\/de\/wp-json\/wp\/v2\/pages\/12359\/revisions"}],"predecessor-version":[{"id":12361,"href":"https:\/\/fris.nl\/de\/wp-json\/wp\/v2\/pages\/12359\/revisions\/12361"}],"up":[{"embeddable":true,"href":"https:\/\/fris.nl\/de\/wp-json\/wp\/v2\/pages\/12281"}],"wp:attachment":[{"href":"https:\/\/fris.nl\/de\/wp-json\/wp\/v2\/media?parent=12359"}],"curies":[{"name":"wp","href":"https:\/\/api.w.org\/{rel}","templated":true}]}}