{"id":12345,"date":"2023-04-20T10:18:23","date_gmt":"2023-04-20T08:18:23","guid":{"rendered":"https:\/\/fris.nl\/?page_id=12345"},"modified":"2024-03-01T15:45:11","modified_gmt":"2024-03-01T14:45:11","slug":"verkauf-meiner-geschaeftsimmobilie","status":"publish","type":"page","link":"https:\/\/fris.nl\/de\/gewerbliche-immobilie\/verkauf-meiner-geschaeftsimmobilie\/","title":{"rendered":"Verkauf meiner Gesch\u00e4ftsimmobilie"},"content":{"rendered":"<section class=\"section half-hero blue dark visible\">\n    <div class=\"bg section-bg fill bg-fill bg-loaded\" style=\"background-image: url('https:\/\/fris.nl\/wp-content\/uploads\/2023\/07\/DSC06132-bedrijfsmatig-scaled.jpg'); background-position: 0% 28% !important;\"><\/div>\n    <div class=\"section-content relative\">\n        <div class=\"row\" id=\"row-1299773279\">\n            <div class=\"col medium-12 small-12 large-12 image-col\" style=\"background-image: url('https:\/\/fris.nl\/wp-content\/uploads\/2023\/07\/DSC06132-bedrijfsmatig-scaled.jpg');\"><\/div>\n            \n\t<div id=\"col-2070500770\" class=\"col contentarea medium-12 small-12 large-4\"  data-animate=\"fadeInUp\">\n\t\t\t\t<div class=\"col-inner\"  >\n\t\t\t\n\t\t\t\n                <div class=\"col-inner\">\n                    <div id=\"gap-866866620\" class=\"gap-element clearfix\" style=\"display:block; height:auto; padding-top: 40px;\"><\/div>\n                    <h1>Verkauf&nbsp;meiner <span style=\"text-decoration: underline;\">Gesch\u00e4ftsimmobilie<\/span><\/h1>\n                    <content><\/content>\n                    \n\n                    <ul class=\"jumptoitems\"><\/ul>\n                <\/div>\n            \t\t<\/div>\n\t\t\t\t\t<\/div>\n\n\t\n        <\/div>\n    <\/div>\n<\/section>\n<div class=\"gap-element clearfix hide-for-medium\" style=\"display:block; height:auto; padding-top: 50px;\"><\/div>\n<span class=\"scroll-to\" data-label=\"Scroll to: #Immobilienverkauf-durch-Spezialisten\" data-bullet=\"false\" data-link=\"#Immobilienverkauf-durch-Spezialisten\" data-title=\"Immobilienverkauf durch Spezialisten\"><a name=\"Immobilienverkauf-durch-Spezialisten\"><\/a><\/span><section class=\"section image-text image-text-right red visible\">\n    <div class=\"bg section-bg fill bg-fill bg-loaded\">\n    <\/div>\n    <div class=\"section-content relative\">        \n        <div class=\"row row-large align-center align-middle\">\n            <div id=\"col-2\" class=\"col medium-12 small-10 large-6 medium-col-first\">\n                <div class=\"col-inner\">\n                    <div class=\"img has-hover x md-x lg-x y md-y lg-y\" style=\"width: 100%;\">\n                        <div class=\"img-inner radius dark\">\n                            <img loading=\"lazy\" decoding=\"async\" width=\"1020\" height=\"680\" src=\"https:\/\/fris.nl\/wp-content\/uploads\/2023\/04\/STOCK_bedrijfsmakelaarsDSC07816-LR-1024x683.jpg\" class=\"attachment-large size-large\" alt=\"Immobilienverkauf durch Spezialisten\" title=\"Immobilienverkauf durch Spezialisten\" srcset=\"https:\/\/fris.nl\/wp-content\/uploads\/2023\/04\/STOCK_bedrijfsmakelaarsDSC07816-LR-1024x683.jpg 1024w, https:\/\/fris.nl\/wp-content\/uploads\/2023\/04\/STOCK_bedrijfsmakelaarsDSC07816-LR-300x200.jpg 300w, https:\/\/fris.nl\/wp-content\/uploads\/2023\/04\/STOCK_bedrijfsmakelaarsDSC07816-LR-768x512.jpg 768w, https:\/\/fris.nl\/wp-content\/uploads\/2023\/04\/STOCK_bedrijfsmakelaarsDSC07816-LR-1536x1024.jpg 1536w, https:\/\/fris.nl\/wp-content\/uploads\/2023\/04\/STOCK_bedrijfsmakelaarsDSC07816-LR-2048x1366.jpg 2048w\" sizes=\"auto, (max-width: 1020px) 100vw, 1020px\" \/>\n                        <\/div>\n                    <\/div>\n                <\/div>\n            <\/div> \n            <div class=\"col text-col medium-12 small-12 large-6\">\n                <div class=\"col-inner\">\n                    <h3 title=\"Immobilienverkauf durch Spezialisten\">Immobilienverkauf durch Spezialisten<\/h3>\n                    \n<p>Sie m\u00f6chten Ihre Immobilie verkaufen? Unsere erfahrenen Spezialisten helfen Ihnen gerne weiter. Dank unserer Kenntnisse \u00fcber den lokalen Markt, der Gr\u00f6\u00dfe unserer Immobilienorganisation und unseres globalen Netzwerks greifen wir auf eine enorme Wissens- und Datenquelle zur\u00fcck. Dieser Wissensvorsprung stellt sicher, dass wir Ihre Immobilie mit gezielter Vermarktung zu einem hervorragenden Preis verkaufen k\u00f6nnen. 100 Jahre Erfahrung, das zahlt sich aus.<\/p>\n\n                    \n                <\/div>\n            <\/div>       \n        <\/div>\n        <div class=\"gap-element clearfix hide-for-medium\" style=\"display:block; height:auto; padding-top: 30px;\"><\/div>\n    <\/div>\n<\/section>\n<span class=\"scroll-to\" data-label=\"Scroll to: #Vorsprung-im-Markt\" data-bullet=\"false\" data-link=\"#Vorsprung-im-Markt\" data-title=\"Vorsprung im Markt\"><a name=\"Vorsprung-im-Markt\"><\/a><\/span><section class=\"section image-text image-text-left red visible\">\n    <div class=\"bg section-bg fill bg-fill bg-loaded\">\n    <\/div>\n    <div class=\"section-content relative\">\n        <div class=\"row row-large align-center align-middle\">\n            <div class=\"col text-col medium-12 small-12 large-6\">\n                <div class=\"col-inner\">\n                    <h3 title=\"Vorsprung im Markt\">Vorsprung im Markt<\/h3>\n                    \n<p>Als Verk\u00e4ufer Ihrer Immobilie gehen wir proaktiv und pers\u00f6nlich vor. Pers\u00f6nlich, aber ergebnisorientiert. Zus\u00e4tzlicher Vorteil: die tatkr\u00e4ftige Unterst\u00fctzung unserer eigenen Gutachter. Wir wissen genau, was am Markt passiert, wo die Chancen liegen und wie wir sie nutzen k\u00f6nnen. Einzig und allein, um Ihnen als Kunden den optimalen Service zu bieten.<\/p>\n\n                    \n                <\/div>\n            <\/div>\n            <div id=\"col-2\" class=\"col medium-12 small-10 large-6 medium-col-first\">\n                <div class=\"col-inner\">\n                    <div class=\"img has-hover x md-x lg-x y md-y lg-y\" style=\"width: 100%;\">\n                        <div class=\"img-inner radius dark\">\n                            <img loading=\"lazy\" decoding=\"async\" width=\"1020\" height=\"680\" src=\"https:\/\/fris.nl\/wp-content\/uploads\/2023\/07\/DSC06223-bedrijfsmatig-scaled-1024x683.jpg\" class=\"attachment-large size-large\" alt=\"Vorsprung im Markt\" title=\"Vorsprung im Markt\" srcset=\"https:\/\/fris.nl\/wp-content\/uploads\/2023\/07\/DSC06223-bedrijfsmatig-scaled-1024x683.jpg 1024w, https:\/\/fris.nl\/wp-content\/uploads\/2023\/07\/DSC06223-bedrijfsmatig-scaled-300x200.jpg 300w, https:\/\/fris.nl\/wp-content\/uploads\/2023\/07\/DSC06223-bedrijfsmatig-scaled-768x512.jpg 768w, https:\/\/fris.nl\/wp-content\/uploads\/2023\/07\/DSC06223-bedrijfsmatig-scaled-1536x1025.jpg 1536w, https:\/\/fris.nl\/wp-content\/uploads\/2023\/07\/DSC06223-bedrijfsmatig-scaled-2048x1366.jpg 2048w\" sizes=\"auto, (max-width: 1020px) 100vw, 1020px\" \/>\n                        <\/div>\n                    <\/div>\n                <\/div>\n            <\/div>        \n        <\/div>\n        <div class=\"gap-element clearfix hide-for-medium\" style=\"display:block; height:auto; padding-top: 30px;\"><\/div>\n    <\/div>\n<\/section>\n<section class=\"section single-text  blue visible dark-2\">\n    <div class=\"bg section-bg fill bg-fill bg-loaded\">\n    <\/div>\n    <div class=\"section-content relative\">\n        <div class=\"gap-element clearfix hide-for-medium\" style=\"display:block; height:auto; padding-top: 50px;\"><\/div>\n        <div class=\"row row-large align-center align-middle\">\n            <div class=\"col text-col medium-12 small-12 large-9 text-center\">\n                <div class=\"col-inner\">\n                    <h2 title=\"IHRE IMMOBILIE VERKAUFEN?\" class=\"text-center\">IHRE IMMOBILIE VERKAUFEN?<\/h2>\n<a href=\"mailto:m.vankampen@fris.nl\" target=\"_blank\" class=\"button primary\" rel=\"noopener\" >\n\t\t<span>ja gerne<\/span>\n\t<\/a>\n\n                <\/div>\n            <\/div>     \n        <\/div>\n        <div class=\"gap-element clearfix hide-for-medium\" style=\"display:block; height:auto; padding-top: 30px;\"><\/div>\n    <\/div>\n<\/section>\n<div class=\"gap-element clearfix hide-for-medium\" style=\"display:block; height:auto; padding-top: 50px;\"><\/div>\n<span class=\"scroll-to\" data-label=\"Scroll to: #Komplette-Entlastung-und-ein-guter-Preis\" data-bullet=\"false\" data-link=\"#Komplette-Entlastung-und-ein-guter-Preis\" data-title=\"Komplette Entlastung und ein guter Preis\"><a name=\"Komplette-Entlastung-und-ein-guter-Preis\"><\/a><\/span><section class=\"section image-text image-text-right red visible\">\n    <div class=\"bg section-bg fill bg-fill bg-loaded\">\n    <\/div>\n    <div class=\"section-content relative\">        \n        <div class=\"row row-large align-center align-middle\">\n            <div id=\"col-2\" class=\"col medium-12 small-10 large-6 medium-col-first\">\n                <div class=\"col-inner\">\n                    <div class=\"img has-hover x md-x lg-x y md-y lg-y\" style=\"width: 100%;\">\n                        <div class=\"img-inner radius dark\">\n                            <img loading=\"lazy\" decoding=\"async\" width=\"1020\" height=\"680\" src=\"https:\/\/fris.nl\/wp-content\/uploads\/2023\/07\/J9A9818-bedrijfsmatig-1024x683.jpg\" class=\"attachment-large size-large\" alt=\"Komplette Entlastung und ein guter Preis\" title=\"Komplette Entlastung und ein guter Preis\" srcset=\"https:\/\/fris.nl\/wp-content\/uploads\/2023\/07\/J9A9818-bedrijfsmatig-1024x683.jpg 1024w, https:\/\/fris.nl\/wp-content\/uploads\/2023\/07\/J9A9818-bedrijfsmatig-300x200.jpg 300w, https:\/\/fris.nl\/wp-content\/uploads\/2023\/07\/J9A9818-bedrijfsmatig-768x512.jpg 768w, https:\/\/fris.nl\/wp-content\/uploads\/2023\/07\/J9A9818-bedrijfsmatig-1536x1024.jpg 1536w, https:\/\/fris.nl\/wp-content\/uploads\/2023\/07\/J9A9818-bedrijfsmatig-2048x1366.jpg 2048w\" sizes=\"auto, (max-width: 1020px) 100vw, 1020px\" \/>\n                        <\/div>\n                    <\/div>\n                <\/div>\n            <\/div> \n            <div class=\"col text-col medium-12 small-12 large-6\">\n                <div class=\"col-inner\">\n                    <h3 title=\"Komplette Entlastung und ein guter Preis\">Komplette Entlastung und ein guter Preis<\/h3>\n                    \n<p>FRIS beobachtet kontinuierlich den Markt und die Zielgruppen, identifiziert Trends, strategische Entwicklungen und vernetzt und inspiriert Partner. So erh\u00f6hen wir die Chancen auf einen erfolgreichen Verkauf Ihrer Immobilie. Sowohl in den Niederlanden als auch im Ausland.<\/p>\n\n                    \n                <\/div>\n            <\/div>       \n        <\/div>\n        <div class=\"gap-element clearfix hide-for-medium\" style=\"display:block; height:auto; padding-top: 30px;\"><\/div>\n    <\/div>\n<\/section>\n<span class=\"scroll-to\" data-label=\"Scroll to: #Leben-Genie\u00dfen-Leisten\" data-bullet=\"false\" data-link=\"#Leben-Genie\u00dfen-Leisten\" data-title=\"Leben, Genie\u00dfen, Leisten\"><a name=\"Leben-Genie\u00dfen-Leisten\"><\/a><\/span><section class=\"section image-text image-text-left red visible\">\n    <div class=\"bg section-bg fill bg-fill bg-loaded\">\n    <\/div>\n    <div class=\"section-content relative\">\n        <div class=\"row row-large align-center align-middle\">\n            <div class=\"col text-col medium-12 small-12 large-6\">\n                <div class=\"col-inner\">\n                    <h3 title=\"Leben, Genie\u00dfen, Leisten\">Leben, Genie\u00dfen, Leisten<\/h3>\n                    \n<p>Wenn Sie eine Immobilie verkaufen, m\u00f6chten Sie keinen \u00c4rger haben. Darum k\u00fcmmern wir uns. Wir streben nach Kunden und Gesch\u00e4ftspartnern, die zum Beispiel auf einer Geburtstagsfeier erz\u00e4hlen, dass sie mit uns zufrieden sind. Und dass sie auch in Zukunft mit uns zusammenarbeiten wollen. Ganz nach dem Motto: Leben, Genie\u00dfen, Leisten.<\/p>\n\n                    \n                <\/div>\n            <\/div>\n            <div id=\"col-2\" class=\"col medium-12 small-10 large-6 medium-col-first\">\n                <div class=\"col-inner\">\n                    <div class=\"img has-hover x md-x lg-x y md-y lg-y\" style=\"width: 100%;\">\n                        <div class=\"img-inner radius dark\">\n                            <img loading=\"lazy\" decoding=\"async\" width=\"1020\" height=\"680\" src=\"https:\/\/fris.nl\/wp-content\/uploads\/2023\/07\/DSC02764-1024x683.jpg\" class=\"attachment-large size-large\" alt=\"Leben, Genie\u00dfen, Leisten\" title=\"Leben, Genie\u00dfen, Leisten\" srcset=\"https:\/\/fris.nl\/wp-content\/uploads\/2023\/07\/DSC02764-1024x683.jpg 1024w, https:\/\/fris.nl\/wp-content\/uploads\/2023\/07\/DSC02764-300x200.jpg 300w, https:\/\/fris.nl\/wp-content\/uploads\/2023\/07\/DSC02764-768x512.jpg 768w, https:\/\/fris.nl\/wp-content\/uploads\/2023\/07\/DSC02764-1536x1024.jpg 1536w, https:\/\/fris.nl\/wp-content\/uploads\/2023\/07\/DSC02764-2048x1366.jpg 2048w\" sizes=\"auto, (max-width: 1020px) 100vw, 1020px\" \/>\n                        <\/div>\n                    <\/div>\n                <\/div>\n            <\/div>        \n        <\/div>\n        <div class=\"gap-element clearfix hide-for-medium\" style=\"display:block; height:auto; padding-top: 30px;\"><\/div>\n    <\/div>\n<\/section>\n<section class=\"section cta-1 blue dark visible nolines\">\n    <div class=\"bg section-bg fill bg-fill bg-loaded\" style=\"background-image: url('https:\/\/fris.nl\/wp-content\/uploads\/2023\/07\/Marc-van-Kampen-bedrijfsmatig.jpg'); background-position: 0% 31% !important;\"><\/div>\n    <div class=\"section-content relative\">\n        <div class=\"row\" id=\"row-1299773279\">\n            <div class=\"col medium-12 small-12 large-12 image-col\" style=\"background-image: url('https:\/\/fris.nl\/wp-content\/uploads\/2023\/07\/Marc-van-Kampen-bedrijfsmatig.jpg');\"><\/div>\n            <div class=\"col medium-12 small-12 large-4 content-col\">\n                <div class=\"col-inner\">\n                    <div id=\"gap-866866620\" class=\"gap-element clearfix\" style=\"display:block; height:auto; padding-top: 40px;\"><\/div>\n                    <h2>Marc&nbsp;van&nbsp;Kampen <span style=\"text-decoration: underline;\">immer<\/span> f\u00fcr sie da<\/h2>\n                    <content><\/content>\n                    \n\n                    <a href=\"mailto:m.vankampen@fris.nl\" target=\"_blank\" class=\"button primary\" rel=\"noopener\" >\n\t\t<span>kontakt<\/span>\n\t<\/a>\n\n                <\/div>\n            <\/div>\n        <\/div>\n    <\/div>\n<\/section>\n","protected":false},"excerpt":{"rendered":"","protected":false},"author":1,"featured_media":0,"parent":12281,"menu_order":7,"comment_status":"closed","ping_status":"closed","template":"","meta":{"_acf_changed":false,"footnotes":""},"class_list":["post-12345","page","type-page","status-publish","hentry"],"acf":[],"_links":{"self":[{"href":"https:\/\/fris.nl\/de\/wp-json\/wp\/v2\/pages\/12345","targetHints":{"allow":["GET"]}}],"collection":[{"href":"https:\/\/fris.nl\/de\/wp-json\/wp\/v2\/pages"}],"about":[{"href":"https:\/\/fris.nl\/de\/wp-json\/wp\/v2\/types\/page"}],"author":[{"embeddable":true,"href":"https:\/\/fris.nl\/de\/wp-json\/wp\/v2\/users\/1"}],"replies":[{"embeddable":true,"href":"https:\/\/fris.nl\/de\/wp-json\/wp\/v2\/comments?post=12345"}],"version-history":[{"count":6,"href":"https:\/\/fris.nl\/de\/wp-json\/wp\/v2\/pages\/12345\/revisions"}],"predecessor-version":[{"id":12351,"href":"https:\/\/fris.nl\/de\/wp-json\/wp\/v2\/pages\/12345\/revisions\/12351"}],"up":[{"embeddable":true,"href":"https:\/\/fris.nl\/de\/wp-json\/wp\/v2\/pages\/12281"}],"wp:attachment":[{"href":"https:\/\/fris.nl\/de\/wp-json\/wp\/v2\/media?parent=12345"}],"curies":[{"name":"wp","href":"https:\/\/api.w.org\/{rel}","templated":true}]}}