{"id":12339,"date":"2023-04-25T08:17:44","date_gmt":"2023-04-25T06:17:44","guid":{"rendered":"https:\/\/fris.nl\/?page_id=12339"},"modified":"2024-04-12T15:35:14","modified_gmt":"2024-04-12T13:35:14","slug":"finden-einer-passenden-geschaeftsimmobilie","status":"publish","type":"page","link":"https:\/\/fris.nl\/de\/gewerbliche-immobilie\/finden-einer-passenden-geschaeftsimmobilie\/","title":{"rendered":"Finden einer passenden Gesch\u00e4ftsimmobilie"},"content":{"rendered":"<section class=\"section half-hero darkblue dark visible\">\n    <div class=\"bg section-bg fill bg-fill bg-loaded\" style=\"background-image: url('https:\/\/fris.nl\/wp-content\/uploads\/2023\/04\/STOCK_bedrijfsmakelaarsDSC07427-LR.jpg'); background-position: 39% 25% !important;\"><\/div>\n    <div class=\"section-content relative\">\n        <div class=\"row\" id=\"row-1299773279\">\n            <div class=\"col medium-12 small-12 large-12 image-col\" style=\"background-image: url('https:\/\/fris.nl\/wp-content\/uploads\/2023\/04\/STOCK_bedrijfsmakelaarsDSC07427-LR.jpg');\"><\/div>\n            \n\t<div id=\"col-372757578\" class=\"col contentarea medium-12 small-12 large-4\"  data-animate=\"fadeInUp\">\n\t\t\t\t<div class=\"col-inner\"  >\n\t\t\t\n\t\t\t\n                <div class=\"col-inner\">\n                    <div id=\"gap-866866620\" class=\"gap-element clearfix\" style=\"display:block; height:auto; padding-top: 40px;\"><\/div>\n                    <h1>Finden&nbsp;Einer <span style=\"text-decoration: underline;\">Passenden<\/span> Gesch\u00e4ftsimmobilie<\/h1>\n                    <content><\/content>\n                    \n\n                    <ul class=\"jumptoitems\"><\/ul>\n                <\/div>\n            \t\t<\/div>\n\t\t\t\t\t<\/div>\n\n\t\n        <\/div>\n    <\/div>\n<\/section>\n<div class=\"gap-element clearfix hide-for-medium\" style=\"display:block; height:auto; padding-top: 50px;\"><\/div>\n<span class=\"scroll-to\" data-label=\"Scroll to: #Finden-einer-passenden-Gesch\u00e4ftsimmobilie\" data-bullet=\"false\" data-link=\"#Finden-einer-passenden-Gesch\u00e4ftsimmobilie\" data-title=\"Finden einer passenden Gesch\u00e4ftsimmobilie\"><a name=\"Finden-einer-passenden-Gesch\u00e4ftsimmobilie\"><\/a><\/span><section class=\"section image-text image-text-right red visible\">\n    <div class=\"bg section-bg fill bg-fill bg-loaded\">\n    <\/div>\n    <div class=\"section-content relative\">        \n        <div class=\"row row-large align-center align-middle\">\n            <div id=\"col-2\" class=\"col medium-12 small-10 large-6 medium-col-first\">\n                <div class=\"col-inner\">\n                    <div class=\"img has-hover x md-x lg-x y md-y lg-y\" style=\"width: 100%;\">\n                        <div class=\"img-inner radius dark\">\n                            <img loading=\"lazy\" decoding=\"async\" width=\"1020\" height=\"680\" src=\"https:\/\/fris.nl\/wp-content\/uploads\/2023\/07\/DSC06223-bedrijfsmatig-scaled-1024x683.jpg\" class=\"attachment-large size-large\" alt=\"Finden einer passenden Gesch\u00e4ftsimmobilie\" title=\"Finden einer passenden Gesch\u00e4ftsimmobilie\" srcset=\"https:\/\/fris.nl\/wp-content\/uploads\/2023\/07\/DSC06223-bedrijfsmatig-scaled-1024x683.jpg 1024w, https:\/\/fris.nl\/wp-content\/uploads\/2023\/07\/DSC06223-bedrijfsmatig-scaled-300x200.jpg 300w, https:\/\/fris.nl\/wp-content\/uploads\/2023\/07\/DSC06223-bedrijfsmatig-scaled-768x512.jpg 768w, https:\/\/fris.nl\/wp-content\/uploads\/2023\/07\/DSC06223-bedrijfsmatig-scaled-1536x1025.jpg 1536w, https:\/\/fris.nl\/wp-content\/uploads\/2023\/07\/DSC06223-bedrijfsmatig-scaled-2048x1366.jpg 2048w\" sizes=\"auto, (max-width: 1020px) 100vw, 1020px\" \/>\n                        <\/div>\n                    <\/div>\n                <\/div>\n            <\/div> \n            <div class=\"col text-col medium-12 small-12 large-6\">\n                <div class=\"col-inner\">\n                    <h3 title=\"Finden einer passenden Gesch\u00e4ftsimmobilie\">Finden einer passenden Gesch\u00e4ftsimmobilie<\/h3>\n                    \n<p>Pers\u00f6nlich, innovativ und ergebnisorientiert: Wir sind FRIS. Unsere Makler f\u00fcr gewerbliche Immobilien k\u00fcmmern sich um Ihr Unternehmen. Von der Miete bis zum Kauf geeigneter Gesch\u00e4ftsr\u00e4ume. Selbstverst\u00e4ndlich passend zu Ihren W\u00fcnschen und Ihrer Betriebsf\u00fchrung.<\/p>\n\n                    <a href=\"\/de\/volledige-bedrijfsaanbod\/\" class=\"button primary\" >\n\t\t<span>SEHEN SIE SICH UNSER ANGEBOT AN<\/span>\n\t<\/a>\n\n                <\/div>\n            <\/div>       \n        <\/div>\n        <div class=\"gap-element clearfix hide-for-medium\" style=\"display:block; height:auto; padding-top: 30px;\"><\/div>\n    <\/div>\n<\/section>\n<span class=\"scroll-to\" data-label=\"Scroll to: #Metropolregion-in-Amsterdam\" data-bullet=\"false\" data-link=\"#Metropolregion-in-Amsterdam\" data-title=\"Metropolregion in Amsterdam\"><a name=\"Metropolregion-in-Amsterdam\"><\/a><\/span><section class=\"section single-text  blue visible\">\n    <div class=\"bg section-bg fill bg-fill bg-loaded\">\n    <\/div>\n    <div class=\"section-content relative\">\n        <div class=\"gap-element clearfix hide-for-medium\" style=\"display:block; height:auto; padding-top: 50px;\"><\/div>\n        <div class=\"row row-large align-center align-middle\">\n            <div class=\"col text-col medium-12 small-12 large-9 text-center\">\n                <div class=\"col-inner\">\n                    <h2 title=\"METROPOLREGION IN AMSTERDAM\" class=\"text-center\">METROPOLREGION IN AMSTERDAM<\/h2>\n<p>Die Metropolregion Amsterdam und die Region Zuidoost sind die Gebiete, in denen wir t\u00e4tig sind. Wir arbeiten auf Basis gr\u00fcndlicher Marktforschung, verf\u00fcgen \u00fcber 100 Jahre Erfahrung und nutzen ein globales Netzwerk. So erh\u00f6hen wir Ihre Chancen am Markt.<\/p>\n\n                <\/div>\n            <\/div>     \n        <\/div>\n        <div class=\"gap-element clearfix hide-for-medium removepaddingbottom\" style=\"display:block; height:auto; padding-top: 30px;\"><\/div>\n    <\/div>\n<\/section>\n<div class=\"gap-element clearfix hide-for-medium removepaddingbottom\" style=\"display:block; height:auto; padding-top: 50px;\"><\/div>\n<section class=\"section single-text  blue visible light-2\">\n    <div class=\"bg section-bg fill bg-fill bg-loaded\">\n    <\/div>\n    <div class=\"section-content relative\">\n        <div class=\"gap-element clearfix hide-for-medium\" style=\"display:block; height:auto; padding-top: 50px;\"><\/div>\n        <div class=\"row row-large align-center align-middle\">\n            <div class=\"col text-col medium-12 small-12 large-9 text-center\">\n                <div class=\"col-inner\">\n                    <h2 title=\"SIE SUCHEN EINE PASSENDE GESCH\u00c4FTSIMMOBILIE?\" class=\"text-center\">SIE SUCHEN EINE PASSENDE GESCH\u00c4FTSIMMOBILIE?<\/h2>\n<a href=\"\/de\/volledige-bedrijfsaanbod\/\" class=\"button primary\" >\n\t\t<span>SEHEN SIE SICH UNSER ANGEBOT AN<\/span>\n\t<\/a>\n\n                <\/div>\n            <\/div>     \n        <\/div>\n        <div class=\"gap-element clearfix hide-for-medium\" style=\"display:block; height:auto; padding-top: 30px;\"><\/div>\n    <\/div>\n<\/section>\n<div class=\"gap-element clearfix hide-for-medium\" style=\"display:block; height:auto; padding-top: 50px;\"><\/div>\n<span class=\"scroll-to\" data-label=\"Scroll to: #Gesch\u00e4ftsr\u00e4ume-erweitern-oder-verlegen\" data-bullet=\"false\" data-link=\"#Gesch\u00e4ftsr\u00e4ume-erweitern-oder-verlegen\" data-title=\"Gesch\u00e4ftsr\u00e4ume erweitern oder verlegen\"><a name=\"Gesch\u00e4ftsr\u00e4ume-erweitern-oder-verlegen\"><\/a><\/span><section class=\"section image-text image-text-left red visible\">\n    <div class=\"bg section-bg fill bg-fill bg-loaded\">\n    <\/div>\n    <div class=\"section-content relative\">\n        <div class=\"row row-large align-center align-middle\">\n            <div class=\"col text-col medium-12 small-12 large-6\">\n                <div class=\"col-inner\">\n                    <h3 title=\"Gesch\u00e4ftsr\u00e4ume erweitern oder verlegen\">Gesch\u00e4ftsr\u00e4ume erweitern oder verlegen<\/h3>\n                    \n<p>Sie wollen Ihr Unternehmen vergr\u00f6\u00dfern oder sind auf der Suche nach einem neuen Standort? Unsere Gewerbeimmobilienberater helfen Ihnen bei der Suche nach geeigneten Gewerbeimmobilien. Wir sind seit \u00fcber 100 Jahren in Amsterdam aktiv und das bedeutet: Lokales Wissen, ein globales Netzwerk und ein Experte im Markt. Und das merken Sie schnell!<\/p>\n\n                    <a href=\"\/de\/gewerbliche-immobilie\/meine-geschaeftsraeume-erweitern-oder-verlegen\/\" class=\"button primary\" >\n\t\t<span>MEHR ERFAHREN<\/span>\n\t<\/a>\n\n                <\/div>\n            <\/div>\n            <div id=\"col-2\" class=\"col medium-12 small-10 large-6 medium-col-first\">\n                <div class=\"col-inner\">\n                    <div class=\"img has-hover x md-x lg-x y md-y lg-y\" style=\"width: 100%;\">\n                        <div class=\"img-inner radius dark\">\n                            <img loading=\"lazy\" decoding=\"async\" width=\"1020\" height=\"680\" src=\"https:\/\/fris.nl\/wp-content\/uploads\/2023\/04\/STOCK_bedrijfsmakelaarsDSC07816-LR-1024x683.jpg\" class=\"attachment-large size-large\" alt=\"Gesch\u00e4ftsr\u00e4ume erweitern oder verlegen\" title=\"Gesch\u00e4ftsr\u00e4ume erweitern oder verlegen\" srcset=\"https:\/\/fris.nl\/wp-content\/uploads\/2023\/04\/STOCK_bedrijfsmakelaarsDSC07816-LR-1024x683.jpg 1024w, https:\/\/fris.nl\/wp-content\/uploads\/2023\/04\/STOCK_bedrijfsmakelaarsDSC07816-LR-300x200.jpg 300w, https:\/\/fris.nl\/wp-content\/uploads\/2023\/04\/STOCK_bedrijfsmakelaarsDSC07816-LR-768x512.jpg 768w, https:\/\/fris.nl\/wp-content\/uploads\/2023\/04\/STOCK_bedrijfsmakelaarsDSC07816-LR-1536x1024.jpg 1536w, https:\/\/fris.nl\/wp-content\/uploads\/2023\/04\/STOCK_bedrijfsmakelaarsDSC07816-LR-2048x1366.jpg 2048w\" sizes=\"auto, (max-width: 1020px) 100vw, 1020px\" \/>\n                        <\/div>\n                    <\/div>\n                <\/div>\n            <\/div>        \n        <\/div>\n        <div class=\"gap-element clearfix hide-for-medium\" style=\"display:block; height:auto; padding-top: 30px;\"><\/div>\n    <\/div>\n<\/section>\n<span class=\"scroll-to\" data-label=\"Scroll to: #Beratung-zu-Ihrer-Gesch\u00e4ftsimmobilie\" data-bullet=\"false\" data-link=\"#Beratung-zu-Ihrer-Gesch\u00e4ftsimmobilie\" data-title=\"Beratung zu Ihrer Gesch\u00e4ftsimmobilie\"><a name=\"Beratung-zu-Ihrer-Gesch\u00e4ftsimmobilie\"><\/a><\/span><section class=\"section single-text  blue visible\">\n    <div class=\"bg section-bg fill bg-fill bg-loaded\">\n    <\/div>\n    <div class=\"section-content relative\">\n        <div class=\"gap-element clearfix hide-for-medium\" style=\"display:block; height:auto; padding-top: 50px;\"><\/div>\n        <div class=\"row row-large align-center align-middle\">\n            <div class=\"col text-col medium-12 small-12 large-9 text-center\">\n                <div class=\"col-inner\">\n                    <h2 title=\"Beratung zu Ihrer Gesch\u00e4ftsimmobilie\" class=\"text-center\">Beratung zu Ihrer Gesch\u00e4ftsimmobilie<\/h2>\n<p>Sie m\u00f6chten eine Gewerbeimmobilie verkaufen, vermieten, kaufen oder mieten? Unsere Immobilienberater beraten Sie eingehend. Dies tun wir f\u00fcr B\u00fcro- und Gewerber\u00e4ume sowie andere Gewerbeimmobilien. Mit \u00fcber 100 Jahren Erfahrung, eigenen Gutachtern und einem globalen Netzwerk wissen wir genau, was auf dem Markt passiert. Und ganz bestimmt in der Metropolregion in Amsterdam und Zuidoost, wo wir der einzige Gesch\u00e4ftsimmobilienmakler sind.<\/p>\n<p>\u00a0<\/p>\n<a href=\"\/bedrijfsmatig-vastgoed\/\" class=\"button primary\" >\n\t\t<span>MEHR ERFAHREN<\/span>\n\t<\/a>\n\n                <\/div>\n            <\/div>     \n        <\/div>\n        <div class=\"gap-element clearfix hide-for-medium removepaddingbottom\" style=\"display:block; height:auto; padding-top: 30px;\"><\/div>\n    <\/div>\n<\/section>\n<div class=\"gap-element clearfix hide-for-medium removepaddingbottom\" style=\"display:block; height:auto; padding-top: 50px;\"><\/div>\n<section class=\"section cta-1 blue dark visible nolines\">\n    <div class=\"bg section-bg fill bg-fill bg-loaded\" style=\"background-image: url('https:\/\/fris.nl\/wp-content\/uploads\/2023\/04\/profiel-Agnes-Munk-2-Groot.jpg'); background-position: 0% 15% !important;\"><\/div>\n    <div class=\"section-content relative\">\n        <div class=\"row\" id=\"row-1299773279\">\n            <div class=\"col medium-12 small-12 large-12 image-col\" style=\"background-image: url('https:\/\/fris.nl\/wp-content\/uploads\/2023\/04\/profiel-Agnes-Munk-2-Groot.jpg');\"><\/div>\n            <div class=\"col medium-12 small-12 large-4 content-col\">\n                <div class=\"col-inner\">\n                    <div id=\"gap-866866620\" class=\"gap-element clearfix\" style=\"display:block; height:auto; padding-top: 40px;\"><\/div>\n                    <h2>Agnes&nbsp;Munk <span style=\"text-decoration: underline;\">immer&nbsp;f\u00fcr<\/span> sie da<\/h2>\n                    <content><\/content>\n                    \n\n                    <a href=\"mailto:a.munk@fris.nl\" target=\"_blank\" class=\"button primary\" rel=\"noopener\" >\n\t\t<span>kontakt<\/span>\n\t<\/a>\n\n                <\/div>\n            <\/div>\n        <\/div>\n    <\/div>\n<\/section>\n","protected":false},"excerpt":{"rendered":"","protected":false},"author":1,"featured_media":0,"parent":12281,"menu_order":6,"comment_status":"closed","ping_status":"closed","template":"","meta":{"_acf_changed":false,"footnotes":""},"class_list":["post-12339","page","type-page","status-publish","hentry"],"acf":[],"yoast_head":"<!-- This site is optimized with the Yoast SEO plugin v27.4 - https:\/\/yoast.com\/product\/yoast-seo-wordpress\/ -->\n<title>Finden einer passenden Gesch\u00e4ftsimmobilie - Fris Real People<\/title>\n<meta name=\"robots\" content=\"index, follow, max-snippet:-1, max-image-preview:large, max-video-preview:-1\" \/>\n<link rel=\"canonical\" href=\"https:\/\/fris.nl\/de\/gewerbliche-immobilie\/finden-einer-passenden-geschaeftsimmobilie\/\" \/>\n<meta property=\"og:locale\" content=\"de_DE\" \/>\n<meta property=\"og:type\" content=\"article\" \/>\n<meta property=\"og:title\" content=\"Finden einer passenden Gesch\u00e4ftsimmobilie - Fris Real People\" \/>\n<meta property=\"og:url\" content=\"https:\/\/fris.nl\/de\/gewerbliche-immobilie\/finden-einer-passenden-geschaeftsimmobilie\/\" \/>\n<meta property=\"og:site_name\" content=\"Fris Real People\" \/>\n<meta property=\"article:publisher\" content=\"https:\/\/www.facebook.com\/FrisMakelaarsAmsterdam\" \/>\n<meta property=\"article:modified_time\" content=\"2024-04-12T13:35:14+00:00\" \/>\n<meta name=\"twitter:card\" content=\"summary_large_image\" \/>\n<meta name=\"twitter:site\" content=\"@FRISRealPeople\" \/>\n<meta name=\"twitter:label1\" content=\"Gesch\u00e4tzte Lesezeit\" \/>\n\t<meta name=\"twitter:data1\" content=\"2\u00a0Minuten\" \/>\n<script type=\"application\/ld+json\" class=\"yoast-schema-graph\">{\"@context\":\"https:\\\/\\\/schema.org\",\"@graph\":[{\"@type\":\"WebPage\",\"@id\":\"https:\\\/\\\/fris.nl\\\/de\\\/gewerbliche-immobilie\\\/finden-einer-passenden-geschaeftsimmobilie\\\/\",\"url\":\"https:\\\/\\\/fris.nl\\\/de\\\/gewerbliche-immobilie\\\/finden-einer-passenden-geschaeftsimmobilie\\\/\",\"name\":\"Finden einer passenden Gesch\u00e4ftsimmobilie - Fris Real People\",\"isPartOf\":{\"@id\":\"https:\\\/\\\/fris.nl\\\/de\\\/#website\"},\"datePublished\":\"2023-04-25T06:17:44+00:00\",\"dateModified\":\"2024-04-12T13:35:14+00:00\",\"breadcrumb\":{\"@id\":\"https:\\\/\\\/fris.nl\\\/de\\\/gewerbliche-immobilie\\\/finden-einer-passenden-geschaeftsimmobilie\\\/#breadcrumb\"},\"inLanguage\":\"de\",\"potentialAction\":[{\"@type\":\"ReadAction\",\"target\":[\"https:\\\/\\\/fris.nl\\\/de\\\/gewerbliche-immobilie\\\/finden-einer-passenden-geschaeftsimmobilie\\\/\"]}]},{\"@type\":\"BreadcrumbList\",\"@id\":\"https:\\\/\\\/fris.nl\\\/de\\\/gewerbliche-immobilie\\\/finden-einer-passenden-geschaeftsimmobilie\\\/#breadcrumb\",\"itemListElement\":[{\"@type\":\"ListItem\",\"position\":1,\"name\":\"Home\",\"item\":\"https:\\\/\\\/fris.nl\\\/de\\\/\"},{\"@type\":\"ListItem\",\"position\":2,\"name\":\"Gewerbliche Immobilie\",\"item\":\"https:\\\/\\\/fris.nl\\\/de\\\/gewerbliche-immobilie\\\/\"},{\"@type\":\"ListItem\",\"position\":3,\"name\":\"Finden einer passenden Gesch\u00e4ftsimmobilie\"}]},{\"@type\":\"WebSite\",\"@id\":\"https:\\\/\\\/fris.nl\\\/de\\\/#website\",\"url\":\"https:\\\/\\\/fris.nl\\\/de\\\/\",\"name\":\"Fris Real People\",\"description\":\"\",\"potentialAction\":[{\"@type\":\"SearchAction\",\"target\":{\"@type\":\"EntryPoint\",\"urlTemplate\":\"https:\\\/\\\/fris.nl\\\/de\\\/?s={search_term_string}\"},\"query-input\":{\"@type\":\"PropertyValueSpecification\",\"valueRequired\":true,\"valueName\":\"search_term_string\"}}],\"inLanguage\":\"de\"}]}<\/script>\n<!-- \/ Yoast SEO plugin. -->","yoast_head_json":{"title":"Finden einer passenden Gesch\u00e4ftsimmobilie - Fris Real People","robots":{"index":"index","follow":"follow","max-snippet":"max-snippet:-1","max-image-preview":"max-image-preview:large","max-video-preview":"max-video-preview:-1"},"canonical":"https:\/\/fris.nl\/de\/gewerbliche-immobilie\/finden-einer-passenden-geschaeftsimmobilie\/","og_locale":"de_DE","og_type":"article","og_title":"Finden einer passenden Gesch\u00e4ftsimmobilie - Fris Real People","og_url":"https:\/\/fris.nl\/de\/gewerbliche-immobilie\/finden-einer-passenden-geschaeftsimmobilie\/","og_site_name":"Fris Real People","article_publisher":"https:\/\/www.facebook.com\/FrisMakelaarsAmsterdam","article_modified_time":"2024-04-12T13:35:14+00:00","twitter_card":"summary_large_image","twitter_site":"@FRISRealPeople","twitter_misc":{"Gesch\u00e4tzte Lesezeit":"2\u00a0Minuten"},"schema":{"@context":"https:\/\/schema.org","@graph":[{"@type":"WebPage","@id":"https:\/\/fris.nl\/de\/gewerbliche-immobilie\/finden-einer-passenden-geschaeftsimmobilie\/","url":"https:\/\/fris.nl\/de\/gewerbliche-immobilie\/finden-einer-passenden-geschaeftsimmobilie\/","name":"Finden einer passenden Gesch\u00e4ftsimmobilie - Fris Real People","isPartOf":{"@id":"https:\/\/fris.nl\/de\/#website"},"datePublished":"2023-04-25T06:17:44+00:00","dateModified":"2024-04-12T13:35:14+00:00","breadcrumb":{"@id":"https:\/\/fris.nl\/de\/gewerbliche-immobilie\/finden-einer-passenden-geschaeftsimmobilie\/#breadcrumb"},"inLanguage":"de","potentialAction":[{"@type":"ReadAction","target":["https:\/\/fris.nl\/de\/gewerbliche-immobilie\/finden-einer-passenden-geschaeftsimmobilie\/"]}]},{"@type":"BreadcrumbList","@id":"https:\/\/fris.nl\/de\/gewerbliche-immobilie\/finden-einer-passenden-geschaeftsimmobilie\/#breadcrumb","itemListElement":[{"@type":"ListItem","position":1,"name":"Home","item":"https:\/\/fris.nl\/de\/"},{"@type":"ListItem","position":2,"name":"Gewerbliche Immobilie","item":"https:\/\/fris.nl\/de\/gewerbliche-immobilie\/"},{"@type":"ListItem","position":3,"name":"Finden einer passenden Gesch\u00e4ftsimmobilie"}]},{"@type":"WebSite","@id":"https:\/\/fris.nl\/de\/#website","url":"https:\/\/fris.nl\/de\/","name":"Fris Real People","description":"","potentialAction":[{"@type":"SearchAction","target":{"@type":"EntryPoint","urlTemplate":"https:\/\/fris.nl\/de\/?s={search_term_string}"},"query-input":{"@type":"PropertyValueSpecification","valueRequired":true,"valueName":"search_term_string"}}],"inLanguage":"de"}]}},"_links":{"self":[{"href":"https:\/\/fris.nl\/de\/wp-json\/wp\/v2\/pages\/12339","targetHints":{"allow":["GET"]}}],"collection":[{"href":"https:\/\/fris.nl\/de\/wp-json\/wp\/v2\/pages"}],"about":[{"href":"https:\/\/fris.nl\/de\/wp-json\/wp\/v2\/types\/page"}],"author":[{"embeddable":true,"href":"https:\/\/fris.nl\/de\/wp-json\/wp\/v2\/users\/1"}],"replies":[{"embeddable":true,"href":"https:\/\/fris.nl\/de\/wp-json\/wp\/v2\/comments?post=12339"}],"version-history":[{"count":9,"href":"https:\/\/fris.nl\/de\/wp-json\/wp\/v2\/pages\/12339\/revisions"}],"predecessor-version":[{"id":13324,"href":"https:\/\/fris.nl\/de\/wp-json\/wp\/v2\/pages\/12339\/revisions\/13324"}],"up":[{"embeddable":true,"href":"https:\/\/fris.nl\/de\/wp-json\/wp\/v2\/pages\/12281"}],"wp:attachment":[{"href":"https:\/\/fris.nl\/de\/wp-json\/wp\/v2\/media?parent=12339"}],"curies":[{"name":"wp","href":"https:\/\/api.w.org\/{rel}","templated":true}]}}