{"id":12335,"date":"2023-04-20T10:18:23","date_gmt":"2023-04-20T08:18:23","guid":{"rendered":"https:\/\/fris.nl\/?page_id=12335"},"modified":"2024-03-01T15:44:25","modified_gmt":"2024-03-01T14:44:25","slug":"wohnimmobilien","status":"publish","type":"page","link":"https:\/\/fris.nl\/de\/immobilienverwaltung\/wohnimmobilien\/","title":{"rendered":"Wohnimmobilien"},"content":{"rendered":"<section class=\"section half-hero darkblue dark visible\">\n    <div class=\"bg section-bg fill bg-fill bg-loaded\" style=\"background-image: url('https:\/\/fris.nl\/wp-content\/uploads\/2023\/04\/stock-Vastgoed-managementDSC00028-LR.jpg'); background-position: 0% 16% !important;\"><\/div>\n    <div class=\"section-content relative\">\n        <div class=\"row\" id=\"row-1299773279\">\n            <div class=\"col medium-12 small-12 large-12 image-col\" style=\"background-image: url('https:\/\/fris.nl\/wp-content\/uploads\/2023\/04\/stock-Vastgoed-managementDSC00028-LR.jpg');\"><\/div>\n            \n\t<div id=\"col-1561935494\" class=\"col contentarea medium-12 small-12 large-4\"  data-animate=\"fadeInUp\">\n\t\t\t\t<div class=\"col-inner\"  >\n\t\t\t\n\t\t\t\n                <div class=\"col-inner\">\n                    <div id=\"gap-866866620\" class=\"gap-element clearfix\" style=\"display:block; height:auto; padding-top: 40px;\"><\/div>\n                    <h1>Wohnimmobilien<\/h1>\n                    <content><\/content>\n                    \n\n                    <ul class=\"jumptoitems\"><\/ul>\n                <\/div>\n            \t\t<\/div>\n\t\t\t\t\t<\/div>\n\n\t\n        <\/div>\n    <\/div>\n<\/section>\n<div class=\"gap-element clearfix hide-for-medium\" style=\"display:block; height:auto; padding-top: 50px;\"><\/div>\n<span class=\"scroll-to\" data-label=\"Scroll to: #Kundenorientierung-im-Bereich-der-Wohnimmobilien\" data-bullet=\"false\" data-link=\"#Kundenorientierung-im-Bereich-der-Wohnimmobilien\" data-title=\"Kundenorientierung im Bereich der Wohnimmobilien\"><a name=\"Kundenorientierung-im-Bereich-der-Wohnimmobilien\"><\/a><\/span><section class=\"section image-text image-text-left red visible\">\n    <div class=\"bg section-bg fill bg-fill bg-loaded\">\n    <\/div>\n    <div class=\"section-content relative\">\n        <div class=\"row row-large align-center align-middle\">\n            <div class=\"col text-col medium-12 small-12 large-6\">\n                <div class=\"col-inner\">\n                    <h3 title=\"Kundenorientierung im Bereich der Wohnimmobilien\">Kundenorientierung im Bereich der Wohnimmobilien<\/h3>\n                    \n<p>Als Wohnimmobilienverwalter ist es unser Ziel, das Wohngl\u00fcck der Menschen und die Rendite von Investoren langfristig zu optimieren. Das gesellschaftliche Ziel besteht darin, ein angenehmes Wohn- und Arbeitsumfeld zu schaffen. Unser privates Verwaltungsportfolio besteht aus rund 5.500 Wohneinheiten und macht FRIS zu einem der gr\u00f6\u00dften unabh\u00e4ngigen Immobilienverwalter in den Niederlanden. Pers\u00f6nlich, innovativ und ergebnisorientiert: Seit \u00fcber 100 Jahren.<\/p>\n\n                    \n                <\/div>\n            <\/div>\n            <div id=\"col-2\" class=\"col medium-12 small-10 large-6 medium-col-first\">\n                <div class=\"col-inner\">\n                    <div class=\"img has-hover x md-x lg-x y md-y lg-y\" style=\"width: 100%;\">\n                        <div class=\"img-inner radius dark\">\n                            <img loading=\"lazy\" decoding=\"async\" width=\"1020\" height=\"680\" src=\"https:\/\/fris.nl\/wp-content\/uploads\/2023\/04\/stock-Vastgoed-managementDSC03742-LR-1024x683.jpg\" class=\"attachment-large size-large\" alt=\"Kundenorientierung im Bereich der Wohnimmobilien\" title=\"Kundenorientierung im Bereich der Wohnimmobilien\" srcset=\"https:\/\/fris.nl\/wp-content\/uploads\/2023\/04\/stock-Vastgoed-managementDSC03742-LR-1024x683.jpg 1024w, https:\/\/fris.nl\/wp-content\/uploads\/2023\/04\/stock-Vastgoed-managementDSC03742-LR-300x200.jpg 300w, https:\/\/fris.nl\/wp-content\/uploads\/2023\/04\/stock-Vastgoed-managementDSC03742-LR-768x512.jpg 768w, https:\/\/fris.nl\/wp-content\/uploads\/2023\/04\/stock-Vastgoed-managementDSC03742-LR-1536x1025.jpg 1536w, https:\/\/fris.nl\/wp-content\/uploads\/2023\/04\/stock-Vastgoed-managementDSC03742-LR.jpg 2010w\" sizes=\"auto, (max-width: 1020px) 100vw, 1020px\" \/>\n                        <\/div>\n                    <\/div>\n                <\/div>\n            <\/div>        \n        <\/div>\n        <div class=\"gap-element clearfix hide-for-medium\" style=\"display:block; height:auto; padding-top: 30px;\"><\/div>\n    <\/div>\n<\/section>\n<span class=\"scroll-to\" data-label=\"Scroll to: #Unsere-Dienstleistungen-im-Bereich-Wohnimmobilien\" data-bullet=\"false\" data-link=\"#Unsere-Dienstleistungen-im-Bereich-Wohnimmobilien\" data-title=\"Unsere Dienstleistungen im Bereich Wohnimmobilien\"><a name=\"Unsere-Dienstleistungen-im-Bereich-Wohnimmobilien\"><\/a><\/span><section class=\"section image-text image-text-right red visible\">\n    <div class=\"bg section-bg fill bg-fill bg-loaded\">\n    <\/div>\n    <div class=\"section-content relative\">        \n        <div class=\"row row-large align-center align-middle\">\n            <div id=\"col-2\" class=\"col medium-12 small-10 large-6 medium-col-first\">\n                <div class=\"col-inner\">\n                    <div class=\"img has-hover x md-x lg-x y md-y lg-y\" style=\"width: 100%;\">\n                        <div class=\"img-inner radius dark\">\n                            <img loading=\"lazy\" decoding=\"async\" width=\"1020\" height=\"680\" src=\"https:\/\/fris.nl\/wp-content\/uploads\/2023\/05\/DSC04030-1024x683.jpg\" class=\"attachment-large size-large\" alt=\"Unsere Dienstleistungen im Bereich Wohnimmobilien\" title=\"Unsere Dienstleistungen im Bereich Wohnimmobilien\" srcset=\"https:\/\/fris.nl\/wp-content\/uploads\/2023\/05\/DSC04030-1024x683.jpg 1024w, https:\/\/fris.nl\/wp-content\/uploads\/2023\/05\/DSC04030-300x200.jpg 300w, https:\/\/fris.nl\/wp-content\/uploads\/2023\/05\/DSC04030-768x512.jpg 768w, https:\/\/fris.nl\/wp-content\/uploads\/2023\/05\/DSC04030-1536x1024.jpg 1536w, https:\/\/fris.nl\/wp-content\/uploads\/2023\/05\/DSC04030-2048x1366.jpg 2048w\" sizes=\"auto, (max-width: 1020px) 100vw, 1020px\" \/>\n                        <\/div>\n                    <\/div>\n                <\/div>\n            <\/div> \n            <div class=\"col text-col medium-12 small-12 large-6\">\n                <div class=\"col-inner\">\n                    <h3 title=\"Unsere Dienstleistungen im Bereich Wohnimmobilien\">Unsere Dienstleistungen im Bereich Wohnimmobilien<\/h3>\n                    \n<p>Vom p\u00fcnktlichen Einzug der Mieten \u00fcber die Planung und Durchf\u00fchrung von Instandhaltungsarbeiten, die Festlegung der Mietpreise bis hin zur Vermarktung der H\u00e4user: FRIS bietet Management auf technischer, administrativer und kaufm\u00e4nnischer Ebene. Aufgrund der Breite unserer Organisation nehmen wir Ihnen die gesamte Arbeit ab. So stellen wir sicher, dass Menschen, die optimal leben, genie\u00dfen und leisten wollen, den richtigen Raum finden und Unterst\u00fctzung erhalten.<\/p>\n\n                    \n                <\/div>\n            <\/div>       \n        <\/div>\n        <div class=\"gap-element clearfix hide-for-medium\" style=\"display:block; height:auto; padding-top: 30px;\"><\/div>\n    <\/div>\n<\/section>\n<section class=\"section single-text  blue visible dark-2\">\n    <div class=\"bg section-bg fill bg-fill bg-loaded\">\n    <\/div>\n    <div class=\"section-content relative\">\n        <div class=\"gap-element clearfix hide-for-medium\" style=\"display:block; height:auto; padding-top: 50px;\"><\/div>\n        <div class=\"row row-large align-center align-middle\">\n            <div class=\"col text-col medium-12 small-12 large-9 text-center\">\n                <div class=\"col-inner\">\n                    <h2 title=\"M\u00d6CHTEN SIE MEHR \u00dcBER UNSERE WOHNIMMOBILIEN WISSEN?\" class=\"text-center\">M\u00d6CHTEN SIE MEHR \u00dcBER UNSERE WOHNIMMOBILIEN WISSEN?<\/h2>\n<a href=\"mailto:e.sijtsma@fris.nl\" target=\"_blank\" class=\"button primary\" rel=\"noopener\" >\n\t\t<span>Ja gerne<\/span>\n\t<\/a>\n\n                <\/div>\n            <\/div>     \n        <\/div>\n        <div class=\"gap-element clearfix hide-for-medium\" style=\"display:block; height:auto; padding-top: 30px;\"><\/div>\n    <\/div>\n<\/section>\n<div class=\"gap-element clearfix hide-for-medium\" style=\"display:block; height:auto; padding-top: 50px;\"><\/div>\n<span class=\"scroll-to\" data-label=\"Scroll to: #Von-geb\u00e4udeorientiert-hin-zu-kundenorientiert\" data-bullet=\"false\" data-link=\"#Von-geb\u00e4udeorientiert-hin-zu-kundenorientiert\" data-title=\"Von geb\u00e4udeorientiert hin zu kundenorientiert\"><a name=\"Von-geb\u00e4udeorientiert-hin-zu-kundenorientiert\"><\/a><\/span><section class=\"section image-text image-text-left red visible\">\n    <div class=\"bg section-bg fill bg-fill bg-loaded\">\n    <\/div>\n    <div class=\"section-content relative\">\n        <div class=\"row row-large align-center align-middle\">\n            <div class=\"col text-col medium-12 small-12 large-6\">\n                <div class=\"col-inner\">\n                    <h3 title=\"Von geb\u00e4udeorientiert hin zu kundenorientiert\">Von geb\u00e4udeorientiert hin zu kundenorientiert<\/h3>\n                    \n<p>Auch den Mietern wollen wir einen optimalen Service bieten. Wir sorgen daf\u00fcr, dass sich Mieter wirklich wie G\u00e4ste f\u00fchlen. Kurz gesagt: Wir optimieren das Wohngl\u00fcck. Das bedeutet: Pers\u00f6nlicher Service, schnelle Kommunikation und gute Instandhaltung. Und durch den Einsatz von Technologie gehen wir den Schritt vom geb\u00e4udeorientierten zum kundenorientierten Handeln. Zufriedene Mieter sorgen f\u00fcr weniger Wechsel, geringere Kosten und eine bessere Rendite Ihrer Investition.<\/p>\n\n                    \n                <\/div>\n            <\/div>\n            <div id=\"col-2\" class=\"col medium-12 small-10 large-6 medium-col-first\">\n                <div class=\"col-inner\">\n                    <div class=\"img has-hover x md-x lg-x y md-y lg-y\" style=\"width: 100%;\">\n                        <div class=\"img-inner radius dark\">\n                            <img loading=\"lazy\" decoding=\"async\" width=\"1020\" height=\"680\" src=\"https:\/\/fris.nl\/wp-content\/uploads\/2023\/04\/stock-Vastgoed-managementDSC04090-LR-1024x683.jpg\" class=\"attachment-large size-large\" alt=\"Von geb\u00e4udeorientiert hin zu kundenorientiert\" title=\"Von geb\u00e4udeorientiert hin zu kundenorientiert\" srcset=\"https:\/\/fris.nl\/wp-content\/uploads\/2023\/04\/stock-Vastgoed-managementDSC04090-LR-1024x683.jpg 1024w, https:\/\/fris.nl\/wp-content\/uploads\/2023\/04\/stock-Vastgoed-managementDSC04090-LR-300x200.jpg 300w, https:\/\/fris.nl\/wp-content\/uploads\/2023\/04\/stock-Vastgoed-managementDSC04090-LR-768x512.jpg 768w, https:\/\/fris.nl\/wp-content\/uploads\/2023\/04\/stock-Vastgoed-managementDSC04090-LR-1536x1024.jpg 1536w, https:\/\/fris.nl\/wp-content\/uploads\/2023\/04\/stock-Vastgoed-managementDSC04090-LR-2048x1366.jpg 2048w\" sizes=\"auto, (max-width: 1020px) 100vw, 1020px\" \/>\n                        <\/div>\n                    <\/div>\n                <\/div>\n            <\/div>        \n        <\/div>\n        <div class=\"gap-element clearfix hide-for-medium\" style=\"display:block; height:auto; padding-top: 30px;\"><\/div>\n    <\/div>\n<\/section>\n<section class=\"section cta-1 blue dark visible\">\n    <div class=\"bg section-bg fill bg-fill bg-loaded\" style=\"background-image: url('https:\/\/fris.nl\/wp-content\/uploads\/2023\/04\/profiel-Emiel-Sijtsma-Groot.jpg'); background-position: 0% 16% !important;\"><\/div>\n    <div class=\"section-content relative\">\n        <div class=\"row\" id=\"row-1299773279\">\n            <div class=\"col medium-12 small-12 large-12 image-col\" style=\"background-image: url('https:\/\/fris.nl\/wp-content\/uploads\/2023\/04\/profiel-Emiel-Sijtsma-Groot.jpg');\"><\/div>\n            <div class=\"col medium-12 small-12 large-4 content-col\">\n                <div class=\"col-inner\">\n                    <div id=\"gap-866866620\" class=\"gap-element clearfix\" style=\"display:block; height:auto; padding-top: 40px;\"><\/div>\n                    <h2>Emiel&nbsp;Sijtsma <span style=\"text-decoration: underline;\">immer&nbsp;<\/span> f\u00fcr sie da<\/h2>\n                    <content><\/content>\n                    \n\n                    <a href=\"mailto:e.sijtsma@fris.nl\" target=\"_blank\" class=\"button primary\" rel=\"noopener\" >\n\t\t<span>Kontakt<\/span>\n\t<\/a>\n\n                <\/div>\n            <\/div>\n        <\/div>\n    <\/div>\n<\/section>\n","protected":false},"excerpt":{"rendered":"","protected":false},"author":1,"featured_media":0,"parent":12275,"menu_order":3,"comment_status":"closed","ping_status":"closed","template":"","meta":{"_acf_changed":false,"footnotes":""},"class_list":["post-12335","page","type-page","status-publish","hentry"],"acf":[],"_links":{"self":[{"href":"https:\/\/fris.nl\/de\/wp-json\/wp\/v2\/pages\/12335","targetHints":{"allow":["GET"]}}],"collection":[{"href":"https:\/\/fris.nl\/de\/wp-json\/wp\/v2\/pages"}],"about":[{"href":"https:\/\/fris.nl\/de\/wp-json\/wp\/v2\/types\/page"}],"author":[{"embeddable":true,"href":"https:\/\/fris.nl\/de\/wp-json\/wp\/v2\/users\/1"}],"replies":[{"embeddable":true,"href":"https:\/\/fris.nl\/de\/wp-json\/wp\/v2\/comments?post=12335"}],"version-history":[{"count":3,"href":"https:\/\/fris.nl\/de\/wp-json\/wp\/v2\/pages\/12335\/revisions"}],"predecessor-version":[{"id":12338,"href":"https:\/\/fris.nl\/de\/wp-json\/wp\/v2\/pages\/12335\/revisions\/12338"}],"up":[{"embeddable":true,"href":"https:\/\/fris.nl\/de\/wp-json\/wp\/v2\/pages\/12275"}],"wp:attachment":[{"href":"https:\/\/fris.nl\/de\/wp-json\/wp\/v2\/media?parent=12335"}],"curies":[{"name":"wp","href":"https:\/\/api.w.org\/{rel}","templated":true}]}}