{"id":12329,"date":"2023-04-20T10:18:23","date_gmt":"2023-04-20T08:18:23","guid":{"rendered":"https:\/\/fris.nl\/?page_id=12329"},"modified":"2024-07-08T15:23:56","modified_gmt":"2024-07-08T13:23:56","slug":"gewerbliche-immobilien","status":"publish","type":"page","link":"https:\/\/fris.nl\/de\/immobilienverwaltung\/gewerbliche-immobilien\/","title":{"rendered":"Gewerbliche Immobilien"},"content":{"rendered":"<section class=\"section half-hero red dark visible\">\n    <div class=\"bg section-bg fill bg-fill bg-loaded\" style=\"background-image: url('https:\/\/fris.nl\/wp-content\/uploads\/2023\/04\/stock_investment_care-DSC09194-LR.jpg'); background-position: 0% 9% !important;\"><\/div>\n    <div class=\"section-content relative\">\n        <div class=\"row\" id=\"row-1299773279\">\n            <div class=\"col medium-12 small-12 large-12 image-col\" style=\"background-image: url('https:\/\/fris.nl\/wp-content\/uploads\/2023\/04\/stock_investment_care-DSC09194-LR.jpg');\"><\/div>\n            \n\t<div id=\"col-1106619152\" class=\"col contentarea medium-12 small-12 large-4\"  data-animate=\"fadeInUp\">\n\t\t\t\t<div class=\"col-inner\"  >\n\t\t\t\n\t\t\t\n                <div class=\"col-inner\">\n                    <div id=\"gap-866866620\" class=\"gap-element clearfix\" style=\"display:block; height:auto; padding-top: 40px;\"><\/div>\n                    <h1>Gewerbliche <span style=\"text-decoration: underline;\">Immobilien<\/span><\/h1>\n                    <content><\/content>\n                    \n\n                    <ul class=\"jumptoitems\"><\/ul>\n                <\/div>\n            \t\t<\/div>\n\t\t\t\t\t<\/div>\n\n\t\n        <\/div>\n    <\/div>\n<\/section>\n<div class=\"gap-element clearfix hide-for-medium\" style=\"display:block; height:auto; padding-top: 50px;\"><\/div>\n<span class=\"scroll-to\" data-label=\"Scroll to: #Kundenorientierter-Ansatz-in-der-gewerblichen-Immobilienverwaltung\" data-bullet=\"false\" data-link=\"#Kundenorientierter-Ansatz-in-der-gewerblichen-Immobilienverwaltung\" data-title=\"Kundenorientierter Ansatz in der gewerblichen Immobilienverwaltung\"><a name=\"Kundenorientierter-Ansatz-in-der-gewerblichen-Immobilienverwaltung\"><\/a><\/span><section class=\"section image-text image-text-right red visible\">\n    <div class=\"bg section-bg fill bg-fill bg-loaded\">\n    <\/div>\n    <div class=\"section-content relative\">        \n        <div class=\"row row-large align-center align-middle\">\n            <div id=\"col-2\" class=\"col medium-12 small-10 large-6 medium-col-first\">\n                <div class=\"col-inner\">\n                    <div class=\"img has-hover x md-x lg-x y md-y lg-y\" style=\"width: 100%;\">\n                        <div class=\"img-inner radius dark\">\n                            <img loading=\"lazy\" decoding=\"async\" width=\"1020\" height=\"680\" src=\"https:\/\/fris.nl\/wp-content\/uploads\/2023\/07\/Eileen-Aikkir-Comm-Vastg-1024x683.png\" class=\"attachment-large size-large\" alt=\"Kundenorientierter Ansatz in der gewerblichen Immobilienverwaltung\" title=\"Kundenorientierter Ansatz in der gewerblichen Immobilienverwaltung\" srcset=\"https:\/\/fris.nl\/wp-content\/uploads\/2023\/07\/Eileen-Aikkir-Comm-Vastg-1024x683.png 1024w, https:\/\/fris.nl\/wp-content\/uploads\/2023\/07\/Eileen-Aikkir-Comm-Vastg-300x200.png 300w, https:\/\/fris.nl\/wp-content\/uploads\/2023\/07\/Eileen-Aikkir-Comm-Vastg-768x512.png 768w, https:\/\/fris.nl\/wp-content\/uploads\/2023\/07\/Eileen-Aikkir-Comm-Vastg.png 1280w\" sizes=\"auto, (max-width: 1020px) 100vw, 1020px\" \/>\n                        <\/div>\n                    <\/div>\n                <\/div>\n            <\/div> \n            <div class=\"col text-col medium-12 small-12 large-6\">\n                <div class=\"col-inner\">\n                    <h3 title=\"Kundenorientierter Ansatz in der gewerblichen Immobilienverwaltung\">Kundenorientierter Ansatz in der gewerblichen Immobilienverwaltung<\/h3>\n                    \n<p>Daf\u00fcr steht unser Familienunternehmen seit \u00fcber 100 Jahren: Ein besonders kundenorientierter Ansatz in der gewerblichen Immobilienverwaltung. Das bedeutet: Pers\u00f6nlicher Service, schnelle Kommunikation und gute Instandhaltung. Dadurch k\u00f6nnen wir nahtlos auf die Bed\u00fcrfnisse unserer Kunden eingehen. Wir tun dies haupts\u00e4chlich f\u00fcr institutionelle Anleger, Fonds, Unternehmen, Banken, professionelle Immobilieninvestoren und verm\u00f6gende Privatpersonen.<\/p>\n\n                    \n                <\/div>\n            <\/div>       \n        <\/div>\n        <div class=\"gap-element clearfix hide-for-medium\" style=\"display:block; height:auto; padding-top: 30px;\"><\/div>\n    <\/div>\n<\/section>\n<section class=\"section focus-section red visible light-2\">\n    <div class=\"bg section-bg fill bg-fill bg-loaded\">\n    <\/div>\n    <div class=\"section-content relative\">\n        <div class=\"gap-element clearfix\" style=\"display:block; height:auto; padding-top: 80px;\"><\/div>\n        <div class=\"row align-center\">\n            <div class=\"col medium-10 small-12 large-10\">\n                <div class=\"col-inner\">\n                    <div class=\"text\" style=\"text-align: center;\">\n                        <h2> WAS KANN FRIS IHNEN AUS DER HAND NEHMEN?<\/h2>\n                    <\/div>\n                <\/div>\n            <\/div>\n        <\/div>\n        <div class=\"gap-element clearfix\" style=\"display:block; height:auto; padding-top: 30px;\"><\/div>\n        <div class=\"row align-left focus-items\" id=\"row-920137982\">\n            <content><\/content>\n            \n<div class=\"col medium-6 small-12 large-3  visible {{ shortcode.options.visibility }}\">\n    <div class=\"col-inner\">\n        <div class=\"text\">\n            \n            <h3> Verwaltung<\/h3>\n            \n<p>Mietzahlungen einziehen<br \/>Rechnungen verarbeiten<br \/>Kundenzufriedenheitsuntersuchung<\/p>\n<p>\u00a0<\/p>\n\n            \n        <\/div>\n\n    <\/div>\n<\/div>\n<div class=\"col medium-6 small-12 large-3  visible {{ shortcode.options.visibility }}\">\n    <div class=\"col-inner\">\n        <div class=\"text\">\n            \n            <h3> Technik<\/h3>\n            \n<p>T\u00e4gliche &amp; planm\u00e4\u00dfige Instandhaltung<br \/>Qualit\u00e4tskontrollen<br \/>Beratung und Berichterstattung zu baulichen \u00c4nderungen<br \/>Feste Ansprechpartner f\u00fcr Mieter &amp; Kunden<\/p>\n<p>\u00a0<\/p>\n\n            \n        <\/div>\n\n    <\/div>\n<\/div>\n<div class=\"col medium-6 small-12 large-3  visible {{ shortcode.options.visibility }}\">\n    <div class=\"col-inner\">\n        <div class=\"text\">\n            \n            <h3> Gewerblich<\/h3>\n            \n<p>Mietpreise festlegen<br \/>F\u00f6rderung und Vermarktung von Mietobjekten und Gewerbeimmobilien<br \/>Allgemeine und Einkommenspr\u00fcfung aktueller und neuer Mieter<br \/>Zielgruppenanalysen<\/p>\n<p>\u00a0<\/p>\n\n            \n        <\/div>\n\n    <\/div>\n<\/div>\n<div class=\"col medium-6 small-12 large-3  visible {{ shortcode.options.visibility }}\">\n    <div class=\"col-inner\">\n        <div class=\"text\">\n            \n            <h3> Gemeinschaftspflege<\/h3>\n            \n<p>Ratschl\u00e4ge zum Aufbau einer Gemeinschaft<br \/>Entlastende Dienstleistungen f\u00fcr Mieter<\/p>\n\n            \n        <\/div>\n\n    <\/div>\n<\/div>\n\n        <\/div>\n        <div class=\"gap-element clearfix\" style=\"display:block; height:auto; padding-top: 50px;\"><\/div>\n    <\/div>\n<\/section>\n<div class=\"gap-element clearfix hide-for-medium\" style=\"display:block; height:auto; padding-top: 50px;\"><\/div>\n<span class=\"scroll-to\" data-label=\"Scroll to: #Kostenbewusstes-Immobilienmanagement\" data-bullet=\"false\" data-link=\"#Kostenbewusstes-Immobilienmanagement\" data-title=\"Kostenbewusstes Immobilienmanagement\"><a name=\"Kostenbewusstes-Immobilienmanagement\"><\/a><\/span><section class=\"section image-text image-text-left red visible\">\n    <div class=\"bg section-bg fill bg-fill bg-loaded\">\n    <\/div>\n    <div class=\"section-content relative\">\n        <div class=\"row row-large align-center align-middle\">\n            <div class=\"col text-col medium-12 small-12 large-6\">\n                <div class=\"col-inner\">\n                    <h3 title=\"Kostenbewusstes Immobilienmanagement\">Kostenbewusstes Immobilienmanagement<\/h3>\n                    \n<p>Mit unserem Team aus erfahrenen Spezialisten sorgen wir f\u00fcr eine kostenbewusste Gewerbeimmobilienverwaltung. Diese Transparenz spiegelt sich nicht nur in der pers\u00f6nlichen Kommunikation wider, sondern auch in unseren Berichten. Dank einer straffen Organisation, Robotisierung und Automatisierung wissen Sie, woran Sie sind. Rund um die Uhr, immer und \u00fcberall So bewegen wir uns von der Geb\u00e4udeorientierung zur Kundenorientierung.<\/p>\n\n                    \n                <\/div>\n            <\/div>\n            <div id=\"col-2\" class=\"col medium-12 small-10 large-6 medium-col-first\">\n                <div class=\"col-inner\">\n                    <div class=\"img has-hover x md-x lg-x y md-y lg-y\" style=\"width: 100%;\">\n                        <div class=\"img-inner radius dark\">\n                            <img loading=\"lazy\" decoding=\"async\" width=\"1020\" height=\"680\" src=\"https:\/\/fris.nl\/wp-content\/uploads\/2023\/07\/Fransisca-Comm-Vastg-1024x683.png\" class=\"attachment-large size-large\" alt=\"Kostenbewusstes Immobilienmanagement\" title=\"Kostenbewusstes Immobilienmanagement\" srcset=\"https:\/\/fris.nl\/wp-content\/uploads\/2023\/07\/Fransisca-Comm-Vastg-1024x683.png 1024w, https:\/\/fris.nl\/wp-content\/uploads\/2023\/07\/Fransisca-Comm-Vastg-300x200.png 300w, https:\/\/fris.nl\/wp-content\/uploads\/2023\/07\/Fransisca-Comm-Vastg-768x512.png 768w, https:\/\/fris.nl\/wp-content\/uploads\/2023\/07\/Fransisca-Comm-Vastg.png 1280w\" sizes=\"auto, (max-width: 1020px) 100vw, 1020px\" \/>\n                        <\/div>\n                    <\/div>\n                <\/div>\n            <\/div>        \n        <\/div>\n        <div class=\"gap-element clearfix hide-for-medium\" style=\"display:block; height:auto; padding-top: 30px;\"><\/div>\n    <\/div>\n<\/section>\n<section class=\"section single-text  blue visible\">\n    <div class=\"bg section-bg fill bg-fill bg-loaded\">\n    <\/div>\n    <div class=\"section-content relative\">\n        <div class=\"gap-element clearfix hide-for-medium\" style=\"display:block; height:auto; padding-top: 50px;\"><\/div>\n        <div class=\"row row-large align-center align-middle\">\n            <div class=\"col text-col medium-12 small-12 large-9 text-center\">\n                <div class=\"col-inner\">\n                    <h2 title=\"M\u00d6CHTEN SIE MEHR \u00dcBER UNSERE GEWERBLICHEN IMMOBILIEN WISSEN?\" class=\"text-center\">M\u00d6CHTEN SIE MEHR \u00dcBER UNSERE GEWERBLICHEN IMMOBILIEN WISSEN?<\/h2>\n<a href=\"mailto:m.poelmann@fris.nl\" target=\"_blank\" class=\"button primary\" rel=\"noopener\" >\n\t\t<span>Ja gerne<\/span>\n\t<\/a>\n\n                <\/div>\n            <\/div>     \n        <\/div>\n        <div class=\"gap-element clearfix hide-for-medium\" style=\"display:block; height:auto; padding-top: 30px;\"><\/div>\n    <\/div>\n<\/section>\n<div class=\"gap-element clearfix hide-for-medium\" style=\"display:block; height:auto; padding-top: 50px;\"><\/div>\n<section class=\"section cta-1 blue dark visible\">\n    <div class=\"bg section-bg fill bg-fill bg-loaded\" style=\"background-image: url('https:\/\/fris.nl\/wp-content\/uploads\/2023\/07\/Marc-Poelmann-Comm-Vastg.png'); background-position: 0% 23% !important;\"><\/div>\n    <div class=\"section-content relative\">\n        <div class=\"row\" id=\"row-1299773279\">\n            <div class=\"col medium-12 small-12 large-12 image-col\" style=\"background-image: url('https:\/\/fris.nl\/wp-content\/uploads\/2023\/07\/Marc-Poelmann-Comm-Vastg.png');\"><\/div>\n            <div class=\"col medium-12 small-12 large-4 content-col\">\n                <div class=\"col-inner\">\n                    <div id=\"gap-866866620\" class=\"gap-element clearfix\" style=\"display:block; height:auto; padding-top: 40px;\"><\/div>\n                    <h2>Marc&nbsp;Poelmann <span style=\"text-decoration: underline;\">immer&nbsp;f\u00fcr&nbsp;sie&nbsp;da<\/span><\/h2>\n                    <content><\/content>\n                    \n\n                    <a href=\"mailto:m.poelmann@fris.nl\" target=\"_blank\" class=\"button primary\" rel=\"noopener\" >\n\t\t<span>kontakt<\/span>\n\t<\/a>\n\n                <\/div>\n            <\/div>\n        <\/div>\n    <\/div>\n<\/section>\n","protected":false},"excerpt":{"rendered":"","protected":false},"author":1,"featured_media":0,"parent":12275,"menu_order":4,"comment_status":"closed","ping_status":"closed","template":"","meta":{"_acf_changed":false,"footnotes":""},"class_list":["post-12329","page","type-page","status-publish","hentry"],"acf":[],"yoast_head":"<!-- This site is optimized with the Yoast SEO plugin v27.4 - https:\/\/yoast.com\/product\/yoast-seo-wordpress\/ -->\n<title>Gewerbliche Immobilien - Fris Real People<\/title>\n<meta name=\"robots\" content=\"index, follow, max-snippet:-1, max-image-preview:large, max-video-preview:-1\" \/>\n<link rel=\"canonical\" href=\"https:\/\/fris.nl\/de\/immobilienverwaltung\/gewerbliche-immobilien\/\" \/>\n<meta property=\"og:locale\" content=\"de_DE\" \/>\n<meta property=\"og:type\" content=\"article\" \/>\n<meta property=\"og:title\" content=\"Gewerbliche Immobilien - Fris Real People\" \/>\n<meta property=\"og:url\" content=\"https:\/\/fris.nl\/de\/immobilienverwaltung\/gewerbliche-immobilien\/\" \/>\n<meta property=\"og:site_name\" content=\"Fris Real People\" \/>\n<meta property=\"article:publisher\" content=\"https:\/\/www.facebook.com\/FrisMakelaarsAmsterdam\" \/>\n<meta property=\"article:modified_time\" content=\"2024-07-08T13:23:56+00:00\" \/>\n<meta name=\"twitter:card\" content=\"summary_large_image\" \/>\n<meta name=\"twitter:site\" content=\"@FRISRealPeople\" \/>\n<script type=\"application\/ld+json\" class=\"yoast-schema-graph\">{\"@context\":\"https:\\\/\\\/schema.org\",\"@graph\":[{\"@type\":\"WebPage\",\"@id\":\"https:\\\/\\\/fris.nl\\\/de\\\/immobilienverwaltung\\\/gewerbliche-immobilien\\\/\",\"url\":\"https:\\\/\\\/fris.nl\\\/de\\\/immobilienverwaltung\\\/gewerbliche-immobilien\\\/\",\"name\":\"Gewerbliche Immobilien - Fris Real People\",\"isPartOf\":{\"@id\":\"https:\\\/\\\/fris.nl\\\/de\\\/#website\"},\"datePublished\":\"2023-04-20T08:18:23+00:00\",\"dateModified\":\"2024-07-08T13:23:56+00:00\",\"breadcrumb\":{\"@id\":\"https:\\\/\\\/fris.nl\\\/de\\\/immobilienverwaltung\\\/gewerbliche-immobilien\\\/#breadcrumb\"},\"inLanguage\":\"de\",\"potentialAction\":[{\"@type\":\"ReadAction\",\"target\":[\"https:\\\/\\\/fris.nl\\\/de\\\/immobilienverwaltung\\\/gewerbliche-immobilien\\\/\"]}]},{\"@type\":\"BreadcrumbList\",\"@id\":\"https:\\\/\\\/fris.nl\\\/de\\\/immobilienverwaltung\\\/gewerbliche-immobilien\\\/#breadcrumb\",\"itemListElement\":[{\"@type\":\"ListItem\",\"position\":1,\"name\":\"Home\",\"item\":\"https:\\\/\\\/fris.nl\\\/de\\\/\"},{\"@type\":\"ListItem\",\"position\":2,\"name\":\"Immobilienverwaltung\",\"item\":\"https:\\\/\\\/fris.nl\\\/de\\\/immobilienverwaltung\\\/\"},{\"@type\":\"ListItem\",\"position\":3,\"name\":\"Gewerbliche Immobilien\"}]},{\"@type\":\"WebSite\",\"@id\":\"https:\\\/\\\/fris.nl\\\/de\\\/#website\",\"url\":\"https:\\\/\\\/fris.nl\\\/de\\\/\",\"name\":\"Fris Real People\",\"description\":\"\",\"potentialAction\":[{\"@type\":\"SearchAction\",\"target\":{\"@type\":\"EntryPoint\",\"urlTemplate\":\"https:\\\/\\\/fris.nl\\\/de\\\/?s={search_term_string}\"},\"query-input\":{\"@type\":\"PropertyValueSpecification\",\"valueRequired\":true,\"valueName\":\"search_term_string\"}}],\"inLanguage\":\"de\"}]}<\/script>\n<!-- \/ Yoast SEO plugin. -->","yoast_head_json":{"title":"Gewerbliche Immobilien - Fris Real People","robots":{"index":"index","follow":"follow","max-snippet":"max-snippet:-1","max-image-preview":"max-image-preview:large","max-video-preview":"max-video-preview:-1"},"canonical":"https:\/\/fris.nl\/de\/immobilienverwaltung\/gewerbliche-immobilien\/","og_locale":"de_DE","og_type":"article","og_title":"Gewerbliche Immobilien - Fris Real People","og_url":"https:\/\/fris.nl\/de\/immobilienverwaltung\/gewerbliche-immobilien\/","og_site_name":"Fris Real People","article_publisher":"https:\/\/www.facebook.com\/FrisMakelaarsAmsterdam","article_modified_time":"2024-07-08T13:23:56+00:00","twitter_card":"summary_large_image","twitter_site":"@FRISRealPeople","schema":{"@context":"https:\/\/schema.org","@graph":[{"@type":"WebPage","@id":"https:\/\/fris.nl\/de\/immobilienverwaltung\/gewerbliche-immobilien\/","url":"https:\/\/fris.nl\/de\/immobilienverwaltung\/gewerbliche-immobilien\/","name":"Gewerbliche Immobilien - Fris Real People","isPartOf":{"@id":"https:\/\/fris.nl\/de\/#website"},"datePublished":"2023-04-20T08:18:23+00:00","dateModified":"2024-07-08T13:23:56+00:00","breadcrumb":{"@id":"https:\/\/fris.nl\/de\/immobilienverwaltung\/gewerbliche-immobilien\/#breadcrumb"},"inLanguage":"de","potentialAction":[{"@type":"ReadAction","target":["https:\/\/fris.nl\/de\/immobilienverwaltung\/gewerbliche-immobilien\/"]}]},{"@type":"BreadcrumbList","@id":"https:\/\/fris.nl\/de\/immobilienverwaltung\/gewerbliche-immobilien\/#breadcrumb","itemListElement":[{"@type":"ListItem","position":1,"name":"Home","item":"https:\/\/fris.nl\/de\/"},{"@type":"ListItem","position":2,"name":"Immobilienverwaltung","item":"https:\/\/fris.nl\/de\/immobilienverwaltung\/"},{"@type":"ListItem","position":3,"name":"Gewerbliche Immobilien"}]},{"@type":"WebSite","@id":"https:\/\/fris.nl\/de\/#website","url":"https:\/\/fris.nl\/de\/","name":"Fris Real People","description":"","potentialAction":[{"@type":"SearchAction","target":{"@type":"EntryPoint","urlTemplate":"https:\/\/fris.nl\/de\/?s={search_term_string}"},"query-input":{"@type":"PropertyValueSpecification","valueRequired":true,"valueName":"search_term_string"}}],"inLanguage":"de"}]}},"_links":{"self":[{"href":"https:\/\/fris.nl\/de\/wp-json\/wp\/v2\/pages\/12329","targetHints":{"allow":["GET"]}}],"collection":[{"href":"https:\/\/fris.nl\/de\/wp-json\/wp\/v2\/pages"}],"about":[{"href":"https:\/\/fris.nl\/de\/wp-json\/wp\/v2\/types\/page"}],"author":[{"embeddable":true,"href":"https:\/\/fris.nl\/de\/wp-json\/wp\/v2\/users\/1"}],"replies":[{"embeddable":true,"href":"https:\/\/fris.nl\/de\/wp-json\/wp\/v2\/comments?post=12329"}],"version-history":[{"count":6,"href":"https:\/\/fris.nl\/de\/wp-json\/wp\/v2\/pages\/12329\/revisions"}],"predecessor-version":[{"id":14045,"href":"https:\/\/fris.nl\/de\/wp-json\/wp\/v2\/pages\/12329\/revisions\/14045"}],"up":[{"embeddable":true,"href":"https:\/\/fris.nl\/de\/wp-json\/wp\/v2\/pages\/12275"}],"wp:attachment":[{"href":"https:\/\/fris.nl\/de\/wp-json\/wp\/v2\/media?parent=12329"}],"curies":[{"name":"wp","href":"https:\/\/api.w.org\/{rel}","templated":true}]}}