{"id":12286,"date":"2023-05-03T11:08:33","date_gmt":"2023-05-03T09:08:33","guid":{"rendered":"https:\/\/fris.nl\/?page_id=12286"},"modified":"2024-11-04T14:41:14","modified_gmt":"2024-11-04T13:41:14","slug":"wohnung","status":"publish","type":"page","link":"https:\/\/fris.nl\/de\/wohnung\/","title":{"rendered":"Wohnung"},"content":{"rendered":"<section class=\"section half-hero darkblue dark visible\">\n    <div class=\"bg section-bg fill bg-fill bg-loaded\" style=\"background-image: url('https:\/\/fris.nl\/wp-content\/uploads\/2023\/04\/stock-Woning-makelaarsDSC02197.jpg'); background-position: 47% 21% !important;\"><\/div>\n    <div class=\"section-content relative\">\n        <div class=\"row\" id=\"row-1299773279\">\n            <div class=\"col medium-12 small-12 large-12 image-col\" style=\"background-image: url('https:\/\/fris.nl\/wp-content\/uploads\/2023\/04\/stock-Woning-makelaarsDSC02197.jpg');\"><\/div>\n            \n\t<div id=\"col-1005851118\" class=\"col contentarea medium-12 small-12 large-4\"  data-animate=\"fadeInUp\">\n\t\t\t\t<div class=\"col-inner\"  >\n\t\t\t\n\t\t\t\n                <div class=\"col-inner\">\n                    <div id=\"gap-866866620\" class=\"gap-element clearfix\" style=\"display:block; height:auto; padding-top: 40px;\"><\/div>\n                    <h1>Mein <span style=\"text-decoration: underline;\">Haus\/Meine<\/span> Wohnung<\/h1>\n                    <content><\/content>\n                    \n\n                    <ul class=\"jumptoitems\"><\/ul>\n                <\/div>\n            \t\t<\/div>\n\t\t\t\t\t<\/div>\n\n\t\n        <\/div>\n    <\/div>\n<\/section>\n<div class=\"gap-element clearfix hide-for-medium\" style=\"display:block; height:auto; padding-top: 50px;\"><\/div>\n<span class=\"scroll-to\" data-label=\"Scroll to: #Finden-eines-geeigneten-Eigenheims\" data-bullet=\"false\" data-link=\"#Finden-eines-geeigneten-Eigenheims\" data-title=\"Finden eines geeigneten Eigenheims\"><a name=\"Finden-eines-geeigneten-Eigenheims\"><\/a><\/span><section class=\"section image-text image-text-right red visible\">\n    <div class=\"bg section-bg fill bg-fill bg-loaded\">\n    <\/div>\n    <div class=\"section-content relative\">        \n        <div class=\"row row-large align-center align-middle\">\n            <div id=\"col-2\" class=\"col medium-12 small-10 large-6 medium-col-first\">\n                <div class=\"col-inner\">\n                    <div class=\"img has-hover x md-x lg-x y md-y lg-y\" style=\"width: 100%;\">\n                        <div class=\"img-inner radius dark\">\n                            <img loading=\"lazy\" decoding=\"async\" width=\"1020\" height=\"680\" src=\"https:\/\/fris.nl\/wp-content\/uploads\/2023\/04\/profiel-Kasper-Goris-Groot-1024x683.jpg\" class=\"attachment-large size-large\" alt=\"Finden eines geeigneten Eigenheims\" title=\"Finden eines geeigneten Eigenheims\" srcset=\"https:\/\/fris.nl\/wp-content\/uploads\/2023\/04\/profiel-Kasper-Goris-Groot-1024x683.jpg 1024w, https:\/\/fris.nl\/wp-content\/uploads\/2023\/04\/profiel-Kasper-Goris-Groot-300x200.jpg 300w, https:\/\/fris.nl\/wp-content\/uploads\/2023\/04\/profiel-Kasper-Goris-Groot-768x512.jpg 768w, https:\/\/fris.nl\/wp-content\/uploads\/2023\/04\/profiel-Kasper-Goris-Groot.jpg 1280w\" sizes=\"auto, (max-width: 1020px) 100vw, 1020px\" \/>\n                        <\/div>\n                    <\/div>\n                <\/div>\n            <\/div> \n            <div class=\"col text-col medium-12 small-12 large-6\">\n                <div class=\"col-inner\">\n                    <h3 title=\"Finden eines geeigneten Eigenheims\">Finden eines geeigneten Eigenheims<\/h3>\n                    \n<p>Suchen Sie einen Immobilienmakler in Amsterdam oder Zaandam? Wenden Sie sich gerne an unsere Mitarbeiter. Pers\u00f6nlicher Kontakt mit echten Menschen, die Sie beim Verkauf oder Kauf Ihres Hauses unterst\u00fctzen. Bereits seit 100 Jahren begleiten wir Menschen an einen neuen Ort. Das ist ein gro\u00dfer Wissens- und Erfahrungsschatz, auf den Sie aufbauen k\u00f6nnen.<\/p>\n<p>M\u00f6chten Sie ein Haus in Amsterdam, Zaandam oder Umgebung kaufen? Dann ist ein Makler f\u00fcr den Hauskauf von FRIS eine gute Idee. Das bedeutet, dass Sie fr\u00fcher \u00fcber die neuesten Angebote informiert werden. Immobilienmakler tauschen das Wohnungsangebot untereinander aus, bevor es auf den Markt kommt. Dadurch erh\u00f6hen sich die Besichtigungs- und Kaufchancen deutlich.<\/p>\n\n                    <a href=\"https:\/\/www.friswonen.nl\/\" class=\"button primary\" >\n\t\t<span>SEHEN SIE SICH UNSER ANGEBOT AN<\/span>\n\t<\/a>\n\n                <\/div>\n            <\/div>       \n        <\/div>\n        <div class=\"gap-element clearfix hide-for-medium\" style=\"display:block; height:auto; padding-top: 30px;\"><\/div>\n    <\/div>\n<\/section>\n<span class=\"scroll-to\" data-label=\"Scroll to: #Verkauf-Ihres-Hauses\/Ihrer-Wohnung\" data-bullet=\"false\" data-link=\"#Verkauf-Ihres-Hauses\/Ihrer-Wohnung\" data-title=\"Verkauf Ihres Hauses\/Ihrer Wohnung\"><a name=\"Verkauf-Ihres-Hauses\/Ihrer-Wohnung\"><\/a><\/span><section class=\"section image-text image-text-left red visible\">\n    <div class=\"bg section-bg fill bg-fill bg-loaded\">\n    <\/div>\n    <div class=\"section-content relative\">\n        <div class=\"row row-large align-center align-middle\">\n            <div class=\"col text-col medium-12 small-12 large-6\">\n                <div class=\"col-inner\">\n                    <h3 title=\"Verkauf Ihres Hauses\/Ihrer Wohnung\">Verkauf Ihres Hauses\/Ihrer Wohnung<\/h3>\n                    \n<p>Sie haben sich entschieden, Ihr Haus zu verkaufen? Eine spannende Zeit, in der Ihnen unsere erfahrenen Immobilienmakler gerne weiterhelfen. Wir tun dies mit offenem Ohr und einer erfolgreichen Vertriebsstrategie. Da wir wissen, wie wichtig dieser Schritt in Ihrem Leben ist, tun wir alles, um diesen Prozess erfolgreich verlaufen zu lassen.<\/p>\n\n                    <a href=\"https:\/\/www.friswonen.nl\/huis-verkopen\/\" class=\"button primary\" >\n\t\t<span>HAUS VERKAUFEN<\/span>\n\t<\/a>\n\n                <\/div>\n            <\/div>\n            <div id=\"col-2\" class=\"col medium-12 small-10 large-6 medium-col-first\">\n                <div class=\"col-inner\">\n                    <div class=\"img has-hover x md-x lg-x y md-y lg-y\" style=\"width: 100%;\">\n                        <div class=\"img-inner radius dark\">\n                            <img loading=\"lazy\" decoding=\"async\" width=\"1020\" height=\"680\" src=\"https:\/\/fris.nl\/wp-content\/uploads\/2023\/04\/stock_fris_woning_zaandam-_J9A2174-scaled-1024x683.jpg\" class=\"attachment-large size-large\" alt=\"Verkauf Ihres Hauses\/Ihrer Wohnung\" title=\"Verkauf Ihres Hauses\/Ihrer Wohnung\" srcset=\"https:\/\/fris.nl\/wp-content\/uploads\/2023\/04\/stock_fris_woning_zaandam-_J9A2174-scaled-1024x683.jpg 1024w, https:\/\/fris.nl\/wp-content\/uploads\/2023\/04\/stock_fris_woning_zaandam-_J9A2174-scaled-300x200.jpg 300w, https:\/\/fris.nl\/wp-content\/uploads\/2023\/04\/stock_fris_woning_zaandam-_J9A2174-scaled-768x512.jpg 768w, https:\/\/fris.nl\/wp-content\/uploads\/2023\/04\/stock_fris_woning_zaandam-_J9A2174-scaled-1536x1024.jpg 1536w, https:\/\/fris.nl\/wp-content\/uploads\/2023\/04\/stock_fris_woning_zaandam-_J9A2174-scaled-2048x1366.jpg 2048w\" sizes=\"auto, (max-width: 1020px) 100vw, 1020px\" \/>\n                        <\/div>\n                    <\/div>\n                <\/div>\n            <\/div>        \n        <\/div>\n        <div class=\"gap-element clearfix hide-for-medium\" style=\"display:block; height:auto; padding-top: 30px;\"><\/div>\n    <\/div>\n<\/section>\n<span class=\"scroll-to\" data-label=\"Scroll to: #Finden-einer-geeigneten-Mietwohnung\" data-bullet=\"false\" data-link=\"#Finden-einer-geeigneten-Mietwohnung\" data-title=\"Finden einer geeigneten Mietwohnung\"><a name=\"Finden-einer-geeigneten-Mietwohnung\"><\/a><\/span><section class=\"section image-text image-text-right red visible\">\n    <div class=\"bg section-bg fill bg-fill bg-loaded\">\n    <\/div>\n    <div class=\"section-content relative\">        \n        <div class=\"row row-large align-center align-middle\">\n            <div id=\"col-2\" class=\"col medium-12 small-10 large-6 medium-col-first\">\n                <div class=\"col-inner\">\n                    <div class=\"img has-hover x md-x lg-x y md-y lg-y\" style=\"width: 100%;\">\n                        <div class=\"img-inner radius dark\">\n                            <img loading=\"lazy\" decoding=\"async\" width=\"1020\" height=\"680\" src=\"https:\/\/fris.nl\/wp-content\/uploads\/2023\/04\/STOCK_fris_woning_ams_Patricia-Goodett-1-scaled-1024x683.jpg\" class=\"attachment-large size-large\" alt=\"Finden einer geeigneten Mietwohnung\" title=\"Finden einer geeigneten Mietwohnung\" srcset=\"https:\/\/fris.nl\/wp-content\/uploads\/2023\/04\/STOCK_fris_woning_ams_Patricia-Goodett-1-scaled-1024x683.jpg 1024w, https:\/\/fris.nl\/wp-content\/uploads\/2023\/04\/STOCK_fris_woning_ams_Patricia-Goodett-1-scaled-300x200.jpg 300w, https:\/\/fris.nl\/wp-content\/uploads\/2023\/04\/STOCK_fris_woning_ams_Patricia-Goodett-1-scaled-768x512.jpg 768w, https:\/\/fris.nl\/wp-content\/uploads\/2023\/04\/STOCK_fris_woning_ams_Patricia-Goodett-1-scaled-1536x1025.jpg 1536w, https:\/\/fris.nl\/wp-content\/uploads\/2023\/04\/STOCK_fris_woning_ams_Patricia-Goodett-1-scaled-2048x1366.jpg 2048w\" sizes=\"auto, (max-width: 1020px) 100vw, 1020px\" \/>\n                        <\/div>\n                    <\/div>\n                <\/div>\n            <\/div> \n            <div class=\"col text-col medium-12 small-12 large-6\">\n                <div class=\"col-inner\">\n                    <h3 title=\"Finden einer geeigneten Mietwohnung\">Finden einer geeigneten Mietwohnung<\/h3>\n                    \n<p>M\u00f6chten Sie ein Haus in Amsterdam, Zaandam oder Umgebung mieten? Dann ist ein Makler f\u00fcr den Mietsektor von FRIS eine gute Idee. Unsere Vermietungsmakler sind Spezialisten in der Metropolregion Amsterdam. Sie helfen Ihnen mit Fachwissen und einer pers\u00f6nlichen Herangehensweise. Dadurch erh\u00f6hen sich die Chancen auf Besichtigungstermine und einen sorgenfreien Prozess deutlich.<\/p>\n\n                    <a href=\"\/de\/volledige-woningaanbod\/\" class=\"button primary\" >\n\t\t<span>SEHEN SIE SICH UNSER MIETANGEBOT AN<\/span>\n\t<\/a>\n\n                <\/div>\n            <\/div>       \n        <\/div>\n        <div class=\"gap-element clearfix hide-for-medium\" style=\"display:block; height:auto; padding-top: 30px;\"><\/div>\n    <\/div>\n<\/section>\n<span class=\"scroll-to\" data-label=\"Scroll to: #Unser-Service-als-Makler-f\u00fcr-Vermietungen\" data-bullet=\"false\" data-link=\"#Unser-Service-als-Makler-f\u00fcr-Vermietungen\" data-title=\"Unser Service als Makler f\u00fcr Vermietungen\"><a name=\"Unser-Service-als-Makler-f\u00fcr-Vermietungen\"><\/a><\/span><section class=\"section image-text image-text-left red visible\">\n    <div class=\"bg section-bg fill bg-fill bg-loaded\">\n    <\/div>\n    <div class=\"section-content relative\">\n        <div class=\"row row-large align-center align-middle\">\n            <div class=\"col text-col medium-12 small-12 large-6\">\n                <div class=\"col-inner\">\n                    <h3 title=\"Unser Service als Makler f\u00fcr Vermietungen\">Unser Service als Makler f\u00fcr Vermietungen<\/h3>\n                    \n<p>Ein Haus zu mieten ist in den wenigsten F\u00e4llen einfach. Mit \u00fcber 100 Jahren Erfahrung wei\u00df FRIS dies wie kein anderer. Unsere engagierten Vermietungsmakler helfen Ihnen gerne dabei, eine geeignete Mietimmobilie in Amsterdam, Zaandam oder Umgebung zu finden. Und unser umfangreiches Netzwerk und unsere Kenntnis des lokalen Marktes erh\u00f6hen Ihre Chancen erheblich.<\/p>\n\n                    <a href=\"\/de\/volledige-woningaanbod\/\" class=\"button primary\" >\n\t\t<span>SEHEN SIE SICH UNSER MIETANGEBOT AN<\/span>\n\t<\/a>\n\n                <\/div>\n            <\/div>\n            <div id=\"col-2\" class=\"col medium-12 small-10 large-6 medium-col-first\">\n                <div class=\"col-inner\">\n                    <div class=\"img has-hover x md-x lg-x y md-y lg-y\" style=\"width: 100%;\">\n                        <div class=\"img-inner radius dark\">\n                            <img loading=\"lazy\" decoding=\"async\" width=\"1020\" height=\"680\" src=\"https:\/\/fris.nl\/wp-content\/uploads\/2023\/04\/stock_fris_woning_zaandam-_J9A1725-scaled-1024x683.jpg\" class=\"attachment-large size-large\" alt=\"Unser Service als Makler f\u00fcr Vermietungen\" title=\"Unser Service als Makler f\u00fcr Vermietungen\" srcset=\"https:\/\/fris.nl\/wp-content\/uploads\/2023\/04\/stock_fris_woning_zaandam-_J9A1725-scaled-1024x683.jpg 1024w, https:\/\/fris.nl\/wp-content\/uploads\/2023\/04\/stock_fris_woning_zaandam-_J9A1725-scaled-300x200.jpg 300w, https:\/\/fris.nl\/wp-content\/uploads\/2023\/04\/stock_fris_woning_zaandam-_J9A1725-scaled-768x512.jpg 768w, https:\/\/fris.nl\/wp-content\/uploads\/2023\/04\/stock_fris_woning_zaandam-_J9A1725-scaled-1536x1024.jpg 1536w, https:\/\/fris.nl\/wp-content\/uploads\/2023\/04\/stock_fris_woning_zaandam-_J9A1725-scaled-2048x1366.jpg 2048w\" sizes=\"auto, (max-width: 1020px) 100vw, 1020px\" \/>\n                        <\/div>\n                    <\/div>\n                <\/div>\n            <\/div>        \n        <\/div>\n        <div class=\"gap-element clearfix hide-for-medium\" style=\"display:block; height:auto; padding-top: 30px;\"><\/div>\n    <\/div>\n<\/section>\n<section class=\"section single-text  blue visible light-2\">\n    <div class=\"bg section-bg fill bg-fill bg-loaded\">\n    <\/div>\n    <div class=\"section-content relative\">\n        <div class=\"gap-element clearfix hide-for-medium\" style=\"display:block; height:auto; padding-top: 50px;\"><\/div>\n        <div class=\"row row-large align-center align-middle\">\n            <div class=\"col text-col medium-12 small-12 large-9 text-center\">\n                <div class=\"col-inner\">\n                    <h2 title=\"Wohnungssuchende?\" class=\"text-center\">Wohnungssuchende?<\/h2>\n<p>Lesen Sie hier alles, was Sie \u00fcber das Mieten einer Wohnung wissen m\u00fcssen!<\/p>\n<a href=\"\/de\/haeufig-gestellte-fragen-wohnungssuchende\/\" class=\"button primary\" >\n\t\t<span>H\u00e4ufig gestellte Fragen<\/span>\n\t<\/a>\n\n                <\/div>\n            <\/div>     \n        <\/div>\n        <div class=\"gap-element clearfix hide-for-medium removepaddingbottom\" style=\"display:block; height:auto; padding-top: 30px;\"><\/div>\n    <\/div>\n<\/section>\n<div class=\"gap-element clearfix hide-for-medium removepaddingbottom\" style=\"display:block; height:auto; padding-top: 50px;\"><\/div>\n","protected":false},"excerpt":{"rendered":"","protected":false},"author":1,"featured_media":0,"parent":0,"menu_order":28,"comment_status":"closed","ping_status":"closed","template":"","meta":{"_acf_changed":false,"footnotes":""},"class_list":["post-12286","page","type-page","status-publish","hentry"],"acf":[],"_links":{"self":[{"href":"https:\/\/fris.nl\/de\/wp-json\/wp\/v2\/pages\/12286","targetHints":{"allow":["GET"]}}],"collection":[{"href":"https:\/\/fris.nl\/de\/wp-json\/wp\/v2\/pages"}],"about":[{"href":"https:\/\/fris.nl\/de\/wp-json\/wp\/v2\/types\/page"}],"author":[{"embeddable":true,"href":"https:\/\/fris.nl\/de\/wp-json\/wp\/v2\/users\/1"}],"replies":[{"embeddable":true,"href":"https:\/\/fris.nl\/de\/wp-json\/wp\/v2\/comments?post=12286"}],"version-history":[{"count":8,"href":"https:\/\/fris.nl\/de\/wp-json\/wp\/v2\/pages\/12286\/revisions"}],"predecessor-version":[{"id":15009,"href":"https:\/\/fris.nl\/de\/wp-json\/wp\/v2\/pages\/12286\/revisions\/15009"}],"wp:attachment":[{"href":"https:\/\/fris.nl\/de\/wp-json\/wp\/v2\/media?parent=12286"}],"curies":[{"name":"wp","href":"https:\/\/api.w.org\/{rel}","templated":true}]}}