{"id":12281,"date":"2023-04-20T10:18:23","date_gmt":"2023-04-20T08:18:23","guid":{"rendered":"https:\/\/fris.nl\/?page_id=12281"},"modified":"2024-05-14T11:10:31","modified_gmt":"2024-05-14T09:10:31","slug":"gewerbliche-immobilie","status":"publish","type":"page","link":"https:\/\/fris.nl\/de\/gewerbliche-immobilie\/","title":{"rendered":"Gewerbliche Immobilie"},"content":{"rendered":"<section class=\"section half-hero blue dark visible\">\n    <div class=\"bg section-bg fill bg-fill bg-loaded\" style=\"background-image: url('https:\/\/fris.nl\/wp-content\/uploads\/2023\/07\/DSC06223-bedrijfsmatig-scaled.jpg'); background-position: 0% 19% !important;\"><\/div>\n    <div class=\"section-content relative\">\n        <div class=\"row\" id=\"row-1299773279\">\n            <div class=\"col medium-12 small-12 large-12 image-col\" style=\"background-image: url('https:\/\/fris.nl\/wp-content\/uploads\/2023\/07\/DSC06223-bedrijfsmatig-scaled.jpg');\"><\/div>\n            \n\t<div id=\"col-492442081\" class=\"col contentarea medium-12 small-12 large-4\"  data-animate=\"fadeInUp\">\n\t\t\t\t<div class=\"col-inner\"  >\n\t\t\t\n\t\t\t\n                <div class=\"col-inner\">\n                    <div id=\"gap-866866620\" class=\"gap-element clearfix\" style=\"display:block; height:auto; padding-top: 40px;\"><\/div>\n                    <h1>Meine <span style=\"text-decoration: underline;\">Gewerbliche<\/span> Immobilie<\/h1>\n                    <content><\/content>\n                    \n\n                    <ul class=\"jumptoitems\"><\/ul>\n                <\/div>\n            \t\t<\/div>\n\t\t\t\t\t<\/div>\n\n\t\n        <\/div>\n    <\/div>\n<\/section>\n<div class=\"gap-element clearfix hide-for-medium\" style=\"display:block; height:auto; padding-top: 50px;\"><\/div>\n<span class=\"scroll-to\" data-label=\"Scroll to: #Gute-Beratung-rund-um-Ihre-Gewerbeimmobilie\" data-bullet=\"false\" data-link=\"#Gute-Beratung-rund-um-Ihre-Gewerbeimmobilie\" data-title=\"Gute Beratung rund um Ihre Gewerbeimmobilie\"><a name=\"Gute-Beratung-rund-um-Ihre-Gewerbeimmobilie\"><\/a><\/span><section class=\"section image-text image-text-right red visible\">\n    <div class=\"bg section-bg fill bg-fill bg-loaded\">\n    <\/div>\n    <div class=\"section-content relative\">        \n        <div class=\"row row-large align-center align-middle\">\n            <div id=\"col-2\" class=\"col medium-12 small-10 large-6 medium-col-first\">\n                <div class=\"col-inner\">\n                    <div class=\"img has-hover x md-x lg-x y md-y lg-y\" style=\"width: 100%;\">\n                        <div class=\"img-inner radius dark\">\n                            <img loading=\"lazy\" decoding=\"async\" width=\"1020\" height=\"680\" src=\"https:\/\/fris.nl\/wp-content\/uploads\/2023\/04\/STOCK_bedrijfsmakelaarsDSC07816-LR-1024x683.jpg\" class=\"attachment-large size-large\" alt=\"Gute Beratung rund um Ihre Gewerbeimmobilie\" title=\"Gute Beratung rund um Ihre Gewerbeimmobilie\" srcset=\"https:\/\/fris.nl\/wp-content\/uploads\/2023\/04\/STOCK_bedrijfsmakelaarsDSC07816-LR-1024x683.jpg 1024w, https:\/\/fris.nl\/wp-content\/uploads\/2023\/04\/STOCK_bedrijfsmakelaarsDSC07816-LR-300x200.jpg 300w, https:\/\/fris.nl\/wp-content\/uploads\/2023\/04\/STOCK_bedrijfsmakelaarsDSC07816-LR-768x512.jpg 768w, https:\/\/fris.nl\/wp-content\/uploads\/2023\/04\/STOCK_bedrijfsmakelaarsDSC07816-LR-1536x1024.jpg 1536w, https:\/\/fris.nl\/wp-content\/uploads\/2023\/04\/STOCK_bedrijfsmakelaarsDSC07816-LR-2048x1366.jpg 2048w\" sizes=\"auto, (max-width: 1020px) 100vw, 1020px\" \/>\n                        <\/div>\n                    <\/div>\n                <\/div>\n            <\/div> \n            <div class=\"col text-col medium-12 small-12 large-6\">\n                <div class=\"col-inner\">\n                    <h3 title=\"Gute Beratung rund um Ihre Gewerbeimmobilie\">Gute Beratung rund um Ihre Gewerbeimmobilie<\/h3>\n                    \n<p>Sie m\u00f6chten eine Gewerbeimmobilie verkaufen, vermieten, kaufen oder mieten? Unsere Immobilienberater beraten Sie eingehend. Dies tun wir f\u00fcr B\u00fcro- und Gewerber\u00e4ume sowie andere Gewerbeimmobilien. Mit \u00fcber 100 Jahren Erfahrung, eigenen Gutachtern und einem globalen Netzwerk wissen wir genau, was auf dem Markt passiert. Und ganz bestimmt in der Metropolregion in Amsterdam und Zuidoost, wo wir der einzige Gesch\u00e4ftsimmobilienmakler sind.<\/p>\n\n                    \n                <\/div>\n            <\/div>       \n        <\/div>\n        <div class=\"gap-element clearfix hide-for-medium\" style=\"display:block; height:auto; padding-top: 30px;\"><\/div>\n    <\/div>\n<\/section>\n<span class=\"scroll-to\" data-label=\"Scroll to: #Unsere-Beratungst\u00e4tigkeit\" data-bullet=\"false\" data-link=\"#Unsere-Beratungst\u00e4tigkeit\" data-title=\"Unsere Beratungst\u00e4tigkeit\"><a name=\"Unsere-Beratungst\u00e4tigkeit\"><\/a><\/span><section class=\"section single-text  blue visible dark-1\">\n    <div class=\"bg section-bg fill bg-fill bg-loaded\">\n    <\/div>\n    <div class=\"section-content relative\">\n        <div class=\"gap-element clearfix hide-for-medium\" style=\"display:block; height:auto; padding-top: 50px;\"><\/div>\n        <div class=\"row row-large align-center align-middle\">\n            <div class=\"col text-col medium-12 small-12 large-9 text-center\">\n                <div class=\"col-inner\">\n                    <h2 title=\"Unsere Beratungst\u00e4tigkeit:\" class=\"text-center\">Unsere Beratungst\u00e4tigkeit:<\/h2>\n<p>\u2022 Vermietung und Verkauf von Gesch\u00e4ftsr\u00e4umen<br \/>\u2022 Anmietung oder Kauf von Gesch\u00e4ftsr\u00e4umen<br \/>\u2022 Vertragsberatung und Vertragsverhandlungen in Sachen Gesch\u00e4ftsr\u00e4umen<br \/>\u2022 Marktuntersuchung f\u00fcr geeignete Gesch\u00e4ftsr\u00e4ume<br \/>\u2022 Zukunftsorientierte Beratung zu Standorten und Nachhaltigkeit<\/p>\n<p>\u00a0<\/p>\n\n                <\/div>\n            <\/div>     \n        <\/div>\n        <div class=\"gap-element clearfix hide-for-medium\" style=\"display:block; height:auto; padding-top: 30px;\"><\/div>\n    <\/div>\n<\/section>\n<div class=\"gap-element clearfix hide-for-medium\" style=\"display:block; height:auto; padding-top: 50px;\"><\/div>\n<span class=\"scroll-to\" data-label=\"Scroll to: #Gute-Beratung-in-jedem-Schritt-des-Prozesses\" data-bullet=\"false\" data-link=\"#Gute-Beratung-in-jedem-Schritt-des-Prozesses\" data-title=\"Gute Beratung in jedem Schritt des Prozesses\"><a name=\"Gute-Beratung-in-jedem-Schritt-des-Prozesses\"><\/a><\/span><section class=\"section image-text image-text-left red visible\">\n    <div class=\"bg section-bg fill bg-fill bg-loaded\">\n    <\/div>\n    <div class=\"section-content relative\">\n        <div class=\"row row-large align-center align-middle\">\n            <div class=\"col text-col medium-12 small-12 large-6\">\n                <div class=\"col-inner\">\n                    <h3 title=\"Gute Beratung in jedem Schritt des Prozesses\">Gute Beratung in jedem Schritt des Prozesses<\/h3>\n                    \n<p>Wir beraten Sie im gesamten Prozess: Von der geeigneten Betriebsst\u00e4tte \u00fcber bauliche Pr\u00fcfungen und Vertragsverhandlungen bis hin zum Abschluss einer ma\u00dfgeschneiderten Versicherung. Dank unserer marktorientierten Organisationsstruktur mit mehreren Gesch\u00e4ftsbereichen k\u00f6nnen wir Sie bei jedem Schritt gut beraten.<\/p>\n\n                    \n                <\/div>\n            <\/div>\n            <div id=\"col-2\" class=\"col medium-12 small-10 large-6 medium-col-first\">\n                <div class=\"col-inner\">\n                    <div class=\"img has-hover x md-x lg-x y md-y lg-y\" style=\"width: 100%;\">\n                        <div class=\"img-inner radius dark\">\n                            <img loading=\"lazy\" decoding=\"async\" width=\"1020\" height=\"680\" src=\"https:\/\/fris.nl\/wp-content\/uploads\/2023\/07\/DSC06132-bedrijfsmatig-scaled-1024x683.jpg\" class=\"attachment-large size-large\" alt=\"Gute Beratung in jedem Schritt des Prozesses\" title=\"Gute Beratung in jedem Schritt des Prozesses\" srcset=\"https:\/\/fris.nl\/wp-content\/uploads\/2023\/07\/DSC06132-bedrijfsmatig-scaled-1024x683.jpg 1024w, https:\/\/fris.nl\/wp-content\/uploads\/2023\/07\/DSC06132-bedrijfsmatig-scaled-300x200.jpg 300w, https:\/\/fris.nl\/wp-content\/uploads\/2023\/07\/DSC06132-bedrijfsmatig-scaled-768x512.jpg 768w, https:\/\/fris.nl\/wp-content\/uploads\/2023\/07\/DSC06132-bedrijfsmatig-scaled-1536x1024.jpg 1536w, https:\/\/fris.nl\/wp-content\/uploads\/2023\/07\/DSC06132-bedrijfsmatig-scaled-2048x1366.jpg 2048w\" sizes=\"auto, (max-width: 1020px) 100vw, 1020px\" \/>\n                        <\/div>\n                    <\/div>\n                <\/div>\n            <\/div>        \n        <\/div>\n        <div class=\"gap-element clearfix hide-for-medium\" style=\"display:block; height:auto; padding-top: 30px;\"><\/div>\n    <\/div>\n<\/section>\n\n\t<section class=\"section taxaties-en-verzekeringen\" id=\"section_1288845917\">\n\t\t<div class=\"section-bg fill\" >\n\t\t\t\t\t\t\t\t\t\n\t\t\t\n\n\t\t<\/div>\n\n\t\t\n\n\t\t<div class=\"section-content relative\">\n\t\t\t\r\n\r\n\t<div id=\"gap-174909594\" class=\"gap-element clearfix\" style=\"display:block; height:auto;\">\n\t\t\n<style>\n#gap-174909594 {\n  padding-top: 50px;\n}\n<\/style>\n\t<\/div>\n\t\r\n\r\n<div class=\"row\"  id=\"row-439793436\">\r\n\r\n\n\t<div id=\"col-1011321154\" class=\"col medium-5 small-12 large-5\"  >\n\t\t\t\t<div class=\"col-inner text-center\"  >\n\t\t\t\n\t\t\t\r\n\r\n\t<div class=\"img has-hover x md-x lg-x y md-y lg-y\" id=\"image_1261347471\">\n\t\t\t\t\t\t\t\t<div class=\"img-inner dark\" >\n\t\t\t<img loading=\"lazy\" decoding=\"async\" width=\"991\" height=\"1024\" src=\"https:\/\/fris.nl\/wp-content\/uploads\/2023\/07\/Fris-Iconen-Taxaties-991x1024.png\" class=\"attachment-large size-large\" alt=\"\" srcset=\"https:\/\/fris.nl\/wp-content\/uploads\/2023\/07\/Fris-Iconen-Taxaties-991x1024.png 991w, https:\/\/fris.nl\/wp-content\/uploads\/2023\/07\/Fris-Iconen-Taxaties-290x300.png 290w, https:\/\/fris.nl\/wp-content\/uploads\/2023\/07\/Fris-Iconen-Taxaties-768x793.png 768w, https:\/\/fris.nl\/wp-content\/uploads\/2023\/07\/Fris-Iconen-Taxaties.png 1241w\" sizes=\"auto, (max-width: 991px) 100vw, 991px\" \/>\t\t\t\t\t\t\n\t\t\t\t\t<\/div>\n\t\t\t\t\t\t\t\t\n<style>\n#image_1261347471 {\n  width: 29%;\n}\n<\/style>\n\t<\/div>\n\t\r\n\r\n\t<div id=\"text-608159836\" class=\"text\">\n\t\t\r\n\r\n<h3><strong>Wertermittlungen<\/strong><\/h3>\r\n\t\t\n<style>\n#text-608159836 {\n  color: rgb(178, 63, 51);\n}\n#text-608159836 > * {\n  color: rgb(178, 63, 51);\n}\n<\/style>\n\t<\/div>\n\t\r\n<p>M\u00f6chten Sie den Wert Ihres Anlageobjektes mithilfe einer Taxierung bestimmen? Wir bewerten in den gesamten Niederlanden: mit Schwerpunkt auf der Metropolregion Amsterdam, Noord-Holland, Zuid-Holland, Flevoland und Utrecht.<\/p>\r\n\t<div id=\"gap-63861565\" class=\"gap-element clearfix\" style=\"display:block; height:auto;\">\n\t\t\n<style>\n#gap-63861565 {\n  padding-top: 30px;\n}\n<\/style>\n\t<\/div>\n\t\r\n\r\n<a href=\"\/de\/immobilienanlage\/wertermittlung-meiner-immobilie\/\" class=\"button secondary\" >\n\t\t<span>ZU WERTERMITTLUNGEN<\/span>\n\t<\/a>\n\r\n\r\n\r\n\t\t<\/div>\n\t\t\t\t\t<\/div>\n\n\t\r\n\n\t<div id=\"col-915733809\" class=\"col medium-1 small-12 large-1\"  >\n\t\t\t\t<div class=\"col-inner\"  >\n\t\t\t\n\t\t\t\r\n\r\n\r\n\t\t<\/div>\n\t\t\t\t\t<\/div>\n\n\t\r\n\n\t<div id=\"col-1518865091\" class=\"col medium-5 small-12 large-5\"  >\n\t\t\t\t<div class=\"col-inner text-center\"  >\n\t\t\t\n\t\t\t\r\n\r\n\t<div class=\"img has-hover x md-x lg-x y md-y lg-y\" id=\"image_1054918269\">\n\t\t\t\t\t\t\t\t<div class=\"img-inner dark\" >\n\t\t\t<img loading=\"lazy\" decoding=\"async\" width=\"958\" height=\"1024\" src=\"https:\/\/fris.nl\/wp-content\/uploads\/2023\/07\/Fris-Iconen-verzekeren-958x1024.png\" class=\"attachment-large size-large\" alt=\"\" srcset=\"https:\/\/fris.nl\/wp-content\/uploads\/2023\/07\/Fris-Iconen-verzekeren-958x1024.png 958w, https:\/\/fris.nl\/wp-content\/uploads\/2023\/07\/Fris-Iconen-verzekeren-281x300.png 281w, https:\/\/fris.nl\/wp-content\/uploads\/2023\/07\/Fris-Iconen-verzekeren-768x821.png 768w, https:\/\/fris.nl\/wp-content\/uploads\/2023\/07\/Fris-Iconen-verzekeren.png 1199w\" sizes=\"auto, (max-width: 958px) 100vw, 958px\" \/>\t\t\t\t\t\t\n\t\t\t\t\t<\/div>\n\t\t\t\t\t\t\t\t\n<style>\n#image_1054918269 {\n  width: 29%;\n}\n<\/style>\n\t<\/div>\n\t\r\n\r\n\t<div id=\"text-3645470506\" class=\"text\">\n\t\t\r\n\r\n<h3><strong>Versicherungen<\/strong><\/h3>\r\n\t\t\n<style>\n#text-3645470506 {\n  color: rgb(0, 62, 112);\n}\n#text-3645470506 > * {\n  color: rgb(0, 62, 112);\n}\n<\/style>\n\t<\/div>\n\t\r\n<p>Von der Versicherung von H\u00e4usern, Wohnanlagen mit Wohnungseigent\u00fcmergemeinschaften bis hin zu Gro\u00dfimmobilien: Wir bieten f\u00fcr alle unsere Kunden ma\u00dfgeschneiderte Versicherungspakete. Sie sind bereits versichert, aber interessiert an m\u00f6glichen besseren Alternativen? Dann f\u00fchren wir gerne eine Pr\u00fcfung durch.<\/p>\r\n\t<div id=\"gap-110471637\" class=\"gap-element clearfix\" style=\"display:block; height:auto;\">\n\t\t\n<style>\n#gap-110471637 {\n  padding-top: 30px;\n}\n<\/style>\n\t<\/div>\n\t\r\n\r\n<a href=\"\/de\/unsere-dienstleistungen\/meine-immobilie-versichern\/\" class=\"button primary\" >\n\t\t<span>ZU VERSICHERUNGEN<\/span>\n\t<\/a>\n\r\n\r\n\r\n\t\t<\/div>\n\t\t\t\t\t<\/div>\n\n\t\r\n\r\n<\/div>\r\n\t<div id=\"gap-1411185308\" class=\"gap-element clearfix\" style=\"display:block; height:auto;\">\n\t\t\n<style>\n#gap-1411185308 {\n  padding-top: 30px;\n}\n<\/style>\n\t<\/div>\n\t\r\n\r\n\r\n\t\t<\/div>\n\n\t\t\n<style>\n#section_1288845917 {\n  padding-top: 30px;\n  padding-bottom: 30px;\n  background-color: rgb(215, 232, 235);\n}\n<\/style>\n\t<\/section>\n\t\n\t<div id=\"gap-485783490\" class=\"gap-element clearfix\" style=\"display:block; height:auto;\">\n\t\t\n<style>\n#gap-485783490 {\n  padding-top: 50px;\n}\n<\/style>\n\t<\/div>\n\t\n<span class=\"scroll-to\" data-label=\"Scroll to: #Leben-Genie\u00dfen-Leisten\" data-bullet=\"false\" data-link=\"#Leben-Genie\u00dfen-Leisten\" data-title=\"Leben, Genie\u00dfen, Leisten\"><a name=\"Leben-Genie\u00dfen-Leisten\"><\/a><\/span><section class=\"section image-text image-text-right red visible\">\n    <div class=\"bg section-bg fill bg-fill bg-loaded\">\n    <\/div>\n    <div class=\"section-content relative\">        \n        <div class=\"row row-large align-center align-middle\">\n            <div id=\"col-2\" class=\"col medium-12 small-10 large-6 medium-col-first\">\n                <div class=\"col-inner\">\n                    <div class=\"img has-hover x md-x lg-x y md-y lg-y\" style=\"width: 100%;\">\n                        <div class=\"img-inner radius dark\">\n                            <img loading=\"lazy\" decoding=\"async\" width=\"1020\" height=\"680\" src=\"https:\/\/fris.nl\/wp-content\/uploads\/2023\/04\/STOCK_bedrijfsmakelaarsDSC07427-LR-1024x683.jpg\" class=\"attachment-large size-large\" alt=\"Leben, Genie\u00dfen, Leisten\" title=\"Leben, Genie\u00dfen, Leisten\" srcset=\"https:\/\/fris.nl\/wp-content\/uploads\/2023\/04\/STOCK_bedrijfsmakelaarsDSC07427-LR-1024x683.jpg 1024w, https:\/\/fris.nl\/wp-content\/uploads\/2023\/04\/STOCK_bedrijfsmakelaarsDSC07427-LR-300x200.jpg 300w, https:\/\/fris.nl\/wp-content\/uploads\/2023\/04\/STOCK_bedrijfsmakelaarsDSC07427-LR-768x512.jpg 768w, https:\/\/fris.nl\/wp-content\/uploads\/2023\/04\/STOCK_bedrijfsmakelaarsDSC07427-LR-1536x1024.jpg 1536w, https:\/\/fris.nl\/wp-content\/uploads\/2023\/04\/STOCK_bedrijfsmakelaarsDSC07427-LR-2048x1366.jpg 2048w\" sizes=\"auto, (max-width: 1020px) 100vw, 1020px\" \/>\n                        <\/div>\n                    <\/div>\n                <\/div>\n            <\/div> \n            <div class=\"col text-col medium-12 small-12 large-6\">\n                <div class=\"col-inner\">\n                    <h3 title=\"Leben, Genie\u00dfen, Leisten\">Leben, Genie\u00dfen, Leisten<\/h3>\n                    \n<p>Bei unserer Arbeit streben wir nach einem positiven, sozialvertr\u00e4glichen und nachhaltigen Beitrag f\u00fcr die Umwelt. Deshalb geben wir nicht nur Ratschl\u00e4ge, sondern denken langfristig. Mit pers\u00f6nlicher Betreuung, einer proaktiven Einstellung und einem engagierten Team. In den letzten Jahren haben wir viele Organisationen gut beraten. F\u00fcr uns geht es nicht um das Geb\u00e4ude, sondern um Sie als Kunden.<\/p>\n\n                    \n                <\/div>\n            <\/div>       \n        <\/div>\n        <div class=\"gap-element clearfix hide-for-medium\" style=\"display:block; height:auto; padding-top: 30px;\"><\/div>\n    <\/div>\n<\/section>\n<section class=\"section cta-1 red dark visible nolines\">\n    <div class=\"bg section-bg fill bg-fill bg-loaded\" style=\"background-image: url('https:\/\/fris.nl\/wp-content\/uploads\/2023\/07\/Team-bedrijfsmatig-Vastgoed.png'); background-position: 0% 0% !important;\"><\/div>\n    <div class=\"section-content relative\">\n        <div class=\"row\" id=\"row-1299773279\">\n            <div class=\"col medium-12 small-12 large-12 image-col\" style=\"background-image: url('https:\/\/fris.nl\/wp-content\/uploads\/2023\/07\/Team-bedrijfsmatig-Vastgoed.png');\"><\/div>\n            <div class=\"col medium-12 small-12 large-4 content-col\">\n                <div class=\"col-inner\">\n                    <div id=\"gap-866866620\" class=\"gap-element clearfix\" style=\"display:block; height:auto; padding-top: 40px;\"><\/div>\n                    <h2>UNSER&nbsp;TEAM <span style=\"text-decoration: underline;\">IST&nbsp;F\u00dcR&nbsp;SIE&nbsp;DA<\/span><\/h2>\n                    <content><\/content>\n                    \n\n                    <a href=\"mailto:a.munk@fris.nl\" target=\"_blank\" class=\"button primary\" rel=\"noopener\" >\n\t\t<span>kontakt<\/span>\n\t<\/a>\n\n                <\/div>\n            <\/div>\n        <\/div>\n    <\/div>\n<\/section>\n<section class=\"section single-text  blue visible\">\n    <div class=\"bg section-bg fill bg-fill bg-loaded\">\n    <\/div>\n    <div class=\"section-content relative\">\n        <div class=\"gap-element clearfix hide-for-medium\" style=\"display:block; height:auto; padding-top: 50px;\"><\/div>\n        <div class=\"row row-large align-center align-middle\">\n            <div class=\"col text-col medium-12 small-12 large-9 text-center\">\n                <div class=\"col-inner\">\n                    <h2 title=\"W\u00dcNSCHEN SIE EINE BERATUNG ZU IHRER GEWERBEIMMOBILIE?\" class=\"text-center\">W\u00dcNSCHEN SIE EINE BERATUNG ZU IHRER GEWERBEIMMOBILIE?<\/h2>\n<a href=\"mailto:a.munk@fris.nl\" class=\"button primary\" >\n\t\t<span>JA GERNE<\/span>\n\t<\/a>\n\n                <\/div>\n            <\/div>     \n        <\/div>\n        <div class=\"gap-element clearfix hide-for-medium\" style=\"display:block; height:auto; padding-top: 30px;\"><\/div>\n    <\/div>\n<\/section>\n<div class=\"gap-element clearfix hide-for-medium\" style=\"display:block; height:auto; padding-top: 50px;\"><\/div>\n","protected":false},"excerpt":{"rendered":"","protected":false},"author":1,"featured_media":0,"parent":0,"menu_order":5,"comment_status":"closed","ping_status":"closed","template":"","meta":{"_acf_changed":false,"footnotes":""},"class_list":["post-12281","page","type-page","status-publish","hentry"],"acf":[],"yoast_head":"<!-- This site is optimized with the Yoast SEO plugin v27.5 - https:\/\/yoast.com\/product\/yoast-seo-wordpress\/ -->\n<title>Gewerbliche Immobilie - Fris Real People<\/title>\n<meta name=\"robots\" content=\"index, follow, max-snippet:-1, max-image-preview:large, max-video-preview:-1\" \/>\n<link rel=\"canonical\" href=\"https:\/\/fris.nl\/de\/gewerbliche-immobilie\/\" \/>\n<meta property=\"og:locale\" content=\"de_DE\" \/>\n<meta property=\"og:type\" content=\"article\" \/>\n<meta property=\"og:title\" content=\"Gewerbliche Immobilie - Fris Real People\" \/>\n<meta property=\"og:url\" content=\"https:\/\/fris.nl\/de\/gewerbliche-immobilie\/\" \/>\n<meta property=\"og:site_name\" content=\"Fris Real People\" \/>\n<meta property=\"article:publisher\" content=\"https:\/\/www.facebook.com\/FrisMakelaarsAmsterdam\" \/>\n<meta property=\"article:modified_time\" content=\"2024-05-14T09:10:31+00:00\" \/>\n<meta name=\"twitter:card\" content=\"summary_large_image\" \/>\n<meta name=\"twitter:site\" content=\"@FRISRealPeople\" \/>\n<meta name=\"twitter:label1\" content=\"Gesch\u00e4tzte Lesezeit\" \/>\n\t<meta name=\"twitter:data1\" content=\"2\u00a0Minuten\" \/>\n<script type=\"application\/ld+json\" class=\"yoast-schema-graph\">{\"@context\":\"https:\\\/\\\/schema.org\",\"@graph\":[{\"@type\":\"WebPage\",\"@id\":\"https:\\\/\\\/fris.nl\\\/de\\\/gewerbliche-immobilie\\\/\",\"url\":\"https:\\\/\\\/fris.nl\\\/de\\\/gewerbliche-immobilie\\\/\",\"name\":\"Gewerbliche Immobilie - Fris Real People\",\"isPartOf\":{\"@id\":\"https:\\\/\\\/fris.nl\\\/de\\\/#website\"},\"datePublished\":\"2023-04-20T08:18:23+00:00\",\"dateModified\":\"2024-05-14T09:10:31+00:00\",\"breadcrumb\":{\"@id\":\"https:\\\/\\\/fris.nl\\\/de\\\/gewerbliche-immobilie\\\/#breadcrumb\"},\"inLanguage\":\"de\",\"potentialAction\":[{\"@type\":\"ReadAction\",\"target\":[\"https:\\\/\\\/fris.nl\\\/de\\\/gewerbliche-immobilie\\\/\"]}]},{\"@type\":\"BreadcrumbList\",\"@id\":\"https:\\\/\\\/fris.nl\\\/de\\\/gewerbliche-immobilie\\\/#breadcrumb\",\"itemListElement\":[{\"@type\":\"ListItem\",\"position\":1,\"name\":\"Home\",\"item\":\"https:\\\/\\\/fris.nl\\\/de\\\/\"},{\"@type\":\"ListItem\",\"position\":2,\"name\":\"Gewerbliche Immobilie\"}]},{\"@type\":\"WebSite\",\"@id\":\"https:\\\/\\\/fris.nl\\\/de\\\/#website\",\"url\":\"https:\\\/\\\/fris.nl\\\/de\\\/\",\"name\":\"Fris Real People\",\"description\":\"\",\"potentialAction\":[{\"@type\":\"SearchAction\",\"target\":{\"@type\":\"EntryPoint\",\"urlTemplate\":\"https:\\\/\\\/fris.nl\\\/de\\\/?s={search_term_string}\"},\"query-input\":{\"@type\":\"PropertyValueSpecification\",\"valueRequired\":true,\"valueName\":\"search_term_string\"}}],\"inLanguage\":\"de\"}]}<\/script>\n<!-- \/ Yoast SEO plugin. -->","yoast_head_json":{"title":"Gewerbliche Immobilie - Fris Real People","robots":{"index":"index","follow":"follow","max-snippet":"max-snippet:-1","max-image-preview":"max-image-preview:large","max-video-preview":"max-video-preview:-1"},"canonical":"https:\/\/fris.nl\/de\/gewerbliche-immobilie\/","og_locale":"de_DE","og_type":"article","og_title":"Gewerbliche Immobilie - Fris Real People","og_url":"https:\/\/fris.nl\/de\/gewerbliche-immobilie\/","og_site_name":"Fris Real People","article_publisher":"https:\/\/www.facebook.com\/FrisMakelaarsAmsterdam","article_modified_time":"2024-05-14T09:10:31+00:00","twitter_card":"summary_large_image","twitter_site":"@FRISRealPeople","twitter_misc":{"Gesch\u00e4tzte Lesezeit":"2\u00a0Minuten"},"schema":{"@context":"https:\/\/schema.org","@graph":[{"@type":"WebPage","@id":"https:\/\/fris.nl\/de\/gewerbliche-immobilie\/","url":"https:\/\/fris.nl\/de\/gewerbliche-immobilie\/","name":"Gewerbliche Immobilie - Fris Real People","isPartOf":{"@id":"https:\/\/fris.nl\/de\/#website"},"datePublished":"2023-04-20T08:18:23+00:00","dateModified":"2024-05-14T09:10:31+00:00","breadcrumb":{"@id":"https:\/\/fris.nl\/de\/gewerbliche-immobilie\/#breadcrumb"},"inLanguage":"de","potentialAction":[{"@type":"ReadAction","target":["https:\/\/fris.nl\/de\/gewerbliche-immobilie\/"]}]},{"@type":"BreadcrumbList","@id":"https:\/\/fris.nl\/de\/gewerbliche-immobilie\/#breadcrumb","itemListElement":[{"@type":"ListItem","position":1,"name":"Home","item":"https:\/\/fris.nl\/de\/"},{"@type":"ListItem","position":2,"name":"Gewerbliche Immobilie"}]},{"@type":"WebSite","@id":"https:\/\/fris.nl\/de\/#website","url":"https:\/\/fris.nl\/de\/","name":"Fris Real People","description":"","potentialAction":[{"@type":"SearchAction","target":{"@type":"EntryPoint","urlTemplate":"https:\/\/fris.nl\/de\/?s={search_term_string}"},"query-input":{"@type":"PropertyValueSpecification","valueRequired":true,"valueName":"search_term_string"}}],"inLanguage":"de"}]}},"_links":{"self":[{"href":"https:\/\/fris.nl\/de\/wp-json\/wp\/v2\/pages\/12281","targetHints":{"allow":["GET"]}}],"collection":[{"href":"https:\/\/fris.nl\/de\/wp-json\/wp\/v2\/pages"}],"about":[{"href":"https:\/\/fris.nl\/de\/wp-json\/wp\/v2\/types\/page"}],"author":[{"embeddable":true,"href":"https:\/\/fris.nl\/de\/wp-json\/wp\/v2\/users\/1"}],"replies":[{"embeddable":true,"href":"https:\/\/fris.nl\/de\/wp-json\/wp\/v2\/comments?post=12281"}],"version-history":[{"count":6,"href":"https:\/\/fris.nl\/de\/wp-json\/wp\/v2\/pages\/12281\/revisions"}],"predecessor-version":[{"id":13771,"href":"https:\/\/fris.nl\/de\/wp-json\/wp\/v2\/pages\/12281\/revisions\/13771"}],"wp:attachment":[{"href":"https:\/\/fris.nl\/de\/wp-json\/wp\/v2\/media?parent=12281"}],"curies":[{"name":"wp","href":"https:\/\/api.w.org\/{rel}","templated":true}]}}