{"id":12275,"date":"2023-04-20T10:18:23","date_gmt":"2023-04-20T08:18:23","guid":{"rendered":"https:\/\/fris.nl\/?page_id=12275"},"modified":"2024-03-01T15:44:13","modified_gmt":"2024-03-01T14:44:13","slug":"immobilienverwaltung","status":"publish","type":"page","link":"https:\/\/fris.nl\/de\/immobilienverwaltung\/","title":{"rendered":"Immobilienverwaltung"},"content":{"rendered":"<section class=\"section half-hero blue dark visible\">\n    <div class=\"bg section-bg fill bg-fill bg-loaded\" style=\"background-image: url('https:\/\/fris.nl\/wp-content\/uploads\/2023\/04\/stock-Vastgoed-managementDSC00028-LR.jpg'); background-position: 0% 0% !important;\"><\/div>\n    <div class=\"section-content relative\">\n        <div class=\"row\" id=\"row-1299773279\">\n            <div class=\"col medium-12 small-12 large-12 image-col\" style=\"background-image: url('https:\/\/fris.nl\/wp-content\/uploads\/2023\/04\/stock-Vastgoed-managementDSC00028-LR.jpg');\"><\/div>\n            \n\t<div id=\"col-112736259\" class=\"col contentarea medium-12 small-12 large-4\"  data-animate=\"fadeInUp\">\n\t\t\t\t<div class=\"col-inner\"  >\n\t\t\t\n\t\t\t\n                <div class=\"col-inner\">\n                    <div id=\"gap-866866620\" class=\"gap-element clearfix\" style=\"display:block; height:auto; padding-top: 40px;\"><\/div>\n                    <h1>MEINE <span style=\"text-decoration: underline;\">IMMOBILIENVERWALTUNG<\/span><\/h1>\n                    <content><\/content>\n                    \n\n                    <ul class=\"jumptoitems\"><\/ul>\n                <\/div>\n            \t\t<\/div>\n\t\t\t\t\t<\/div>\n\n\t\n        <\/div>\n    <\/div>\n<\/section>\n<div class=\"gap-element clearfix hide-for-medium\" style=\"display:block; height:auto; padding-top: 50px;\"><\/div>\n<span class=\"scroll-to\" data-label=\"Scroll to: #Immobilienverwaltung-administrativ-technisch-und-kaufm\u00e4nnisch\" data-bullet=\"false\" data-link=\"#Immobilienverwaltung-administrativ-technisch-und-kaufm\u00e4nnisch\" data-title=\"Immobilienverwaltung: administrativ, technisch und kaufm\u00e4nnisch\"><a name=\"Immobilienverwaltung-administrativ-technisch-und-kaufm\u00e4nnisch\"><\/a><\/span><section class=\"section image-text image-text-left red visible\">\n    <div class=\"bg section-bg fill bg-fill bg-loaded\">\n    <\/div>\n    <div class=\"section-content relative\">\n        <div class=\"row row-large align-center align-middle\">\n            <div class=\"col text-col medium-12 small-12 large-6\">\n                <div class=\"col-inner\">\n                    <h3 title=\"Immobilienverwaltung: administrativ, technisch und kaufm\u00e4nnisch\">Immobilienverwaltung: administrativ, technisch und kaufm\u00e4nnisch<\/h3>\n                    \n<p>Immobilienverwaltung ist wie das F\u00fchren eines Hotels: Sie tun alles, um es Ihren G\u00e4sten so angenehm wie m\u00f6glich zu machen und ihren Aufenthalt zu verl\u00e4ngern. Und so arbeiten wir auch gerne mit unseren Kunden zusammen: pers\u00f6nlich, innovativ und ergebnisorientiert. Unser Verwaltungsportfolio umfasst rund 2.500.000 m2 B\u00fcrogeb\u00e4ude, Sozialimmobilien, Vertriebszentren und Gesch\u00e4fte. Unser Verwaltungsportfolio f\u00fcr Privatimmobilien besteht aus rund 5.500 Wohneinheiten.<\/p>\n\n                    <a href=\"https:\/\/fris.nl\/vastgoedbeheer\/commercieel-vastgoed\/\" class=\"button primary\" >\n\t\t<span>VERWALTUNG GESCH\u00c4FTSIMMOBILIEN<\/span>\n\t<\/a>\n\n                <\/div>\n            <\/div>\n            <div id=\"col-2\" class=\"col medium-12 small-10 large-6 medium-col-first\">\n                <div class=\"col-inner\">\n                    <div class=\"img has-hover x md-x lg-x y md-y lg-y\" style=\"width: 100%;\">\n                        <div class=\"img-inner radius dark\">\n                            <img loading=\"lazy\" decoding=\"async\" width=\"1020\" height=\"680\" src=\"https:\/\/fris.nl\/wp-content\/uploads\/2023\/04\/stock-Vastgoed-managementDSC03684-LR-1024x683.jpg\" class=\"attachment-large size-large\" alt=\"Immobilienverwaltung: administrativ, technisch und kaufm\u00e4nnisch\" title=\"Immobilienverwaltung: administrativ, technisch und kaufm\u00e4nnisch\" srcset=\"https:\/\/fris.nl\/wp-content\/uploads\/2023\/04\/stock-Vastgoed-managementDSC03684-LR-1024x683.jpg 1024w, https:\/\/fris.nl\/wp-content\/uploads\/2023\/04\/stock-Vastgoed-managementDSC03684-LR-300x200.jpg 300w, https:\/\/fris.nl\/wp-content\/uploads\/2023\/04\/stock-Vastgoed-managementDSC03684-LR-768x512.jpg 768w, https:\/\/fris.nl\/wp-content\/uploads\/2023\/04\/stock-Vastgoed-managementDSC03684-LR-1536x1024.jpg 1536w, https:\/\/fris.nl\/wp-content\/uploads\/2023\/04\/stock-Vastgoed-managementDSC03684-LR-2048x1366.jpg 2048w\" sizes=\"auto, (max-width: 1020px) 100vw, 1020px\" \/>\n                        <\/div>\n                    <\/div>\n                <\/div>\n            <\/div>        \n        <\/div>\n        <div class=\"gap-element clearfix hide-for-medium\" style=\"display:block; height:auto; padding-top: 30px;\"><\/div>\n    <\/div>\n<\/section>\n<span class=\"scroll-to\" data-label=\"Scroll to: #Gewerbliche-und-private-Investoren\" data-bullet=\"false\" data-link=\"#Gewerbliche-und-private-Investoren\" data-title=\"Gewerbliche und private Investoren\"><a name=\"Gewerbliche-und-private-Investoren\"><\/a><\/span><section class=\"section image-text image-text-right red visible\">\n    <div class=\"bg section-bg fill bg-fill bg-loaded\">\n    <\/div>\n    <div class=\"section-content relative\">        \n        <div class=\"row row-large align-center align-middle\">\n            <div id=\"col-2\" class=\"col medium-12 small-10 large-6 medium-col-first\">\n                <div class=\"col-inner\">\n                    <div class=\"img has-hover x md-x lg-x y md-y lg-y\" style=\"width: 100%;\">\n                        <div class=\"img-inner radius dark\">\n                            <img loading=\"lazy\" decoding=\"async\" width=\"1020\" height=\"680\" src=\"https:\/\/fris.nl\/wp-content\/uploads\/2023\/04\/stock-Vastgoed-managementDSC04090-LR-1024x683.jpg\" class=\"attachment-large size-large\" alt=\"Gewerbliche und private Investoren\" title=\"Gewerbliche und private Investoren\" srcset=\"https:\/\/fris.nl\/wp-content\/uploads\/2023\/04\/stock-Vastgoed-managementDSC04090-LR-1024x683.jpg 1024w, https:\/\/fris.nl\/wp-content\/uploads\/2023\/04\/stock-Vastgoed-managementDSC04090-LR-300x200.jpg 300w, https:\/\/fris.nl\/wp-content\/uploads\/2023\/04\/stock-Vastgoed-managementDSC04090-LR-768x512.jpg 768w, https:\/\/fris.nl\/wp-content\/uploads\/2023\/04\/stock-Vastgoed-managementDSC04090-LR-1536x1024.jpg 1536w, https:\/\/fris.nl\/wp-content\/uploads\/2023\/04\/stock-Vastgoed-managementDSC04090-LR-2048x1366.jpg 2048w\" sizes=\"auto, (max-width: 1020px) 100vw, 1020px\" \/>\n                        <\/div>\n                    <\/div>\n                <\/div>\n            <\/div> \n            <div class=\"col text-col medium-12 small-12 large-6\">\n                <div class=\"col-inner\">\n                    <h3 title=\"Gewerbliche und private Investoren\">Gewerbliche und private Investoren<\/h3>\n                    \n<p>Seit fast einem Jahrhundert \u00fcbernehmen wir die administrative, technische und kaufm\u00e4nnische Verwaltung von Gewerbeimmobilien und Eigent\u00fcmergemeinschaften. Wir tun dies f\u00fcr Investoren in Gewerbe- und Wohnimmobilien aus den Niederlanden und dem Ausland. Mit Hilfe innovativer Systeme, wie REMS, verwalten wir Ihre Immobilien sicher, effizient und erfolgreich.<\/p>\n\n                    <a href=\"https:\/\/fris.nl\/vastgoedbeheer\/residentieel-vastgoed\/\" class=\"button primary\" >\n\t\t<span>VERWALTUNG WOHNIMMOBILIEN<\/span>\n\t<\/a>\n\n                <\/div>\n            <\/div>       \n        <\/div>\n        <div class=\"gap-element clearfix hide-for-medium\" style=\"display:block; height:auto; padding-top: 30px;\"><\/div>\n    <\/div>\n<\/section>\n\n\t<section class=\"section taxaties-en-verzekeringen\" id=\"section_1944527983\">\n\t\t<div class=\"section-bg fill\" >\n\t\t\t\t\t\t\t\t\t\n\t\t\t\n\n\t\t<\/div>\n\n\t\t\n\n\t\t<div class=\"section-content relative\">\n\t\t\t\r\n\r\n\t<div id=\"gap-829742211\" class=\"gap-element clearfix\" style=\"display:block; height:auto;\">\n\t\t\n<style>\n#gap-829742211 {\n  padding-top: 50px;\n}\n<\/style>\n\t<\/div>\n\t\r\n\r\n<div class=\"row\"  id=\"row-345874097\">\r\n\r\n\n\t<div id=\"col-658057663\" class=\"col medium-5 small-12 large-5\"  >\n\t\t\t\t<div class=\"col-inner text-center\"  >\n\t\t\t\n\t\t\t\r\n\r\n\t<div class=\"img has-hover x md-x lg-x y md-y lg-y\" id=\"image_1149975092\">\n\t\t\t\t\t\t\t\t<div class=\"img-inner dark\" >\n\t\t\t<img loading=\"lazy\" decoding=\"async\" width=\"991\" height=\"1024\" src=\"https:\/\/fris.nl\/wp-content\/uploads\/2023\/07\/Fris-Iconen-Taxaties-991x1024.png\" class=\"attachment-large size-large\" alt=\"\" srcset=\"https:\/\/fris.nl\/wp-content\/uploads\/2023\/07\/Fris-Iconen-Taxaties-991x1024.png 991w, https:\/\/fris.nl\/wp-content\/uploads\/2023\/07\/Fris-Iconen-Taxaties-290x300.png 290w, https:\/\/fris.nl\/wp-content\/uploads\/2023\/07\/Fris-Iconen-Taxaties-768x793.png 768w, https:\/\/fris.nl\/wp-content\/uploads\/2023\/07\/Fris-Iconen-Taxaties.png 1241w\" sizes=\"auto, (max-width: 991px) 100vw, 991px\" \/>\t\t\t\t\t\t\n\t\t\t\t\t<\/div>\n\t\t\t\t\t\t\t\t\n<style>\n#image_1149975092 {\n  width: 29%;\n}\n<\/style>\n\t<\/div>\n\t\r\n\r\n\t<div id=\"text-1518158647\" class=\"text\">\n\t\t\r\n\r\n<h3><strong>Wertermittlungen<\/strong><\/h3>\r\n\t\t\n<style>\n#text-1518158647 {\n  color: rgb(178, 63, 51);\n}\n#text-1518158647 > * {\n  color: rgb(178, 63, 51);\n}\n<\/style>\n\t<\/div>\n\t\r\n<p>M\u00f6chten Sie den Wert Ihres Anlageobjektes mithilfe einer Taxierung bestimmen? Wir bewerten in den gesamten Niederlanden: mit Schwerpunkt auf der Metropolregion Amsterdam, Noord-Holland, Zuid-Holland, Flevoland und Utrecht.<\/p>\r\n\t<div id=\"gap-1685725938\" class=\"gap-element clearfix\" style=\"display:block; height:auto;\">\n\t\t\n<style>\n#gap-1685725938 {\n  padding-top: 30px;\n}\n<\/style>\n\t<\/div>\n\t\r\n\r\n<a href=\"\/de\/immobilienanlage\/wertermittlung-meiner-immobilie\/\" class=\"button secondary\" >\n\t\t<span>ZU WERTERMITTLUNGEN<\/span>\n\t<\/a>\n\r\n\r\n\r\n\t\t<\/div>\n\t\t\t\t\t<\/div>\n\n\t\r\n\n\t<div id=\"col-1291806164\" class=\"col medium-1 small-12 large-1\"  >\n\t\t\t\t<div class=\"col-inner\"  >\n\t\t\t\n\t\t\t\r\n\r\n\r\n\t\t<\/div>\n\t\t\t\t\t<\/div>\n\n\t\r\n\n\t<div id=\"col-1845831614\" class=\"col medium-5 small-12 large-5\"  >\n\t\t\t\t<div class=\"col-inner text-center\"  >\n\t\t\t\n\t\t\t\r\n\r\n\t<div class=\"img has-hover x md-x lg-x y md-y lg-y\" id=\"image_66013295\">\n\t\t\t\t\t\t\t\t<div class=\"img-inner dark\" >\n\t\t\t<img loading=\"lazy\" decoding=\"async\" width=\"958\" height=\"1024\" src=\"https:\/\/fris.nl\/wp-content\/uploads\/2023\/07\/Fris-Iconen-verzekeren-958x1024.png\" class=\"attachment-large size-large\" alt=\"\" srcset=\"https:\/\/fris.nl\/wp-content\/uploads\/2023\/07\/Fris-Iconen-verzekeren-958x1024.png 958w, https:\/\/fris.nl\/wp-content\/uploads\/2023\/07\/Fris-Iconen-verzekeren-281x300.png 281w, https:\/\/fris.nl\/wp-content\/uploads\/2023\/07\/Fris-Iconen-verzekeren-768x821.png 768w, https:\/\/fris.nl\/wp-content\/uploads\/2023\/07\/Fris-Iconen-verzekeren.png 1199w\" sizes=\"auto, (max-width: 958px) 100vw, 958px\" \/>\t\t\t\t\t\t\n\t\t\t\t\t<\/div>\n\t\t\t\t\t\t\t\t\n<style>\n#image_66013295 {\n  width: 29%;\n}\n<\/style>\n\t<\/div>\n\t\r\n\r\n\t<div id=\"text-976808688\" class=\"text\">\n\t\t\r\n\r\n<h3><strong>Versicherungen<\/strong><\/h3>\r\n\t\t\n<style>\n#text-976808688 {\n  color: rgb(0, 62, 112);\n}\n#text-976808688 > * {\n  color: rgb(0, 62, 112);\n}\n<\/style>\n\t<\/div>\n\t\r\n<p>Von der Versicherung von H\u00e4usern, Wohnanlagen mit Wohnungseigent\u00fcmergemeinschaften bis hin zu Gro\u00dfimmobilien: Wir bieten f\u00fcr alle unsere Kunden ma\u00dfgeschneiderte Versicherungspakete. Sie sind bereits versichert, aber interessiert an m\u00f6glichen besseren Alternativen? Dann f\u00fchren wir gerne eine Pr\u00fcfung durch.<\/p>\r\n\t<div id=\"gap-1532315524\" class=\"gap-element clearfix\" style=\"display:block; height:auto;\">\n\t\t\n<style>\n#gap-1532315524 {\n  padding-top: 30px;\n}\n<\/style>\n\t<\/div>\n\t\r\n\r\n<a href=\"\/de\/unsere-dienstleistungen\/meine-immobilie-versichern\/\" class=\"button primary\" >\n\t\t<span>ZU VERSICHERUNGEN<\/span>\n\t<\/a>\n\r\n\r\n\r\n\t\t<\/div>\n\t\t\t\t\t<\/div>\n\n\t\r\n\r\n<\/div>\r\n\t<div id=\"gap-407554681\" class=\"gap-element clearfix\" style=\"display:block; height:auto;\">\n\t\t\n<style>\n#gap-407554681 {\n  padding-top: 30px;\n}\n<\/style>\n\t<\/div>\n\t\r\n\r\n\r\n\t\t<\/div>\n\n\t\t\n<style>\n#section_1944527983 {\n  padding-top: 30px;\n  padding-bottom: 30px;\n  background-color: rgb(215, 232, 235);\n}\n<\/style>\n\t<\/section>\n\t\n\t<div id=\"gap-2139681059\" class=\"gap-element clearfix\" style=\"display:block; height:auto;\">\n\t\t\n<style>\n#gap-2139681059 {\n  padding-top: 50px;\n}\n<\/style>\n\t<\/div>\n\t\n<span class=\"scroll-to\" data-label=\"Scroll to: #Immobilienservice-App\" data-bullet=\"false\" data-link=\"#Immobilienservice-App\" data-title=\"Immobilienservice-App\"><a name=\"Immobilienservice-App\"><\/a><\/span><section class=\"section image-text image-text-left red visible\">\n    <div class=\"bg section-bg fill bg-fill bg-loaded\">\n    <\/div>\n    <div class=\"section-content relative\">\n        <div class=\"row row-large align-center align-middle\">\n            <div class=\"col text-col medium-12 small-12 large-6\">\n                <div class=\"col-inner\">\n                    <h3 title=\"Immobilienservice-App\">Immobilienservice-App<\/h3>\n                    \n<p>Mit unserer Immobilienservice-App erm\u00f6glichen wir Mietern die Abgabe einer Meldung mit nur wenigen Klicks. Vom Leck bis zum Fensterschaden. Um dies ausreichend \u00fcberwachen zu k\u00f6nnen, arbeiten wir mit zuverl\u00e4ssigen Partnern zusammen: vom Dachdecker bis zum Glaser. Sie erhalten umgehend eine Benachrichtigung und werden kontaktiert, um die Probleme zu l\u00f6sen. So vereinen wir alle Disziplinen unter einem Dach mit dem gemeinsamen Ziel: Optimaler Service f\u00fcr Mieter und Kunden.<\/p>\n\n                    \n                <\/div>\n            <\/div>\n            <div id=\"col-2\" class=\"col medium-12 small-10 large-6 medium-col-first\">\n                <div class=\"col-inner\">\n                    <div class=\"img has-hover x md-x lg-x y md-y lg-y\" style=\"width: 100%;\">\n                        <div class=\"img-inner radius dark\">\n                            <img loading=\"lazy\" decoding=\"async\" width=\"1020\" height=\"680\" src=\"https:\/\/fris.nl\/wp-content\/uploads\/2023\/04\/stock-Vastgoed-managementDSC09841-LR-1024x683.jpg\" class=\"attachment-large size-large\" alt=\"Immobilienservice-App\" title=\"Immobilienservice-App\" srcset=\"https:\/\/fris.nl\/wp-content\/uploads\/2023\/04\/stock-Vastgoed-managementDSC09841-LR-1024x683.jpg 1024w, https:\/\/fris.nl\/wp-content\/uploads\/2023\/04\/stock-Vastgoed-managementDSC09841-LR-300x200.jpg 300w, https:\/\/fris.nl\/wp-content\/uploads\/2023\/04\/stock-Vastgoed-managementDSC09841-LR-768x512.jpg 768w, https:\/\/fris.nl\/wp-content\/uploads\/2023\/04\/stock-Vastgoed-managementDSC09841-LR-1536x1024.jpg 1536w, https:\/\/fris.nl\/wp-content\/uploads\/2023\/04\/stock-Vastgoed-managementDSC09841-LR-2048x1366.jpg 2048w\" sizes=\"auto, (max-width: 1020px) 100vw, 1020px\" \/>\n                        <\/div>\n                    <\/div>\n                <\/div>\n            <\/div>        \n        <\/div>\n        <div class=\"gap-element clearfix hide-for-medium\" style=\"display:block; height:auto; padding-top: 30px;\"><\/div>\n    <\/div>\n<\/section>\n<span class=\"scroll-to\" data-label=\"Scroll to: #Rund-um-die-Uhr-Information-in-REMS\" data-bullet=\"false\" data-link=\"#Rund-um-die-Uhr-Information-in-REMS\" data-title=\"Rund-um-die-Uhr-Information in REMS\"><a name=\"Rund-um-die-Uhr-Information-in-REMS\"><\/a><\/span><section class=\"section image-text image-text-right red visible\">\n    <div class=\"bg section-bg fill bg-fill bg-loaded\">\n    <\/div>\n    <div class=\"section-content relative\">        \n        <div class=\"row row-large align-center align-middle\">\n            <div id=\"col-2\" class=\"col medium-12 small-10 large-6 medium-col-first\">\n                <div class=\"col-inner\">\n                    <div class=\"img has-hover x md-x lg-x y md-y lg-y\" style=\"width: 100%;\">\n                        <div class=\"img-inner radius dark\">\n                            <img loading=\"lazy\" decoding=\"async\" width=\"1020\" height=\"680\" src=\"https:\/\/fris.nl\/wp-content\/uploads\/2023\/04\/stock-Vastgoed-managementDSC03742-LR-1024x683.jpg\" class=\"attachment-large size-large\" alt=\"Rund-um-die-Uhr-Information in REMS\" title=\"Rund-um-die-Uhr-Information in REMS\" srcset=\"https:\/\/fris.nl\/wp-content\/uploads\/2023\/04\/stock-Vastgoed-managementDSC03742-LR-1024x683.jpg 1024w, https:\/\/fris.nl\/wp-content\/uploads\/2023\/04\/stock-Vastgoed-managementDSC03742-LR-300x200.jpg 300w, https:\/\/fris.nl\/wp-content\/uploads\/2023\/04\/stock-Vastgoed-managementDSC03742-LR-768x512.jpg 768w, https:\/\/fris.nl\/wp-content\/uploads\/2023\/04\/stock-Vastgoed-managementDSC03742-LR-1536x1025.jpg 1536w, https:\/\/fris.nl\/wp-content\/uploads\/2023\/04\/stock-Vastgoed-managementDSC03742-LR.jpg 2010w\" sizes=\"auto, (max-width: 1020px) 100vw, 1020px\" \/>\n                        <\/div>\n                    <\/div>\n                <\/div>\n            <\/div> \n            <div class=\"col text-col medium-12 small-12 large-6\">\n                <div class=\"col-inner\">\n                    <h3 title=\"Rund-um-die-Uhr-Information in REMS\">Rund-um-die-Uhr-Information in REMS<\/h3>\n                    \n<p>Wo Sie als Kunde fr\u00fcher eine E-Mail verschickten und auf eine Antwort warten mussten, k\u00f6nnen Sie unsere Verwaltungssoftware jetzt rund um die Uhr einsehen. Damit bieten wir vollst\u00e4ndige Transparenz und Einblick in Ihr Portfolio. Immer und \u00fcberall. Wir haben sich wiederholende Verwaltungsprozesse robotisiert. Dadurch minimieren wir die Fehlerquote und haben mehr Zeit f\u00fcr den pers\u00f6nlichen Kontakt mit unseren Kunden und Mietern. FRIS: 100 Jahre Erfahrung im Immobilienmanagement, das merkt man.<\/p>\n\n                    \n                <\/div>\n            <\/div>       \n        <\/div>\n        <div class=\"gap-element clearfix hide-for-medium\" style=\"display:block; height:auto; padding-top: 30px;\"><\/div>\n    <\/div>\n<\/section>\n<section class=\"section single-text  blue visible light-2\">\n    <div class=\"bg section-bg fill bg-fill bg-loaded\">\n    <\/div>\n    <div class=\"section-content relative\">\n        <div class=\"gap-element clearfix hide-for-medium\" style=\"display:block; height:auto; padding-top: 50px;\"><\/div>\n        <div class=\"row row-large align-center align-middle\">\n            <div class=\"col text-col medium-12 small-12 large-9 text-center\">\n                <div class=\"col-inner\">\n                    <h2 title=\"M\u00d6CHTEN SIE MEHR \u00dcBER DIE VERWALTUNG VON IMMOBILIEN ERFAHREN?\" class=\"text-center\">M\u00d6CHTEN SIE MEHR \u00dcBER DIE VERWALTUNG VON IMMOBILIEN ERFAHREN?<\/h2>\n<a href=\"mailto:m.poelmann@fris.nl\" target=\"_blank\" class=\"button primary\" rel=\"noopener\" >\n\t\t<span>JA GERNE<\/span>\n\t<\/a>\n\n                <\/div>\n            <\/div>     \n        <\/div>\n        <div class=\"gap-element clearfix hide-for-medium removepaddingbottom\" style=\"display:block; height:auto; padding-top: 30px;\"><\/div>\n    <\/div>\n<\/section>\n<div class=\"gap-element clearfix hide-for-medium removepaddingbottom\" style=\"display:block; height:auto; padding-top: 50px;\"><\/div>\n","protected":false},"excerpt":{"rendered":"","protected":false},"author":1,"featured_media":0,"parent":0,"menu_order":2,"comment_status":"closed","ping_status":"closed","template":"","meta":{"_acf_changed":false,"footnotes":""},"class_list":["post-12275","page","type-page","status-publish","hentry"],"acf":[],"_links":{"self":[{"href":"https:\/\/fris.nl\/de\/wp-json\/wp\/v2\/pages\/12275","targetHints":{"allow":["GET"]}}],"collection":[{"href":"https:\/\/fris.nl\/de\/wp-json\/wp\/v2\/pages"}],"about":[{"href":"https:\/\/fris.nl\/de\/wp-json\/wp\/v2\/types\/page"}],"author":[{"embeddable":true,"href":"https:\/\/fris.nl\/de\/wp-json\/wp\/v2\/users\/1"}],"replies":[{"embeddable":true,"href":"https:\/\/fris.nl\/de\/wp-json\/wp\/v2\/comments?post=12275"}],"version-history":[{"count":6,"href":"https:\/\/fris.nl\/de\/wp-json\/wp\/v2\/pages\/12275\/revisions"}],"predecessor-version":[{"id":12292,"href":"https:\/\/fris.nl\/de\/wp-json\/wp\/v2\/pages\/12275\/revisions\/12292"}],"wp:attachment":[{"href":"https:\/\/fris.nl\/de\/wp-json\/wp\/v2\/media?parent=12275"}],"curies":[{"name":"wp","href":"https:\/\/api.w.org\/{rel}","templated":true}]}}